{"id":2116,"date":"2023-05-01T09:28:53","date_gmt":"2023-05-01T09:28:53","guid":{"rendered":"https:\/\/bearcatmfg.com\/selladores-de-grietas-tennessee\/"},"modified":"2023-12-15T08:34:45","modified_gmt":"2023-12-15T08:34:45","slug":"selladores-de-grietas-tennessee","status":"publish","type":"page","link":"https:\/\/bearcatmfg.com\/es\/selladores-de-grietas-tennessee\/","title":{"rendered":"Selladores de grietas Tennessee"},"content":{"rendered":"<h3>BearCat Manufacturing fabrica las selladoras de grietas en las que Tennessee puede confiar<\/h3>\n<p>Si necesita hacer frente a serias reparaciones de carreteras, conf\u00ede en la empresa que lleva innovando desde 1969. Los selladores de grietas de <a href=\"https:\/\/bearcatmfg.com\/about-us\/\">BearCat Manufacturing<\/a>en <a href=\"https:\/\/bearcatmfg.com\/equipment-for-asphalt-repair-tennessee\/\">Tennessee<\/a> permiten a los equipos de carreteras reparar y ampliar sus calzadas con facilidad. El volumen y la producci\u00f3n diaria de nuestra m\u00e1quina de sellado de grietas totalmente di\u00e9sel nunca han sido superados. Nuestro ojo para la innovaci\u00f3n nos ha mantenido a la vanguardia del sector. Y por eso usted tambi\u00e9n deber\u00eda confiar en el nombre de BearCat Manufacturing.<\/p>\n<h3>Por qu\u00e9 necesita un sellador de grietas<\/h3>\n<p>Con el tiempo, el uso constante puede pasar factura a sus carreteras. Con el tiempo se forman grietas que pueden provocar da\u00f1os mayores en las carreteras. Se espera que el pavimento de asfalto dure muchos a\u00f1os, pero esa expectativa viene acompa\u00f1ada de la presunci\u00f3n de mantenimiento. Ah\u00ed es donde resulta beneficioso elegir un sellador de grietas para llevar a su negocio proyectos de mantenimiento sencillos.<\/p>\n<p><a href=\"https:\/\/bearcatmfg.com\/best-crack-sealers\/\">Los selladores de grietas<\/a> protegen el asfalto contra los peligros de los da\u00f1os causados por el agua y, por tanto, contribuyen a garantizar una larga vida \u00fatil de sus carreteras y calzadas. Las grietas pueden provocar baches y el deterioro del asfalto, haciendo que las carreteras sean inseguras. Los baches y el deterioro se pueden prevenir con un sellado de grietas eficaz que mantenga la seguridad de su parcela y de la calzada. Comparado con el coste de reparar o sustituir una superficie de asfalto, el sellado de grietas es una soluci\u00f3n asequible que siempre tiene una gran demanda.<\/p>\n<h3>La diferencia BearCat<\/h3>\n<p>Desde que Ken Hill y Doug Carson fundaron <a href=\"https:\/\/bearcatmfg.com\/about-us\/\">BearCat<\/a> en 1969, el equipo ha estado trabajando para proporcionar a las cuadrillas de carreteras el equipo que necesitan para hacer bien el trabajo. Nuestras innovaciones comenzaron con controles modificados situados en la cabina del cami\u00f3n. Siguieron las innovaciones en las barras de pulverizaci\u00f3n y las v\u00e1lvulas de pulverizaci\u00f3n de asiento. Y algunas innovaciones, como las alas rompibles, siguen utiliz\u00e1ndose hoy en d\u00eda. Tanto con nuestro <a href=\"https:\/\/bearcatmfg.com\/best-chip-spreaders\/\">esparcidor de gravilla<\/a>, <a href=\"https:\/\/bearcatmfg.com\/best-crack-sealers\/\">sellador de grietas<\/a>, y nuestros <a href=\"https:\/\/bearcatmfg.com\/best-asphalt-distributors\/\">distribuidores de asfalto<\/a>, BearCat proporciona equipos de alto rendimiento a los equipos de carreteras. Somos la empresa que quiere de su lado.<\/p>\n<div class=\"left-img\"><img loading=\"lazy\" decoding=\"async\" class=\"alignnone\" src=\"https:\/\/bearcatmfg.com\/wp-content\/uploads\/2023\/05\/bad-repair-pothole-in-road-t-junction-suffers-frost-damage.jpg\" alt=\"Si su equipo tiene que rellenar baches, necesita los selladores de grietas BearCat para carreteras de Tennessee.\" width=\"500\" height=\"350\" title=\"\"><\/div>\n<h3>P\u00f3ngase en contacto con nosotros<\/h3>\n<p>Si necesita distribuidores de asfalto o <a href=\"https:\/\/bearcatmfg.com\/top-rated-crack-sealers-tennessee\/\">selladores de grietas para<\/a> las carreteras de <a href=\"https:\/\/bearcatmfg.com\/top-rated-crack-sealers-tennessee\/\">Tennessee<\/a>, BearCat Manufacturing es la llamada que debe hacer. <a href=\"https:\/\/bearcatmfg.com\/contact-us\/\">Cont\u00e1ctenos hoy mismo<\/a> para descubrir la diferencia BearCat. Para ventas llame al <a href=\"tel:9286847851\">928-684-7851<\/a>. Para piezas y servicio llame <a href=\"tel:8888790575\">al 888-879-0575<\/a>. Nuestro equipo est\u00e1 preparado para ayudarle a llevar a su tripulaci\u00f3n al siguiente nivel.<\/p>\n","protected":false},"excerpt":{"rendered":"<p>BearCat Manufacturing fabrica las selladoras de grietas en las que Tennessee puede confiar Si necesita hacer frente a serias reparaciones de carreteras, conf\u00ede en la empresa que lleva innovando desde 1969. Los selladores de grietas de BearCat Manufacturingen Tennessee permiten a los equipos de carreteras reparar y ampliar sus calzadas con facilidad. El volumen y &hellip; <a href=\"https:\/\/bearcatmfg.com\/es\/selladores-de-grietas-tennessee\/\" class=\"more-link\">Continue reading <span class=\"screen-reader-text\">Selladores de grietas Tennessee<\/span><\/a><\/p>\n","protected":false},"author":1,"featured_media":2114,"parent":0,"menu_order":0,"comment_status":"closed","ping_status":"closed","template":"","meta":{"_acf_changed":false,"footnotes":""},"class_list":["post-2116","page","type-page","status-publish","has-post-thumbnail","hentry"],"acf":[],"_links":{"self":[{"href":"https:\/\/bearcatmfg.com\/es\/wp-json\/wp\/v2\/pages\/2116","targetHints":{"allow":["GET"]}}],"collection":[{"href":"https:\/\/bearcatmfg.com\/es\/wp-json\/wp\/v2\/pages"}],"about":[{"href":"https:\/\/bearcatmfg.com\/es\/wp-json\/wp\/v2\/types\/page"}],"author":[{"embeddable":true,"href":"https:\/\/bearcatmfg.com\/es\/wp-json\/wp\/v2\/users\/1"}],"replies":[{"embeddable":true,"href":"https:\/\/bearcatmfg.com\/es\/wp-json\/wp\/v2\/comments?post=2116"}],"version-history":[{"count":5,"href":"https:\/\/bearcatmfg.com\/es\/wp-json\/wp\/v2\/pages\/2116\/revisions"}],"predecessor-version":[{"id":2499,"href":"https:\/\/bearcatmfg.com\/es\/wp-json\/wp\/v2\/pages\/2116\/revisions\/2499"}],"wp:featuredmedia":[{"embeddable":true,"href":"https:\/\/bearcatmfg.com\/es\/wp-json\/wp\/v2\/media\/2114"}],"wp:attachment":[{"href":"https:\/\/bearcatmfg.com\/es\/wp-json\/wp\/v2\/media?parent=2116"}],"curies":[{"name":"wp","href":"https:\/\/api.w.org\/{rel}","templated":true}]}}