{"id":2124,"date":"2023-05-01T09:33:17","date_gmt":"2023-05-01T09:33:17","guid":{"rendered":"https:\/\/bearcatmfg.com\/selladores-de-grietas-illinois\/"},"modified":"2026-01-12T05:38:31","modified_gmt":"2026-01-12T05:38:31","slug":"selladores-de-grietas-illinois","status":"publish","type":"page","link":"https:\/\/bearcatmfg.com\/es\/selladores-de-grietas-illinois\/","title":{"rendered":"Selladores de grietas Illinois"},"content":{"rendered":"<h3>\u00bfQuieres comprar o alquilar selladores de grietas en Illinois?<\/h3>\n<p>BearCat Manufacturing facilita la b\u00fasqueda de soluciones para tu negocio de mantenimiento de carreteras cuando necesitas selladores de grietas de asfalto en Illinois. Puedes elegir entre nuestro inventario de <a href=\"https:\/\/bearcatmfg.com\/crack-sealers-for-rent\/\">selladoras de grietas en alquiler<\/a> o <a href=\"https:\/\/bearcatmfg.com\/crack-sealers-for-sale\/\">en venta<\/a>. Nuestra l\u00ednea de m\u00e1quinas disponibles incluye dos opciones adaptadas a las necesidades de nuestros clientes comerciales. La m\u00e1quina m\u00e1s peque\u00f1a y econ\u00f3mica que ofrecemos es la m\u00e1quina de sellado de grietas con caucho ECS-250, que tiene una capacidad de 250 galones. Mientras tanto, tambi\u00e9n ofrecemos una m\u00e1quina construida para proyectos m\u00e1s grandes en nuestra <a href=\"https:\/\/bearcatmfg.com\/our-products\/ecs-400-rubberized-crack-seal-machine\/\">m\u00e1quina de sellado de grietas con caucho ECS-400<\/a>, con una capacidad de 400 galones. Desde 1969, nuestra empresa ha utilizado la experiencia y la excelencia en la fabricaci\u00f3n para crear m\u00e1quinas que ofrezcan el mejor rendimiento y durabilidad. <a href=\"https:\/\/bearcatmfg.com\/contact-us\/\">Env\u00eda ahora un correo electr\u00f3nico a BearCat Manufacturing<\/a> para informarte sobre nuestros alquileres o para comprar selladoras de grietas de asfalto en Illinois.<\/p>\n<h3>\u00bfC\u00f3mo pueden ser m\u00e1s eficientes los trabajos de reparaci\u00f3n del asfalto?<\/h3>\n<p>BearCat Manufacturing puede ayudar a tu empresa contratista de asfalto a gastar menos y terminar el trabajo m\u00e1s r\u00e1pido con nuestras selladoras de grietas en Illinois. Nuestras m\u00e1quinas se fabrican para ayudar a que empresas como la tuya necesiten menos mano de obra, gasten menos en mano de obra y generen menos residuos. Aqu\u00ed es donde nuestros selladores de grietas pueden acelerar los trabajos de reparaci\u00f3n del asfalto, produciendo al mismo tiempo resultados de calidad.<\/p>\n<ul>\n<li><strong>Precisi\u00f3n y velocidad<\/strong>\n<ul>\n<li>Dise\u00f1amos nuestras selladoras de grietas para que realicen operaciones precisas, garantizando un uso \u00f3ptimo del sellador y reduciendo los residuos.<\/li>\n<li>La mayor velocidad de aplicaci\u00f3n de nuestras m\u00e1quinas permite a tu empresa realizar el trabajo en una superficie mayor con mayor rapidez.<\/li>\n<\/ul>\n<\/li>\n<li><strong>Menor demanda de mano de obra<\/strong>\n<ul>\n<li>Aplicar el sellador a mano es un proceso lento y laborioso que requiere mucha mano de obra.<\/li>\n<li>Nuestras selladoras de grietas eliminan gran parte del duro trabajo f\u00edsico del proceso, lo que requiere menos mano de obra, menos tiempo y reduce el riesgo de lesiones laborales.<\/li>\n<\/ul>\n<\/li>\n<li><strong>Calentamiento y aplicaci\u00f3n m\u00e1s r\u00e1pidos<\/strong>\n<ul>\n<li>Los selladores de grietas de BearCat Manufacturing tambi\u00e9n aceleran el tiempo necesario para calentar el sellador y el asfalto agrietado.<\/li>\n<li>Como resultado, se emplea menos tiempo durante el proceso de calentamiento y aplicaci\u00f3n del sellante.<\/li>\n<\/ul>\n<\/li>\n<li><strong>Rendimiento constante<\/strong>\n<ul>\n<li>Nuestras selladoras de grietas tambi\u00e9n ofrecen m\u00e1s precisi\u00f3n y consistencia en la distribuci\u00f3n del sellante que los procesos manuales.<\/li>\n<\/ul>\n<\/li>\n<\/ul>\n<h3>\u00bfPor qu\u00e9 BearCat Manufacturing es la mejor opci\u00f3n en selladoras de grietas?<\/h3>\n<p>Utilizamos m\u00e1s de 50 a\u00f1os de innovaciones en productos de ingenier\u00eda para producir algunos de los selladores de grietas de asfalto m\u00e1s fiables del sector en Illinois. En consecuencia, proporcionamos m\u00e1s valor a tu inversi\u00f3n con caracter\u00edsticas que ayudan a que nuestros <a href=\"https:\/\/bearcatmfg.com\/asphalt-repair-equipment-illinois\/\">equipos de reparaci\u00f3n de asfalto<\/a> destaquen en el mercado. \u00c9stas son algunas de las ventajas m\u00e1s atractivas que ofrecen nuestros selladores de grietas.<\/p>\n<ul>\n<li><strong>Puertas de carga f\u00e1ciles de usar<\/strong>\n<ul>\n<li>Las puertas de carga de nuestras selladoras de grietas est\u00e1n situadas a 44 pulgadas del suelo y son f\u00e1cilmente accesibles desde cualquier lado de la m\u00e1quina. Adem\u00e1s, nuestras puertas cumplen las especificaciones del Departamento de Transporte para materiales de temperatura elevada.<\/li>\n<\/ul>\n<\/li>\n<li><strong>Reducci\u00f3n del Tiempo de Retraso con Cajas de Mangueras Calefactadas<\/strong>\n<ul>\n<li>Si tu cuadrilla est\u00e1 cansada de esperar largos periodos a que se descongele el sellador, disfrutar\u00e1 de la comodidad que ofrecen nuestros compartimentos calefactados para guardar las mangueras. Reducen el tiempo de espera para que se caliente el sellador.<\/li>\n<li>Adem\u00e1s, no tendr\u00e1s que preocuparte de sustituir los elementos calefactores de la manguera.<\/li>\n<\/ul>\n<\/li>\n<li><strong>C\u00f3modo funcionamiento con un solo combustible<\/strong>\n<ul>\n<li>Nuestras selladoras de grietas te ofrecen opciones que funcionan s\u00f3lo con gas\u00f3leo. As\u00ed, no tendr\u00e1s que asumir costes a\u00f1adidos ni tiempo de inactividad para almacenar y repostar el equipo tambi\u00e9n con gasolina y propano.<\/li>\n<\/ul>\n<\/li>\n<li><strong>Calentamiento y circulaci\u00f3n m\u00e1s r\u00e1pidos<\/strong>\n<ul>\n<li>Nuestro exclusivo sistema cerrado de calentamiento indirecto con control absoluto del caudal calienta el sellante fr\u00edo hasta temperaturas listas para la aplicaci\u00f3n en una hora o menos.<\/li>\n<\/ul>\n<\/li>\n<\/ul>\n<div class=\"left-img\"><img decoding=\"async\" src=\"https:\/\/bearcatmfg.com\/wp-content\/uploads\/2024\/05\/cracked-asphalt-surface-cracks-post-earthquake-damage-there-were-long-rough-winding-cracks-in.jpg\" alt=\"Selladores de grietas Illinois\" title=\"\"><\/div>\n<h3>\u00bfEst\u00e1s listo para alquilar o comprar nuestras selladoras de grietas en Illinois?<\/h3>\n<p>BearCat Manufacturing puede proporcionarte un presupuesto gratuito si est\u00e1s interesado en comprar selladores de grietas en Illinois. Adem\u00e1s, tambi\u00e9n podemos alquilar equipos de reparaci\u00f3n de asfalto si esa es una opci\u00f3n que se ajusta mejor a las necesidades de tu empresa. <a href=\"https:\/\/bearcatmfg.com\/contact-us\/\">Ponte en contacto con nosotros en l\u00ednea<\/a> o llama al <a href=\"tel:9286847851\">928-684-7851<\/a> para hablar de c\u00f3mo podemos ayudar a tu empresa a gastar menos, funcionar con m\u00e1s eficacia y reducir la demanda de mano de obra.<\/p>\n","protected":false},"excerpt":{"rendered":"<p>\u00bfQuieres comprar o alquilar selladores de grietas en Illinois? BearCat Manufacturing facilita la b\u00fasqueda de soluciones para tu negocio de mantenimiento de carreteras cuando necesitas selladores de grietas de asfalto en Illinois. Puedes elegir entre nuestro inventario de selladoras de grietas en alquiler o en venta. Nuestra l\u00ednea de m\u00e1quinas disponibles incluye dos opciones adaptadas &hellip; <a href=\"https:\/\/bearcatmfg.com\/es\/selladores-de-grietas-illinois\/\" class=\"more-link\">Continue reading <span class=\"screen-reader-text\">Selladores de grietas Illinois<\/span><\/a><\/p>\n","protected":false},"author":1,"featured_media":830,"parent":0,"menu_order":0,"comment_status":"closed","ping_status":"closed","template":"","meta":{"_acf_changed":false,"footnotes":""},"class_list":["post-2124","page","type-page","status-publish","has-post-thumbnail","hentry"],"acf":[],"_links":{"self":[{"href":"https:\/\/bearcatmfg.com\/es\/wp-json\/wp\/v2\/pages\/2124","targetHints":{"allow":["GET"]}}],"collection":[{"href":"https:\/\/bearcatmfg.com\/es\/wp-json\/wp\/v2\/pages"}],"about":[{"href":"https:\/\/bearcatmfg.com\/es\/wp-json\/wp\/v2\/types\/page"}],"author":[{"embeddable":true,"href":"https:\/\/bearcatmfg.com\/es\/wp-json\/wp\/v2\/users\/1"}],"replies":[{"embeddable":true,"href":"https:\/\/bearcatmfg.com\/es\/wp-json\/wp\/v2\/comments?post=2124"}],"version-history":[{"count":7,"href":"https:\/\/bearcatmfg.com\/es\/wp-json\/wp\/v2\/pages\/2124\/revisions"}],"predecessor-version":[{"id":5062,"href":"https:\/\/bearcatmfg.com\/es\/wp-json\/wp\/v2\/pages\/2124\/revisions\/5062"}],"wp:featuredmedia":[{"embeddable":true,"href":"https:\/\/bearcatmfg.com\/es\/wp-json\/wp\/v2\/media\/830"}],"wp:attachment":[{"href":"https:\/\/bearcatmfg.com\/es\/wp-json\/wp\/v2\/media?parent=2124"}],"curies":[{"name":"wp","href":"https:\/\/api.w.org\/{rel}","templated":true}]}}