{"id":2455,"date":"2023-12-02T07:30:26","date_gmt":"2023-12-02T07:30:26","guid":{"rendered":"https:\/\/bearcatmfg.com\/esparcidores-de-aglomerado-asfaltico-arizona\/"},"modified":"2024-01-04T19:19:53","modified_gmt":"2024-01-04T19:19:53","slug":"esparcidores-de-aglomerado-asfaltico-arizona","status":"publish","type":"page","link":"https:\/\/bearcatmfg.com\/es\/esparcidores-de-aglomerado-asfaltico-arizona\/","title":{"rendered":"Esparcidores de aglomerado asf\u00e1ltico Arizona"},"content":{"rendered":"<h3>Elija la mejor marca de esparcidores de aglomerado asf\u00e1ltico en Arizona<\/h3>\n<p>Uno de los m\u00e9todos m\u00e1s eficaces para reparar y mantener las carreteras en todo EE.UU. es el sellado de virutas.  <a href=\"https:\/\/bearcatmfg.com\/about-us\/\">BearCat Manufacturing<\/a> produce los mejores esparcidores de asfalto en Arizona que funcionar\u00e1n con precisi\u00f3n y eficiencia en todo momento.  <a href=\"https:\/\/bearcatmfg.com\/top-rated-chip-seal-equipment-arizona\/\">El asfaltado<\/a> es una opci\u00f3n asequible que puede permitirle competir con sus competidores de pavimentaci\u00f3n, al tiempo que ofrece una opci\u00f3n de pavimentaci\u00f3n segura que puede prolongar la vida \u00fatil del pavimento de una carretera o terreno hasta 12 a\u00f1os. El esparcimiento de gravilla requiere <a href=\"https:\/\/bearcatmfg.com\/road-maintenance-equipment\/\">equipos<\/a> especializados <a href=\"https:\/\/bearcatmfg.com\/road-maintenance-equipment\/\">de mantenimiento de<\/a> carreteras, y podemos proporcionarle los <a href=\"https:\/\/bearcatmfg.com\/top-rated-chip-spreaders-arizona\/\">esparcidores de gravilla de asfalto<\/a> en Arizona que necesita para gestionar la aplicaci\u00f3n a las carreteras.<\/p>\n<h3>Acerca de BearCat Products<\/h3>\n<p>Ofrecemos algo m\u00e1s que los mejores esparcidores de asfalto en Arizona. Adem\u00e1s, ofrecemos los mejores equipos para todas sus necesidades de mantenimiento de carreteras. En BearCat Manufacturing, encontrar\u00e1 el distribuidor de asfalto adecuado para su trabajo de construcci\u00f3n o reparaci\u00f3n.<\/p>\n<p>Tambi\u00e9n disponemos de selladores de grietas para sus necesidades de mantenimiento. Ofrecemos otros equipos personalizados, como nuestra extendedora <a href=\"https:\/\/bearcatmfg.com\/equipment-for-asphalt-repair\/\">Roadtech<\/a>; podemos proporcionarle la pieza de maquinaria que se ajuste exactamente a sus preferencias. Ofrecemos planes de financiaci\u00f3n flexibles para todas las empresas, para que pueda obtener el equipo que necesita.<\/p>\n<h3>Sobre nosotros<\/h3>\n<p><a href=\"https:\/\/bearcatmfg.com\/about-us\/\">BearCat Manufacturing<\/a> fue fundada en 1969 por Ken Hill y Don Carson. Desde la d\u00e9cada de 1970, se asociaron para fabricar equipos de mantenimiento de carreteras de primera calidad para el p\u00fablico, construyendo equipos de mantenimiento de carreteras con innovaci\u00f3n t\u00e9cnica que ha estimulado niveles de rendimiento m\u00e1s altos en toda la industria. Sus m\u00e1quinas eficientes y precisas han simplificado la construcci\u00f3n de carreteras y proporcionan dise\u00f1os duraderos que se construyen a medida. Los equipos y el servicio de atenci\u00f3n al cliente son de primera clase y gozan de confianza no s\u00f3lo en Estados Unidos, sino tambi\u00e9n en Canad\u00e1, Am\u00e9rica Central y del Sur, \u00c1frica y Europa.<\/p>\n<div class=\"left-img\"><img loading=\"lazy\" decoding=\"async\" class=\"alignnone\" src=\"https:\/\/bearcatmfg.com\/wp-content\/uploads\/2023\/12\/repair-of-roads.jpg\" alt=\"Las cuadrillas de asfalto conf\u00edan en los mejores esparcidores de asfalto que Arizona puede ofrecer.\" width=\"500\" height=\"350\" title=\"\"><\/div>\n<h3>Contacte con BearCat hoy mismo<\/h3>\n<p>Ll\u00e1menos hoy al <a href=\"tel:9286847851\">928-684-7851<\/a> para obtener los mejores esparcidores de asfalto chip Arizona tiene para ofrecer. Tambi\u00e9n puede ponerse en contacto con nosotros a trav\u00e9s de nuestro formulario en l\u00ednea para cualquiera de sus necesidades de ventas o de atenci\u00f3n al cliente. Tambi\u00e9n puede enviarnos un correo electr\u00f3nico a <a href=\"mailto:equipsales@bearcatmfg.com\"><br \/>\n  <u>equipsales@bearcatmfg.com<\/u><br \/>\n<\/a> para informaci\u00f3n de ventas o para piezas y servicio, el correo electr\u00f3nico es <a href=\"mailto:CustomerService@bearcatmfg.com\"><br \/>\n  <u>CustomerService@bearcatmfg.com<\/u><br \/>\n<\/a>. Esperamos poder proporcionarle los recursos que necesita para su proyecto vial.<\/p>\n","protected":false},"excerpt":{"rendered":"<p>Elija la mejor marca de esparcidores de aglomerado asf\u00e1ltico en Arizona Uno de los m\u00e9todos m\u00e1s eficaces para reparar y mantener las carreteras en todo EE.UU. es el sellado de virutas. BearCat Manufacturing produce los mejores esparcidores de asfalto en Arizona que funcionar\u00e1n con precisi\u00f3n y eficiencia en todo momento. El asfaltado es una opci\u00f3n &hellip; <a href=\"https:\/\/bearcatmfg.com\/es\/esparcidores-de-aglomerado-asfaltico-arizona\/\" class=\"more-link\">Continue reading <span class=\"screen-reader-text\">Esparcidores de aglomerado asf\u00e1ltico Arizona<\/span><\/a><\/p>\n","protected":false},"author":1,"featured_media":2408,"parent":0,"menu_order":0,"comment_status":"closed","ping_status":"closed","template":"","meta":{"_acf_changed":false,"footnotes":""},"class_list":["post-2455","page","type-page","status-publish","has-post-thumbnail","hentry"],"acf":[],"_links":{"self":[{"href":"https:\/\/bearcatmfg.com\/es\/wp-json\/wp\/v2\/pages\/2455","targetHints":{"allow":["GET"]}}],"collection":[{"href":"https:\/\/bearcatmfg.com\/es\/wp-json\/wp\/v2\/pages"}],"about":[{"href":"https:\/\/bearcatmfg.com\/es\/wp-json\/wp\/v2\/types\/page"}],"author":[{"embeddable":true,"href":"https:\/\/bearcatmfg.com\/es\/wp-json\/wp\/v2\/users\/1"}],"replies":[{"embeddable":true,"href":"https:\/\/bearcatmfg.com\/es\/wp-json\/wp\/v2\/comments?post=2455"}],"version-history":[{"count":2,"href":"https:\/\/bearcatmfg.com\/es\/wp-json\/wp\/v2\/pages\/2455\/revisions"}],"predecessor-version":[{"id":2590,"href":"https:\/\/bearcatmfg.com\/es\/wp-json\/wp\/v2\/pages\/2455\/revisions\/2590"}],"wp:featuredmedia":[{"embeddable":true,"href":"https:\/\/bearcatmfg.com\/es\/wp-json\/wp\/v2\/media\/2408"}],"wp:attachment":[{"href":"https:\/\/bearcatmfg.com\/es\/wp-json\/wp\/v2\/media?parent=2455"}],"curies":[{"name":"wp","href":"https:\/\/api.w.org\/{rel}","templated":true}]}}