{"id":2461,"date":"2023-12-02T07:32:34","date_gmt":"2023-12-02T07:32:34","guid":{"rendered":"https:\/\/bearcatmfg.com\/equipos-para-la-reparacion-del-asfalto\/"},"modified":"2024-01-04T19:24:59","modified_gmt":"2024-01-04T19:24:59","slug":"equipos-para-la-reparacion-del-asfalto","status":"publish","type":"page","link":"https:\/\/bearcatmfg.com\/es\/equipos-para-la-reparacion-del-asfalto\/","title":{"rendered":"Equipos para la reparaci\u00f3n del asfalto"},"content":{"rendered":"<h3>Cuando necesite equipos para la reparaci\u00f3n del asfalto, elija BearCat Manufacturing<\/h3>\n<p>Al realizar el mantenimiento de carreteras o estacionamientos, usted necesita el equipo adecuado para la reparaci\u00f3n de asfalto. <a href=\"https:\/\/bearcatmfg.com\/about-us\/\">BearCat Manufacturing<\/a> tiene las m\u00e1quinas de calidad que necesita para realizar el trabajo de forma precisa y eficiente en todo momento. Nuestros dise\u00f1os son duraderos y se fabrican bajo pedido, y podemos ayudarle a encontrar el m\u00e1s adecuado para usted, su trabajo y su presupuesto. Podemos proporcionarle el equipo que necesite, incluidos <a href=\"https:\/\/bearcatmfg.com\/top-rated-asphalt-distributors\/\">distribuidores de asfalto<\/a>, <a href=\"https:\/\/bearcatmfg.com\/top-rated-chip-spreaders\/\">esparcidores de gravilla<\/a> y <a href=\"https:\/\/bearcatmfg.com\/top-rated-crack-sealers\/\">selladores de grietas<\/a>. Todos nuestros productos son los mejores disponibles en cualquier lugar en volumen y producci\u00f3n diaria, prolongar\u00e1n la vida \u00fatil de su pavimento de asfalto, proporcionar\u00e1n ahorros de costes que vendr\u00edan con una mayor reparaci\u00f3n o sustituci\u00f3n de las superficies de asfalto, y evitar\u00e1n el deterioro de los lotes y carreteras para garantizar la seguridad de los conductores.<\/p>\n<h3>Productos BearCat<\/h3>\n<p>Ofrecemos todos los equipos para la reparaci\u00f3n del asfalto que necesita para el mantenimiento de las carreteras. En BearCat Manufacturing, encontrar\u00e1 el distribuidor de asfalto adecuado para su trabajo de construcci\u00f3n o reparaci\u00f3n. Ofrecemos <a href=\"https:\/\/bearcatmfg.com\/top-rated-asphalt-distributors\/\">distribuidores<\/a> de asfalto est\u00e1ndar, distribuidores de asfalto de caucho granulado especializados y equipos adicionales de esparcimiento de asfalto. Tambi\u00e9n disponemos de <a href=\"https:\/\/bearcatmfg.com\/chip-spreaders-for-sale\/\">esparcidores de gravilla<\/a> y <a href=\"https:\/\/bearcatmfg.com\/asphalt-crack-sealers\/\">selladores de grietas<\/a> para satisfacer sus <a href=\"https:\/\/bearcatmfg.com\/asphalt-maintenance\/\">necesidades de mantenimiento de carreteras<\/a>. Ofrecemos otros equipos personalizados, como nuestra extendedora Roadtech. Nuestro equipo le proporcionar\u00e1 la maquinaria que se ajuste exactamente a sus preferencias.<\/p>\n<h3>Zona atendida<\/h3>\n<p>Aunque BearCat Manufacturing tiene su sede en Arizona, atendemos a clientes en todo Estados Unidos. Fundada en 1969, nuestra empresa lleva d\u00e9cadas innovando t\u00e9cnicamente en el desarrollo de equipos para la reparaci\u00f3n del asfalto, creando niveles de rendimiento superiores en todo el sector. Proporcionamos <a href=\"https:\/\/bearcatmfg.com\/equipment-new-asphalt-contractors-need\/\">equipos<\/a> de primera clase en los que se conf\u00eda m\u00e1s all\u00e1 de Estados Unidos, en Canad\u00e1, Am\u00e9rica Central y del Sur, \u00c1frica y Europa. El uso global de nuestros productos habla de la calidad y fiabilidad constantes de lo que ofrecemos. Disponemos de las m\u00e1quinas adecuadas para cualquier reparaci\u00f3n de asfalto que necesite.<\/p>\n<div class=\"left-img\"><img loading=\"lazy\" decoding=\"async\" class=\"alignnone\" src=\"https:\/\/bearcatmfg.com\/wp-content\/uploads\/2023\/12\/workers-wearing-jeans-shoveling-asphalt-over-older-pavement.jpg\" alt=\"Cuando las cuadrillas de asfalto conf\u00edan en equipos de calidad para la reparaci\u00f3n del asfalto, es importante elegir productos BearCat.\" width=\"500\" height=\"350\" title=\"\"><\/div>\n<h3>Contacte con BearCat hoy mismo<\/h3>\n<p>Ll\u00e1menos hoy mismo al <a href=\"tel:9286847851\">928-684-7851<\/a> para conseguir su equipo de reparaci\u00f3n de asfalto. Nuestra oficina se encuentra en 3650 N. Sabin Brown Rd., Wickenburg, AZ, 85390. Tambi\u00e9n puede <a href=\"https:\/\/bearcatmfg.com\/contact-us\/\">ponerse en contacto con nosotros<\/a> a trav\u00e9s de nuestro formulario en l\u00ednea para cualquiera de sus necesidades de ventas o de atenci\u00f3n al cliente. No dude en ponerse en contacto con nuestro correo electr\u00f3nico de ventas en <a href=\"mailto:equipsales@bearcatmfg.com\"><br \/>\n  <u>equipsales@bearcatmfg.com<\/u><br \/>\n<\/a> o nuestro correo electr\u00f3nico de piezas\/servicio en <a href=\"mailto:CustomerService@bearcatmfg.com\"><br \/>\n  <u>CustomerService@bearcatmfg.com<\/u><br \/>\n<\/a>. Esperamos poder proporcionarle los recursos que necesita para su proyecto de mantenimiento.<\/p>\n","protected":false},"excerpt":{"rendered":"<p>Cuando necesite equipos para la reparaci\u00f3n del asfalto, elija BearCat Manufacturing Al realizar el mantenimiento de carreteras o estacionamientos, usted necesita el equipo adecuado para la reparaci\u00f3n de asfalto. BearCat Manufacturing tiene las m\u00e1quinas de calidad que necesita para realizar el trabajo de forma precisa y eficiente en todo momento. Nuestros dise\u00f1os son duraderos y &hellip; <a href=\"https:\/\/bearcatmfg.com\/es\/equipos-para-la-reparacion-del-asfalto\/\" class=\"more-link\">Continue reading <span class=\"screen-reader-text\">Equipos para la reparaci\u00f3n del asfalto<\/span><\/a><\/p>\n","protected":false},"author":1,"featured_media":2468,"parent":0,"menu_order":0,"comment_status":"closed","ping_status":"closed","template":"","meta":{"_acf_changed":false,"footnotes":""},"class_list":["post-2461","page","type-page","status-publish","has-post-thumbnail","hentry"],"acf":[],"_links":{"self":[{"href":"https:\/\/bearcatmfg.com\/es\/wp-json\/wp\/v2\/pages\/2461","targetHints":{"allow":["GET"]}}],"collection":[{"href":"https:\/\/bearcatmfg.com\/es\/wp-json\/wp\/v2\/pages"}],"about":[{"href":"https:\/\/bearcatmfg.com\/es\/wp-json\/wp\/v2\/types\/page"}],"author":[{"embeddable":true,"href":"https:\/\/bearcatmfg.com\/es\/wp-json\/wp\/v2\/users\/1"}],"replies":[{"embeddable":true,"href":"https:\/\/bearcatmfg.com\/es\/wp-json\/wp\/v2\/comments?post=2461"}],"version-history":[{"count":1,"href":"https:\/\/bearcatmfg.com\/es\/wp-json\/wp\/v2\/pages\/2461\/revisions"}],"predecessor-version":[{"id":2593,"href":"https:\/\/bearcatmfg.com\/es\/wp-json\/wp\/v2\/pages\/2461\/revisions\/2593"}],"wp:featuredmedia":[{"embeddable":true,"href":"https:\/\/bearcatmfg.com\/es\/wp-json\/wp\/v2\/media\/2468"}],"wp:attachment":[{"href":"https:\/\/bearcatmfg.com\/es\/wp-json\/wp\/v2\/media?parent=2461"}],"curies":[{"name":"wp","href":"https:\/\/api.w.org\/{rel}","templated":true}]}}