{"id":2466,"date":"2023-12-02T07:34:58","date_gmt":"2023-12-02T07:34:58","guid":{"rendered":"https:\/\/bearcatmfg.com\/equipos-para-la-reparacion-de-asfalto-texas\/"},"modified":"2024-04-30T05:29:37","modified_gmt":"2024-04-30T05:29:37","slug":"equipos-para-la-reparacion-de-asfalto-texas","status":"publish","type":"page","link":"https:\/\/bearcatmfg.com\/es\/equipos-para-la-reparacion-de-asfalto-texas\/","title":{"rendered":"Equipos para la reparaci\u00f3n de asfalto Texas"},"content":{"rendered":"<h3>Cuando necesite equipos para la reparaci\u00f3n del asfalto en Texas, elija BearCat<\/h3>\n<p>La maquinaria adecuada es esencial para completar un proyecto de mantenimiento de carreteras con precisi\u00f3n y eficacia. <a href=\"https:\/\/bearcatmfg.com\/about-us\/\">BearCat Manufacturing<\/a> es un experto de confianza en el sector que puede proporcionarte el mejor equipo para la reparaci\u00f3n del asfalto disponible en Texas. BearCat fabrica los mejores <a href=\"https:\/\/bearcatmfg.com\/top-rated-asphalt-distributors-texas\/\">distribuidores de asfalto<\/a>, <a href=\"https:\/\/bearcatmfg.com\/asphalt-chip-spreaders-texas\/\">esparcidores de gravilla<\/a> y <a href=\"https:\/\/bearcatmfg.com\/top-rated-crack-sealers-texas\/\">selladores de grietas<\/a>. Todos nuestros productos son asequibles, sencillos, duraderos y seguros.<\/p>\n<h3>Productos BearCat<\/h3>\n<p>BearCat Manufacturing tiene todo el equipo para reparaci\u00f3n de asfalto en Texas que usted necesita. Nuestros <a href=\"https:\/\/bearcatmfg.com\/asphalt-distributors-texas\/\">distribuidores de asfalto<\/a> son una pieza crucial de la maquinaria de pavimentaci\u00f3n, construcci\u00f3n y mantenimiento de carreteras, y son el complemento perfecto para tu flota de equipos de pavimentaci\u00f3n. Los que mejor se adaptan a tu trabajo y presupuesto son nuestros distribuidores de asfalto mejor valorados.<\/p>\n<p>Ofrecemos distribuidores de asfalto est\u00e1ndar, distribuidores de asfalto de caucho granulado especializados y equipos adicionales de esparcimiento de asfalto. Adem\u00e1s, tenemos remolques de arrastre de asfalto que pueden ayudar a transportar m\u00e1s de 20 toneladas a tu obra, as\u00ed como sistemas de pulverizaci\u00f3n para el control del polvo adaptados a la resistencia qu\u00edmica y otras aplicaciones. Tambi\u00e9n ofrecemos <a href=\"https:\/\/bearcatmfg.com\/aspalt-chip-spreaders-illinois\/\">esparcidores de gravilla<\/a>, <a href=\"https:\/\/bearcatmfg.com\/top-rated-crack-sealers\/\">selladores de grietas<\/a> y otros equipos personalizados para ayudarte con tus proyectos de pavimentaci\u00f3n y <a href=\"https:\/\/bearcatmfg.com\/road-maintenance-equipment\/\">mantenimiento<\/a>. Tanto si se trata de una peque\u00f1a reparaci\u00f3n como de un trabajo de pavimentaci\u00f3n de mayor envergadura, disponemos del equipo que necesita.<\/p>\n<h3>Zonas atendidas<\/h3>\n<p>Aunque BearCat Manufacturing tiene su sede en Arizona, tambi\u00e9n atendemos a clientes en Texas y en todo Estados Unidos. Fundada en 1969, nuestra empresa lleva d\u00e9cadas innovando t\u00e9cnicamente, creando mayores niveles de rendimiento en todo el sector. Proporcionamos equipos de primera clase en los que se conf\u00eda m\u00e1s all\u00e1 de Estados Unidos, en Canad\u00e1, Am\u00e9rica Central y del Sur, \u00c1frica y Europa. El uso global de nuestros productos habla de la calidad y fiabilidad constantes de lo que ofrecemos.<\/p>\n<div class=\"left-img\"><img loading=\"lazy\" decoding=\"async\" class=\"alignnone\" src=\"https:\/\/bearcatmfg.com\/wp-content\/uploads\/2023\/12\/asphalt-paving.jpg\" alt=\"Las cuadrillas de asfalto necesitan el mejor Equipo para la Reparaci\u00f3n del Asfalto en Texas. Eso es BearCat Manufacturing.\" width=\"500\" height=\"350\" title=\"\"><\/div>\n<h3>Contacte con BearCat hoy mismo<\/h3>\n<p>Estamos orgullosos de servir a clientes de todo el sur y de todos los Estados Unidos. Puedes llamarnos al <a href=\"tel:9286847851\">928-684-7851<\/a> para obtener m\u00e1s informaci\u00f3n sobre nuestros productos. Si lo prefieres puedes <a href=\"https:\/\/bearcatmfg.com\/contact-us\/\">ponerte en contacto con nosotros<\/a> a trav\u00e9s de nuestro formulario online o puedes enviarnos un correo electr\u00f3nico para ventas a <a href=\"mailto:equipsales@bearcatmfg.com\"><br \/>\n  <u>equipsales@bearcatmfg.com<\/u><br \/>\n<\/a> y piezas\/servicio en <a href=\"mailto:CustomerService@bearcatmfg.com\"><br \/>\n  <u>CustomerService@bearcatmfg.com<\/u><br \/>\n<\/a>. Perm\u00edtanos ayudarle a encontrar el mejor equipo para la reparaci\u00f3n de asfalto en Texas.<\/p>\n","protected":false},"excerpt":{"rendered":"<p>Cuando necesite equipos para la reparaci\u00f3n del asfalto en Texas, elija BearCat La maquinaria adecuada es esencial para completar un proyecto de mantenimiento de carreteras con precisi\u00f3n y eficacia. BearCat Manufacturing es un experto de confianza en el sector que puede proporcionarte el mejor equipo para la reparaci\u00f3n del asfalto disponible en Texas. BearCat fabrica &hellip; <a href=\"https:\/\/bearcatmfg.com\/es\/equipos-para-la-reparacion-de-asfalto-texas\/\" class=\"more-link\">Continue reading <span class=\"screen-reader-text\">Equipos para la reparaci\u00f3n de asfalto Texas<\/span><\/a><\/p>\n","protected":false},"author":1,"featured_media":2470,"parent":0,"menu_order":0,"comment_status":"closed","ping_status":"closed","template":"","meta":{"_acf_changed":false,"footnotes":""},"class_list":["post-2466","page","type-page","status-publish","has-post-thumbnail","hentry"],"acf":[],"_links":{"self":[{"href":"https:\/\/bearcatmfg.com\/es\/wp-json\/wp\/v2\/pages\/2466","targetHints":{"allow":["GET"]}}],"collection":[{"href":"https:\/\/bearcatmfg.com\/es\/wp-json\/wp\/v2\/pages"}],"about":[{"href":"https:\/\/bearcatmfg.com\/es\/wp-json\/wp\/v2\/types\/page"}],"author":[{"embeddable":true,"href":"https:\/\/bearcatmfg.com\/es\/wp-json\/wp\/v2\/users\/1"}],"replies":[{"embeddable":true,"href":"https:\/\/bearcatmfg.com\/es\/wp-json\/wp\/v2\/comments?post=2466"}],"version-history":[{"count":1,"href":"https:\/\/bearcatmfg.com\/es\/wp-json\/wp\/v2\/pages\/2466\/revisions"}],"predecessor-version":[{"id":2773,"href":"https:\/\/bearcatmfg.com\/es\/wp-json\/wp\/v2\/pages\/2466\/revisions\/2773"}],"wp:featuredmedia":[{"embeddable":true,"href":"https:\/\/bearcatmfg.com\/es\/wp-json\/wp\/v2\/media\/2470"}],"wp:attachment":[{"href":"https:\/\/bearcatmfg.com\/es\/wp-json\/wp\/v2\/media?parent=2466"}],"curies":[{"name":"wp","href":"https:\/\/api.w.org\/{rel}","templated":true}]}}