{"id":2490,"date":"2023-12-15T08:31:52","date_gmt":"2023-12-15T08:31:52","guid":{"rendered":"https:\/\/bearcatmfg.com\/equipos-para-la-reparacion-del-asfalto-tennessee\/"},"modified":"2023-12-15T08:41:58","modified_gmt":"2023-12-15T08:41:58","slug":"equipos-para-la-reparacion-del-asfalto-tennessee","status":"publish","type":"page","link":"https:\/\/bearcatmfg.com\/es\/equipos-para-la-reparacion-del-asfalto-tennessee\/","title":{"rendered":"Equipos para la reparaci\u00f3n del asfalto Tennessee"},"content":{"rendered":"<h3>La mejor empresa de equipos para la reparaci\u00f3n del asfalto en Tennessee<\/h3>\n<p>BearCat Manufacturing es el fabricante n\u00famero uno de equipos de clase mundial para la reparaci\u00f3n de asfalto en Tennessee. Cuando busque arreglar carreteras rotas, obtendr\u00e1 una soluci\u00f3n eficaz y rentable con nuestros <a href=\"https:\/\/bearcatmfg.com\/top-rated-crack-sealers-tennessee\/\">selladores de grietas de primera calidad<\/a>. Como resultado, nuestra empresa se ha convertido en la fuente preferida de m\u00e1quinas de mantenimiento de carreteras para los contratistas de asfalto desde nuestra fundaci\u00f3n en 1969. Todos nuestros productos cuentan con caracter\u00edsticas distintivas, mayor durabilidad y ventajas que le ofrecen m\u00e1s por su dinero. Adem\u00e1s, respaldamos todos nuestros productos con <a href=\"https:\/\/bearcatmfg.com\/training\/\">clases de formaci\u00f3n para clientes<\/a>, una <a href=\"https:\/\/store.etnyre.com\/bearcat\/\" target=\"_blank\" rel=\"noopener\">tienda en l\u00ednea de piezas de repuesto<\/a>, oportunidades de <a href=\"https:\/\/ridgestonecap.com\/apply-now\/bearcatmfg\/\" target=\"_blank\" rel=\"noopener\">financiaci\u00f3n<\/a> y un servicio de atenci\u00f3n al cliente de primera clase. <a href=\"https:\/\/bearcatmfg.com\/contact-us\/\">P\u00f3ngase en contacto con nosotros<\/a> hoy mismo para solicitar m\u00e1s informaci\u00f3n sobre nuestros <a href=\"https:\/\/bearcatmfg.com\/crack-sealers-tennessee\/\">selladores de grietas<\/a>, <a href=\"https:\/\/bearcatmfg.com\/asphalt-distributors-tennessee\/\">distribuidores de asfalto<\/a>, <a href=\"https:\/\/bearcatmfg.com\/chip-spreaders-tennessee\/\">esparcidores de gravilla<\/a>, \u00a1y mucho m\u00e1s!<\/p>\n<h3>Obtenga los m\u00e1ximos beneficios de nuestros equipos de reparaci\u00f3n de asfalto<\/h3>\n<p>Nuestros productos le ofrecen un mayor retorno de la inversi\u00f3n al proporcionarle ventajas que ayudan a su empresa a completar los proyectos de reparaci\u00f3n de asfalto de forma m\u00e1s r\u00e1pida, eficaz y con menos residuos. Le proporcionamos opciones, incluidas m\u00e1quinas selladoras de grietas de 250 galones y 400 galones. Adem\u00e1s, cada equipo de reparaci\u00f3n de asfalto en Tennessee viene con las siguientes ventajas:<\/p>\n<h3><strong>Controles f\u00e1ciles de usar<\/strong><\/h3>\n<p>Operadores con diferentes niveles de experiencia pueden operar f\u00e1cilmente las selladoras de grietas de BearCat Manufacturing. Hemos creado mandos con pulsadores para los operarios inexpertos y mandos manuales para los operarios veteranos. Adem\u00e1s, nuestra consola de control est\u00e1 situada en el centro. A partir de ah\u00ed, los operadores reciben una supervisi\u00f3n continua del estado de funcionamiento de la m\u00e1quina, los controles del motor, la temperatura del material y los puntos de ajuste personalizados.<\/p>\n<h3><strong>F\u00e1cil acceso<\/strong><\/h3>\n<p>Las dos puertas de carga son f\u00e1cilmente accesibles para los operarios desde ambos lados de la m\u00e1quina. Las puertas de 21&#8243; x 36&#8243; est\u00e1n situadas ergon\u00f3micamente a 54&#8243; del suelo, lo que facilita la carga de materiales. Adem\u00e1s, los pestillos de las puertas cumplen la normativa DOT relativa a material a temperatura elevada. Adem\u00e1s, puede solicitar una m\u00e1quina personalizada con un sistema de carga de material opcional.<\/p>\n<h3><strong>Calefacci\u00f3n y uso acelerados<\/strong><\/h3>\n<p>Nuestros productos incorporan un sistema de calefacci\u00f3n de gas\u00f3leo caliente de circuito cerrado y caudal controlado que funciona con un quemador de gas\u00f3leo de alta presi\u00f3n. El aceite caliente se bombea a trav\u00e9s de las bater\u00edas de calefacci\u00f3n del sistema. Esta caracter\u00edstica exclusiva aumenta la temperatura del sellador hasta la temperatura de aplicaci\u00f3n en tan s\u00f3lo una hora para la mayor\u00eda de los materiales de mantenimiento de carreteras.<\/p>\n<h3><strong>Menos retrasos en los proyectos<\/strong><\/h3>\n<p>El quemador de gas\u00f3leo de alta presi\u00f3n utiliza un sistema de encendido autom\u00e1tico. El sistema de calentamiento indirecto cerrado garantiza un calentamiento r\u00e1pido para reducir el tiempo de espera hasta que se calientan los materiales.<\/p>\n<h3><strong>Almacenamiento y calentamiento c\u00f3modos para mangueras<\/strong><\/h3>\n<p>Nuestros productos incluyen un armario calefactado para guardar la manguera de aplicaci\u00f3n cuando no se utiliza. Esta caracter\u00edstica reduce el tiempo de espera para que el sellador congelado se caliente. Adem\u00e1s, puede pedir una m\u00e1quina personalizada con un sistema opcional de manguera calefactada que cuenta con 6 elementos calefactores. Esta caracter\u00edstica opcional evita los tapones de manguera manteniendo la temperatura del sellante desde el dep\u00f3sito hasta el extremo de la manguera.<\/p>\n<h3><strong>Soluciones ecol\u00f3gicas con mayor seguridad<\/strong><\/h3>\n<p>Nuestros selladores de grietas tambi\u00e9n son mejores para el medio ambiente que las opciones alternativas. Eliminan la necesidad de lavar con disolvente al final de cada ciclo de funcionamiento. Adem\u00e1s, la seguridad del operario mejora porque nuestros productos no requieren que los operarios lleven disolvente en la m\u00e1quina.<\/p>\n<div class=\"left-img\"><img decoding=\"async\" src=\"https:\/\/bearcatmfg.com\/wp-content\/uploads\/2022\/12\/road-maintenance-equipment-1.jpg\" alt=\"Equipos para la reparaci\u00f3n del asfalto Tennessee\" title=\"\"><\/div>\n<h2>Cont\u00e1ctenos<\/h2>\n<p>\u00bfDesea m\u00e1s informaci\u00f3n o un presupuesto gratuito sobre nuestros equipos de reparaci\u00f3n de asfalto en Tennessee? <a href=\"https:\/\/bearcatmfg.com\/contact-us\/\">P\u00f3ngase en contacto con nosotros<\/a> hoy mismo para obtener m\u00e1s informaci\u00f3n sobre precios. Puede enviarnos un correo electr\u00f3nico o llamarnos al <a href=\"tel:9286847851\">928-684-7851<\/a>. Nuestra sede se encuentra en 3650 N Sabin Brown Rd, Wickenburg, AZ 85390. Sin embargo, vendemos y mantenemos m\u00e1quinas para clientes de <a href=\"https:\/\/bearcatmfg.com\/equipment-for-asphalt-repair-illinois\/\">Illinois<\/a>, <a href=\"https:\/\/bearcatmfg.com\/asphalt-repair-equipment-arizona\/\">Arizona<\/a>, <a href=\"https:\/\/bearcatmfg.com\/asphalt-repair-equipment-tennessee\/\">Tennessee<\/a>, <a href=\"https:\/\/bearcatmfg.com\/top-rated-crack-sealers-texas\/\">Texas<\/a> y de todo el pa\u00eds.<\/p>\n","protected":false},"excerpt":{"rendered":"<p>La mejor empresa de equipos para la reparaci\u00f3n del asfalto en Tennessee BearCat Manufacturing es el fabricante n\u00famero uno de equipos de clase mundial para la reparaci\u00f3n de asfalto en Tennessee. Cuando busque arreglar carreteras rotas, obtendr\u00e1 una soluci\u00f3n eficaz y rentable con nuestros selladores de grietas de primera calidad. Como resultado, nuestra empresa se &hellip; <a href=\"https:\/\/bearcatmfg.com\/es\/equipos-para-la-reparacion-del-asfalto-tennessee\/\" class=\"more-link\">Continue reading <span class=\"screen-reader-text\">Equipos para la reparaci\u00f3n del asfalto Tennessee<\/span><\/a><\/p>\n","protected":false},"author":1,"featured_media":2448,"parent":0,"menu_order":0,"comment_status":"closed","ping_status":"closed","template":"","meta":{"_acf_changed":false,"footnotes":""},"class_list":["post-2490","page","type-page","status-publish","has-post-thumbnail","hentry"],"acf":[],"_links":{"self":[{"href":"https:\/\/bearcatmfg.com\/es\/wp-json\/wp\/v2\/pages\/2490","targetHints":{"allow":["GET"]}}],"collection":[{"href":"https:\/\/bearcatmfg.com\/es\/wp-json\/wp\/v2\/pages"}],"about":[{"href":"https:\/\/bearcatmfg.com\/es\/wp-json\/wp\/v2\/types\/page"}],"author":[{"embeddable":true,"href":"https:\/\/bearcatmfg.com\/es\/wp-json\/wp\/v2\/users\/1"}],"replies":[{"embeddable":true,"href":"https:\/\/bearcatmfg.com\/es\/wp-json\/wp\/v2\/comments?post=2490"}],"version-history":[{"count":3,"href":"https:\/\/bearcatmfg.com\/es\/wp-json\/wp\/v2\/pages\/2490\/revisions"}],"predecessor-version":[{"id":2517,"href":"https:\/\/bearcatmfg.com\/es\/wp-json\/wp\/v2\/pages\/2490\/revisions\/2517"}],"wp:featuredmedia":[{"embeddable":true,"href":"https:\/\/bearcatmfg.com\/es\/wp-json\/wp\/v2\/media\/2448"}],"wp:attachment":[{"href":"https:\/\/bearcatmfg.com\/es\/wp-json\/wp\/v2\/media?parent=2490"}],"curies":[{"name":"wp","href":"https:\/\/api.w.org\/{rel}","templated":true}]}}