{"id":2497,"date":"2023-12-15T08:33:46","date_gmt":"2023-12-15T08:33:46","guid":{"rendered":"https:\/\/bearcatmfg.com\/equipos-de-reparacion-de-asfalto-tennessee\/"},"modified":"2023-12-15T08:33:46","modified_gmt":"2023-12-15T08:33:46","slug":"equipos-de-reparacion-de-asfalto-tennessee","status":"publish","type":"page","link":"https:\/\/bearcatmfg.com\/es\/equipos-de-reparacion-de-asfalto-tennessee\/","title":{"rendered":"Equipos de reparaci\u00f3n de asfalto Tennessee"},"content":{"rendered":"<h3>Lo \u00faltimo en equipos de reparaci\u00f3n de asfalto para Tennessee<\/h3>\n<p>\u00bfEs usted contratista de asfalto y busca formas de mejorar su negocio? No est\u00e1s solo. Innumerables contratistas de todo el Estado Voluntario buscan proporcionar un mantenimiento y una reparaci\u00f3n del asfalto m\u00e1s r\u00e1pidos, precisos y rentables. Sin embargo, mantener el ritmo de las demandas de los clientes puede parecer imposible sin el equipo de reparaci\u00f3n de asfalto adecuado en Tennessee. Con <a href=\"https:\/\/bearcatmfg.com\/best-asphalt-equipment\/\">los equipos de asfalto<\/a> de BearCat Manufacturing, puede dar a su empresa una ventaja y garantizar un servicio de alta calidad.<\/p>\n<h3>\u00bfPara qu\u00e9 son mejores las m\u00e1quinas BearCat?<\/h3>\n<p>Desde el <a href=\"https:\/\/bearcatmfg.com\/chip-seal-service\/\">sellado de virutas<\/a> hasta la reparaci\u00f3n y el mantenimiento generales, puede contar con los equipos de asfalto de BearCat para una amplia gama de servicios. Nuestras selladoras de grietas, distribuidores de asfalto, esparcidores de gravilla y equipos personalizados son de primera categor\u00eda, lo que garantiza altos \u00edndices de producci\u00f3n, plazos de entrega de proyectos reducidos y una precisi\u00f3n exacta. Como tal, nuestras m\u00e1quinas de asfalto son los mejores para:<\/p>\n<ul>\n<li><strong>Reparaci\u00f3n de grietas<\/strong>\n<ul>\n<li>Las grietas en el pavimento son se\u00f1ales de que la temperatura, la humedad y el estr\u00e9s est\u00e1n afectando a la superficie. Y si esas grietas se dejan supurar, se convertir\u00e1n en problemas peores, como baches o pavimento deshilachado. Por estas razones, los contratistas cuentan con los <a href=\"https:\/\/bearcatmfg.com\/crack-sealers-tennessee\/\">selladores de grietas<\/a> BearCat para <a href=\"https:\/\/bearcatmfg.com\/asphalt-crack-sealing\/\">rellenar y unir grietas<\/a> r\u00e1pidamente. Nuestras selladoras de grietas son r\u00e1pidas de poner en marcha, f\u00e1ciles de manejar y duraderas.<\/li>\n<\/ul>\n<\/li>\n<li><strong>Restauraci\u00f3n del asfalto<\/strong>\n<ul>\n<li>Su asfalto puede quedar destrozado si no es lo bastante r\u00e1pido para sellar las grietas. Sin embargo, antes de repavimentar una calzada entera, puede restaurar el pavimento mediante m\u00e9todos como el sellado de virutas. Y cuando se trata del <a href=\"https:\/\/bearcatmfg.com\/chip-seal-service\/\">servicio de sellado de gravilla<\/a>, s\u00f3lo BearCat dispone del equipo necesario para garantizar un trabajo r\u00e1pido y preciso. Nuestros <a href=\"https:\/\/bearcatmfg.com\/asphalt-distributors-tennessee\/\">distribuidores<\/a> y <a href=\"https:\/\/bearcatmfg.com\/chip-spreaders-tennessee\/\">esparcidores<\/a> de gravilla cubren los pasos esenciales del proceso de sellado de gravilla, lo que contribuye a una excelente restauraci\u00f3n del asfalto.<\/li>\n<\/ul>\n<\/li>\n<li><strong>Servicios de mantenimiento y reparaci\u00f3n<\/strong>\n<ul>\n<li>A veces, lo \u00fanico que necesita un solar o una carretera son unas simples reparaciones. Otras veces, puede ser necesario restaurar tramos de pavimento para garantizar unas condiciones de conducci\u00f3n seguras. No importa lo que sea necesario para su pr\u00f3ximo proyecto de asfalto, BearCat puede suministrarle el equipo que necesite. Adem\u00e1s de nuestros selladores de grietas, distribuidores y esparcidores de gravilla est\u00e1ndar, ofrecemos <a href=\"https:\/\/bearcatmfg.com\/product-category\/custom-equipment\/\">equipos personalizados<\/a> que optimizan la reparaci\u00f3n y restauraci\u00f3n del asfalto.<\/li>\n<\/ul>\n<\/li>\n<\/ul>\n<h3>Acerca de BearCat MFG<\/h3>\n<p>BearCat Manufacturing est\u00e1 respaldada por m\u00e1s de 50 a\u00f1os de experiencia en las industrias de <a href=\"https:\/\/bearcatmfg.com\/road-maintenance-equipment\/\">mantenimiento de carreteras<\/a> y <a href=\"https:\/\/bearcatmfg.com\/chip-seal-paving\/\">pavimentaci\u00f3n de asfalto<\/a>. Nuestra empresa comenz\u00f3 con una visi\u00f3n simple: crear <a href=\"https:\/\/bearcatmfg.com\/asphalt-machinery\/\">maquinaria de asfalto<\/a> que fuera f\u00e1cil de usar para los contratistas. Hoy en d\u00eda, nuestras m\u00e1quinas se pueden encontrar en todo el mundo, proporcionando a los contratistas el apoyo que necesitan para seguir el ritmo de las demandas de los clientes. Pensando en la eficiencia energ\u00e9tica, la comodidad, la velocidad, la durabilidad y la precisi\u00f3n, innovamos continuamente para sacar al mercado los mejores <a href=\"https:\/\/bearcatmfg.com\/equipment-for-asphalt-repair-tennessee\/\">equipos de reparaci\u00f3n de asfalto de Tennessee<\/a>.<\/p>\n<div class=\"left-img\"><img loading=\"lazy\" decoding=\"async\" class=\"alignnone\" src=\"https:\/\/bearcatmfg.com\/wp-content\/uploads\/2022\/12\/road-maintenance-equipment-1.jpg\" alt=\"Un sellador de grietas utilizado como equipo de reparaci\u00f3n de asfalto en Tennessee\" width=\"500\" height=\"350\" title=\"\"><\/div>\n<h3>M\u00e1s informaci\u00f3n<\/h3>\n<p>No deje pasar las oportunidades de crecimiento de su empresa de asfalto. Invierta en equipos de reparaci\u00f3n de asfalto de alta calidad en <a href=\"https:\/\/bearcatmfg.com\/top-rated-chip-spreaders-tennessee\/\">Tennessee<\/a> con BearCat Manufacturing. Para obtener m\u00e1s informaci\u00f3n sobre nuestros productos de asfalto o solicitar un presupuesto, p\u00f3ngase en contacto con nosotros en el <a href=\"tel:9286847851\">928-684-7851<\/a>. Estamos ubicados en 3650 N Sabin Brown Rd, Wickenburg, AZ 85390. BearCat Manufacturing tiene su sede en <a href=\"https:\/\/bearcatmfg.com\/asphalt-repair-equipment-arizona\/\">Arizona<\/a> y presta servicio a clientes de <a href=\"https:\/\/bearcatmfg.com\/asphalt-repair-equipment-illinois\/\">Illinois<\/a>, <a href=\"https:\/\/bearcatmfg.com\/best-chip-seal-equipment-tennessee\/\">Tennessee<\/a>, <a href=\"https:\/\/bearcatmfg.com\/asphalt-repair-equipment-texas\/\">Texas<\/a> y Estados Unidos.<\/p>\n","protected":false},"excerpt":{"rendered":"<p>Lo \u00faltimo en equipos de reparaci\u00f3n de asfalto para Tennessee \u00bfEs usted contratista de asfalto y busca formas de mejorar su negocio? No est\u00e1s solo. Innumerables contratistas de todo el Estado Voluntario buscan proporcionar un mantenimiento y una reparaci\u00f3n del asfalto m\u00e1s r\u00e1pidos, precisos y rentables. Sin embargo, mantener el ritmo de las demandas de &hellip; <a href=\"https:\/\/bearcatmfg.com\/es\/equipos-de-reparacion-de-asfalto-tennessee\/\" class=\"more-link\">Continue reading <span class=\"screen-reader-text\">Equipos de reparaci\u00f3n de asfalto Tennessee<\/span><\/a><\/p>\n","protected":false},"author":1,"featured_media":2202,"parent":0,"menu_order":0,"comment_status":"closed","ping_status":"closed","template":"","meta":{"_acf_changed":false,"footnotes":""},"class_list":["post-2497","page","type-page","status-publish","has-post-thumbnail","hentry"],"acf":[],"_links":{"self":[{"href":"https:\/\/bearcatmfg.com\/es\/wp-json\/wp\/v2\/pages\/2497","targetHints":{"allow":["GET"]}}],"collection":[{"href":"https:\/\/bearcatmfg.com\/es\/wp-json\/wp\/v2\/pages"}],"about":[{"href":"https:\/\/bearcatmfg.com\/es\/wp-json\/wp\/v2\/types\/page"}],"author":[{"embeddable":true,"href":"https:\/\/bearcatmfg.com\/es\/wp-json\/wp\/v2\/users\/1"}],"replies":[{"embeddable":true,"href":"https:\/\/bearcatmfg.com\/es\/wp-json\/wp\/v2\/comments?post=2497"}],"version-history":[{"count":0,"href":"https:\/\/bearcatmfg.com\/es\/wp-json\/wp\/v2\/pages\/2497\/revisions"}],"wp:featuredmedia":[{"embeddable":true,"href":"https:\/\/bearcatmfg.com\/es\/wp-json\/wp\/v2\/media\/2202"}],"wp:attachment":[{"href":"https:\/\/bearcatmfg.com\/es\/wp-json\/wp\/v2\/media?parent=2497"}],"curies":[{"name":"wp","href":"https:\/\/api.w.org\/{rel}","templated":true}]}}