{"id":2501,"date":"2023-12-15T08:35:35","date_gmt":"2023-12-15T08:35:35","guid":{"rendered":"https:\/\/bearcatmfg.com\/equipos-para-la-reparacion-de-asfalto-arizona\/"},"modified":"2023-12-15T08:37:16","modified_gmt":"2023-12-15T08:37:16","slug":"equipos-para-la-reparacion-de-asfalto-arizona","status":"publish","type":"page","link":"https:\/\/bearcatmfg.com\/es\/equipos-para-la-reparacion-de-asfalto-arizona\/","title":{"rendered":"Equipos para la reparaci\u00f3n de asfalto Arizona"},"content":{"rendered":"<h3>La mejor elecci\u00f3n de equipos para la reparaci\u00f3n del asfalto en Arizona<\/h3>\n<p>BearCat Manufacturing es la mejor opci\u00f3n para el mejor equipo de reparaci\u00f3n de asfalto en Arizona. Cuando necesite reparar da\u00f1os en la carretera, le ofrecemos <a href=\"https:\/\/bearcatmfg.com\/top-rated-crack-sealers-arizona\/\">los mejores selladores de grietas de Arizona<\/a>. Nuestra tradici\u00f3n como proveedor n\u00famero uno de m\u00e1quinas de mantenimiento de carreteras comenz\u00f3 en 1969. Desde entonces, m\u00e1s empresas contratistas de asfalto han elegido nuestros equipos frente a otras opciones alternativas. Fabricamos m\u00e1quinas que ofrecen a cada cliente caracter\u00edsticas innovadoras, mayor capacidad y ventajas que proporcionan el mejor rendimiento de la inversi\u00f3n. Adem\u00e1s, respaldamos todos nuestros equipos con una pr\u00e1ctica <a href=\"https:\/\/store.etnyre.com\/bearcat\/\" target=\"_blank\" rel=\"noopener\">tienda online de piezas de repuesto<\/a>, <a href=\"https:\/\/ridgestonecap.com\/apply-now\/bearcatmfg\/\" target=\"_blank\" rel=\"noopener\">financiaci\u00f3n<\/a> flexible, <a href=\"https:\/\/bearcatmfg.com\/training\/\">seminarios de formaci\u00f3n para clientes<\/a> y un servicio de atenci\u00f3n al cliente de primera clase.<a href=\"https:\/\/bearcatmfg.com\/contact-us\/\">. P\u00f3ngase en contacto con BearCat Manufacturing<\/a>  ahora para solicitar un presupuesto gratuito o m\u00e1s informaci\u00f3n sobre nuestros equipos para la reparaci\u00f3n de asfalto en Arizona.<\/p>\n<h3>Caracter\u00edsticas que hacen que la reparaci\u00f3n del asfalto sea m\u00e1s r\u00e1pida y eficaz<\/h3>\n<p>Todos nuestros equipos incorporan funciones que hacen que las reparaciones de carreteras sean m\u00e1s r\u00e1pidas, sencillas y respetuosas con el medio ambiente, ya que generan menos residuos. Puede elegir entre unidades de sellador de grietas de 250 galones o de 40 galones. Adem\u00e1s, siempre recibir\u00e1 las siguientes prestaciones:<\/p>\n<h3><strong>Controles f\u00e1ciles de manejar<\/strong><\/h3>\n<p>Nuestras selladoras de grietas son f\u00e1ciles de usar tanto para los nuevos operadores como para los experimentados. Los nuevos usuarios pueden optar por utilizar mandos con pulsador. Mientras tanto, los operarios veteranos pueden hacer funcionar la m\u00e1quina manualmente. La consola del operador est\u00e1 situada en el centro. Desde all\u00ed, los operarios pueden ver la supervisi\u00f3n continua de la temperatura del material, el estado de funcionamiento, los puntos de ajuste personalizados y los controles del motor.<\/p>\n<h3><strong>Puertas de carga f\u00e1cilmente accesibles<\/strong><\/h3>\n<p>Los operarios pueden acceder f\u00e1cilmente a las 2 puertas de carga desde cada lado del equipo. Adem\u00e1s, dise\u00f1amos ergon\u00f3micamente las puertas de 21&#8243; x 36&#8243; para que est\u00e9n a 54&#8243; del suelo, de modo que cargar la m\u00e1quina sea menos dif\u00edcil. Adem\u00e1s, los pestillos de las puertas cumplen la normativa DOT relativa a material a temperatura elevada. Adem\u00e1s, puede elegir un sistema opcional de carga de material.<\/p>\n<h3><strong>Calentamiento y funcionamiento eficientes del sistema<\/strong><\/h3>\n<p>Nuestros equipos utilizan un quemador di\u00e9sel de alta presi\u00f3n para alimentar un sistema de calefacci\u00f3n de gas\u00f3leo caliente de circuito cerrado y caudal controlado. El aceite circula por las bater\u00edas de calefacci\u00f3n mediante una bomba de aceite caliente. Esta innovadora funci\u00f3n exclusiva de las m\u00e1quinas BearCat eleva la temperatura del sellador hasta la temperatura de aplicaci\u00f3n en tan s\u00f3lo una hora para la mayor\u00eda de los materiales de mantenimiento de carreteras.<\/p>\n<h3><strong>Menos tiempo perdido<\/strong><\/h3>\n<p>El sistema tambi\u00e9n incluye un quemador di\u00e9sel cerrado que funciona con un sistema de encendido autom\u00e1tico f\u00e1cil de usar. El sistema de quemador indirecto cerrado de nuestros equipos genera un calentamiento m\u00e1s r\u00e1pido del material para reducir el tiempo de inactividad del proyecto.<\/p>\n<h3><strong>Prevenci\u00f3n de problemas de temperatura del sellante<\/strong><\/h3>\n<p>Proporcionamos un armario de almacenamiento calefactado para cuando no se utilice la manguera de aplicaci\u00f3n. De este modo se reducen los retrasos en el proyecto por tener que esperar a que se caliente el sellante congelado. Adem\u00e1s, puede solicitar un sistema opcional de manguera calefactada con 6 elementos calefactores que mantienen el sellador en el extremo de la manguera tan caliente como en el interior del dep\u00f3sito, lo que evita que la manguera se obstruya.<\/p>\n<h3><strong>Funcionamiento seguro y ecol\u00f3gico<\/strong><\/h3>\n<p>Dise\u00f1amos nuestras selladoras de grietas para que los operarios no tengan que llevar disolvente en la m\u00e1quina, lo que aumenta la seguridad del operario. Adem\u00e1s, nuestras m\u00e1quinas no requieren el lavado con disolventes al final del proyecto, lo que las hace m\u00e1s seguras para el medio ambiente.<\/p>\n<div class=\"left-img\"><img decoding=\"async\" src=\"https:\/\/bearcatmfg.com\/wp-content\/uploads\/2022\/12\/road-maintenance-equipment-1.jpg\" alt=\"Equipos para la reparaci\u00f3n de asfalto Arizona\" title=\"\"><\/div>\n<h3>Cont\u00e1ctenos<\/h3>\n<p>\u00bfBusca un presupuesto gratuito de <a href=\"https:\/\/bearcatmfg.com\/equipment-for-asphalt-repair-tennessee\/\">equipos para la reparaci\u00f3n del asfalto<\/a> en Arizona? P\u00f3ngase <a href=\"https:\/\/bearcatmfg.com\/contact-us\/\">en contacto<\/a> con BearCat Manufacturing rellenando nuestro <a href=\"https:\/\/bearcatmfg.com\/contact-us\/\">formulario de contacto en l\u00ednea<\/a>. Tambi\u00e9n puede ponerse en contacto con nosotros llamando a nuestra oficina al 928-684-7851. Estamos ubicados en 3650 North Sabin Brown Road, Wickenburg, AZ 85390. Sin embargo, damos servicio y vendemos m\u00e1quinas en todo el pa\u00eds, incluidas las <a href=\"https:\/\/bearcatmfg.com\/top-rated-crack-sealers-illinois\/\">selladoras de grietas mejor valoradas en Illinois<\/a>, <a href=\"https:\/\/bearcatmfg.com\/top-rated-crack-sealers-texas\/\">Texas<\/a> y <a href=\"https:\/\/bearcatmfg.com\/top-rated-crack-sealers-tennessee\/\">Tennessee<\/a>.<\/p>\n","protected":false},"excerpt":{"rendered":"<p>La mejor elecci\u00f3n de equipos para la reparaci\u00f3n del asfalto en Arizona BearCat Manufacturing es la mejor opci\u00f3n para el mejor equipo de reparaci\u00f3n de asfalto en Arizona. Cuando necesite reparar da\u00f1os en la carretera, le ofrecemos los mejores selladores de grietas de Arizona. Nuestra tradici\u00f3n como proveedor n\u00famero uno de m\u00e1quinas de mantenimiento de &hellip; <a href=\"https:\/\/bearcatmfg.com\/es\/equipos-para-la-reparacion-de-asfalto-arizona\/\" class=\"more-link\">Continue reading <span class=\"screen-reader-text\">Equipos para la reparaci\u00f3n de asfalto Arizona<\/span><\/a><\/p>\n","protected":false},"author":1,"featured_media":2440,"parent":0,"menu_order":0,"comment_status":"closed","ping_status":"closed","template":"","meta":{"_acf_changed":false,"footnotes":""},"class_list":["post-2501","page","type-page","status-publish","has-post-thumbnail","hentry"],"acf":[],"_links":{"self":[{"href":"https:\/\/bearcatmfg.com\/es\/wp-json\/wp\/v2\/pages\/2501","targetHints":{"allow":["GET"]}}],"collection":[{"href":"https:\/\/bearcatmfg.com\/es\/wp-json\/wp\/v2\/pages"}],"about":[{"href":"https:\/\/bearcatmfg.com\/es\/wp-json\/wp\/v2\/types\/page"}],"author":[{"embeddable":true,"href":"https:\/\/bearcatmfg.com\/es\/wp-json\/wp\/v2\/users\/1"}],"replies":[{"embeddable":true,"href":"https:\/\/bearcatmfg.com\/es\/wp-json\/wp\/v2\/comments?post=2501"}],"version-history":[{"count":2,"href":"https:\/\/bearcatmfg.com\/es\/wp-json\/wp\/v2\/pages\/2501\/revisions"}],"predecessor-version":[{"id":2505,"href":"https:\/\/bearcatmfg.com\/es\/wp-json\/wp\/v2\/pages\/2501\/revisions\/2505"}],"wp:featuredmedia":[{"embeddable":true,"href":"https:\/\/bearcatmfg.com\/es\/wp-json\/wp\/v2\/media\/2440"}],"wp:attachment":[{"href":"https:\/\/bearcatmfg.com\/es\/wp-json\/wp\/v2\/media?parent=2501"}],"curies":[{"name":"wp","href":"https:\/\/api.w.org\/{rel}","templated":true}]}}