{"id":2507,"date":"2023-12-15T08:38:05","date_gmt":"2023-12-15T08:38:05","guid":{"rendered":"https:\/\/bearcatmfg.com\/equipos-de-reparacion-de-asfalto-arizona\/"},"modified":"2024-03-26T01:26:08","modified_gmt":"2024-03-26T01:26:08","slug":"equipos-de-reparacion-de-asfalto-arizona","status":"publish","type":"page","link":"https:\/\/bearcatmfg.com\/es\/equipos-de-reparacion-de-asfalto-arizona\/","title":{"rendered":"Equipos de reparaci\u00f3n de asfalto Arizona"},"content":{"rendered":"<h3>BearCat ofrece equipos de reparaci\u00f3n de asfalto de alta calidad en Arizona<\/h3>\n<p>Arizona no s\u00f3lo es c\u00e1lida por su clima \u00e1rido: \u00a1es un punto caliente de crecimiento en EE.UU.! Y con la afluencia de empresas y residentes en Arizona, los contratistas de asfalto est\u00e1n trabajando horas extras para mantenerse al d\u00eda con el <a href=\"https:\/\/bearcatmfg.com\/asphalt-maintenance\/\">mantenimiento<\/a> y las actualizaciones de <a href=\"https:\/\/bearcatmfg.com\/asphalt-maintenance\/\">las infraestructuras<\/a> necesarias. Todo lo que se necesita es el mejor equipo de reparaci\u00f3n de asfalto de Arizona para gestionar las carreteras del Estado del Gran Ca\u00f1\u00f3n. Y gracias a BearCat Manufacturing, \u00a1usted obtiene el <a href=\"https:\/\/bearcatmfg.com\/best-asphalt-equipment\/\">mejor equipo de asfalto<\/a>!<\/p>\n<h3>Equipo preferido para el cuidado del asfalto<\/h3>\n<p>Desgraciadamente, el calor y el clima \u00e1rido de Arizona afectan significativamente a la velocidad de deterioro del asfalto. Por lo tanto, los contratistas de asfalto necesitan disponer del equipo adecuado para una <a href=\"https:\/\/bearcatmfg.com\/asphalt-repair\/\">reparaci\u00f3n<\/a> y mantenimiento <a href=\"https:\/\/bearcatmfg.com\/asphalt-repair\/\">del asfalto<\/a> r\u00e1pidos y eficaces. Afortunadamente, BearCat tiene el equipo que los contratistas de asfalto necesitan para tener \u00e9xito en su zona. Algunos de nuestros mejores equipos incluyen:<\/p>\n<ul>\n<li><strong>Distribuidores<\/strong>\n<ul>\n<li>El primer paso en muchos proyectos de mantenimiento del asfalto es extender asfalto l\u00edquido sobre la superficie del pavimento. Sin embargo, esparcir manualmente el asfalto l\u00edquido lleva mucho tiempo y no es extraordinariamente preciso. Por estas razones, <a href=\"https:\/\/bearcatmfg.com\/asphalt-distributors-arizona\/\">los distribuidores de asfalto<\/a> son piezas de maquinaria muy solicitadas. Y con el Distribuidor BC-502 de BearCat, puede aplicar asfalto l\u00edquido a cualquier superficie con una velocidad y precisi\u00f3n no igualadas por la aplicaci\u00f3n manual u otros distribuidores disponibles.<\/li>\n<\/ul>\n<\/li>\n<li><strong>Selladores de grietas<\/strong>\n<ul>\n<li>Antes de proceder <a href=\"https:\/\/bearcatmfg.com\/chip-seal-service\/\">al sellado de virutas<\/a> u otros servicios de restauraci\u00f3n del asfalto, los contratistas abordar\u00e1n en primer lugar el problema m\u00e1s acuciante del deterioro del asfalto: las grietas en el pavimento. Las grietas son los primeros signos de envejecimiento, tensi\u00f3n y deterioro que ver\u00e1 en su asfalto. Y al dejar que las grietas crezcan, s\u00f3lo causan m\u00e1s problemas de deterioro del asfalto y deshilachado. Afortunadamente, los selladores de grietas BearCat trabajan r\u00e1pidamente y son f\u00e1ciles de manejar, ayudando a sellar las grietas antes de que el deterioro empeore.<\/li>\n<\/ul>\n<\/li>\n<li><strong>Equipo personalizado<\/strong>\n<ul>\n<li>Por supuesto, \u00a1los <a href=\"https:\/\/bearcatmfg.com\/asphalt-repair-equipment\/\">equipos de reparaci\u00f3n de asfalto<\/a> de BearCat para Arizona no se limitan a los selladores de grietas y distribuidores! Tambi\u00e9n producimos una gama de <a href=\"https:\/\/bearcatmfg.com\/product-category\/custom-equipment\/\">equipos personalizados<\/a> que optimizan a\u00fan m\u00e1s muchos procesos de reparaci\u00f3n y restauraci\u00f3n del asfalto. Por ejemplo, nuestro sistema de espumado de virutas previo al recubrimiento ayuda a crear uniones m\u00e1s fuertes entre las virutas de \u00e1ridos y el asfalto l\u00edquido durante el sellado de virutas (un m\u00e9todo est\u00e1ndar de restauraci\u00f3n del asfalto).<\/li>\n<\/ul>\n<\/li>\n<\/ul>\n<h3>\u00bfQu\u00e9 puede esperar de BearCat?<\/h3>\n<p><a href=\"https:\/\/bearcatmfg.com\/top-rated-chip-seal-equipment\/\">Equipos de primera categor\u00eda<\/a>, tecnolog\u00eda de supervisi\u00f3n avanzada y maquinaria de larga duraci\u00f3n son algunas de las cosas que puede esperar de BearCat Manufacturing. BearCat se puso en marcha en 1969 tras realizar algunas modificaciones para permitir el control de un <a href=\"https:\/\/bearcatmfg.com\/asphalt-distributor-truck\/\">cami\u00f3n distribuidor<\/a> desde su cabina. Esa sencilla innovaci\u00f3n condujo a la creaci\u00f3n de equipos de asfalto cada vez m\u00e1s racionalizados, dise\u00f1ados para simplificar la <a href=\"https:\/\/bearcatmfg.com\/chip-seal-paving\/\">pavimentaci\u00f3n<\/a>, el mantenimiento y la <a href=\"https:\/\/bearcatmfg.com\/what-equipment-do-you-need-for-road-repair\/\">reparaci\u00f3n<\/a> <a href=\"https:\/\/bearcatmfg.com\/chip-seal-paving\/\">del asfalto<\/a>. Con los equipos actuales de BearCat, los contratistas locales pueden contar con respeto al medio ambiente, altas velocidades, mayores capacidades, mayor longevidad y mucho m\u00e1s.<\/p>\n<div class=\"left-img\"><img loading=\"lazy\" decoding=\"async\" class=\"alignnone\" src=\"https:\/\/bearcatmfg.com\/wp-content\/uploads\/2022\/12\/crack-repair-1.jpg\" alt=\"Una selladora de asfalto de BearCat MFG, una pieza \u00fatil de equipos de reparaci\u00f3n de asfalto en Arizona\" width=\"500\" height=\"350\" title=\"\"><\/div>\n<h3>Llame hoy mismo a BearCat<\/h3>\n<p>La clave de un negocio de contrataci\u00f3n de asfalto exitoso comienza con la implementaci\u00f3n de <a href=\"https:\/\/bearcatmfg.com\/equipment-for-asphalt-repair-arizona\/\">equipos de reparaci\u00f3n de<\/a> asfalto de alta calidad <a href=\"https:\/\/bearcatmfg.com\/equipment-for-asphalt-repair-arizona\/\">en Arizona<\/a>. Aseg\u00farese de que su empresa tiene todo lo que necesita con la maquinaria de primera calidad suministrada por BearCat Manufacturing. Para obtener m\u00e1s informaci\u00f3n sobre nuestros productos de asfalto o solicitar un presupuesto, p\u00f3ngase en contacto con nosotros en el <a href=\"tel:9286847851\">928-684-7851<\/a>. Estamos ubicados en 3650 N Sabin Brown Rd, Wickenburg, AZ 85390. BearCat Manufacturing tiene su sede en Arizona y presta servicio a clientes de Illinois, Tennessee, Texas y Estados Unidos.<\/p>\n","protected":false},"excerpt":{"rendered":"<p>BearCat ofrece equipos de reparaci\u00f3n de asfalto de alta calidad en Arizona Arizona no s\u00f3lo es c\u00e1lida por su clima \u00e1rido: \u00a1es un punto caliente de crecimiento en EE.UU.! Y con la afluencia de empresas y residentes en Arizona, los contratistas de asfalto est\u00e1n trabajando horas extras para mantenerse al d\u00eda con el mantenimiento y &hellip; <a href=\"https:\/\/bearcatmfg.com\/es\/equipos-de-reparacion-de-asfalto-arizona\/\" class=\"more-link\">Continue reading <span class=\"screen-reader-text\">Equipos de reparaci\u00f3n de asfalto Arizona<\/span><\/a><\/p>\n","protected":false},"author":1,"featured_media":1772,"parent":0,"menu_order":0,"comment_status":"closed","ping_status":"closed","template":"","meta":{"_acf_changed":false,"footnotes":""},"class_list":["post-2507","page","type-page","status-publish","has-post-thumbnail","hentry"],"acf":[],"_links":{"self":[{"href":"https:\/\/bearcatmfg.com\/es\/wp-json\/wp\/v2\/pages\/2507","targetHints":{"allow":["GET"]}}],"collection":[{"href":"https:\/\/bearcatmfg.com\/es\/wp-json\/wp\/v2\/pages"}],"about":[{"href":"https:\/\/bearcatmfg.com\/es\/wp-json\/wp\/v2\/types\/page"}],"author":[{"embeddable":true,"href":"https:\/\/bearcatmfg.com\/es\/wp-json\/wp\/v2\/users\/1"}],"replies":[{"embeddable":true,"href":"https:\/\/bearcatmfg.com\/es\/wp-json\/wp\/v2\/comments?post=2507"}],"version-history":[{"count":1,"href":"https:\/\/bearcatmfg.com\/es\/wp-json\/wp\/v2\/pages\/2507\/revisions"}],"predecessor-version":[{"id":2670,"href":"https:\/\/bearcatmfg.com\/es\/wp-json\/wp\/v2\/pages\/2507\/revisions\/2670"}],"wp:featuredmedia":[{"embeddable":true,"href":"https:\/\/bearcatmfg.com\/es\/wp-json\/wp\/v2\/media\/1772"}],"wp:attachment":[{"href":"https:\/\/bearcatmfg.com\/es\/wp-json\/wp\/v2\/media?parent=2507"}],"curies":[{"name":"wp","href":"https:\/\/api.w.org\/{rel}","templated":true}]}}