{"id":2511,"date":"2023-12-15T08:39:33","date_gmt":"2023-12-15T08:39:33","guid":{"rendered":"https:\/\/bearcatmfg.com\/equipos-para-la-reparacion-del-asfalto-illinois\/"},"modified":"2023-12-15T08:41:17","modified_gmt":"2023-12-15T08:41:17","slug":"equipos-para-la-reparacion-del-asfalto-illinois","status":"publish","type":"page","link":"https:\/\/bearcatmfg.com\/es\/equipos-para-la-reparacion-del-asfalto-illinois\/","title":{"rendered":"Equipos para la reparaci\u00f3n del asfalto Illinois"},"content":{"rendered":"<h3>La mejor selecci\u00f3n de equipos para la reparaci\u00f3n del asfalto en Illinois<\/h3>\n<p>BearCat Manufacturing es el lugar n\u00famero uno para encontrar equipos l\u00edderes en la industria para la reparaci\u00f3n de asfalto en Illinois. Cuando necesite reparar asfalto da\u00f1ado, le ofrecemos la mejor selecci\u00f3n de <a href=\"https:\/\/bearcatmfg.com\/top-rated-crack-sealers-illinois\/\">selladores de grietas de primera categor\u00eda en Illinois<\/a>. Desde 1969, m\u00e1s contratistas de asfalto han elegido nuestras m\u00e1quinas de mantenimiento de carreteras que otras soluciones alternativas. Todos nuestros equipos incorporan funciones de vanguardia, un mayor rendimiento y ventajas que le ofrecen una mayor rentabilidad. Adem\u00e1s, respaldamos todas nuestras m\u00e1quinas con un servicio de atenci\u00f3n al cliente de primera clase, una <a href=\"https:\/\/store.etnyre.com\/bearcat\/\" target=\"_blank\" rel=\"noopener\">tienda de piezas de repuesto en l\u00ednea de<\/a> primera categor\u00eda, <a href=\"https:\/\/bearcatmfg.com\/training\/\">escuelas de formaci\u00f3n para clientes<\/a> y c\u00f3modas <a href=\"https:\/\/ridgestonecap.com\/apply-now\/bearcatmfg\/\" target=\"_blank\" rel=\"noopener\">opciones de financiaci\u00f3n<\/a>. Solicite ahora un presupuesto gratuito utilizando el <a href=\"https:\/\/bearcatmfg.com\/contact-us\/\">formulario de contacto en l\u00ednea<\/a> de BearCat Manufacturing para obtener una respuesta r\u00e1pida.<\/p>\n<h3>Especificaciones de producto para nuestros equipos de reparaci\u00f3n de asfalto<\/h3>\n<p>Usted recibe algunas grandes opciones cuando se trata de nuestro equipo para la reparaci\u00f3n de asfalto en Illinois. Ofrecemos m\u00e1quinas selladoras de grietas de 250 galones y de 400 galones. Adem\u00e1s, recibir\u00e1 las siguientes atractivas caracter\u00edsticas independientemente de la m\u00e1quina que elija:<\/p>\n<h3><strong>Controles f\u00e1ciles de entender<\/strong><\/h3>\n<p>La consola del operador est\u00e1 situada en el centro. Adem\u00e1s, supervisa continuamente el estado de funcionamiento, la temperatura del material, los controles del motor y los puntos de ajuste personalizados. Los operadores inexpertos pueden utilizar los mandos pulsadores. Mientras tanto, los operadores experimentados pueden optar por controlar manualmente la m\u00e1quina.<\/p>\n<h3><strong>Puertas de carga accesibles<\/strong><\/h3>\n<p>Los operarios pueden acceder f\u00e1cilmente a las 2 puertas de carga desde cualquier lado de la m\u00e1quina. Las puertas de 21&#8243; x 36&#8243; est\u00e1n situadas ergon\u00f3micamente a 54&#8243; del suelo para facilitar la carga de la m\u00e1quina. Los pestillos de las puertas cumplen la normativa DOT relativa a material a temperatura elevada. Tambi\u00e9n hay disponible un sistema opcional de carga de material.<\/p>\n<h3><strong>Calefacci\u00f3n y uso eficientes<\/strong><\/h3>\n<p>Nuestras m\u00e1quinas utilizan un sistema de calefacci\u00f3n de gas\u00f3leo caliente de circuito cerrado y caudal controlado alimentado por un quemador di\u00e9sel de alta presi\u00f3n. Una bomba hace circular el aceite caliente por las bater\u00edas de calefacci\u00f3n. Esta caracter\u00edstica exclusiva aumenta la temperatura del sellador hasta la temperatura de aplicaci\u00f3n en tan s\u00f3lo una hora para la mayor\u00eda de los materiales de mantenimiento de carreteras.<\/p>\n<h3><strong>Quemadores cerrados<\/strong><\/h3>\n<p>El quemador de gas\u00f3leo de alta presi\u00f3n utiliza un sistema de encendido autom\u00e1tico. El sistema cerrado de calentamiento indirecto garantiza un calentamiento r\u00e1pido del producto para reducir al m\u00ednimo el tiempo de inactividad.<\/p>\n<h3><strong>Cajas de mangueras calefactadas<\/strong><\/h3>\n<p>Cuando no se utiliza, la manguera de aplicaci\u00f3n se guarda en un armario calefactado. As\u00ed se evita perder tiempo en el trabajo esperando a que se caliente el sellante congelado. Mientras tanto, un sistema opcional de manguera calefactada cuenta con 6 elementos calefactores que evitan los taponamientos al mantener el sellante a la misma temperatura a la que se encuentra en el dep\u00f3sito al final de la manguera.<\/p>\n<h3><strong>Sistemas sin descarga<\/strong><\/h3>\n<p>Nuestros mejores selladores de grietas tambi\u00e9n son respetuosos con el medio ambiente. No requieren lavado con disolvente al final de cada proyecto. Adem\u00e1s, no tendr\u00e1 que llevar disolvente en la m\u00e1quina, lo que mejorar\u00e1 la seguridad de los operarios de la m\u00e1quina.<\/p>\n<div class=\"left-img\"><img decoding=\"async\" src=\"https:\/\/bearcatmfg.com\/wp-content\/uploads\/2022\/12\/road-maintenance-equipment-1.jpg\" alt=\"Equipos para la reparaci\u00f3n del asfalto Illinois\" title=\"\"><\/div>\n<h3>M\u00e1s informaci\u00f3n sobre nuestros equipos de reparaci\u00f3n de asfalto en Illinois<\/h3>\n<p>\u00bfTiene alguna pregunta sobre nuestras m\u00e1quinas? \u00bfDesea un presupuesto gratuito de nuestros equipos para la reparaci\u00f3n de asfalto en Illinois? Entonces, obtenga la informaci\u00f3n que necesita ahora poni\u00e9ndose en contacto con BearCat Manufacturing. Cuando se trata de selladores de grietas, le facilitamos la tarea de encontrar exactamente lo que busca. Env\u00edenos un correo electr\u00f3nico a trav\u00e9s de nuestro formulario de contacto o llame <a href=\"tel:9286847851\">al 928-684-7851<\/a>. Nuestra sede se encuentra en 3650 N Sabin Brown Rd, Wickenburg, AZ 85390. Sin embargo, vendemos y mantenemos m\u00e1quinas para clientes de <a href=\"https:\/\/bearcatmfg.com\/asphalt-repair-equipment-illinois\/\">Illinois<\/a>, <a href=\"https:\/\/bearcatmfg.com\/equipment-for-asphalt-repair-arizona\/\">Arizona<\/a>, <a href=\"https:\/\/bearcatmfg.com\/asphalt-repair-equipment-tennessee\/\">Tennessee<\/a>, <a href=\"https:\/\/bearcatmfg.com\/top-rated-crack-sealers-texas\/\">Texas<\/a> y de todo el pa\u00eds.<\/p>\n","protected":false},"excerpt":{"rendered":"<p>La mejor selecci\u00f3n de equipos para la reparaci\u00f3n del asfalto en Illinois BearCat Manufacturing es el lugar n\u00famero uno para encontrar equipos l\u00edderes en la industria para la reparaci\u00f3n de asfalto en Illinois. Cuando necesite reparar asfalto da\u00f1ado, le ofrecemos la mejor selecci\u00f3n de selladores de grietas de primera categor\u00eda en Illinois. Desde 1969, m\u00e1s &hellip; <a href=\"https:\/\/bearcatmfg.com\/es\/equipos-para-la-reparacion-del-asfalto-illinois\/\" class=\"more-link\">Continue reading <span class=\"screen-reader-text\">Equipos para la reparaci\u00f3n del asfalto Illinois<\/span><\/a><\/p>\n","protected":false},"author":1,"featured_media":2444,"parent":0,"menu_order":0,"comment_status":"closed","ping_status":"closed","template":"","meta":{"_acf_changed":false,"footnotes":""},"class_list":["post-2511","page","type-page","status-publish","has-post-thumbnail","hentry"],"acf":[],"_links":{"self":[{"href":"https:\/\/bearcatmfg.com\/es\/wp-json\/wp\/v2\/pages\/2511","targetHints":{"allow":["GET"]}}],"collection":[{"href":"https:\/\/bearcatmfg.com\/es\/wp-json\/wp\/v2\/pages"}],"about":[{"href":"https:\/\/bearcatmfg.com\/es\/wp-json\/wp\/v2\/types\/page"}],"author":[{"embeddable":true,"href":"https:\/\/bearcatmfg.com\/es\/wp-json\/wp\/v2\/users\/1"}],"replies":[{"embeddable":true,"href":"https:\/\/bearcatmfg.com\/es\/wp-json\/wp\/v2\/comments?post=2511"}],"version-history":[{"count":2,"href":"https:\/\/bearcatmfg.com\/es\/wp-json\/wp\/v2\/pages\/2511\/revisions"}],"predecessor-version":[{"id":2515,"href":"https:\/\/bearcatmfg.com\/es\/wp-json\/wp\/v2\/pages\/2511\/revisions\/2515"}],"wp:featuredmedia":[{"embeddable":true,"href":"https:\/\/bearcatmfg.com\/es\/wp-json\/wp\/v2\/media\/2444"}],"wp:attachment":[{"href":"https:\/\/bearcatmfg.com\/es\/wp-json\/wp\/v2\/media?parent=2511"}],"curies":[{"name":"wp","href":"https:\/\/api.w.org\/{rel}","templated":true}]}}