{"id":2521,"date":"2023-12-15T08:43:37","date_gmt":"2023-12-15T08:43:37","guid":{"rendered":"https:\/\/bearcatmfg.com\/equipos-de-reparacion-de-asfalto-illinois\/"},"modified":"2024-03-26T01:29:37","modified_gmt":"2024-03-26T01:29:37","slug":"equipos-de-reparacion-de-asfalto-illinois","status":"publish","type":"page","link":"https:\/\/bearcatmfg.com\/es\/equipos-de-reparacion-de-asfalto-illinois\/","title":{"rendered":"Equipos de reparaci\u00f3n de asfalto Illinois"},"content":{"rendered":"<h3>Mantenga sus carreteras con los equipos de reparaci\u00f3n de asfalto BearCat en Illinois<\/h3>\n<p>Cuando por fin llega el invierno al Medio Oeste, los contratistas de asfalto se apresuran a ponerse manos a la obra en los cientos de trabajos de <a href=\"https:\/\/bearcatmfg.com\/road-maintenance-equipment\/\">mantenimiento de carreteras<\/a> que se realizan cada temporada en Illinois. Y como le dir\u00e1 cualquiera que viva en Illinois, los inviernos del Medio Oeste pueden ser brutales. Debido a la humedad extrema y a las bajas temperaturas, no hay calzada en Illinois que no requiera reparaci\u00f3n tras la temporada invernal. Es por eso que tantos contratistas de asfalto conf\u00edan en los equipos de reparaci\u00f3n de asfalto de BearCat Manufacturing para Illinois. S\u00f3lo la mejor maquinaria de asfalto puede mantener las infraestructuras de Illinois.<\/p>\n<h3>\u00bfQu\u00e9 servicios de reparaci\u00f3n puede ofrecer?<\/h3>\n<p>Para mantenerse al d\u00eda con la <a href=\"https:\/\/bearcatmfg.com\/asphalt-repair\/\">reparaci\u00f3n<\/a> y el <a href=\"https:\/\/bearcatmfg.com\/asphalt-maintenance\/\">mantenimiento<\/a> de las carreteras de su zona, \u00a1BearCat tiene el equipo para usted! Nuestra <a href=\"https:\/\/bearcatmfg.com\/asphalt-machinery\/\">maquinaria de reparaci\u00f3n de asfalto<\/a> es inigualable por su rapidez, durabilidad y longevidad. En funci\u00f3n de sus necesidades de contrataci\u00f3n, le ofreceremos el equipo que mejor se adapte a sus servicios.<\/p>\n<ul>\n<li><strong>Reparaci\u00f3n de grietas<\/strong>\n<ul>\n<li>Las grietas en el asfalto son uno de los primeros signos de deterioro. Adem\u00e1s, si las grietas del pavimento no se controlan, pueden convertirse en baches o provocar que el asfalto se deshaga, causando condiciones de conducci\u00f3n inseguras. Con los <a href=\"https:\/\/bearcatmfg.com\/crack-sealers-illinois\/\">selladores de grietas<\/a> de BearCat, puede <a href=\"https:\/\/bearcatmfg.com\/asphalt-crack-repair\/\">sellar\/reparar las peores grietas de su pavimento<\/a> y ralentizar el deterioro general de su asfalto.<\/li>\n<\/ul>\n<\/li>\n<li><strong>Sellado de virutas<\/strong>\n<ul>\n<li>El <a href=\"https:\/\/bearcatmfg.com\/chip-seal-service\/\">servicio de asfaltado<\/a> repara y restaura el pavimento. Se aplica una capa de asfalto l\u00edquido a la calzada deteriorada mediante <a href=\"https:\/\/bearcatmfg.com\/asphalt-distributors-illinois\/\">distribuidores de asfalto<\/a>. Una vez que el pavimento est\u00e1 completamente cubierto, los esparcidores de gravilla colocan una capa de gravilla sobre el asfalto l\u00edquido reci\u00e9n esparcido. A medida que estos componentes se forman y fraguan juntos, rellenan las grietas existentes, restauran el color de su asfalto, vuelven a unir el pavimento deshilachado y refuerzan a\u00fan m\u00e1s su calzada.<\/li>\n<\/ul>\n<\/li>\n<li><strong>Mantenimiento general y restauraci\u00f3n<\/strong>\n<ul>\n<li>Con los selladores de grietas y los distribuidores de asfalto, tendr\u00e1 las manos llenas con los trabajos de reparaci\u00f3n y mantenimiento del asfalto de los que se encargar\u00e1. Desde reparar simples grietas hasta repavimentar superficies enteras, BearCat suministra el equipo de reparaci\u00f3n de asfalto con el que cuentan los contratistas de Illinois. Adem\u00e1s, BearCat ofrece <a href=\"https:\/\/bearcatmfg.com\/product-category\/custom-equipment\/\">equipos personalizados<\/a> para agilizar a\u00fan m\u00e1s el mantenimiento y la reparaci\u00f3n del asfalto.<\/li>\n<\/ul>\n<\/li>\n<\/ul>\n<h3>Lo mejor de BearCat<\/h3>\n<p>Durante m\u00e1s de 50 a\u00f1os, BearCat Manufacturing ha liderado la industria del asfalto en el desarrollo de <a href=\"https:\/\/bearcatmfg.com\/best-asphalt-equipment\/\">equipos<\/a> y tecnolog\u00eda de <a href=\"https:\/\/bearcatmfg.com\/best-asphalt-equipment\/\">asfalto<\/a> incre\u00edblemente <a href=\"https:\/\/bearcatmfg.com\/best-asphalt-equipment\/\">avanzados<\/a> y de alta calidad. Siempre buscamos formas de innovar en el dise\u00f1o de nuestras m\u00e1quinas, lo que facilita su funcionamiento y manejo. Adem\u00e1s, examinamos cada m\u00e1quina que dise\u00f1amos para implementar caracter\u00edsticas que mejoren su eficiencia energ\u00e9tica, precisi\u00f3n, velocidad e impacto medioambiental.<\/p>\n<div class=\"left-img\"><img loading=\"lazy\" decoding=\"async\" class=\"alignnone\" src=\"https:\/\/bearcatmfg.com\/wp-content\/uploads\/2022\/12\/asphalt-distributor-truck-2.jpg\" alt=\"Un distribuidor de asfalto, parte de BearCat&#039;s Asphalt Repair Equipment en Illinois\" width=\"500\" height=\"350\" title=\"\"><\/div>\n<h3>Encuentre lo que necesita con BearCat<\/h3>\n<p>La clave para ofrecer una <a href=\"https:\/\/bearcatmfg.com\/what-equipment-do-you-need-for-road-repair\/\">reparaci\u00f3n<\/a> y un mantenimiento <a href=\"https:\/\/bearcatmfg.com\/what-equipment-do-you-need-for-road-repair\/\">del asfalto<\/a> excepcionales reside en la adquisici\u00f3n de los mejores equipos de reparaci\u00f3n del asfalto de <a href=\"https:\/\/bearcatmfg.com\/top-rated-chip-spreaders-illinois\/\">Illinois<\/a>. Y cuando buscan lo mejor, los contratistas locales conf\u00edan en BearCat Manufacturing. Para obtener m\u00e1s informaci\u00f3n sobre nuestros productos de asfalto o solicitar un presupuesto, p\u00f3ngase en contacto con nosotros en el <a href=\"tel:9286847851\">928-684-7851<\/a>. Estamos ubicados en 3650 N Sabin Brown Rd, Wickenburg, AZ 85390. BearCat Manufacturing tiene su sede en <a href=\"https:\/\/bearcatmfg.com\/asphalt-repair-equipment-arizona\/\">Arizona<\/a> y presta servicio a clientes de <a href=\"https:\/\/bearcatmfg.com\/equipment-for-asphalt-repair-illinois\/\">Illinois<\/a>, <a href=\"https:\/\/bearcatmfg.com\/asphalt-repair-equipment-tennessee\/\">Tennessee<\/a>, <a href=\"https:\/\/bearcatmfg.com\/asphalt-repair-equipment-texas\/\">Texas<\/a> y Estados Unidos.<\/p>\n","protected":false},"excerpt":{"rendered":"<p>Mantenga sus carreteras con los equipos de reparaci\u00f3n de asfalto BearCat en Illinois Cuando por fin llega el invierno al Medio Oeste, los contratistas de asfalto se apresuran a ponerse manos a la obra en los cientos de trabajos de mantenimiento de carreteras que se realizan cada temporada en Illinois. Y como le dir\u00e1 cualquiera &hellip; <a href=\"https:\/\/bearcatmfg.com\/es\/equipos-de-reparacion-de-asfalto-illinois\/\" class=\"more-link\">Continue reading <span class=\"screen-reader-text\">Equipos de reparaci\u00f3n de asfalto Illinois<\/span><\/a><\/p>\n","protected":false},"author":1,"featured_media":1655,"parent":0,"menu_order":0,"comment_status":"closed","ping_status":"closed","template":"","meta":{"_acf_changed":false,"footnotes":""},"class_list":["post-2521","page","type-page","status-publish","has-post-thumbnail","hentry"],"acf":[],"_links":{"self":[{"href":"https:\/\/bearcatmfg.com\/es\/wp-json\/wp\/v2\/pages\/2521","targetHints":{"allow":["GET"]}}],"collection":[{"href":"https:\/\/bearcatmfg.com\/es\/wp-json\/wp\/v2\/pages"}],"about":[{"href":"https:\/\/bearcatmfg.com\/es\/wp-json\/wp\/v2\/types\/page"}],"author":[{"embeddable":true,"href":"https:\/\/bearcatmfg.com\/es\/wp-json\/wp\/v2\/users\/1"}],"replies":[{"embeddable":true,"href":"https:\/\/bearcatmfg.com\/es\/wp-json\/wp\/v2\/comments?post=2521"}],"version-history":[{"count":2,"href":"https:\/\/bearcatmfg.com\/es\/wp-json\/wp\/v2\/pages\/2521\/revisions"}],"predecessor-version":[{"id":2672,"href":"https:\/\/bearcatmfg.com\/es\/wp-json\/wp\/v2\/pages\/2521\/revisions\/2672"}],"wp:featuredmedia":[{"embeddable":true,"href":"https:\/\/bearcatmfg.com\/es\/wp-json\/wp\/v2\/media\/1655"}],"wp:attachment":[{"href":"https:\/\/bearcatmfg.com\/es\/wp-json\/wp\/v2\/media?parent=2521"}],"curies":[{"name":"wp","href":"https:\/\/api.w.org\/{rel}","templated":true}]}}