{"id":2531,"date":"2023-12-15T08:51:01","date_gmt":"2023-12-15T08:51:01","guid":{"rendered":"https:\/\/bearcatmfg.com\/mejor-equipo-de-asfaltado-de-tennessee\/"},"modified":"2023-12-15T08:51:01","modified_gmt":"2023-12-15T08:51:01","slug":"mejor-equipo-de-asfaltado-de-tennessee","status":"publish","type":"page","link":"https:\/\/bearcatmfg.com\/es\/mejor-equipo-de-asfaltado-de-tennessee\/","title":{"rendered":"Mejor equipo de asfaltado de Tennessee"},"content":{"rendered":"<h3>BearCat ofrece el mejor equipo de asfaltado de Tennessee<\/h3>\n<p>Los contratistas prefieren <a href=\"https:\/\/bearcatmfg.com\/chip-seal-machines-tennessee\/\">el asfaltado<\/a> a otros m\u00e9todos de mantenimiento de carreteras por numerosas razones. Invertir en mantenimiento siempre merece la pena. Sin embargo, obtendr\u00e1 el m\u00e1ximo provecho de esa inversi\u00f3n cuando cuente con el mejor equipo de asfaltado que <a href=\"https:\/\/bearcatmfg.com\/top-rated-chip-spreaders-tennessee\/\">Tennessee<\/a> puede ofrecer. Es por eso que los equipos de carreteras experimentados saben que deben llamar a <a href=\"https:\/\/bearcatmfg.com\/about-us\/\">BearCat<\/a> para obtener un equipo de sellado de virutas excepcional. Las d\u00e9cadas de innovaci\u00f3n de Bearcat est\u00e1n por encima del resto de la industria y nuestra capacidad de personalizar su equipo para que se adapte mejor a sus necesidades significa que siempre acabar\u00e1 teniendo el equipo que necesita para que su equipo de carreteras pueda mantener sus carreteras durante a\u00f1os.<\/p>\n<h3>\u00bfPor qu\u00e9 el sellado de virutas?<\/h3>\n<p>El asfalto astillado y agrietado puede deteriorar r\u00e1pidamente una calzada. Cuando el desgaste normal requiere mantenimiento, el sellado de gravilla ofrece un m\u00e9todo de mantenimiento sencillo, asequible y duradero. Normalmente, el sellado puede completarse en pocos d\u00edas con el equipo adecuado, como distribuidores de asfalto y esparcidores de gravilla. Pero <a href=\"https:\/\/bearcatmfg.com\/chip-seal-machines-tennessee\/\">el asfaltado<\/a> significa menos tiempo con carreteras inaccesibles.<\/p>\n<p>Dada la sencillez del proceso, suele requerir menos materiales y mano de obra. Esto supone un gran ahorro de tiempo y dinero. El asfaltado tambi\u00e9n puede ayudar a prolongar la vida \u00fatil de una calzada hasta 12 a\u00f1os gracias a su capacidad para contrarrestar las tensiones cotidianas de la calzada. Adem\u00e1s, toda nuestra l\u00ednea de productos, incluidos los <a href=\"https:\/\/bearcatmfg.com\/asphalt-distributors-tennessee\/\">distribuidores de asfalto<\/a>, <a href=\"https:\/\/bearcatmfg.com\/asphalt-chip-spreaders-tennessee\/\">los esparcidores de gravilla<\/a> y los <a href=\"https:\/\/bearcatmfg.com\/crack-sealers-tennessee\/\">selladores de grietas<\/a>, gozan de la confianza de los usuarios desde hace mucho tiempo para conseguir unas carreteras duraderas y resistentes.<\/p>\n<h3>Por qu\u00e9 BearCat Manufacturing<\/h3>\n<p>Ken Hill y Doug Carson fundaron <a href=\"https:\/\/bearcatmfg.com\/about-us\/\">BearCat<\/a> en 1969 sabiendo que el personal de carreteras necesitaba el equipo adecuado para hacer bien el trabajo. Y hoy en d\u00eda, BearCat Manufacturing sigue siendo conocida por nuestras innovaciones. Comenz\u00f3 con nuestros controles modificados, que se encuentran en la cabina del cami\u00f3n. Tambi\u00e9n a\u00f1adimos barras de pulverizaci\u00f3n, v\u00e1lvulas de pulverizaci\u00f3n de asiento y aletas de ruptura, que todav\u00eda se utilizan en nuestros equipos. Con nuestros esparcidores de gravilla, selladores de grietas y distribuidores de asfalto como parte de su plantilla, BearCat Manufacturing mantendr\u00e1 a su equipo de carreteras rindiendo al m\u00e1ximo.<\/p>\n<div class=\"right-img\"><img loading=\"lazy\" decoding=\"async\" class=\"alignnone\" src=\"https:\/\/bearcatmfg.com\/wp-content\/uploads\/2023\/06\/dark-asphalt-road-with-cracks-background-texture-disintegrates.jpg\" alt=\"El asfalto agrietado necesita el mejor equipo de asfaltado de Tennessee\" width=\"500\" height=\"350\" title=\"\"><\/div>\n<h3>Contacte con BearCat hoy mismo<\/h3>\n<p>Estamos seguros de poder ofrecerle el mejor <a href=\"https:\/\/bearcatmfg.com\/best-chip-seal-equipment\/\">equipo de asfaltado<\/a> de <a href=\"https:\/\/bearcatmfg.com\/top-rated-chip-seal-equipment-tennessee\/\">Tennessee<\/a>. Nuestra sigilosa Chipper t\u00e1ndem de 16 pies o la Chipper t\u00e1ndem de 20 pies le ofrecen opciones para adaptarse a su mejor uso. Ll\u00e1menos hoy mismo al <a href=\"tel:9286847851\">928-684-7851<\/a> y perm\u00edtanos ayudarle a configurar el equipo perfecto para que su personal de carreteras pueda mantener sus carreteras seguras y transitables durante a\u00f1os.<\/p>\n","protected":false},"excerpt":{"rendered":"<p>BearCat ofrece el mejor equipo de asfaltado de Tennessee Los contratistas prefieren el asfaltado a otros m\u00e9todos de mantenimiento de carreteras por numerosas razones. Invertir en mantenimiento siempre merece la pena. Sin embargo, obtendr\u00e1 el m\u00e1ximo provecho de esa inversi\u00f3n cuando cuente con el mejor equipo de asfaltado que Tennessee puede ofrecer. Es por eso &hellip; <a href=\"https:\/\/bearcatmfg.com\/es\/mejor-equipo-de-asfaltado-de-tennessee\/\" class=\"more-link\">Continue reading <span class=\"screen-reader-text\">Mejor equipo de asfaltado de Tennessee<\/span><\/a><\/p>\n","protected":false},"author":1,"featured_media":2185,"parent":0,"menu_order":0,"comment_status":"closed","ping_status":"closed","template":"","meta":{"_acf_changed":false,"footnotes":""},"class_list":["post-2531","page","type-page","status-publish","has-post-thumbnail","hentry"],"acf":[],"_links":{"self":[{"href":"https:\/\/bearcatmfg.com\/es\/wp-json\/wp\/v2\/pages\/2531","targetHints":{"allow":["GET"]}}],"collection":[{"href":"https:\/\/bearcatmfg.com\/es\/wp-json\/wp\/v2\/pages"}],"about":[{"href":"https:\/\/bearcatmfg.com\/es\/wp-json\/wp\/v2\/types\/page"}],"author":[{"embeddable":true,"href":"https:\/\/bearcatmfg.com\/es\/wp-json\/wp\/v2\/users\/1"}],"replies":[{"embeddable":true,"href":"https:\/\/bearcatmfg.com\/es\/wp-json\/wp\/v2\/comments?post=2531"}],"version-history":[{"count":1,"href":"https:\/\/bearcatmfg.com\/es\/wp-json\/wp\/v2\/pages\/2531\/revisions"}],"predecessor-version":[{"id":2532,"href":"https:\/\/bearcatmfg.com\/es\/wp-json\/wp\/v2\/pages\/2531\/revisions\/2532"}],"wp:featuredmedia":[{"embeddable":true,"href":"https:\/\/bearcatmfg.com\/es\/wp-json\/wp\/v2\/media\/2185"}],"wp:attachment":[{"href":"https:\/\/bearcatmfg.com\/es\/wp-json\/wp\/v2\/media?parent=2531"}],"curies":[{"name":"wp","href":"https:\/\/api.w.org\/{rel}","templated":true}]}}