{"id":2542,"date":"2023-12-18T10:52:45","date_gmt":"2023-12-18T10:52:45","guid":{"rendered":"https:\/\/bearcatmfg.com\/distribuidores-de-asfalto-mejor-valorados\/"},"modified":"2023-12-18T10:52:45","modified_gmt":"2023-12-18T10:52:45","slug":"distribuidores-de-asfalto-mejor-valorados","status":"publish","type":"page","link":"https:\/\/bearcatmfg.com\/es\/distribuidores-de-asfalto-mejor-valorados\/","title":{"rendered":"Distribuidores de asfalto mejor valorados"},"content":{"rendered":"<h3>Encuentre los distribuidores de asfalto mejor valorados del pa\u00eds con BearCat Manufacturing<\/h3>\n<p>Al iniciar un proyecto de pavimentaci\u00f3n, construcci\u00f3n o mantenimiento de carreteras, los <a href=\"https:\/\/bearcatmfg.com\/asphalt-distributors-for-sale\/\">distribuidores de asfalto de primera categor\u00eda<\/a> garantizar\u00e1n que el proyecto se complete con precisi\u00f3n y eficacia. <a href=\"https:\/\/bearcatmfg.com\/about-us\/\">BearCat Manufacturing<\/a> es un experto de confianza en la industria. Podemos proporcionarle el mejor equipo de mantenimiento de carreteras disponible en cualquier lugar de Estados Unidos. Los distribuidores de asfalto son un equipo crucial para la pavimentaci\u00f3n, la construcci\u00f3n y el mantenimiento de carreteras. Y por eso nos necesita a su lado.<\/p>\n<h3>Por qu\u00e9 elegir un distribuidor de asfalto<\/h3>\n<p>Nuestros distribuidores de asfalto de primera categor\u00eda permiten a los equipos de mantenimiento de carreteras rociar entre 1.000 y 4.500 galones de asfalto l\u00edquido de forma segura y precisa en autopistas, carreteras y aparcamientos. Estos distribuidores son el complemento perfecto para su flota de equipos de pavimentaci\u00f3n. Al fin y al cabo, los contratistas estadounidenses conf\u00edan en las ventajas de la resistencia y durabilidad del asfalto. El ajuste correcto para un trabajo y presupuesto incluye las m\u00e1quinas de la m\u00e1s alta calidad que BearCat Manufacturing ofrece. Ofrecemos distribuidores de asfalto est\u00e1ndar, distribuidores de asfalto de caucho granulado especializados y equipos adicionales de esparcimiento de asfalto.<\/p>\n<p>En BearCat Manufacturing no s\u00f3lo encontrar\u00e1 los mejores <a href=\"https:\/\/bearcatmfg.com\/best-asphalt-distributors\/\">distribuidores de asfalto<\/a>, sino tambi\u00e9n el resto de equipos que necesitar\u00e1 para sus proyectos. Disponemos de remolques de arrastre de asfalto que pueden ayudar a transportar m\u00e1s de 20 toneladas a su lugar de trabajo, adem\u00e1s de sistemas de pulverizaci\u00f3n para el control del polvo adaptados a la resistencia qu\u00edmica y otras aplicaciones. Tambi\u00e9n ofrecemos <a href=\"https:\/\/bearcatmfg.com\/asphalt-chip-spreaders\/\">esparcidores de gravilla<\/a>, <a href=\"https:\/\/bearcatmfg.com\/top-rated-crack-sealers\/\">selladores de grietas<\/a> y otros equipos personalizados para ayudarle con sus proyectos de pavimentaci\u00f3n y mantenimiento.<\/p>\n<h3>BearCat Manufacturing es un nombre de confianza<\/h3>\n<p>Ken Hill y Don Carson fundaron <a href=\"https:\/\/bearcatmfg.com\/about-us\/\">BearCat Manufacturing<\/a> en 1969. Desde la d\u00e9cada de 1970, se asociaron para construir distribuidores de asfalto de primera categor\u00eda para el p\u00fablico, fabricando equipos de mantenimiento de carreteras con innovaciones t\u00e9cnicas que han impulsado mayores niveles de rendimiento en todo el sector. Sus m\u00e1quinas eficientes y precisas han simplificado la construcci\u00f3n de carreteras y proporcionan dise\u00f1os duraderos que se construyen a medida. Los equipos y el servicio de atenci\u00f3n al cliente son de primera clase y gozan de confianza no s\u00f3lo en Estados Unidos, sino tambi\u00e9n en Canad\u00e1, Am\u00e9rica Central y del Sur, \u00c1frica y Europa.<\/p>\n<div class=\"left-img\"><img loading=\"lazy\" decoding=\"async\" class=\"alignnone\" src=\"https:\/\/bearcatmfg.com\/wp-content\/uploads\/2023\/08\/an-asphaltic-joint-crack-needs-to-be-sealed-in-the-restoration-work-of-the-asphalt-road.jpg\" alt=\"Si tiene grietas en el asfalto, necesita a los distribuidores de asfalto mejor valorados de BearCat Manufacturing\" width=\"500\" height=\"350\" title=\"\"><\/div>\n<h3>Contacte con BearCat hoy mismo<\/h3>\n<p>Perm\u00edtanos ayudarle con cualquier proyecto de pavimentaci\u00f3n en todo Estados Unidos con nuestros <a href=\"https:\/\/bearcatmfg.com\/top-rated-crack-sealers\/\">distribuidores de asfalto de primera categor\u00eda<\/a>. Aunque nuestra sede est\u00e1 en Arizona, atendemos a clientes de todo Estados Unidos. Puede llamarnos hoy mismo al <a href=\"tel:9286847851\">928-684-7851<\/a>. Esperamos poder ofrecerle las soluciones de equipos de asfalto que necesita para hacer bien su trabajo.<\/p>\n","protected":false},"excerpt":{"rendered":"<p>Encuentre los distribuidores de asfalto mejor valorados del pa\u00eds con BearCat Manufacturing Al iniciar un proyecto de pavimentaci\u00f3n, construcci\u00f3n o mantenimiento de carreteras, los distribuidores de asfalto de primera categor\u00eda garantizar\u00e1n que el proyecto se complete con precisi\u00f3n y eficacia. BearCat Manufacturing es un experto de confianza en la industria. Podemos proporcionarle el mejor equipo &hellip; <a href=\"https:\/\/bearcatmfg.com\/es\/distribuidores-de-asfalto-mejor-valorados\/\" class=\"more-link\">Continue reading <span class=\"screen-reader-text\">Distribuidores de asfalto mejor valorados<\/span><\/a><\/p>\n","protected":false},"author":1,"featured_media":2316,"parent":0,"menu_order":0,"comment_status":"closed","ping_status":"closed","template":"","meta":{"_acf_changed":false,"footnotes":""},"class_list":["post-2542","page","type-page","status-publish","has-post-thumbnail","hentry"],"acf":[],"_links":{"self":[{"href":"https:\/\/bearcatmfg.com\/es\/wp-json\/wp\/v2\/pages\/2542","targetHints":{"allow":["GET"]}}],"collection":[{"href":"https:\/\/bearcatmfg.com\/es\/wp-json\/wp\/v2\/pages"}],"about":[{"href":"https:\/\/bearcatmfg.com\/es\/wp-json\/wp\/v2\/types\/page"}],"author":[{"embeddable":true,"href":"https:\/\/bearcatmfg.com\/es\/wp-json\/wp\/v2\/users\/1"}],"replies":[{"embeddable":true,"href":"https:\/\/bearcatmfg.com\/es\/wp-json\/wp\/v2\/comments?post=2542"}],"version-history":[{"count":0,"href":"https:\/\/bearcatmfg.com\/es\/wp-json\/wp\/v2\/pages\/2542\/revisions"}],"wp:featuredmedia":[{"embeddable":true,"href":"https:\/\/bearcatmfg.com\/es\/wp-json\/wp\/v2\/media\/2316"}],"wp:attachment":[{"href":"https:\/\/bearcatmfg.com\/es\/wp-json\/wp\/v2\/media?parent=2542"}],"curies":[{"name":"wp","href":"https:\/\/api.w.org\/{rel}","templated":true}]}}