{"id":2543,"date":"2023-12-18T10:52:45","date_gmt":"2023-12-18T10:52:45","guid":{"rendered":"https:\/\/bearcatmfg.com\/selladores-de-grietas-mejor-valorados-de-texas\/"},"modified":"2023-12-18T10:52:45","modified_gmt":"2023-12-18T10:52:45","slug":"selladores-de-grietas-mejor-valorados-de-texas","status":"publish","type":"page","link":"https:\/\/bearcatmfg.com\/es\/selladores-de-grietas-mejor-valorados-de-texas\/","title":{"rendered":"Selladores de grietas mejor valorados de Texas"},"content":{"rendered":"<h3>\u00bfEst\u00e1 buscando los mejores selladores de grietas de Texas?<\/h3>\n<p>Entonces, no busque m\u00e1s all\u00e1 de BearCat Manufacturing para equipos de mantenimiento de pavimentos de renombre mundial y selladores de grietas de primera categor\u00eda en Texas. Clientes de todo el mundo conf\u00edan en nuestros productos frente a otras alternativas cuando necesitan reparar calzadas, aparcamientos, carreteras y v\u00edas urbanas. Nuestra historia como l\u00edder mundial de vanguardia en soluciones de sellado y relleno de grietas comenz\u00f3 en 1969. En nuestro primer a\u00f1o de actividad, los ingenieros de nuestra empresa fabricaron el primer distribuidor de asfalto l\u00edquido totalmente controlado desde la cabina. Desde entonces, nuestra reputaci\u00f3n de fabricar equipos que ofrecen el mejor rendimiento, comodidad y durabilidad ha sido inigualable. Por lo tanto, <a href=\"https:\/\/bearcatmfg.com\/contact-us\/\">p\u00f3ngase en contacto con nosotros<\/a> ahora para solicitar un presupuesto gratuito de nuestros mejores <a href=\"https:\/\/bearcatmfg.com\/crack-sealers-texas\/\">selladores de grietas en Texas<\/a>.<\/p>\n<h3>\u00bfPor qu\u00e9 debo sellar las grietas del asfalto?<\/h3>\n<p>Los expertos de la industria en <a href=\"https:\/\/roadresource.org\/\" target=\"_blank\" rel=\"noopener\">roadresource.<\/a> org proporcionaron el caso m\u00e1s convincente para el uso de nuestros selladores de grietas mejor valorados en Texas. Informaron de que el 75% de las grietas del pavimento de asfalto sin sellar acabar\u00e1n convirti\u00e9ndose en baches en un plazo de 3 a\u00f1os. Por otro lado, s\u00f3lo el 1% de las grietas selladas se deteriorar\u00e1n y formar\u00e1n baches durante ese mismo periodo. En consecuencia, el sellado de grietas de asfalto le ofrece una de las formas m\u00e1s asequibles y eficaces de mantener sus superficies de pavimento asf\u00e1ltico. En la mayor\u00eda de los casos, el sellado de grietas prolongar\u00e1 la vida \u00fatil de su pavimento entre 3 y 5 a\u00f1os. Adem\u00e1s, el sellado de grietas ofrece estas otras grandes ventajas:<\/p>\n<ul>\n<li><strong>Carreteras m\u00e1s seguras &#8211; <\/strong>El sellado del asfalto lo hace impermeable. Como resultado, la superficie no se vuelve tan resbaladiza como las superficies no selladas. Por consiguiente, las carreteras asfaltadas proporcionan unas condiciones de conducci\u00f3n m\u00e1s seguras durante las tormentas de lluvia o los chubascos de nieve. Los estudios demuestran que las carreteras asfaltadas tambi\u00e9n reducen los da\u00f1os a los veh\u00edculos.<\/li>\n<li><strong>Menos mantenimiento &#8211; <\/strong>El sellado del asfalto tambi\u00e9n reducir\u00e1 la cantidad de mantenimiento necesario para el pavimento en comparaci\u00f3n con las superficies no selladas. Esto se debe a que el sellado del asfalto evitar\u00e1 que la humedad y el agua se filtren por debajo del asfalto. En consecuencia, el sellante protege el asfalto y la capa base subyacente del deterioro debido a los da\u00f1os causados por el agua.<\/li>\n<\/ul>\n<h3>\u00bfC\u00f3mo sellar eficazmente las grietas?<\/h3>\n<p><a href=\"https:\/\/theasphaltpro.com\/\" target=\"_blank\" rel=\"noopener\">Asphalt Pro Magazine<\/a> informa de que el truco para obtener los mejores resultados del sellado de grietas es hacerlo antes de que el pavimento se vea demasiado comprometido. Lamentablemente, el sellado de grietas no puede hacer frente a algunas formas de da\u00f1os graves en el pavimento, como las grietas de cocodrilo. Sin embargo, el relleno de grietas ofrece una soluci\u00f3n ideal para da\u00f1os menos graves, como grietas de bloque, t\u00e9rmicas, longitudinales, de borde, reflectantes o transversales. Adem\u00e1s, la temperatura es importante a la hora de elegir cu\u00e1ndo sellar las grietas. Lo ideal es esperar a que la temperatura del pavimento alcance los 40 grados Fahrenheit o m\u00e1s para rellenar las grietas. Si debe sellar grietas en condiciones m\u00e1s fr\u00edas, puede utilizar una lanza de calor sobre el asfalto. De lo contrario, no conseguir\u00e1 la adherencia deseada con el sellador.<\/p>\n<h3>\u00bfPor qu\u00e9 comprar equipos de fabricaci\u00f3n BearCat?<\/h3>\n<p>En todo el mundo se conf\u00eda en nuestros equipos y soluciones de mantenimiento de pavimentos. Llevamos a\u00f1os desarrollando equipos que ofrezcan el mejor rendimiento, comodidad para los operarios y durabilidad. Adem\u00e1s, respaldamos su compra con recursos como <a href=\"https:\/\/etnyre.com\/training\/\" target=\"_blank\" rel=\"noopener\">formaci\u00f3n en nuestras escuelas de clientes<\/a>, <a href=\"https:\/\/etnyre.com\/manuals\/\" target=\"_blank\" rel=\"noopener\">manuales de productos<\/a> y nuestra <a href=\"https:\/\/www.youtube.com\/user\/EtnyreVideos\" target=\"_blank\" rel=\"noopener\">videoteca<\/a>. Conf\u00ede en BearCat para las mejores selladoras de grietas en Texas y otros grandes equipos, incluyendo:<\/p>\n<ul class=\"col-2\">\n<li><a href=\"https:\/\/bearcatmfg.com\/asphalt-distributors-texas\/\">Distribuidores de asfalto en Texas<\/a><\/li>\n<li><a href=\"https:\/\/bearcatmfg.com\/top-rated-chip-seal-equipment-texas\/\">Los mejores equipos de asfaltado de Texas<\/a><\/li>\n<li><a href=\"https:\/\/bearcatmfg.com\/asphalt-repair-equipment-texas\/\">Equipos de reparaci\u00f3n de asfalto en Texas<\/a><\/li>\n<li>Los mejores <a href=\"https:\/\/bearcatmfg.com\/chip-spreaders-texas\/\">esparcidores de virutas de Texas<\/a><\/li>\n<li><a href=\"https:\/\/bearcatmfg.com\/granulated-rubber-asphalt-distributor\/\">Distribuidores de asfalto granulado de caucho<\/a><\/li>\n<li><a href=\"https:\/\/bearcatmfg.com\/product-category\/custom-equipment\/\">Equipo personalizado<\/a><\/li>\n<\/ul>\n<div class=\"left-img\"><img decoding=\"async\" src=\"https:\/\/bearcatmfg.com\/wp-content\/uploads\/2023\/08\/empty-parking-lot.jpg\" alt=\"Selladores de grietas mejor valorados de Texas\" title=\"\"><\/div>\n<h3>Solicite un presupuesto gratuito para selladores de grietas<\/h3>\n<p>\u00bfDesea obtener m\u00e1s informaci\u00f3n sobre nuestros mejores selladores de grietas en Texas? Entonces, deje que BearCat Manufacturing le proporcione respuestas a sus preguntas. Solo tiene que rellenar nuestro <a href=\"https:\/\/bearcatmfg.com\/contact-us\/\">formulario de contacto en l\u00ednea<\/a> o enviarnos un correo electr\u00f3nico a <a href=\"mailto:equipsales@bearcatmfg.com\">equipsales@bearcatmfg.com.<\/a> Ll\u00e1menos al <a href=\"tel:9286847851\">928-684-7851<\/a> para solicitar un presupuesto gratuito.<\/p>\n","protected":false},"excerpt":{"rendered":"<p>\u00bfEst\u00e1 buscando los mejores selladores de grietas de Texas? Entonces, no busque m\u00e1s all\u00e1 de BearCat Manufacturing para equipos de mantenimiento de pavimentos de renombre mundial y selladores de grietas de primera categor\u00eda en Texas. Clientes de todo el mundo conf\u00edan en nuestros productos frente a otras alternativas cuando necesitan reparar calzadas, aparcamientos, carreteras y &hellip; <a href=\"https:\/\/bearcatmfg.com\/es\/selladores-de-grietas-mejor-valorados-de-texas\/\" class=\"more-link\">Continue reading <span class=\"screen-reader-text\">Selladores de grietas mejor valorados de Texas<\/span><\/a><\/p>\n","protected":false},"author":1,"featured_media":2291,"parent":0,"menu_order":0,"comment_status":"closed","ping_status":"closed","template":"","meta":{"_acf_changed":false,"footnotes":""},"class_list":["post-2543","page","type-page","status-publish","has-post-thumbnail","hentry"],"acf":[],"_links":{"self":[{"href":"https:\/\/bearcatmfg.com\/es\/wp-json\/wp\/v2\/pages\/2543","targetHints":{"allow":["GET"]}}],"collection":[{"href":"https:\/\/bearcatmfg.com\/es\/wp-json\/wp\/v2\/pages"}],"about":[{"href":"https:\/\/bearcatmfg.com\/es\/wp-json\/wp\/v2\/types\/page"}],"author":[{"embeddable":true,"href":"https:\/\/bearcatmfg.com\/es\/wp-json\/wp\/v2\/users\/1"}],"replies":[{"embeddable":true,"href":"https:\/\/bearcatmfg.com\/es\/wp-json\/wp\/v2\/comments?post=2543"}],"version-history":[{"count":0,"href":"https:\/\/bearcatmfg.com\/es\/wp-json\/wp\/v2\/pages\/2543\/revisions"}],"wp:featuredmedia":[{"embeddable":true,"href":"https:\/\/bearcatmfg.com\/es\/wp-json\/wp\/v2\/media\/2291"}],"wp:attachment":[{"href":"https:\/\/bearcatmfg.com\/es\/wp-json\/wp\/v2\/media?parent=2543"}],"curies":[{"name":"wp","href":"https:\/\/api.w.org\/{rel}","templated":true}]}}