{"id":2544,"date":"2023-12-18T10:52:45","date_gmt":"2023-12-18T10:52:45","guid":{"rendered":"https:\/\/bearcatmfg.com\/distribuidores-de-asfalto-mejor-valorados-de-illinois\/"},"modified":"2023-12-18T10:52:45","modified_gmt":"2023-12-18T10:52:45","slug":"distribuidores-de-asfalto-mejor-valorados-de-illinois","status":"publish","type":"page","link":"https:\/\/bearcatmfg.com\/es\/distribuidores-de-asfalto-mejor-valorados-de-illinois\/","title":{"rendered":"Distribuidores de asfalto mejor valorados de Illinois"},"content":{"rendered":"<h3>\u00bfBusca distribuidores de asfalto de primera categor\u00eda en Illinois?<\/h3>\n<p>Haga crecer su negocio de pavimentaci\u00f3n con productos de clase mundial como los distribuidores de asfalto BearCat Manufacturing de primera clase en Illinois. Nuestra l\u00ednea de <a href=\"https:\/\/bearcatmfg.com\/asphalt-machinery\/\">maquinaria de asfalto<\/a> eficaz y fiable puede agilizar el proceso de pavimentaci\u00f3n, ayud\u00e1ndole a trabajar de forma m\u00e1s eficiente y a terminar los proyectos con mayor rapidez. Nuestros distribuidores de asfalto aplican una capa de adherencia a la superficie de la carretera. Esta adherencia funciona como una forma de pegamento que une las capas de pavimento existentes a las nuevas. Como resultado, las capas individuales del pavimento act\u00faan como una \u00fanica capa unificada para mejorar la durabilidad y la resistencia. Cuando busque los <a href=\"https:\/\/bearcatmfg.com\/best-asphalt-distributors\/\">mejores<\/a> distribuidores de asfalto, BearCat Manufacturing le ofrece ingenier\u00eda e innovaciones tecnol\u00f3gicas perfeccionadas y desarrolladas por un l\u00edder de la industria desde 1969. <a href=\"https:\/\/bearcatmfg.com\/contact-us\/\">P\u00f3ngase en contacto con Bear<\/a> Cat Manufacturing hoy mismo para solicitar m\u00e1s informaci\u00f3n o un presupuesto gratuito sobre nuestros distribuidores de asfalto mejor valorados en Illinois.<\/p>\n<h3>\u00bfCu\u00e1les son las ventajas de los distribuidores de asfalto?<\/h3>\n<p>Son muchos los excelentes beneficios que puede recibir de nuestros distribuidores de asfalto de primera categor\u00eda en Illinois. Estas son algunas de las principales ventajas que ofrecen nuestros equipos:<\/p>\n<ul>\n<li><strong>Mayor seguridad &#8211; <\/strong>El revestimiento adherente aplicado por nuestros distribuidores de asfalto crear\u00e1 unas condiciones de conducci\u00f3n m\u00e1s seguras en el pavimento. La capa de adherencia ayudar\u00e1 a reducir el riesgo de hidroplaneo y derrape en condiciones de conducci\u00f3n h\u00famedas.<\/li>\n<li><strong>Menos desperdicio de material &#8211; <\/strong>Los distribuidores de asfalto garantizan que se aplique al pavimento la cantidad correcta de capa de adherencia, reduciendo as\u00ed la cantidad de desperdicio de material.<\/li>\n<li><strong>Aplicaci\u00f3n uniforme &#8211; <\/strong>Los distribuidores de asfalto tambi\u00e9n garantizan que la capa de adherencia se extienda uniformemente, un factor esencial para la correcta uni\u00f3n de las capas del pavimento.<\/li>\n<li><strong>Mayor resistencia del pavimento &#8211; <\/strong>El revestimiento de adherencia aumenta la resistencia del pavimento, reduciendo da\u00f1os como el agrietamiento y el deslizamiento de la superficie que acortan la vida \u00fatil del pavimento.<\/li>\n<li><strong>Menor demanda de mano de obra &#8211; <\/strong>Las \u00faltimas innovaciones en distribuidores de asfalto hacen que sea m\u00e1s f\u00e1cil que en a\u00f1os pasados terminar los trabajos de pavimentaci\u00f3n asf\u00e1ltica de forma m\u00e1s r\u00e1pida y eficiente. Por ejemplo, los camiones distribuidores no requieren el tipo de mano de obra necesaria para aplicar el asfalto l\u00edquido manualmente. De este modo, podr\u00e1 utilizar cuadrillas m\u00e1s reducidas, trabajar en m\u00e1s obras y aumentar sus ingresos.<\/li>\n<\/ul>\n<h3>\u00bfQu\u00e9 hace que nuestros distribuidores de asfalto sean los mejores?<\/h3>\n<p>BearCat Manufacturing ofrece un mayor retorno de la inversi\u00f3n con caracter\u00edsticas y beneficios exclusivos de nuestros distribuidores de asfalto de primera categor\u00eda en Illinois. Durante el proceso de fabricaci\u00f3n, damos prioridad a la durabilidad, la eficacia y la comodidad con nuestros distribuidores de asfalto. Tambi\u00e9n nos esforzamos por crear <a href=\"https:\/\/bearcatmfg.com\/asphalt-machines\/\">m\u00e1quinas asf\u00e1lticas<\/a> duraderas que agilicen el proceso de pavimentaci\u00f3n. Algunas de las mejores caracter\u00edsticas de nuestros equipos son:<\/p>\n<ul class=\"col-2\">\n<li>Sistema de accionamiento de la bomba hidrost\u00e1tica de bucle cerrado<\/li>\n<li>Sistema de calefacci\u00f3n con bomba de asfalto calentado<\/li>\n<li>Control de velocidad por ordenador (CRC) de \u00faltima generaci\u00f3n<\/li>\n<li>Colectores de tres v\u00e1lvulas<\/li>\n<li>Sistemas de descarga y frenado<\/li>\n<li>Tanques de acero con tama\u00f1os de 1.000 a 5.000 galones<\/li>\n<li>Barra de pulverizaci\u00f3n y v\u00e1lvulas de pulverizaci\u00f3n<\/li>\n<\/ul>\n<div class=\"left-img\"><img decoding=\"async\" src=\"https:\/\/bearcatmfg.com\/wp-content\/uploads\/2021\/09\/main-1-500x350.jpg\" alt=\"Distribuidores de asfalto mejor valorados de Illinois\" title=\"\"><\/div>\n<h3>Cont\u00e1ctenos<\/h3>\n<p>\u00bfDesea obtener m\u00e1s informaci\u00f3n sobre nuestros distribuidores de asfalto de primera categor\u00eda en Illinois? <a href=\"https:\/\/bearcatmfg.com\/contact-us\/\">P\u00f3ngase en contacto con BearCat Manufacturing<\/a> ahora para obtener un presupuesto gratuito o encontrar respuestas a sus preguntas. Adem\u00e1s, puede llamarnos al <a href=\"tel:9286847851\">928-684-7851<\/a> para obtener m\u00e1s informaci\u00f3n sobre nuestra empresa y nuestros productos. Junto con equipos de mantenimiento de precisi\u00f3n de clase mundial, usted siempre recibe un servicio al cliente de clase mundial con BearCat Manufacturing. D\u00edganos c\u00f3mo podemos servirle.<\/p>\n","protected":false},"excerpt":{"rendered":"<p>\u00bfBusca distribuidores de asfalto de primera categor\u00eda en Illinois? Haga crecer su negocio de pavimentaci\u00f3n con productos de clase mundial como los distribuidores de asfalto BearCat Manufacturing de primera clase en Illinois. Nuestra l\u00ednea de maquinaria de asfalto eficaz y fiable puede agilizar el proceso de pavimentaci\u00f3n, ayud\u00e1ndole a trabajar de forma m\u00e1s eficiente y &hellip; <a href=\"https:\/\/bearcatmfg.com\/es\/distribuidores-de-asfalto-mejor-valorados-de-illinois\/\" class=\"more-link\">Continue reading <span class=\"screen-reader-text\">Distribuidores de asfalto mejor valorados de Illinois<\/span><\/a><\/p>\n","protected":false},"author":1,"featured_media":780,"parent":0,"menu_order":0,"comment_status":"closed","ping_status":"closed","template":"","meta":{"_acf_changed":false,"footnotes":""},"class_list":["post-2544","page","type-page","status-publish","has-post-thumbnail","hentry"],"acf":[],"_links":{"self":[{"href":"https:\/\/bearcatmfg.com\/es\/wp-json\/wp\/v2\/pages\/2544","targetHints":{"allow":["GET"]}}],"collection":[{"href":"https:\/\/bearcatmfg.com\/es\/wp-json\/wp\/v2\/pages"}],"about":[{"href":"https:\/\/bearcatmfg.com\/es\/wp-json\/wp\/v2\/types\/page"}],"author":[{"embeddable":true,"href":"https:\/\/bearcatmfg.com\/es\/wp-json\/wp\/v2\/users\/1"}],"replies":[{"embeddable":true,"href":"https:\/\/bearcatmfg.com\/es\/wp-json\/wp\/v2\/comments?post=2544"}],"version-history":[{"count":0,"href":"https:\/\/bearcatmfg.com\/es\/wp-json\/wp\/v2\/pages\/2544\/revisions"}],"wp:featuredmedia":[{"embeddable":true,"href":"https:\/\/bearcatmfg.com\/es\/wp-json\/wp\/v2\/media\/780"}],"wp:attachment":[{"href":"https:\/\/bearcatmfg.com\/es\/wp-json\/wp\/v2\/media?parent=2544"}],"curies":[{"name":"wp","href":"https:\/\/api.w.org\/{rel}","templated":true}]}}