{"id":2545,"date":"2023-12-18T10:52:45","date_gmt":"2023-12-18T10:52:45","guid":{"rendered":"https:\/\/bearcatmfg.com\/los-mejores-selladores-de-grietas-de-arizona\/"},"modified":"2023-12-18T10:52:45","modified_gmt":"2023-12-18T10:52:45","slug":"los-mejores-selladores-de-grietas-de-arizona","status":"publish","type":"page","link":"https:\/\/bearcatmfg.com\/es\/los-mejores-selladores-de-grietas-de-arizona\/","title":{"rendered":"Los mejores selladores de grietas de Arizona"},"content":{"rendered":"<h3>Elija BearCat Manufacturing para las mejores selladoras de grietas en Arizona<\/h3>\n<p>Al realizar el mantenimiento de carreteras o estacionamientos, usted quiere las mejores <a href=\"https:\/\/bearcatmfg.com\/best-crack-sealers\/\">selladoras de grietas<\/a> en Arizona para el trabajo. <a href=\"https:\/\/bearcatmfg.com\/about-us\/\">BearCat Manufacturing<\/a> tiene las m\u00e1quinas que usted necesita para realizar con precisi\u00f3n y eficiencia cada vez. Nuestros dise\u00f1os son duraderos y se fabrican bajo pedido, y podemos ayudarle a encontrar el m\u00e1s adecuado para usted, su trabajo y su presupuesto. Nuestra m\u00e1quina de sellado de grietas totalmente di\u00e9sel es la mejor disponible en cualquier lugar en cuanto a volumen y producci\u00f3n diaria. El uso de selladores de grietas BearCat prolongar\u00e1 la vida \u00fatil de su pavimento de asfalto, proporcionando un ahorro de costes que vendr\u00eda con una mayor reparaci\u00f3n o sustituci\u00f3n de las superficies de asfalto. Y un sellado de grietas eficaz evitar\u00e1 el deterioro de los solares y las calzadas para garantizar la seguridad de los conductores. Por eso quieres a BearCat de tu lado.<\/p>\n<h3>Acerca de BearCat Products<\/h3>\n<p>Las calzadas necesitan un mantenimiento regular para conservar su mejor aspecto. Las grietas pueden provocar da\u00f1os mayores en las calzadas, por lo que el mantenimiento constante forma parte del plan a largo plazo de una carretera. Y es por eso que usted necesita un sellador de grietas de calidad para hacer que el mantenimiento sea lo m\u00e1s f\u00e1cil posible.<\/p>\n<p>Afortunadamente, BearCat Manufacturing ofrece algo m\u00e1s que las <a href=\"https:\/\/bearcatmfg.com\/asphalt-crack-sealers\/\">selladoras de grietas<\/a> mejor valoradas de Arizona. Ofrecemos los mejores equipos para todas sus necesidades de mantenimiento de carreteras. En BearCat Manufacturing, encontrar\u00e1 el <a href=\"https:\/\/bearcatmfg.com\/asphalt-distributors\/\">distribuidor de asfalto<\/a> adecuado para su trabajo de construcci\u00f3n o reparaci\u00f3n. Tambi\u00e9n disponemos de <a href=\"https:\/\/bearcatmfg.com\/chip-spreaders-arizona\/\">esparcidores<\/a> de gravilla para sus necesidades de <a href=\"https:\/\/bearcatmfg.com\/best-chip-seal-equipment-arizona\/\">sellado de gravilla<\/a>. Ofrecemos otros equipos personalizados, como nuestra extendedora Roadtech. De hecho, podemos proporcionarle la maquinaria que se ajuste exactamente a sus preferencias.<\/p>\n<h3>Al servicio de Arizona y m\u00e1s all\u00e1<\/h3>\n<p>Aunque <a href=\"https:\/\/bearcatmfg.com\/about-us\/\">BearCat Manufacturing<\/a> tiene su sede en Arizona, servimos a clientes de todo Estados Unidos. Fundada en 1969, nuestra empresa lleva d\u00e9cadas innovando t\u00e9cnicamente, creando mayores niveles de rendimiento en todo el sector. Proporcionamos equipos de primera clase en los que se conf\u00eda m\u00e1s all\u00e1 de Estados Unidos, en Canad\u00e1, Am\u00e9rica Central y del Sur, \u00c1frica y Europa. El uso global de nuestros productos habla de la calidad y fiabilidad constantes de lo que ofrecemos.<\/p>\n<div class=\"left-img\"><img loading=\"lazy\" decoding=\"async\" class=\"alignnone\" src=\"https:\/\/bearcatmfg.com\/wp-content\/uploads\/2023\/08\/asphalt-road-with-filled-cracks-repair-liquid-of-the-fix-road.jpg\" alt=\"Si usted tiene grietas que necesitan ser rellenadas en el asfalto, elija BearCat Manufacturing, que tiene las mejores selladoras de grietas en Arizona.\" width=\"500\" height=\"350\" title=\"\"><\/div>\n<h3>Contacte con BearCat hoy mismo<\/h3>\n<p>Ll\u00e1menos hoy al <a href=\"tel:9286847851\">928-684-7851<\/a> para obtener sus <a href=\"https:\/\/bearcatmfg.com\/crack-sealers-arizona\/\">selladores de grietas<\/a> de primera calidad en Arizona. Tambi\u00e9n puede <a href=\"https:\/\/bearcatmfg.com\/contact-us\/\">ponerse en contacto con nosotros<\/a> a trav\u00e9s de nuestro formulario en l\u00ednea para cualquiera de sus necesidades de ventas o de atenci\u00f3n al cliente. Esperamos poder proporcionarle los recursos que necesita para su proyecto de mantenimiento.<\/p>\n","protected":false},"excerpt":{"rendered":"<p>Elija BearCat Manufacturing para las mejores selladoras de grietas en Arizona Al realizar el mantenimiento de carreteras o estacionamientos, usted quiere las mejores selladoras de grietas en Arizona para el trabajo. BearCat Manufacturing tiene las m\u00e1quinas que usted necesita para realizar con precisi\u00f3n y eficiencia cada vez. Nuestros dise\u00f1os son duraderos y se fabrican bajo &hellip; <a href=\"https:\/\/bearcatmfg.com\/es\/los-mejores-selladores-de-grietas-de-arizona\/\" class=\"more-link\">Continue reading <span class=\"screen-reader-text\">Los mejores selladores de grietas de Arizona<\/span><\/a><\/p>\n","protected":false},"author":1,"featured_media":2310,"parent":0,"menu_order":0,"comment_status":"closed","ping_status":"closed","template":"","meta":{"_acf_changed":false,"footnotes":""},"class_list":["post-2545","page","type-page","status-publish","has-post-thumbnail","hentry"],"acf":[],"_links":{"self":[{"href":"https:\/\/bearcatmfg.com\/es\/wp-json\/wp\/v2\/pages\/2545","targetHints":{"allow":["GET"]}}],"collection":[{"href":"https:\/\/bearcatmfg.com\/es\/wp-json\/wp\/v2\/pages"}],"about":[{"href":"https:\/\/bearcatmfg.com\/es\/wp-json\/wp\/v2\/types\/page"}],"author":[{"embeddable":true,"href":"https:\/\/bearcatmfg.com\/es\/wp-json\/wp\/v2\/users\/1"}],"replies":[{"embeddable":true,"href":"https:\/\/bearcatmfg.com\/es\/wp-json\/wp\/v2\/comments?post=2545"}],"version-history":[{"count":0,"href":"https:\/\/bearcatmfg.com\/es\/wp-json\/wp\/v2\/pages\/2545\/revisions"}],"wp:featuredmedia":[{"embeddable":true,"href":"https:\/\/bearcatmfg.com\/es\/wp-json\/wp\/v2\/media\/2310"}],"wp:attachment":[{"href":"https:\/\/bearcatmfg.com\/es\/wp-json\/wp\/v2\/media?parent=2545"}],"curies":[{"name":"wp","href":"https:\/\/api.w.org\/{rel}","templated":true}]}}