{"id":2546,"date":"2023-12-18T10:52:45","date_gmt":"2023-12-18T10:52:45","guid":{"rendered":"https:\/\/bearcatmfg.com\/los-mejores-esparcidores-de-virutas-2\/"},"modified":"2025-02-05T16:37:10","modified_gmt":"2025-02-05T16:37:10","slug":"los-mejores-esparcidores-de-virutas-2","status":"publish","type":"page","link":"https:\/\/bearcatmfg.com\/es\/los-mejores-esparcidores-de-virutas-2\/","title":{"rendered":"Los mejores esparcidores de virutas"},"content":{"rendered":"<h3>Cuando necesite los mejores esparcidores de virutas para su proyecto, busque BearCat<\/h3>\n<p>Cuando realice el mantenimiento de carreteras o aparcamientos, querr\u00e1 los <a href=\"https:\/\/bearcatmfg.com\/es\/product-category\/esparcidores-de-virutas\/\">esparcidores de gravilla<\/a> mejor valorados de EE.UU. para el trabajo. BearCat Manufacturing tiene las m\u00e1quinas que usted necesita para trabajar siempre con precisi\u00f3n y eficiencia. Dado que <a href=\"https:\/\/bearcatmfg.com\/best-chip-seal-equipment-illinois\/\">el sellado de virutas<\/a> es uno de los m\u00e9todos m\u00e1s eficaces para reparar y mantener las calzadas, se ha convertido en una opci\u00f3n cada vez m\u00e1s popular. El asfaltado es una opci\u00f3n asequible que puede permitirle competir con sus competidores en pavimentaci\u00f3n. Tambi\u00e9n ofrece una opci\u00f3n de pavimento seguro que puede prolongar la vida \u00fatil del pavimento de una carretera o terreno hasta 12 a\u00f1os. El esparcimiento de gravilla requiere equipos especializados de mantenimiento de carreteras, y nosotros podemos proporcionarle los esparcidores de gravilla que necesita para gestionar la aplicaci\u00f3n a las carreteras.<\/p>\n<h3>Productos BearCat<\/h3>\n<p>Ofrecemos algo m\u00e1s que los mejores esparcidores de gravilla de Estados Unidos. Adem\u00e1s, le ofrecemos los mejores equipos para satisfacer sus necesidades de mantenimiento de carreteras. En BearCat Manufacturing, le prometemos que encontrar\u00e1 el distribuidor de asfalto adecuado para su trabajo de construcci\u00f3n o reparaci\u00f3n.<\/p>\n<p>Tambi\u00e9n disponemos de selladores de grietas para sus necesidades de mantenimiento. Nuestra gama de equipos incluye otros equipos personalizados, como nuestra extendedora Roadtech. Y podemos proporcionarle la maquinaria que se ajuste exactamente a sus preferencias. Ofrecemos planes de financiaci\u00f3n flexibles para todas las empresas, para que pueda obtener el equipo que necesita.<\/p>\n<h3>Conf\u00eda en el nombre BearCat<\/h3>\n<p><a href=\"https:\/\/bearcatmfg.com\/about-us\/\">BearCat Manufacturing<\/a> fue fundada en 1969 por Ken Hill y Don Carson. Su asociaci\u00f3n dio lugar al desarrollo de <a href=\"https:\/\/bearcatmfg.com\/road-maintenance-equipment\/\">equipos de<\/a> mantenimiento de carreteras de primera categor\u00eda. Nos hemos centrado en fabricar los equipos de mantenimiento de carreteras m\u00e1s innovadores y en la innovaci\u00f3n t\u00e9cnica. Hoy en d\u00eda, los productos BearCat ofrecen los m\u00e1s altos niveles de rendimiento de toda la industria. Nuestras m\u00e1quinas eficientes y precisas han simplificado la construcci\u00f3n de carreteras. Y hemos concebido dise\u00f1os duraderos hechos para durar. Nos esforzamos por garantizar que nuestros equipos y nuestro servicio de atenci\u00f3n al cliente sean realmente de primera clase. Por eso conf\u00edan en nosotros no s\u00f3lo en Estados Unidos, sino tambi\u00e9n en Canad\u00e1, Am\u00e9rica Central y del Sur, \u00c1frica y Europa.<\/p>\n<div class=\"left-img\"><img decoding=\"async\" src=\"https:\/\/bearcatmfg.com\/wp-content\/uploads\/2023\/10\/road-surface-restoration-work-in-the-worker-performs-on-road-patcher-work-on-the-repair-of.jpg\" alt=\"Los mejores esparcidores de virutas\" title=\"\"><\/div>\n<h3>Contacte con BearCat hoy mismo<\/h3>\n<p>Ll\u00e1menos hoy mismo al <a href=\"tel:9286847851\">928-684-7851<\/a> para conseguir sus <a href=\"https:\/\/bearcatmfg.com\/chip-spreaders-for-sale\/\">esparcidores de gravilla<\/a> de primera clase en EE.UU. Tambi\u00e9n puede <a href=\"https:\/\/bearcatmfg.com\/contact-us\/\">ponerse en contacto con nosotros<\/a> a trav\u00e9s de nuestro formulario en l\u00ednea para cualquiera de sus necesidades de ventas o de atenci\u00f3n al cliente. Esperamos poder proporcionarle los recursos que necesita para su proyecto de mantenimiento.<\/p>\n","protected":false},"excerpt":{"rendered":"<p>Cuando necesite los mejores esparcidores de virutas para su proyecto, busque BearCat Cuando realice el mantenimiento de carreteras o aparcamientos, querr\u00e1 los esparcidores de gravilla mejor valorados de EE.UU. para el trabajo. BearCat Manufacturing tiene las m\u00e1quinas que usted necesita para trabajar siempre con precisi\u00f3n y eficiencia. Dado que el sellado de virutas es uno &hellip; <a href=\"https:\/\/bearcatmfg.com\/es\/los-mejores-esparcidores-de-virutas-2\/\" class=\"more-link\">Continue reading <span class=\"screen-reader-text\">Los mejores esparcidores de virutas<\/span><\/a><\/p>\n","protected":false},"author":1,"featured_media":2375,"parent":0,"menu_order":0,"comment_status":"closed","ping_status":"closed","template":"","meta":{"_acf_changed":false,"footnotes":""},"class_list":["post-2546","page","type-page","status-publish","has-post-thumbnail","hentry"],"acf":[],"_links":{"self":[{"href":"https:\/\/bearcatmfg.com\/es\/wp-json\/wp\/v2\/pages\/2546","targetHints":{"allow":["GET"]}}],"collection":[{"href":"https:\/\/bearcatmfg.com\/es\/wp-json\/wp\/v2\/pages"}],"about":[{"href":"https:\/\/bearcatmfg.com\/es\/wp-json\/wp\/v2\/types\/page"}],"author":[{"embeddable":true,"href":"https:\/\/bearcatmfg.com\/es\/wp-json\/wp\/v2\/users\/1"}],"replies":[{"embeddable":true,"href":"https:\/\/bearcatmfg.com\/es\/wp-json\/wp\/v2\/comments?post=2546"}],"version-history":[{"count":1,"href":"https:\/\/bearcatmfg.com\/es\/wp-json\/wp\/v2\/pages\/2546\/revisions"}],"predecessor-version":[{"id":4196,"href":"https:\/\/bearcatmfg.com\/es\/wp-json\/wp\/v2\/pages\/2546\/revisions\/4196"}],"wp:featuredmedia":[{"embeddable":true,"href":"https:\/\/bearcatmfg.com\/es\/wp-json\/wp\/v2\/media\/2375"}],"wp:attachment":[{"href":"https:\/\/bearcatmfg.com\/es\/wp-json\/wp\/v2\/media?parent=2546"}],"curies":[{"name":"wp","href":"https:\/\/api.w.org\/{rel}","templated":true}]}}