{"id":2547,"date":"2023-12-18T10:52:45","date_gmt":"2023-12-18T10:52:45","guid":{"rendered":"https:\/\/bearcatmfg.com\/distribuidores-de-asfalto-mejor-valorados-de-texas\/"},"modified":"2023-12-18T10:52:45","modified_gmt":"2023-12-18T10:52:45","slug":"distribuidores-de-asfalto-mejor-valorados-de-texas","status":"publish","type":"page","link":"https:\/\/bearcatmfg.com\/es\/distribuidores-de-asfalto-mejor-valorados-de-texas\/","title":{"rendered":"Distribuidores de asfalto mejor valorados de Texas"},"content":{"rendered":"<h3>Distribuidores de asfalto mejor valorados en Texas en venta<\/h3>\n<p>Si usted est\u00e1 buscando el mejor equipo de pavimentaci\u00f3n, entonces contacte a BearCat Manufacturing para una cotizaci\u00f3n de nuestros distribuidores de asfalto de primera clase en Texas. Desde 1969, nuestra empresa ha servido a un l\u00edder reconocido de la industria proporcionando la <a href=\"https:\/\/bearcatmfg.com\/best-asphalt-distributors\/\">mejor maquinaria de asfalto<\/a> y los <a href=\"https:\/\/bearcatmfg.com\/best-asphalt-distributors\/\">mejores distribuidores de asfalto<\/a>. Dise\u00f1amos nuestros camiones de asfalto para proporcionar una aplicaci\u00f3n uniforme de los materiales. La capa de adherencia aplicada a la superficie del pavimento act\u00faa como un pegamento que unifica las capas de pavimento existentes con las nuevas. Como resultado, usted termina con las capas del pavimento que se enlazan en una, capa reforzada del pavimento en todas partes, mejorando la durabilidad y la fuerza del pavimento. P\u00f3ngase en contacto <a href=\"https:\/\/bearcatmfg.com\/contact-us\/\">con BearCat Manufacturing<\/a> ahora para solicitar un presupuesto gratuito o m\u00e1s informaci\u00f3n sobre nuestra maquinaria de asfalto.<\/p>\n<h3>Las 5 principales ventajas de nuestros distribuidores de asfalto<\/h3>\n<p>Nuestros distribuidores de asfalto aportan ventajas cr\u00edticas a su negocio de mantenimiento de pavimentos que mejoran la eficacia, el rendimiento y la rapidez. Adem\u00e1s, su empresa puede ahorrar en mano de obra y costes con nuestros distribuidores de asfalto de primera categor\u00eda en Texas. Estas son algunas de las ventajas m\u00e1s deseadas que su empresa puede obtener con nuestras carretillas distribuidoras:<\/p>\n<ul>\n<li><strong>Reducci\u00f3n de la mano de obra &#8211; <\/strong>La aplicaci\u00f3n manual de asfalto l\u00edquido requiere m\u00e1s tiempo y mano de obra de lo que la mayor\u00eda de las empresas pueden permitirse. Nuestros camiones distribuidores de asfalto reducen al m\u00ednimo el n\u00famero de personas necesarias para realizar el trabajo. Como resultado, puede reducir la mano de obra necesaria para cada trabajo, emplear menos tiempo en cada trabajo y aumentar su carga de trabajo. Y lo que es m\u00e1s importante, su empresa ser\u00e1 m\u00e1s productiva y aumentar\u00e1 sus ingresos.<\/li>\n<li>El <strong>asfalto se extiende uniformemente &#8211; <\/strong>Para conseguir la adherencia deseada entre las capas del pavimento, la capa de adherencia debe aplicarse uniformemente. Con nuestros distribuidores de primera categor\u00eda en Texas, podr\u00e1 aplicar asfalto l\u00edquido de forma uniforme para conseguir una adherencia ideal.<\/li>\n<li><strong>M\u00e1s resistencia para el pavimento &#8211; <\/strong>La capa de adherencia aplicada por nuestros camiones de asfalto minimiza los da\u00f1os causados por el agrietamiento de arriba abajo y mejora la resistencia del pavimento. En consecuencia, el proceso de aplicaci\u00f3n contribuye a prolongar la vida \u00fatil del pavimento.<\/li>\n<li><strong>Gesti\u00f3n del desperdicio de material &#8211; <\/strong>Los distribuidores de asfalto tambi\u00e9n reducen el desperdicio de material en cada trabajo asegur\u00e1ndose de que s\u00f3lo se aplica la cantidad necesaria de barniz de deslizamiento.<\/li>\n<li><strong>Mejor seguridad del pavimento &#8211; <\/strong>Puede crear una superficie de pavimento menos resbaladiza en condiciones de conducci\u00f3n h\u00famedas con un revestimiento de adherencia aplicado por nuestros camiones distribuidores. Como resultado, se reduce considerablemente el riesgo de derrape o hidroplaneo en condiciones de conducci\u00f3n dif\u00edciles.<\/li>\n<\/ul>\n<h3>\u00bfPor qu\u00e9 elegir a BearCat Asphalt Distributors?<\/h3>\n<p>BearCat Manufacturing proporciona m\u00e1s valor que los productos alternativos con beneficios que s\u00f3lo ofrecen nuestros distribuidores de asfalto mejor calificados en Texas. Nuestra empresa da prioridad a las caracter\u00edsticas que crean una mayor comodidad, durabilidad y eficiencia con nuestros distribuidores de asfalto. Adem\u00e1s, nuestras duraderas <a href=\"https:\/\/bearcatmfg.com\/asphalt-machines\/\">m\u00e1quinas asfaltadoras<\/a> agilizan el proceso de pavimentaci\u00f3n. As\u00ed, su empresa puede terminar el trabajo m\u00e1s r\u00e1pido y gastar menos en materiales. Adem\u00e1s, las caracter\u00edsticas m\u00e1s deseadas de nuestros distribuidores de asfalto incluyen:<\/p>\n<ul class=\"col-2\">\n<li>Tanques de acero con tama\u00f1os de 1.000 a 5.000 galones<\/li>\n<li>Sistema de accionamiento de la bomba hidrost\u00e1tica de bucle cerrado<\/li>\n<li>Colectores de tres v\u00e1lvulas<\/li>\n<li>Control de velocidad por ordenador (CRC) de \u00faltima generaci\u00f3n<\/li>\n<li>Sistema de calefacci\u00f3n con bomba de asfalto calentado<\/li>\n<li>Barra de pulverizaci\u00f3n y v\u00e1lvulas de pulverizaci\u00f3n<\/li>\n<li>Sistemas de descarga y frenado<\/li>\n<\/ul>\n<div class=\"left-img\"><img decoding=\"async\" src=\"https:\/\/bearcatmfg.com\/wp-content\/uploads\/2021\/09\/main-3-500x350.jpg\" alt=\"Distribuidores de asfalto mejor valorados de Texas\" title=\"\"><\/div>\n<h3>Cont\u00e1ctenos<\/h3>\n<p>\u00bfDesea obtener m\u00e1s informaci\u00f3n sobre c\u00f3mo puede beneficiarse su empresa de nuestros distribuidores de asfalto de primera categor\u00eda en Texas? Entonces, <a href=\"https:\/\/bearcatmfg.com\/contact-us\/\">p\u00f3ngase en contacto con BearCat Manufacturing<\/a> ahora para obtener un presupuesto gratuito y toda la informaci\u00f3n sobre el producto que necesita. Si lo prefiere, tambi\u00e9n puede llamarnos al <a href=\"tel:9286847851\">928-684-7851<\/a>. Adem\u00e1s de la mejor maquinaria de asfalto, ofrecemos a nuestros clientes un servicio de atenci\u00f3n al cliente de primera clase antes y despu\u00e9s de la venta.<\/p>\n","protected":false},"excerpt":{"rendered":"<p>Distribuidores de asfalto mejor valorados en Texas en venta Si usted est\u00e1 buscando el mejor equipo de pavimentaci\u00f3n, entonces contacte a BearCat Manufacturing para una cotizaci\u00f3n de nuestros distribuidores de asfalto de primera clase en Texas. Desde 1969, nuestra empresa ha servido a un l\u00edder reconocido de la industria proporcionando la mejor maquinaria de asfalto &hellip; <a href=\"https:\/\/bearcatmfg.com\/es\/distribuidores-de-asfalto-mejor-valorados-de-texas\/\" class=\"more-link\">Continue reading <span class=\"screen-reader-text\">Distribuidores de asfalto mejor valorados de Texas<\/span><\/a><\/p>\n","protected":false},"author":1,"featured_media":787,"parent":0,"menu_order":0,"comment_status":"closed","ping_status":"closed","template":"","meta":{"_acf_changed":false,"footnotes":""},"class_list":["post-2547","page","type-page","status-publish","has-post-thumbnail","hentry"],"acf":[],"_links":{"self":[{"href":"https:\/\/bearcatmfg.com\/es\/wp-json\/wp\/v2\/pages\/2547","targetHints":{"allow":["GET"]}}],"collection":[{"href":"https:\/\/bearcatmfg.com\/es\/wp-json\/wp\/v2\/pages"}],"about":[{"href":"https:\/\/bearcatmfg.com\/es\/wp-json\/wp\/v2\/types\/page"}],"author":[{"embeddable":true,"href":"https:\/\/bearcatmfg.com\/es\/wp-json\/wp\/v2\/users\/1"}],"replies":[{"embeddable":true,"href":"https:\/\/bearcatmfg.com\/es\/wp-json\/wp\/v2\/comments?post=2547"}],"version-history":[{"count":0,"href":"https:\/\/bearcatmfg.com\/es\/wp-json\/wp\/v2\/pages\/2547\/revisions"}],"wp:featuredmedia":[{"embeddable":true,"href":"https:\/\/bearcatmfg.com\/es\/wp-json\/wp\/v2\/media\/787"}],"wp:attachment":[{"href":"https:\/\/bearcatmfg.com\/es\/wp-json\/wp\/v2\/media?parent=2547"}],"curies":[{"name":"wp","href":"https:\/\/api.w.org\/{rel}","templated":true}]}}