{"id":2548,"date":"2023-12-18T10:52:45","date_gmt":"2023-12-18T10:52:45","guid":{"rendered":"https:\/\/bearcatmfg.com\/distribuidores-de-asfalto-mejor-valorados-de-tennessee\/"},"modified":"2023-12-18T10:52:45","modified_gmt":"2023-12-18T10:52:45","slug":"distribuidores-de-asfalto-mejor-valorados-de-tennessee","status":"publish","type":"page","link":"https:\/\/bearcatmfg.com\/es\/distribuidores-de-asfalto-mejor-valorados-de-tennessee\/","title":{"rendered":"Distribuidores de asfalto mejor valorados de Tennessee"},"content":{"rendered":"<h3>\u00bfD\u00f3nde puedo encontrar los mejores distribuidores de asfalto de Tennessee?<\/h3>\n<p>Su negocio de pavimentaci\u00f3n puede ser m\u00e1s eficiente y completar los proyectos m\u00e1s r\u00e1pidamente con los distribuidores de asfalto BearCat Manufacturing en Tennessee. Nuestros distribuidores de asfalto aplican una capa de adherencia a la superficie del pavimento. Esta capa de adherencia sirve de pegamento que une las capas de pavimento existentes con las nuevas. Como resultado, cada capa individual se une en una capa duradera con mayor resistencia. Desde 1969, BearCat Manufacturing ha dise\u00f1ado y fabricado algunas de las mejores <a href=\"https:\/\/bearcatmfg.com\/asphalt-machinery\/\">maquinarias de asfalto<\/a> y los <a href=\"https:\/\/bearcatmfg.com\/best-asphalt-distributors\/\">mejores distribuidores de asfalto<\/a> en la industria. <a href=\"https:\/\/bearcatmfg.com\/contact-us\/\">Env\u00ede un correo electr\u00f3nico a BearCat Manufacturing<\/a> ahora o ll\u00e1menos al 928-684-7851 para solicitar una cotizaci\u00f3n gratuita o recibir m\u00e1s informaci\u00f3n.<\/p>\n<h3>\u00bfC\u00f3mo benefician los distribuidores de asfalto a su negocio?<\/h3>\n<p>Nuestros camiones distribuidores de asfalto ofrecen ventajas esenciales que hacen que la realizaci\u00f3n de proyectos de pavimentaci\u00f3n sea m\u00e1s eficiente y r\u00e1pida. Adem\u00e1s, puede ahorrar costes y mano de obra con nuestros distribuidores de asfalto mejor valorados en Tennessee. \u00c9stas son algunas de las mayores ventajas que le ofrecen nuestros innovadores productos distribuidores de asfalto:<\/p>\n<ul>\n<li><strong>Menor demanda de mano de obra <\/strong>&#8211; La aplicaci\u00f3n manual de asfalto l\u00edquido es un trabajo intensivo que requiere m\u00e1s mano de obra y tiempo del necesario. Nuestros distribuidores de asfalto le permiten reducir el n\u00famero de personas necesarias para manejar la carga de trabajo. En consecuencia, puede reducir la cantidad de mano de obra necesaria para cada proyecto, dedicar menos tiempo a cada proyecto y asumir m\u00e1s proyectos para aumentar la productividad y la rentabilidad de su empresa.<\/li>\n<li><strong>Aplicaci\u00f3n uniforme del asfalto &#8211; <\/strong>Para conseguir una adherencia adecuada entre las capas del pavimento, la capa de adherencia debe aplicarse uniformemente. Puede conseguir una aplicaci\u00f3n precisa y uniforme con nuestros distribuidores mejor valorados de Tennessee.<\/li>\n<li><strong>Mejora de la resistencia del pavimento &#8211; <\/strong>La capa de adherencia aplicada por nuestros distribuidores de asfalto reduce los da\u00f1os causados por el agrietamiento de arriba abajo y aumenta la resistencia general del pavimento. Y lo que es m\u00e1s importante, ayuda a prolongar la vida \u00fatil del pavimento.<\/li>\n<li><strong>Mejor gesti\u00f3n de los residuos de material &#8211; <\/strong>Los distribuidores de asfalto reducen la cantidad de residuos de material en cada proyecto asegur\u00e1ndose de que s\u00f3lo se aplica la cantidad necesaria de adherencia.<\/li>\n<li><strong>Mayor seguridad &#8211; <\/strong>El pavimento con un revestimiento adherente aplicado tiene una superficie menos resbaladiza en condiciones de conducci\u00f3n h\u00famedas. Como resultado, nuestros distribuidores de asfalto ayudan a reducir el riesgo de hidroplaneo o derrape sobre el pavimento en condiciones meteorol\u00f3gicas dif\u00edciles.<\/li>\n<\/ul>\n<h3>\u00bfPor qu\u00e9 elegir los productos de fabricaci\u00f3n BearCat?<\/h3>\n<p>BearCat Manufacturing ofrece mayor valor que las alternativas con beneficios exclusivos de nuestros distribuidores de asfalto de primera categor\u00eda en Tennessee. Nuestra empresa da prioridad a las caracter\u00edsticas que ofrecen una mayor eficiencia, durabilidad y comodidad con nuestros camiones distribuidores. Adem\u00e1s, nuestras duraderas <a href=\"https:\/\/bearcatmfg.com\/asphalt-machines\/\">m\u00e1quinas de asfalto<\/a> ayudan a agilizar el proceso de pavimentaci\u00f3n, haciendo que sus operaciones sean m\u00e1s r\u00e1pidas y eficientes. Algunas de las caracter\u00edsticas m\u00e1s populares de nuestros camiones distribuidores incluyen:<\/p>\n<ul class=\"col-2\">\n<li>Sistema de accionamiento de la bomba hidrost\u00e1tica de bucle cerrado<\/li>\n<li>Control de velocidad por ordenador (CRC) de \u00faltima generaci\u00f3n<\/li>\n<li>Sistema de calefacci\u00f3n con bomba de asfalto calentado<\/li>\n<li>Sistemas de descarga y frenado<\/li>\n<li>Colectores de tres v\u00e1lvulas<\/li>\n<li>Barra de pulverizaci\u00f3n y v\u00e1lvulas de pulverizaci\u00f3n<\/li>\n<li>Tanques de acero con tama\u00f1os de 1.000 a 5.000 galones<\/li>\n<\/ul>\n<div class=\"left-img\"><img decoding=\"async\" src=\"https:\/\/bearcatmfg.com\/wp-content\/uploads\/2021\/09\/main-2-500x350.jpg\" alt=\"Distribuidores de asfalto mejor valorados de Tennessee\" title=\"\"><\/div>\n<h3>Cont\u00e1ctenos<\/h3>\n<p>\u00bfDesea un presupuesto gratuito de uno de nuestros distribuidores de asfalto mejor valorados en Tennessee? Entonces, <a href=\"https:\/\/bearcatmfg.com\/contact-us\/\">p\u00f3ngase en contacto con BearCat Manufacturing<\/a> para recibir un presupuesto gratuito o m\u00e1s informaci\u00f3n sobre nuestros productos. Adem\u00e1s, puede llamar ahora a nuestro equipo al <a href=\"tel:9286847851\">928-684-7851<\/a> para obtener respuestas a cualquier pregunta que tenga. Adem\u00e1s de nuestros equipos de mantenimiento de pavimentos de precisi\u00f3n de primera clase, siempre le ofrecemos un servicio de atenci\u00f3n al cliente de primera clase. P\u00f3ngase en contacto hoy mismo para hacer crecer su negocio con nuestros equipos de primera clase.<\/p>\n","protected":false},"excerpt":{"rendered":"<p>\u00bfD\u00f3nde puedo encontrar los mejores distribuidores de asfalto de Tennessee? Su negocio de pavimentaci\u00f3n puede ser m\u00e1s eficiente y completar los proyectos m\u00e1s r\u00e1pidamente con los distribuidores de asfalto BearCat Manufacturing en Tennessee. Nuestros distribuidores de asfalto aplican una capa de adherencia a la superficie del pavimento. Esta capa de adherencia sirve de pegamento que &hellip; <a href=\"https:\/\/bearcatmfg.com\/es\/distribuidores-de-asfalto-mejor-valorados-de-tennessee\/\" class=\"more-link\">Continue reading <span class=\"screen-reader-text\">Distribuidores de asfalto mejor valorados de Tennessee<\/span><\/a><\/p>\n","protected":false},"author":1,"featured_media":1770,"parent":0,"menu_order":0,"comment_status":"closed","ping_status":"closed","template":"","meta":{"_acf_changed":false,"footnotes":""},"class_list":["post-2548","page","type-page","status-publish","has-post-thumbnail","hentry"],"acf":[],"_links":{"self":[{"href":"https:\/\/bearcatmfg.com\/es\/wp-json\/wp\/v2\/pages\/2548","targetHints":{"allow":["GET"]}}],"collection":[{"href":"https:\/\/bearcatmfg.com\/es\/wp-json\/wp\/v2\/pages"}],"about":[{"href":"https:\/\/bearcatmfg.com\/es\/wp-json\/wp\/v2\/types\/page"}],"author":[{"embeddable":true,"href":"https:\/\/bearcatmfg.com\/es\/wp-json\/wp\/v2\/users\/1"}],"replies":[{"embeddable":true,"href":"https:\/\/bearcatmfg.com\/es\/wp-json\/wp\/v2\/comments?post=2548"}],"version-history":[{"count":0,"href":"https:\/\/bearcatmfg.com\/es\/wp-json\/wp\/v2\/pages\/2548\/revisions"}],"wp:featuredmedia":[{"embeddable":true,"href":"https:\/\/bearcatmfg.com\/es\/wp-json\/wp\/v2\/media\/1770"}],"wp:attachment":[{"href":"https:\/\/bearcatmfg.com\/es\/wp-json\/wp\/v2\/media?parent=2548"}],"curies":[{"name":"wp","href":"https:\/\/api.w.org\/{rel}","templated":true}]}}