{"id":2549,"date":"2023-12-18T10:52:45","date_gmt":"2023-12-18T10:52:45","guid":{"rendered":"https:\/\/bearcatmfg.com\/selladores-de-grietas-mejor-valorados-de-tennessee\/"},"modified":"2023-12-18T10:52:45","modified_gmt":"2023-12-18T10:52:45","slug":"selladores-de-grietas-mejor-valorados-de-tennessee","status":"publish","type":"page","link":"https:\/\/bearcatmfg.com\/es\/selladores-de-grietas-mejor-valorados-de-tennessee\/","title":{"rendered":"Selladores de grietas mejor valorados de Tennessee"},"content":{"rendered":"<h3>\u00bfQuiere reparar el asfalto con los mejores selladores de grietas de Tennessee?<\/h3>\n<p>Entonces, BearCat Manufacturing puede proporcionarle equipos de mantenimiento de pavimentos de clase mundial y selladores de grietas de primera categor\u00eda en Tennessee. De hecho, clientes de todo el mundo recomiendan nuestros productos para el mantenimiento de aparcamientos, calzadas, carreteras, etc. Estamos orgullosos de nuestra reputaci\u00f3n como fabricante l\u00edder en el sector del sellado y relleno de grietas, que se remonta a 1969. Nuestros innovadores ingenieros desarrollaron el primer distribuidor de asfalto l\u00edquido totalmente controlado desde la cabina poco despu\u00e9s de su fundaci\u00f3n. Desde entonces, nos hemos comprometido a proporcionar equipos con las mejores innovaciones y tecnolog\u00eda disponible. <a href=\"https:\/\/bearcatmfg.com\/contact-us\/\">Env\u00edenos un correo electr\u00f3nico<\/a> ahora para solicitar m\u00e1s informaci\u00f3n sobre nuestras <a href=\"https:\/\/ridgestonecap.com\/apply-now\/bearcatmfg\/\" target=\"_blank\" rel=\"noopener\">opciones de financiaci\u00f3n<\/a> o un presupuesto gratuito sobre nuestras <a href=\"https:\/\/bearcatmfg.com\/crack-sealers-tennessee\/\">selladoras de grietas<\/a> de primera calidad <a href=\"https:\/\/bearcatmfg.com\/crack-sealers-tennessee\/\">en Tennessee<\/a>.<\/p>\n<h3>\u00bfPor qu\u00e9 sellar las grietas del asfalto?<\/h3>\n<p>Pues bien, <a href=\"https:\/\/roadresource.org\/\" target=\"_blank\" rel=\"noopener\">Roadresource.org<\/a> inform\u00f3 recientemente de que los estudios demuestran que el 75% de las grietas del asfalto sin sellar se convertir\u00e1n en baches en 3 a\u00f1os o menos. Mientras tanto, s\u00f3lo el 1% de las grietas selladas en el pavimento de asfalto se deteriorar\u00e1n hasta convertirse en baches en ese mismo periodo de tiempo. Las cifras no mienten. El sellado de grietas en el asfalto es una forma asequible y eficaz de evitar que la humedad y el agua se filtren por debajo del asfalto hasta la capa base del pavimento. Por lo tanto, el sellado es una de las mejores maneras de prevenir el deterioro del asfalto y el fracaso completo del pavimento. <a href=\"https:\/\/bearcatmfg.com\/contact-us\/\">P\u00f3ngase en contacto con nosotros<\/a> hoy mismo para obtener m\u00e1s informaci\u00f3n sobre las formas eficaces de mantener el pavimento de asfalto con nuestros selladores de grietas de primera categor\u00eda en Tennessee.<\/p>\n<h3>\u00bfCu\u00e1l es la mejor manera de sellar grietas?<\/h3>\n<p>Los expertos de la <a href=\"https:\/\/theasphaltpro.com\/\" target=\"_blank\" rel=\"noopener\">revista Asphalt Pro<\/a> sugieren que trate las grietas antes de que la calzada, el aparcamiento o la carretera se deterioren demasiado. Adem\u00e1s, es necesario realizar el mantenimiento del asfalto antes de que el pavimento experimente grietas de cocodrilo. Ese tipo de grietas indican da\u00f1os que van m\u00e1s all\u00e1 del tratamiento que proporciona el sellado. Sin embargo, el sellado es una soluci\u00f3n ideal para reparar grietas t\u00e9rmicas, transversales, de bloque, de borde, reflectantes y longitudinales. Adem\u00e1s, la mejor adherencia se produce cuando se sellan las grietas con una temperatura del pavimento igual o superior a 40 grados Fahrenheit. Es posible que necesite una lanza de calor para calentar el pavimento a temperaturas inferiores a 40 grados para lograr una adherencia ideal. Lo m\u00e1s importante, usted puede hacer el trabajo de manera m\u00e1s eficiente con la ayuda de nuestros mejores selladores de grietas en Tennessee.<\/p>\n<h3>\u00bfCu\u00e1nto tarda en secarse el sellante?<\/h3>\n<p>La respuesta a esta pregunta variar\u00e1 en funci\u00f3n de las condiciones exteriores cuando utilice nuestros mejores selladores de grietas en Tennessee. En la mayor\u00eda de los casos, el sellador se secar\u00e1 entre 24 y 48 horas despu\u00e9s del proceso de aplicaci\u00f3n. Para obtener resultados \u00f3ptimos, recomendamos esperar al menos 72 horas antes de permitir el tr\u00e1nsito de personas o veh\u00edculos sobre el pavimento reci\u00e9n sellado. Adem\u00e1s, ofrecemos recursos que le ayudar\u00e1n a aprender a utilizar mejor nuestros equipos y productos. Si est\u00e1 interesado, <a href=\"https:\/\/bearcatmfg.com\/contact-us\/\">p\u00f3ngase en contacto con nosotros<\/a> hoy mismo para descubrir m\u00e1s informaci\u00f3n sobre la formaci\u00f3n en nuestras escuelas para clientes.<\/p>\n<h3>\u00bfPor qu\u00e9 comprar a BearCat Manufacturing?<\/h3>\n<p>No exageramos cuando decimos que nuestros equipos se utilizan en todo el mundo. Llevamos a\u00f1os dise\u00f1ando, perfeccionando y fabricando algunos de los mejores productos de mantenimiento de pavimentos y selladores de grietas de Tennessee. Adem\u00e1s, apoyamos su compra con recursos como nuestra <a href=\"https:\/\/www.youtube.com\/user\/EtnyreVideos\" target=\"_blank\" rel=\"noopener\">videoteca<\/a> y <a href=\"https:\/\/etnyre.com\/manuals\/\" target=\"_blank\" rel=\"noopener\">manuales de productos<\/a>. Considere nuestros productos cuando necesite cualquiera de los siguientes:<\/p>\n<ul class=\"col-2\">\n<li><a href=\"https:\/\/bearcatmfg.com\/asphalt-distributors-tennessee\/\">Distribuidores de asfalto en Tennessee<\/a><\/li>\n<li><a href=\"https:\/\/bearcatmfg.com\/top-rated-chip-seal-equipment-tennessee\/\">Los mejores equipos de asfaltado de Tennessee  <\/a><\/li>\n<li><a href=\"https:\/\/bearcatmfg.com\/asphalt-repair-equipment-tennessee\/\">Equipos de reparaci\u00f3n de asfalto en Tennessee<\/a><\/li>\n<li>Los mejores <a href=\"https:\/\/bearcatmfg.com\/chip-spreaders-tennessee\/\">esparcidores de virutas de Tennessee <\/a> <\/li>\n<li><a href=\"https:\/\/bearcatmfg.com\/granulated-rubber-asphalt-distributor\/\">Distribuidores de asfalto granulado de caucho<\/a><\/li>\n<li><a href=\"https:\/\/bearcatmfg.com\/product-category\/custom-equipment\/\">Equipo personalizado<\/a><\/li>\n<\/ul>\n<div class=\"left-img\"><img decoding=\"async\" src=\"https:\/\/bearcatmfg.com\/wp-content\/uploads\/2023\/08\/asphalt-road-cracked-street-in-public-park.jpg\" alt=\"Selladores de grietas mejor valorados de Tennessee\" title=\"\"><\/div>\n<h3>Solicite un presupuesto gratuito para selladores de grietas<\/h3>\n<p>\u00bfNecesita m\u00e1s informaci\u00f3n sobre nuestros mejores selladores de grietas en Tennessee? En BearCat Manufacturing estaremos encantados de proporcionarle todo lo que necesite. Env\u00edenos un correo electr\u00f3nico a <a href=\"mailto:equipsales@bearcatmfg.com\">equipsales@bearcatmfg.com<\/a> o rellene nuestro <a href=\"https:\/\/bearcatmfg.com\/contact-us\/\">formulario de contacto en l\u00ednea<\/a> para solicitar un presupuesto gratuito. Llame <a href=\"tel:9286847851\">al 928-684-7851<\/a> si tiene preguntas sobre equipos personalizados o para saber m\u00e1s <a href=\"https:\/\/bearcatmfg.com\/about-us\/\">sobre nosotros<\/a>.<\/p>\n","protected":false},"excerpt":{"rendered":"<p>\u00bfQuiere reparar el asfalto con los mejores selladores de grietas de Tennessee? Entonces, BearCat Manufacturing puede proporcionarle equipos de mantenimiento de pavimentos de clase mundial y selladores de grietas de primera categor\u00eda en Tennessee. De hecho, clientes de todo el mundo recomiendan nuestros productos para el mantenimiento de aparcamientos, calzadas, carreteras, etc. Estamos orgullosos de &hellip; <a href=\"https:\/\/bearcatmfg.com\/es\/selladores-de-grietas-mejor-valorados-de-tennessee\/\" class=\"more-link\">Continue reading <span class=\"screen-reader-text\">Selladores de grietas mejor valorados de Tennessee<\/span><\/a><\/p>\n","protected":false},"author":1,"featured_media":2285,"parent":0,"menu_order":0,"comment_status":"closed","ping_status":"closed","template":"","meta":{"_acf_changed":false,"footnotes":""},"class_list":["post-2549","page","type-page","status-publish","has-post-thumbnail","hentry"],"acf":[],"_links":{"self":[{"href":"https:\/\/bearcatmfg.com\/es\/wp-json\/wp\/v2\/pages\/2549","targetHints":{"allow":["GET"]}}],"collection":[{"href":"https:\/\/bearcatmfg.com\/es\/wp-json\/wp\/v2\/pages"}],"about":[{"href":"https:\/\/bearcatmfg.com\/es\/wp-json\/wp\/v2\/types\/page"}],"author":[{"embeddable":true,"href":"https:\/\/bearcatmfg.com\/es\/wp-json\/wp\/v2\/users\/1"}],"replies":[{"embeddable":true,"href":"https:\/\/bearcatmfg.com\/es\/wp-json\/wp\/v2\/comments?post=2549"}],"version-history":[{"count":0,"href":"https:\/\/bearcatmfg.com\/es\/wp-json\/wp\/v2\/pages\/2549\/revisions"}],"wp:featuredmedia":[{"embeddable":true,"href":"https:\/\/bearcatmfg.com\/es\/wp-json\/wp\/v2\/media\/2285"}],"wp:attachment":[{"href":"https:\/\/bearcatmfg.com\/es\/wp-json\/wp\/v2\/media?parent=2549"}],"curies":[{"name":"wp","href":"https:\/\/api.w.org\/{rel}","templated":true}]}}