{"id":2550,"date":"2023-12-18T10:52:45","date_gmt":"2023-12-18T10:52:45","guid":{"rendered":"https:\/\/bearcatmfg.com\/los-mejores-selladores-de-grietas-de-illinois\/"},"modified":"2023-12-18T10:52:45","modified_gmt":"2023-12-18T10:52:45","slug":"los-mejores-selladores-de-grietas-de-illinois","status":"publish","type":"page","link":"https:\/\/bearcatmfg.com\/es\/los-mejores-selladores-de-grietas-de-illinois\/","title":{"rendered":"Los mejores selladores de grietas de Illinois"},"content":{"rendered":"<h3>\u00bfDesea reparar el asfalto con los mejores selladores de grietas de Illinois?<\/h3>\n<p>BearCat Manufacturing ofrece equipos de mantenimiento de asfalto y selladores de grietas de primera clase en Illinois. Por lo tanto, cuente con el nombre de confianza en el sector de la impermeabilizaci\u00f3n y el relleno de grietas cuando necesite reparar carreteras, entradas de veh\u00edculos, aparcamientos y mucho m\u00e1s. Nuestra empresa cre\u00f3 el primer distribuidor de asfalto l\u00edquido totalmente controlado por cabina poco despu\u00e9s de nuestra fundaci\u00f3n en 1969. Desde entonces, hemos seguido innovando y fabricando algunos de los equipos m\u00e1s fiables de la actualidad. Como resultado, clientes de todo el mundo conf\u00edan en nuestras m\u00e1quinas, equipos y sistemas para proyectos de asfalto y sellado de virutas. <a href=\"https:\/\/bearcatmfg.com\/contact-us\/\">P\u00f3ngase en contacto con nosotros<\/a> hoy mismo para obtener m\u00e1s informaci\u00f3n <a href=\"https:\/\/bearcatmfg.com\/about-us\/\">sobre nosotros<\/a>, nuestra <a href=\"https:\/\/ridgestonecap.com\/apply-now\/bearcatmfg\/\" target=\"_blank\" rel=\"noopener\">financiaci\u00f3n flexible<\/a> y nuestras <a href=\"https:\/\/bearcatmfg.com\/crack-sealers-illinois\/\">selladoras de grietas<\/a> mejor valoradas <a href=\"https:\/\/bearcatmfg.com\/crack-sealers-illinois\/\">de Illinois<\/a>.<\/p>\n<h3>\u00bfPor qu\u00e9 sellar las grietas del pavimento de asfalto?<\/h3>\n<p>El sellado de grietas en el pavimento de asfalto evitar\u00e1 que la humedad y el agua se filtren al material de la subrasante bajo la superficie. La filtraci\u00f3n de agua es el principal factor que contribuye al deterioro del pavimento y a su rotura total. Sin embargo, el mantenimiento del pavimento, como el sellado de grietas, puede eliminar la infiltraci\u00f3n de humedad y otros elementos no compresibles a la capa base bajo el asfalto. Por lo tanto, el sellado de grietas ofrece una forma asequible de conservaci\u00f3n del pavimento que ralentiza el deterioro y prolonga su vida \u00fatil entre 3 y 5 a\u00f1os. Env\u00edenos un correo electr\u00f3nico a <a href=\"mailto:equipsales@bearcatmfg.com\">equipsales@bearcatmfg.com<\/a> si desea obtener m\u00e1s informaci\u00f3n sobre c\u00f3mo prolongar la vida \u00fatil de su pavimento con nuestros selladores de grietas de primera calidad en Illinois.<\/p>\n<h3>\u00bfExisten otras ventajas de los selladores de grietas de asfalto?<\/h3>\n<p>De hecho, hay otras ventajas importantes que debe tener en cuenta a la hora de decidir si desea sellar las grietas del pavimento de asfalto. Aqu\u00ed hay algunas otras grandes razones para mantener su pavimento con nuestros mejores selladores de grietas en Illinois.<\/p>\n<ul>\n<li><strong>Mayor seguridad para el conductor &#8211; <\/strong>El sellado del pavimento de asfalto mejora las condiciones de conducci\u00f3n porque reduce el deslizamiento de la superficie del pavimento. En consecuencia, aumenta la seguridad del conductor al tiempo que reduce los da\u00f1os al veh\u00edculo.<\/li>\n<li><strong>Mantenimiento menos frecuente de la carretera &#8211; <\/strong>Adem\u00e1s, el proceso de sellado de grietas tambi\u00e9n reduce la cantidad de mantenimiento necesario para el pavimento. Seg\u00fan <a href=\"https:\/\/roadresource.org\/\" target=\"_blank\" rel=\"noopener\">org<\/a>, el 75% de las grietas sin sellar se convertir\u00e1n en baches en un plazo de 3 a\u00f1os. Mientras tanto, el informe indica que s\u00f3lo el 1% de las grietas selladas se convertir\u00e1n en baches en ese mismo plazo.<\/li>\n<\/ul>\n<h3>\u00bfCu\u00e1ndo es el mejor momento para sellar las grietas del asfalto?<\/h3>\n<p><a href=\"https:\/\/theasphaltpro.com\/\" target=\"_blank\" rel=\"noopener\">La revista Asphalt Pro<\/a> recomienda sellar las grietas antes de que el pavimento asf\u00e1ltico sufra da\u00f1os graves. Puede sellar cualquier grieta de m\u00e1s de 1\/8 de pulgada. Esto incluye grietas longitudinales, reflectantes, de borde, de bloque, transversales o t\u00e9rmicas. La mayor\u00eda de los fabricantes sugieren el sellado cuando el pavimento ha alcanzado temperaturas superiores a los 40 grados Fahrenheit. Puede que necesite utilizar una lanza de calor para calentar el pavimento que est\u00e9 por debajo de los 40 grados. De lo contrario, el sellado de grietas a temperaturas m\u00e1s bajas podr\u00eda no proporcionar el nivel de adherencia deseado.<\/p>\n<h3>\u00bfPor qu\u00e9 elegir BearCat Manufacturing?<\/h3>\n<p>Proporcionamos equipos que ofrecen soluciones integrales para pavimentos de asfalto y aglomerado. Nuestra l\u00ednea de equipos incluye las mejores selladoras de grietas de Illinois. Sin embargo, tambi\u00e9n podemos ofrecerle las siguientes soluciones:<\/p>\n<ul class=\"col-2\">\n<li><a href=\"https:\/\/bearcatmfg.com\/top-rated-chip-seal-equipment-illinois\/\">Los mejores equipos de asfaltado de Illinois<\/a><\/li>\n<li><a href=\"https:\/\/bearcatmfg.com\/asphalt-distributors-illinois\/\">Distribuidores de asfalto en Illinois<\/a><\/li>\n<li><a href=\"https:\/\/bearcatmfg.com\/asphalt-repair-equipment-illinois\/\">Equipos de reparaci\u00f3n de asfalto en Illinois  <\/a><\/li>\n<li><a href=\"https:\/\/bearcatmfg.com\/best-chip-spreaders\/\">Los mejores esparcidores de virutas  <\/a><\/li>\n<li><a href=\"https:\/\/bearcatmfg.com\/granulated-rubber-asphalt-distributor\/\">Distribuidores de asfalto granulado de caucho<\/a><\/li>\n<li><a href=\"https:\/\/bearcatmfg.com\/product-category\/custom-equipment\/\">Equipo personalizado<\/a><\/li>\n<\/ul>\n<div class=\"left-img\"><img decoding=\"async\" src=\"https:\/\/bearcatmfg.com\/wp-content\/uploads\/2023\/08\/free-estimates-round-ribbon-isolated-label-free-estimates-sign.jpg\" alt=\"Los mejores selladores de grietas de Illinois\" title=\"\"><\/div>\n<h3>Solicite un presupuesto gratuito de Selladores de grietas<\/h3>\n<p>BearCat Manufacturing desea brindarle toda la informaci\u00f3n que necesite acerca de nuestras selladoras de grietas de primera calidad en Illinois. As\u00ed que <a href=\"https:\/\/bearcatmfg.com\/contact-us\/\">env\u00edenos un correo electr\u00f3nico<\/a> ahora para solicitar un presupuesto gratuito o m\u00e1s detalles sobre nuestros equipos de mantenimiento de asfalto. Adem\u00e1s, tambi\u00e9n puede ponerse en contacto con nosotros llamando al <a href=\"tel:9286847851\">928-684-7851<\/a>. Tambi\u00e9n ponemos a su disposici\u00f3n recursos \u00fatiles, como <a href=\"https:\/\/bearcatmfg.com\/manuals-parts\/\">manuales de productos<\/a> en l\u00ednea y disponibles para su descarga.<\/p>\n","protected":false},"excerpt":{"rendered":"<p>\u00bfDesea reparar el asfalto con los mejores selladores de grietas de Illinois? BearCat Manufacturing ofrece equipos de mantenimiento de asfalto y selladores de grietas de primera clase en Illinois. Por lo tanto, cuente con el nombre de confianza en el sector de la impermeabilizaci\u00f3n y el relleno de grietas cuando necesite reparar carreteras, entradas de &hellip; <a href=\"https:\/\/bearcatmfg.com\/es\/los-mejores-selladores-de-grietas-de-illinois\/\" class=\"more-link\">Continue reading <span class=\"screen-reader-text\">Los mejores selladores de grietas de Illinois<\/span><\/a><\/p>\n","protected":false},"author":1,"featured_media":2277,"parent":0,"menu_order":0,"comment_status":"closed","ping_status":"closed","template":"","meta":{"_acf_changed":false,"footnotes":""},"class_list":["post-2550","page","type-page","status-publish","has-post-thumbnail","hentry"],"acf":[],"_links":{"self":[{"href":"https:\/\/bearcatmfg.com\/es\/wp-json\/wp\/v2\/pages\/2550","targetHints":{"allow":["GET"]}}],"collection":[{"href":"https:\/\/bearcatmfg.com\/es\/wp-json\/wp\/v2\/pages"}],"about":[{"href":"https:\/\/bearcatmfg.com\/es\/wp-json\/wp\/v2\/types\/page"}],"author":[{"embeddable":true,"href":"https:\/\/bearcatmfg.com\/es\/wp-json\/wp\/v2\/users\/1"}],"replies":[{"embeddable":true,"href":"https:\/\/bearcatmfg.com\/es\/wp-json\/wp\/v2\/comments?post=2550"}],"version-history":[{"count":0,"href":"https:\/\/bearcatmfg.com\/es\/wp-json\/wp\/v2\/pages\/2550\/revisions"}],"wp:featuredmedia":[{"embeddable":true,"href":"https:\/\/bearcatmfg.com\/es\/wp-json\/wp\/v2\/media\/2277"}],"wp:attachment":[{"href":"https:\/\/bearcatmfg.com\/es\/wp-json\/wp\/v2\/media?parent=2550"}],"curies":[{"name":"wp","href":"https:\/\/api.w.org\/{rel}","templated":true}]}}