{"id":2551,"date":"2023-12-18T10:52:45","date_gmt":"2023-12-18T10:52:45","guid":{"rendered":"https:\/\/bearcatmfg.com\/equipos-de-reparacion-de-asfalto-texas\/"},"modified":"2023-12-18T10:52:45","modified_gmt":"2023-12-18T10:52:45","slug":"equipos-de-reparacion-de-asfalto-texas","status":"publish","type":"page","link":"https:\/\/bearcatmfg.com\/es\/equipos-de-reparacion-de-asfalto-texas\/","title":{"rendered":"Equipos de reparaci\u00f3n de asfalto Texas"},"content":{"rendered":"<h3>El mejor cuidado del pavimento con los mejores equipos de reparaci\u00f3n de asfalto de Texas<\/h3>\n<p>Todo es m\u00e1s grande y tejano, y tambi\u00e9n lo son los trabajos de pavimentaci\u00f3n de asfalto de los que se encargan los contratistas. Su empresa de asfalto necesita el equipo adecuado para satisfacer las demandas diarias de propietarios de viviendas, empresas y ayuntamientos. Sin embargo, no todos los equipos de reparaci\u00f3n de asfalto en Texas son iguales, ya que algunas m\u00e1quinas ofrecen menos precisi\u00f3n o son menos duraderas que otras. Por estas razones, los contratistas conf\u00edan en BearCat Manufacturing por su alta calidad, consistencia y asequibilidad.<\/p>\n<h3>Vea nuestra maquinaria de asfalto<\/h3>\n<p>Con BearCat Manufacturing, s\u00f3lo obtendr\u00e1 la mejor maquinaria de asfalto disponible. Vamos m\u00e1s all\u00e1 en el dise\u00f1o de nuestros equipos, creando m\u00e1quinas r\u00e1pidas, duraderas y f\u00e1ciles de manejar. Y cuando se trata de la <a href=\"https:\/\/bearcatmfg.com\/asphalt-repair\/\">reparaci\u00f3n<\/a> y el <a href=\"https:\/\/bearcatmfg.com\/asphalt-maintenance\/\">mantenimiento<\/a> <a href=\"https:\/\/bearcatmfg.com\/asphalt-repair\/\">del asfalto<\/a> en todo Texas, la velocidad y la facilidad de uso son caracter\u00edsticas esenciales para cualquier equipo. Como tal, ofrecemos:<\/p>\n<ul>\n<li><strong>Selladores de grietas<\/strong>\n<ul>\n<li>Las grietas en el pavimento son una de las primeras se\u00f1ales de que el asfalto se est\u00e1 deteriorando. Tras a\u00f1os de uso y calor constante, es natural que su pavimento empiece a deteriorarse. Afortunadamente, este deterioro inicial puede ralentizarse con <a href=\"https:\/\/bearcatmfg.com\/crack-sealers-texas\/\">selladores de grietas<\/a>. Al reparar y <a href=\"https:\/\/bearcatmfg.com\/asphalt-crack-sealing\/\">sellar las grietas<\/a>, se invierte el deterioro y se prolonga la vida \u00fatil del asfalto.<\/li>\n<\/ul>\n<\/li>\n<li><strong>Distribuidores de asfalto y esparcidores de gravilla<\/strong>\n<ul>\n<li>Si la reparaci\u00f3n de grietas no es suficiente para resolver los problemas de su pavimento, la restauraci\u00f3n del asfalto es su siguiente opci\u00f3n. Mediante servicios como el sellado de gravilla, el pavimento puede volver a quedar como nuevo, con mayor resistencia y longevidad. Sin embargo, el asfaltado s\u00f3lo es posible con el<a href=\"https:\/\/bearcatmfg.com\/top-rated-chip-spreaders-texas\/\"> equipo de asfaltado adecuado<\/a>. Como tal, BearCat suministra a los contratistas de asfalto <a href=\"https:\/\/bearcatmfg.com\/asphalt-distributors-texas\/\">camiones distribuidores<\/a> y <a href=\"https:\/\/bearcatmfg.com\/chip-spreaders-texas\/\">esparcidores de gravilla<\/a>, dos m\u00e1quinas esenciales para el asfaltado y el sellado.<\/li>\n<\/ul>\n<\/li>\n<li><strong>Equipo personalizado<\/strong>\n<ul>\n<li>BearCat produce varias <a href=\"https:\/\/bearcatmfg.com\/product-category\/custom-equipment\/\">m\u00e1quinas y sistemas personalizados<\/a> que mejoran el mantenimiento y la reparaci\u00f3n del asfalto fuera de nuestra oferta habitual de equipos. Sistemas como nuestro reciclaje en fr\u00edo in situ permiten a los contratistas reciclar y reutilizar el asfalto viejo in situ. O bien, nuestra extendedora de rociado SP-200 Roadtec optimiza el <a href=\"https:\/\/bearcatmfg.com\/chip-seal-paving\/\">sellado de gravilla<\/a> combinando las funciones de los distribuidores y esparcidores de gravilla en una sola m\u00e1quina.<\/li>\n<\/ul>\n<\/li>\n<\/ul>\n<h3>El principal fabricante de equipos de mantenimiento del asfalto del pa\u00eds<\/h3>\n<p>BearCat Manufacturing se esfuerza continuamente por alcanzar la excelencia en los equipos de reparaci\u00f3n de asfalto para Texas que producimos. Durante m\u00e1s de 50 a\u00f1os, hemos contribuido a incre\u00edbles innovaciones y avances tecnol\u00f3gicos en toda la industria del asfalto. Nuestros dise\u00f1os de m\u00e1quinas siempre buscan incorporar caracter\u00edsticas respetuosas con el medio ambiente, al tiempo que prometen altos \u00edndices de producci\u00f3n, mayor capacidad y controles digitales precisos. Resulta sorprendente pensar que BearCat comenz\u00f3 su andadura con una simple modificaci\u00f3n de un cami\u00f3n distribuidor.<\/p>\n<div class=\"left-img\"><img loading=\"lazy\" decoding=\"async\" class=\"alignnone\" src=\"https:\/\/bearcatmfg.com\/wp-content\/uploads\/2023\/01\/Crack-Sealers-for-Sale-1.jpg\" alt=\"Un sellador de grietas amarillo, BearCat&#039;s Asphalt Repair Equipment en Texas\" width=\"500\" height=\"350\" title=\"\"><\/div>\n<h3>Hable con nuestro equipo<\/h3>\n<p>\u00a1El mejor y m\u00e1s moderno equipo de reparaci\u00f3n de asfalto en Texas est\u00e1 a s\u00f3lo una llamada de distancia! Equipe su empresa de asfalto con las mejores m\u00e1quinas del sector gracias a los expertos de BearCat Manufacturing. Para obtener m\u00e1s informaci\u00f3n sobre nuestros productos de asfalto o solicitar un presupuesto, p\u00f3ngase en contacto con nosotros en el <a href=\"tel:9286847851\">928-684-7851<\/a>. Estamos ubicados en 3650 N Sabin Brown Rd, Wickenburg, AZ 85390. BearCat Manufacturing tiene su sede en <a href=\"https:\/\/bearcatmfg.com\/asphalt-repair-equipment-arizona\/\">Arizona<\/a> y presta servicio a clientes de <a href=\"https:\/\/bearcatmfg.com\/asphalt-repair-equipment-illinois\/\">Illinois<\/a>, <a href=\"https:\/\/bearcatmfg.com\/asphalt-repair-equipment-tennessee\/\">Tennessee<\/a>, <a href=\"https:\/\/bearcatmfg.com\/best-chip-seal-equipment-texas\/\">Texas<\/a> y Estados Unidos.<\/p>\n","protected":false},"excerpt":{"rendered":"<p>El mejor cuidado del pavimento con los mejores equipos de reparaci\u00f3n de asfalto de Texas Todo es m\u00e1s grande y tejano, y tambi\u00e9n lo son los trabajos de pavimentaci\u00f3n de asfalto de los que se encargan los contratistas. Su empresa de asfalto necesita el equipo adecuado para satisfacer las demandas diarias de propietarios de viviendas, &hellip; <a href=\"https:\/\/bearcatmfg.com\/es\/equipos-de-reparacion-de-asfalto-texas\/\" class=\"more-link\">Continue reading <span class=\"screen-reader-text\">Equipos de reparaci\u00f3n de asfalto Texas<\/span><\/a><\/p>\n","protected":false},"author":1,"featured_media":2206,"parent":0,"menu_order":0,"comment_status":"closed","ping_status":"closed","template":"","meta":{"_acf_changed":false,"footnotes":""},"class_list":["post-2551","page","type-page","status-publish","has-post-thumbnail","hentry"],"acf":[],"_links":{"self":[{"href":"https:\/\/bearcatmfg.com\/es\/wp-json\/wp\/v2\/pages\/2551","targetHints":{"allow":["GET"]}}],"collection":[{"href":"https:\/\/bearcatmfg.com\/es\/wp-json\/wp\/v2\/pages"}],"about":[{"href":"https:\/\/bearcatmfg.com\/es\/wp-json\/wp\/v2\/types\/page"}],"author":[{"embeddable":true,"href":"https:\/\/bearcatmfg.com\/es\/wp-json\/wp\/v2\/users\/1"}],"replies":[{"embeddable":true,"href":"https:\/\/bearcatmfg.com\/es\/wp-json\/wp\/v2\/comments?post=2551"}],"version-history":[{"count":0,"href":"https:\/\/bearcatmfg.com\/es\/wp-json\/wp\/v2\/pages\/2551\/revisions"}],"wp:featuredmedia":[{"embeddable":true,"href":"https:\/\/bearcatmfg.com\/es\/wp-json\/wp\/v2\/media\/2206"}],"wp:attachment":[{"href":"https:\/\/bearcatmfg.com\/es\/wp-json\/wp\/v2\/media?parent=2551"}],"curies":[{"name":"wp","href":"https:\/\/api.w.org\/{rel}","templated":true}]}}