{"id":2552,"date":"2023-12-18T10:52:47","date_gmt":"2023-12-18T10:52:47","guid":{"rendered":"https:\/\/bearcatmfg.com\/los-mejores-esparcidores-de-virutas-de-arizona\/"},"modified":"2023-12-18T10:52:47","modified_gmt":"2023-12-18T10:52:47","slug":"los-mejores-esparcidores-de-virutas-de-arizona","status":"publish","type":"page","link":"https:\/\/bearcatmfg.com\/es\/los-mejores-esparcidores-de-virutas-de-arizona\/","title":{"rendered":"Los mejores esparcidores de virutas de Arizona"},"content":{"rendered":"<h3>Cuando necesite los mejores esparcidores de virutas para su proyecto, busque BearCat<\/h3>\n<p>Para construir carreteras asfaltadas y aparcamientos se necesita el equipo adecuado. Lo mismo ocurre con su mantenimiento. Por eso quiere que los mejores <a href=\"https:\/\/bearcatmfg.com\/best-chip-seal-equipment-arizona\/\">esparcidores de gravilla<\/a> de Arizona hagan bien el trabajo. Durante a\u00f1os, <a href=\"https:\/\/bearcatmfg.com\/about-us\/\">BearCat Manufacturing<\/a> ha dise\u00f1ado los principales equipos de asfalto, que han sido dise\u00f1ados para funcionar con precisi\u00f3n y eficiencia en todo momento. <a href=\"https:\/\/bearcatmfg.com\/top-rated-chip-seal-equipment-arizona\/\">El sellado de asfalto<\/a> es uno de los m\u00e9todos m\u00e1s eficaces para la reparaci\u00f3n de carreteras, por lo que este tipo de equipo es una opci\u00f3n popular y asequible para sus necesidades de equipo. Con un sellador de virutas BearCat, puede ofrecer una opci\u00f3n de reparaci\u00f3n segura que prolongar\u00e1 la vida de una carretera o aparcamiento hasta 12 a\u00f1os m\u00e1s. Es el equipo que tu equipo quiere tener a su lado.<\/p>\n<h3>Acerca de BearCat Products<\/h3>\n<p>Aunque BearCat ofrece los mejores esparcidores de virutas de Arizona, somos conocidos por mucho m\u00e1s. De hecho, hemos dise\u00f1ado el mejor equipo para todas las necesidades de mantenimiento de carreteras de su equipo. Mientras que un esparcidor de gravilla BearCat ha estado estableciendo r\u00e9cords de productividad en la industria durante los \u00faltimos 10 a\u00f1os, toda nuestra l\u00ednea de <a href=\"https:\/\/bearcatmfg.com\/about-us\/\">equipos<\/a> de mantenimiento de carreteras es conocida por tener el m\u00e1s alto rendimiento en la industria. Somos conocidos por nuestros equipos innovadores que siempre son adecuados para su trabajo de construcci\u00f3n o reparaci\u00f3n.<\/p>\n<p>Adem\u00e1s de esparcidores de gravilla, BearCat ofrece <a href=\"https:\/\/bearcatmfg.com\/top-rated-crack-sealers-arizona\/\">selladores de grietas<\/a> para sus necesidades de mantenimiento, as\u00ed como <a href=\"https:\/\/bearcatmfg.com\/top-rated-asphalt-distributors\/\">distribuidores de asfalto<\/a>. Y nuestra gama de equipos incluye equipos personalizados como nuestra <a href=\"https:\/\/bearcatmfg.com\/our-products\/roadtec-spray-paver\/\">extendedora Roadtec.<\/a> No importa lo que est\u00e9 buscando, podemos proporcionarle la maquinaria adecuada para satisfacer sus necesidades. Tambi\u00e9n ofrecemos planes de financiaci\u00f3n flexibles para que su empresa pueda empezar a trabajar con los mejores esparcidores de gravilla de Arizona hoy mismo.<\/p>\n<h3>Conf\u00eda en el nombre BearCat<\/h3>\n<p><a href=\"https:\/\/bearcatmfg.com\/about-us\/\">BearCat Manufacturing<\/a> fue fundada en 1969 por Ken Hill y Don Carson. Juntos, estos hombres se forjaron un nombre por fabricar los equipos de mantenimiento de carreteras mejor valorados del sector. Desde el principio, se centraron en la construcci\u00f3n de equipos innovadores para el mantenimiento de carreteras, as\u00ed como en la innovaci\u00f3n t\u00e9cnica. Es por eso que hoy en d\u00eda, los productos BearCat siguen siendo conocidos por tener el m\u00e1s alto nivel de rendimiento y por simplificar la construcci\u00f3n de carreteras. Los dise\u00f1os BearCat son duraderos y est\u00e1n hechos para durar. Nuestro objetivo es garantizar siempre unos equipos y un servicio al cliente de primera clase. Por eso se conf\u00eda en nosotros en Estados Unidos, Canad\u00e1, Am\u00e9rica Central y del Sur, \u00c1frica y Europa.<\/p>\n<div class=\"left-img\"><img loading=\"lazy\" decoding=\"async\" class=\"alignnone\" src=\"https:\/\/bearcatmfg.com\/wp-content\/uploads\/2023\/11\/worker-on-asphalting-paver-machine-during-road-street-repairing-works.jpg\" alt=\"Si trabaja con asfalto, necesita a Bear Cat y sus esparcidores de gravilla de primera categor\u00eda en Arizona a su lado.\" width=\"500\" height=\"350\" title=\"\"><\/div>\n<h3>Contacte con BearCat hoy mismo<\/h3>\n<p>Ll\u00e1menos hoy mismo al <a href=\"tel:9286847851\">928-684-7851<\/a> para obtener sus esparcidores de virutas mejor valorados en Arizona. No dude en <a href=\"https:\/\/bearcatmfg.com\/contact-us\/\">ponerse en contacto con nosotros<\/a> a trav\u00e9s de nuestro formulario en l\u00ednea para sus necesidades de ventas o de atenci\u00f3n al cliente. Esperamos poder proporcionarle los recursos que necesita para su proyecto de mantenimiento.<\/p>\n","protected":false},"excerpt":{"rendered":"<p>Cuando necesite los mejores esparcidores de virutas para su proyecto, busque BearCat Para construir carreteras asfaltadas y aparcamientos se necesita el equipo adecuado. Lo mismo ocurre con su mantenimiento. Por eso quiere que los mejores esparcidores de gravilla de Arizona hagan bien el trabajo. Durante a\u00f1os, BearCat Manufacturing ha dise\u00f1ado los principales equipos de asfalto, &hellip; <a href=\"https:\/\/bearcatmfg.com\/es\/los-mejores-esparcidores-de-virutas-de-arizona\/\" class=\"more-link\">Continue reading <span class=\"screen-reader-text\">Los mejores esparcidores de virutas de Arizona<\/span><\/a><\/p>\n","protected":false},"author":1,"featured_media":2375,"parent":0,"menu_order":0,"comment_status":"closed","ping_status":"closed","template":"","meta":{"_acf_changed":false,"footnotes":""},"class_list":["post-2552","page","type-page","status-publish","has-post-thumbnail","hentry"],"acf":[],"_links":{"self":[{"href":"https:\/\/bearcatmfg.com\/es\/wp-json\/wp\/v2\/pages\/2552","targetHints":{"allow":["GET"]}}],"collection":[{"href":"https:\/\/bearcatmfg.com\/es\/wp-json\/wp\/v2\/pages"}],"about":[{"href":"https:\/\/bearcatmfg.com\/es\/wp-json\/wp\/v2\/types\/page"}],"author":[{"embeddable":true,"href":"https:\/\/bearcatmfg.com\/es\/wp-json\/wp\/v2\/users\/1"}],"replies":[{"embeddable":true,"href":"https:\/\/bearcatmfg.com\/es\/wp-json\/wp\/v2\/comments?post=2552"}],"version-history":[{"count":0,"href":"https:\/\/bearcatmfg.com\/es\/wp-json\/wp\/v2\/pages\/2552\/revisions"}],"wp:featuredmedia":[{"embeddable":true,"href":"https:\/\/bearcatmfg.com\/es\/wp-json\/wp\/v2\/media\/2375"}],"wp:attachment":[{"href":"https:\/\/bearcatmfg.com\/es\/wp-json\/wp\/v2\/media?parent=2552"}],"curies":[{"name":"wp","href":"https:\/\/api.w.org\/{rel}","templated":true}]}}