{"id":2553,"date":"2023-12-18T10:52:47","date_gmt":"2023-12-18T10:52:47","guid":{"rendered":"https:\/\/bearcatmfg.com\/maquinas-de-asfaltado-tennessee\/"},"modified":"2023-12-18T10:52:47","modified_gmt":"2023-12-18T10:52:47","slug":"maquinas-de-asfaltado-tennessee","status":"publish","type":"page","link":"https:\/\/bearcatmfg.com\/es\/maquinas-de-asfaltado-tennessee\/","title":{"rendered":"M\u00e1quinas de asfaltado Tennessee"},"content":{"rendered":"<h3>Elija BearCat para las m\u00e1quinas de asfaltado que necesitan las carreteras de Tennessee<\/h3>\n<p>Las grietas en el pavimento, las carreteras y los aparcamientos no s\u00f3lo son una molestia para los conductores. Tambi\u00e9n pueden provocar muchos m\u00e1s da\u00f1os en el futuro. Unas reparaciones sencillas pueden prolongar la vida \u00fatil de su carretera y reducir los costes relacionados con futuras reparaciones de mayor envergadura. Por eso necesita m\u00e1quinas de asfaltado en Tennessee. El sellado de <a href=\"https:\/\/bearcatmfg.com\/best-chip-seal-equipment-tennessee\/\">asfalto<\/a> es un m\u00e9todo eficaz para el mantenimiento de carreteras, y es una manera rentable de extender la vida de una carretera o estacionamiento hasta 12 a\u00f1os. Si est\u00e1 buscando el mejor equipo de asfaltado, no busque m\u00e1s all\u00e1 de <a href=\"https:\/\/bearcatmfg.com\/about-us\/\">BearCat Manufacturing<\/a>.<\/p>\n<h3>Productos BearCat<\/h3>\n<p>BearCat es conocida por fabricar los mejores equipos de mantenimiento de carreteras para equipos que conf\u00edan en soluciones innovadoras y de alto rendimiento. Adem\u00e1s de nuestras m\u00e1quinas de sellado de virutas, BearCat Manufacturing ha construido los mejores <a href=\"https:\/\/bearcatmfg.com\/top-rated-asphalt-distributors-tennessee\/\">distribuidores de asfalto<\/a> y <a href=\"https:\/\/bearcatmfg.com\/top-rated-chip-spreaders\/\">esparcidores de virutas<\/a>, que requieren menos tiempo y mano de obra para completarse y son altamente eficientes.<\/p>\n<p>Adem\u00e1s, ofrecemos equipos personalizados, como nuestra <a href=\"https:\/\/bearcatmfg.com\/our-products\/roadtec-spray-paver\/\">extendedora por pulverizaci\u00f3n Roadtec<\/a>, dise\u00f1ada para simplificar el proceso de colocaci\u00f3n de asfalto. Sean cuales sean sus necesidades, podemos proporcionarle la maquinaria adecuada para usted. Tambi\u00e9n ofrecemos planes de financiaci\u00f3n flexibles para que pueda ponerse en marcha con todas sus necesidades de equipos de asfalto.<\/p>\n<h3>Por qu\u00e9 confiar en BearCat<\/h3>\n<p><a href=\"https:\/\/bearcatmfg.com\/about-us\/\">BearCat Manufacturing<\/a> lleva establecida desde 1969. Por aquel entonces, los fundadores Ken Hill y Don Carson se asociaron para crear el <a href=\"https:\/\/bearcatmfg.com\/asphalt-repair-equipment-tennessee\/\">equipo de mantenimiento de<\/a> carreteras mejor valorado del mercado. Y ese ha sido siempre el objetivo de BearCat Manufacturing. El nombre BearCat significa que est\u00e1 adquiriendo los equipos de mantenimiento de carreteras m\u00e1s innovadores del mercado. De hecho, los productos BearCat son m\u00e1quinas de alto rendimiento, eficientes y precisas, construidas para durar. Tambi\u00e9n nos aseguramos de que nuestros equipos y nuestro servicio de atenci\u00f3n al cliente sean realmente de primera clase. En la actualidad, gozamos de la confianza de nuestros clientes en Estados Unidos, Canad\u00e1, Am\u00e9rica Central y del Sur, \u00c1frica y Europa.<\/p>\n<div class=\"left-img\"><img loading=\"lazy\" decoding=\"async\" class=\"alignnone\" src=\"https:\/\/bearcatmfg.com\/wp-content\/uploads\/2023\/11\/road-under-construction.jpg\" alt=\"Si usted est\u00e1 en el negocio de asfalto, elija el mejor Chip Seal M\u00e1quinas Tennessee tiene para ofrecer\" width=\"500\" height=\"350\" title=\"\"><\/div>\n<h3>Contacte con BearCat hoy mismo<\/h3>\n<p>\u00bfEst\u00e1 listo para pasarse a las mejores m\u00e1quinas de <a href=\"https:\/\/bearcatmfg.com\/top-rated-chip-seal-equipment-tennessee\/\">asfaltado<\/a> de Tennessee? Ll\u00e1menos hoy mismo al <a href=\"tel:9286847851\">928-684-7851<\/a> para empezar. O no dude en <a href=\"https:\/\/bearcatmfg.com\/contact-us\/\">ponerse en contacto con nosotros<\/a> a trav\u00e9s de nuestro formulario en l\u00ednea para cualquiera de sus ventas o necesidades de servicio al cliente. Estamos deseando demostrarle por qu\u00e9 el nombre BearCat es insuperable.<\/p>\n","protected":false},"excerpt":{"rendered":"<p>Elija BearCat para las m\u00e1quinas de asfaltado que necesitan las carreteras de Tennessee Las grietas en el pavimento, las carreteras y los aparcamientos no s\u00f3lo son una molestia para los conductores. Tambi\u00e9n pueden provocar muchos m\u00e1s da\u00f1os en el futuro. Unas reparaciones sencillas pueden prolongar la vida \u00fatil de su carretera y reducir los costes &hellip; <a href=\"https:\/\/bearcatmfg.com\/es\/maquinas-de-asfaltado-tennessee\/\" class=\"more-link\">Continue reading <span class=\"screen-reader-text\">M\u00e1quinas de asfaltado Tennessee<\/span><\/a><\/p>\n","protected":false},"author":1,"featured_media":2408,"parent":0,"menu_order":0,"comment_status":"closed","ping_status":"closed","template":"","meta":{"_acf_changed":false,"footnotes":""},"class_list":["post-2553","page","type-page","status-publish","has-post-thumbnail","hentry"],"acf":[],"_links":{"self":[{"href":"https:\/\/bearcatmfg.com\/es\/wp-json\/wp\/v2\/pages\/2553","targetHints":{"allow":["GET"]}}],"collection":[{"href":"https:\/\/bearcatmfg.com\/es\/wp-json\/wp\/v2\/pages"}],"about":[{"href":"https:\/\/bearcatmfg.com\/es\/wp-json\/wp\/v2\/types\/page"}],"author":[{"embeddable":true,"href":"https:\/\/bearcatmfg.com\/es\/wp-json\/wp\/v2\/users\/1"}],"replies":[{"embeddable":true,"href":"https:\/\/bearcatmfg.com\/es\/wp-json\/wp\/v2\/comments?post=2553"}],"version-history":[{"count":0,"href":"https:\/\/bearcatmfg.com\/es\/wp-json\/wp\/v2\/pages\/2553\/revisions"}],"wp:featuredmedia":[{"embeddable":true,"href":"https:\/\/bearcatmfg.com\/es\/wp-json\/wp\/v2\/media\/2408"}],"wp:attachment":[{"href":"https:\/\/bearcatmfg.com\/es\/wp-json\/wp\/v2\/media?parent=2553"}],"curies":[{"name":"wp","href":"https:\/\/api.w.org\/{rel}","templated":true}]}}