{"id":2554,"date":"2023-12-18T10:52:47","date_gmt":"2023-12-18T10:52:47","guid":{"rendered":"https:\/\/bearcatmfg.com\/los-mejores-esparcidores-de-virutas-de-tennessee\/"},"modified":"2023-12-18T10:52:47","modified_gmt":"2023-12-18T10:52:47","slug":"los-mejores-esparcidores-de-virutas-de-tennessee","status":"publish","type":"page","link":"https:\/\/bearcatmfg.com\/es\/los-mejores-esparcidores-de-virutas-de-tennessee\/","title":{"rendered":"Los mejores esparcidores de virutas de Tennessee"},"content":{"rendered":"<h3>Los mejores resultados de los mejores esparcidores de virutas de Tennessee<\/h3>\n<p>Lleve su negocio de mantenimiento de carreteras al siguiente nivel con los esparcidores de gravilla BearCat Manufacturing mejor valorados de Tennessee. Nuestros equipos de primera clase y nuestro servicio de atenci\u00f3n al cliente ofrecen varias ventajas que ayudar\u00e1n a su empresa a obtener una ventaja competitiva. Recibir\u00e1 equipos con tecnolog\u00eda de vanguardia y caracter\u00edsticas de dise\u00f1o que incluyen sistemas de refrigeraci\u00f3n hidr\u00e1ulica, control de velocidad por ordenador y construcci\u00f3n duradera. En consecuencia, su negocio puede reducir las demandas de mano de obra, los costos de materiales y acortar los tiempos de finalizaci\u00f3n de los proyectos. <a href=\"https:\/\/bearcatmfg.com\/contact-us\/\">P\u00f3ngase en contacto con BearCat Manufacturing<\/a> ahora para obtener m\u00e1s informaci\u00f3n sobre nuestros equipos de clase mundial y c\u00f3mo pueden ayudar a que su negocio de contrataci\u00f3n de asfalto crezca. Adem\u00e1s de un excelente servicio de atenci\u00f3n al cliente, ponemos a su disposici\u00f3n recursos \u00fatiles, como <a href=\"https:\/\/bearcatmfg.com\/manuals-parts\/\">manuales de productos<\/a>, escuelas de clientes y mucho m\u00e1s.<\/p>\n<h3>Por qu\u00e9 BearCat Manufacturing es la mejor opci\u00f3n<\/h3>\n<p>Entonces, \u00bfpor qu\u00e9 su empresa deber\u00eda invertir en los esparcidores de gravilla BearCat Manufacturing de mayor calidad en Tennessee? Pues bien, los beneficios que recibe su empresa proporcionan uno de los mejores rendimientos de la inversi\u00f3n en el sector del mantenimiento de carreteras. Estas son algunas de las ventajas m\u00e1s populares que ofrecen nuestros equipos:<\/p>\n<ul>\n<li>Ofrecemos esparcidores de gravilla de 16 y 20 pies con sistema de transmisi\u00f3n hidrost\u00e1tica, tolva de esparcido de anchura variable y otros elementos de dise\u00f1o que aumentan la eficiencia.<\/li>\n<li><strong>Durabilidad &#8211; <\/strong>Nuestros equipos se construyen para durar, con una vida \u00fatil que supera a la de las soluciones alternativas, proporcionando m\u00e1s por su dinero.<\/li>\n<li><strong>Ahorro de dinero &#8211; <\/strong>Los esparcidores de gravilla de BearCat Manufacturing utilizan asfalto reciclado, reducen el uso de mano de obra y mejoran la eficiencia para que los proyectos de mantenimiento de carreteras se completen m\u00e1s r\u00e1pidamente.<\/li>\n<\/ul>\n<h3>\u00bfQu\u00e9 hace que los equipos de asfaltado sean una buena inversi\u00f3n?<\/h3>\n<p>Su negocio de mantenimiento de carreteras y contrataci\u00f3n de asfalto puede ofrecer a los clientes mayores beneficios con los <a href=\"https:\/\/bearcatmfg.com\/best-chip-seal-equipment-tennessee\/\">mejores equipos de asfaltado de Tennessee<\/a>. Los productos de sellado de virutas de BearCat Manufacturing mejoran el rendimiento del pavimento de carreteras, aparcamientos y mucho m\u00e1s. \u00c9stas son algunas de las mejores maneras en que su empresa puede obtener una ventaja competitiva con nuestros esparcidores de virutas de primera categor\u00eda en Tennessee.<\/p>\n<ul>\n<li><strong>Mayor resistencia &#8211; <\/strong>Las superficies de pavimento de sello de virutas proporcionan una barrera m\u00e1s resistente a la humedad, el agua y los productos qu\u00edmicos que se filtran por debajo de la superficie y da\u00f1an las capas de base.<\/li>\n<li><strong>Reducci\u00f3n del deslumbramiento &#8211; <\/strong>Los automovilistas pueden circular con m\u00e1s seguridad por las superficies de sellado de virutas porque no crean el efecto de deslumbramiento causado por el asfalto tradicional.<\/li>\n<li><strong>Mayor vida \u00fatil &#8211; <\/strong>Las superficies de asfalto asf\u00e1ltico duran m\u00e1s que las de asfalto sin sellar porque ofrecen una mayor protecci\u00f3n frente a los contaminantes que degradan las superficies de pavimento.<\/li>\n<li><strong>Protecci\u00f3n antideslizante &#8211; <\/strong>El pavimento de sello de gravilla tambi\u00e9n protege mejor a los conductores de los derrapes que el asfalto tradicional porque es menos resbaladizo durante las tormentas.<\/li>\n<li><strong>Protecci\u00f3n contra la degradaci\u00f3n &#8211; <\/strong>Los contaminantes no se filtran por debajo de las superficies del pavimento y destruyen las capas de base tan f\u00e1cilmente con el sellado de virutas en comparaci\u00f3n con el asfalto tradicional.<\/li>\n<li><strong>Superficie autorreparadora &#8211; <\/strong>Durante los periodos de mucho calor, el ligante asf\u00e1ltico del sellado de virutas se reblandece y fluye de nuevo, cerrando grietas y arreglando imperfecciones.<\/li>\n<li><strong>Menos costes de mantenimiento &#8211; <\/strong>Las superficies de asfalto troceado eliminan la necesidad de pagar por los servicios de sellado de grietas que requiere el asfalto.<\/li>\n<\/ul>\n<div class=\"left-img\"><img decoding=\"async\" src=\"https:\/\/bearcatmfg.com\/wp-content\/uploads\/2021\/09\/009-2-500x350.jpg\" alt=\"Los mejores esparcidores de virutas de Tennessee\" title=\"\"><\/div>\n<h3>Cont\u00e1ctenos<\/h3>\n<p>P\u00f3ngase en contacto con BearCat Manufacturing ahora si necesita m\u00e1s informaci\u00f3n sobre nuestros esparcidores de gravilla de primera categor\u00eda en Tennessee. Puede llamar al 928-684-7851 o rellenar nuestro <a href=\"https:\/\/bearcatmfg.com\/contact-us\/\">formulario de contacto en l\u00ednea<\/a> para solicitar un presupuesto o hacer una pregunta. Si su negocio es regional o nacional, tambi\u00e9n podemos proporcionarle excelentes equipos de mantenimiento de carreteras en <a href=\"https:\/\/bearcatmfg.com\/best-chip-seal-equipment-illinois\/\">Illinois<\/a>, <a href=\"https:\/\/bearcatmfg.com\/best-chip-seal-equipment-texas\/\">Texas<\/a> y <a href=\"https:\/\/bearcatmfg.com\/best-chip-seal-equipment-arizona\/\">Arizona<\/a>.<\/p>\n","protected":false},"excerpt":{"rendered":"<p>Los mejores resultados de los mejores esparcidores de virutas de Tennessee Lleve su negocio de mantenimiento de carreteras al siguiente nivel con los esparcidores de gravilla BearCat Manufacturing mejor valorados de Tennessee. Nuestros equipos de primera clase y nuestro servicio de atenci\u00f3n al cliente ofrecen varias ventajas que ayudar\u00e1n a su empresa a obtener una &hellip; <a href=\"https:\/\/bearcatmfg.com\/es\/los-mejores-esparcidores-de-virutas-de-tennessee\/\" class=\"more-link\">Continue reading <span class=\"screen-reader-text\">Los mejores esparcidores de virutas de Tennessee<\/span><\/a><\/p>\n","protected":false},"author":1,"featured_media":813,"parent":0,"menu_order":0,"comment_status":"closed","ping_status":"closed","template":"","meta":{"_acf_changed":false,"footnotes":""},"class_list":["post-2554","page","type-page","status-publish","has-post-thumbnail","hentry"],"acf":[],"_links":{"self":[{"href":"https:\/\/bearcatmfg.com\/es\/wp-json\/wp\/v2\/pages\/2554","targetHints":{"allow":["GET"]}}],"collection":[{"href":"https:\/\/bearcatmfg.com\/es\/wp-json\/wp\/v2\/pages"}],"about":[{"href":"https:\/\/bearcatmfg.com\/es\/wp-json\/wp\/v2\/types\/page"}],"author":[{"embeddable":true,"href":"https:\/\/bearcatmfg.com\/es\/wp-json\/wp\/v2\/users\/1"}],"replies":[{"embeddable":true,"href":"https:\/\/bearcatmfg.com\/es\/wp-json\/wp\/v2\/comments?post=2554"}],"version-history":[{"count":0,"href":"https:\/\/bearcatmfg.com\/es\/wp-json\/wp\/v2\/pages\/2554\/revisions"}],"wp:featuredmedia":[{"embeddable":true,"href":"https:\/\/bearcatmfg.com\/es\/wp-json\/wp\/v2\/media\/813"}],"wp:attachment":[{"href":"https:\/\/bearcatmfg.com\/es\/wp-json\/wp\/v2\/media?parent=2554"}],"curies":[{"name":"wp","href":"https:\/\/api.w.org\/{rel}","templated":true}]}}