{"id":2555,"date":"2023-12-18T10:52:47","date_gmt":"2023-12-18T10:52:47","guid":{"rendered":"https:\/\/bearcatmfg.com\/distribuidores-de-asfalto-mejor-valorados-de-arizona\/"},"modified":"2023-12-18T10:52:47","modified_gmt":"2023-12-18T10:52:47","slug":"distribuidores-de-asfalto-mejor-valorados-de-arizona","status":"publish","type":"page","link":"https:\/\/bearcatmfg.com\/es\/distribuidores-de-asfalto-mejor-valorados-de-arizona\/","title":{"rendered":"Distribuidores de asfalto mejor valorados de Arizona"},"content":{"rendered":"<h3>Elija los distribuidores de asfalto mejor valorados de BearCat Manufacturing en Arizona<\/h3>\n<p>Para completar los proyectos de pavimentaci\u00f3n, construcci\u00f3n y mantenimiento de carreteras de manera precisa y eficiente, elija los <a href=\"https:\/\/bearcatmfg.com\/top-rated-asphalt-distributors\/\">distribuidores de asfalto<\/a> mejor calificados en Arizona. <a href=\"https:\/\/bearcatmfg.com\/about-us\/\">BearCat Manufacturing<\/a> es un experto de confianza en la industria que puede proporcionarle el mejor equipo de mantenimiento de carreteras disponible. Los distribuidores de asfalto son un equipo crucial para la pavimentaci\u00f3n, la construcci\u00f3n y el mantenimiento de carreteras. Y son el complemento perfecto para su flota de <a href=\"https:\/\/bearcatmfg.com\/asphalt-repair-equipment-arizona\/\">equipos de<\/a> pavimentaci\u00f3n. Compruebe por qu\u00e9 quiere que BearCat forme parte de su equipo.<\/p>\n<h3>Acerca de BearCat Products<\/h3>\n<p>Los mejores distribuidores de asfalto de BearCat Manufacturing permiten a los equipos de mantenimiento de carreteras rociar entre 1000-4500 galones de asfalto l\u00edquido de forma segura y precisa en autopistas, carreteras y aparcamientos. Los contratistas de Arizona que conf\u00edan en las ventajas de la resistencia y durabilidad del asfalto pueden encontrar los distribuidores de asfalto mejor valorados que mejor se adapten a su trabajo y presupuesto. Ofrecemos <a href=\"https:\/\/bearcatmfg.com\/asphalt-distributor-trailer\/\">distribuidores<\/a> de asfalto est\u00e1ndar, distribuidores de asfalto de caucho granulado especializados y <a href=\"https:\/\/bearcatmfg.com\/best-asphalt-equipment\/\">equipos<\/a> adicionales de esparcimiento de asfalto.<\/p>\n<p>No s\u00f3lo puede encontrar sus distribuidores de asfalto de primera clase en Arizona en BearCat Manufacturing, sino que tambi\u00e9n encontrar\u00e1 los dem\u00e1s equipos que necesitar\u00e1 para sus proyectos. Disponemos de <a href=\"https:\/\/bearcatmfg.com\/asphalt-distributor-trailer\/\">remolques<\/a> de arrastre de asfalto que pueden ayudar a transportar m\u00e1s de 20 toneladas a su lugar de trabajo, adem\u00e1s de sistemas de pulverizaci\u00f3n para el control del polvo adaptados a la resistencia qu\u00edmica y otras aplicaciones. Tambi\u00e9n ofrecemos <a href=\"https:\/\/bearcatmfg.com\/top-rated-chip-spreaders\/\">esparcidores de gravilla<\/a>, <a href=\"https:\/\/bearcatmfg.com\/top-rated-crack-sealers-arizona\/\">selladores de grietas<\/a> y otros equipos personalizados para ayudarle con sus proyectos de pavimentaci\u00f3n y mantenimiento.<\/p>\n<h3>Al servicio de Arizona y m\u00e1s all\u00e1<\/h3>\n<p><a href=\"https:\/\/bearcatmfg.com\/about-us\/\">BearCat Manufacturing<\/a> tiene su sede en Arizona. No obstante, tambi\u00e9n atendemos a clientes del resto de Estados Unidos. Fundada en 1969, llevamos d\u00e9cadas innovando nuestros productos y garantizando niveles de rendimiento superiores en todo el sector. De hecho, estamos orgullosos de suministrar equipos de primera clase en los que conf\u00edan clientes de todo el mundo. Este hecho habla de la calidad y fiabilidad constantes de lo que ofrecemos.<\/p>\n<div class=\"left-img\"><img decoding=\"async\" src=\"https:\/\/bearcatmfg.com\/wp-content\/uploads\/2023\/10\/cracked-road-concrete-close-up.jpg\" alt=\"Los mejores distribuidores de asfalto de Arizona\" title=\"\"><\/div>\n<h3>Contacte con BearCat hoy mismo<\/h3>\n<p>Perm\u00edtanos ayudarle con cualquier proyecto de pavimentaci\u00f3n con nuestros distribuidores de asfalto de primera categor\u00eda en Arizona. Ll\u00e1menos hoy mismo al <a href=\"tel:9286847851\">928-684-7851<\/a>. O si lo prefiere, puede <a href=\"https:\/\/bearcatmfg.com\/contact-us\/\">ponerse en contacto con nosotros<\/a> a trav\u00e9s de nuestro formulario en l\u00ednea. Esperamos poder ofrecerle los mejores distribuidores de asfalto que necesite.<\/p>\n","protected":false},"excerpt":{"rendered":"<p>Elija los distribuidores de asfalto mejor valorados de BearCat Manufacturing en Arizona Para completar los proyectos de pavimentaci\u00f3n, construcci\u00f3n y mantenimiento de carreteras de manera precisa y eficiente, elija los distribuidores de asfalto mejor calificados en Arizona. BearCat Manufacturing es un experto de confianza en la industria que puede proporcionarle el mejor equipo de mantenimiento &hellip; <a href=\"https:\/\/bearcatmfg.com\/es\/distribuidores-de-asfalto-mejor-valorados-de-arizona\/\" class=\"more-link\">Continue reading <span class=\"screen-reader-text\">Distribuidores de asfalto mejor valorados de Arizona<\/span><\/a><\/p>\n","protected":false},"author":1,"featured_media":2371,"parent":0,"menu_order":0,"comment_status":"closed","ping_status":"closed","template":"","meta":{"_acf_changed":false,"footnotes":""},"class_list":["post-2555","page","type-page","status-publish","has-post-thumbnail","hentry"],"acf":[],"_links":{"self":[{"href":"https:\/\/bearcatmfg.com\/es\/wp-json\/wp\/v2\/pages\/2555","targetHints":{"allow":["GET"]}}],"collection":[{"href":"https:\/\/bearcatmfg.com\/es\/wp-json\/wp\/v2\/pages"}],"about":[{"href":"https:\/\/bearcatmfg.com\/es\/wp-json\/wp\/v2\/types\/page"}],"author":[{"embeddable":true,"href":"https:\/\/bearcatmfg.com\/es\/wp-json\/wp\/v2\/users\/1"}],"replies":[{"embeddable":true,"href":"https:\/\/bearcatmfg.com\/es\/wp-json\/wp\/v2\/comments?post=2555"}],"version-history":[{"count":0,"href":"https:\/\/bearcatmfg.com\/es\/wp-json\/wp\/v2\/pages\/2555\/revisions"}],"wp:featuredmedia":[{"embeddable":true,"href":"https:\/\/bearcatmfg.com\/es\/wp-json\/wp\/v2\/media\/2371"}],"wp:attachment":[{"href":"https:\/\/bearcatmfg.com\/es\/wp-json\/wp\/v2\/media?parent=2555"}],"curies":[{"name":"wp","href":"https:\/\/api.w.org\/{rel}","templated":true}]}}