{"id":2556,"date":"2023-12-18T10:52:47","date_gmt":"2023-12-18T10:52:47","guid":{"rendered":"https:\/\/bearcatmfg.com\/los-mejores-esparcidores-de-virutas-de-illinois\/"},"modified":"2023-12-18T10:52:47","modified_gmt":"2023-12-18T10:52:47","slug":"los-mejores-esparcidores-de-virutas-de-illinois","status":"publish","type":"page","link":"https:\/\/bearcatmfg.com\/es\/los-mejores-esparcidores-de-virutas-de-illinois\/","title":{"rendered":"Los mejores esparcidores de virutas de Illinois"},"content":{"rendered":"<h3>Simplifique el mantenimiento de carreteras con los mejores esparcidores de gravilla de Illinois<\/h3>\n<p>Los contratistas de asfalto pueden acortar el tiempo de entrega en los proyectos de mantenimiento de carreteras con los esparcidores de gravilla de mayor calidad de BearCat Manufacturing en Illinois. Nuestros esparcidores de gravilla incorporan los \u00faltimos avances tecnol\u00f3gicos, como una construcci\u00f3n duradera, sistemas de refrigeraci\u00f3n hidr\u00e1ulica y control de velocidad por ordenador. Dise\u00f1amos y fabricamos nuestros esparcidores de gravilla para aplicar con precisi\u00f3n \u00e1ridos controlados durante el proceso de sellado de gravilla. Como resultado, se reduce la cantidad de material necesario y se acelera el proceso de asfaltado. Para obtener m\u00e1s informaci\u00f3n, <a href=\"https:\/\/bearcatmfg.com\/contact-us\/\">env\u00ede un correo electr\u00f3nico a BearCat Manufacturing<\/a> hoy mismo para obtener m\u00e1s informaci\u00f3n sobre nuestros equipos y sistemas de mantenimiento de asfalto de primera clase. Respaldamos todos nuestros equipos con un excelente servicio de atenci\u00f3n al cliente y proporcionamos informaci\u00f3n \u00fatil, como <a href=\"https:\/\/bearcatmfg.com\/manuals-parts\/\">manuales de productos<\/a>, en nuestro sitio web.<\/p>\n<h3>Las mejores ventajas de los esparcidores de virutas de primera clase<\/h3>\n<p>Su empresa de mantenimiento de asfalto puede experimentar varias ventajas \u00fanicas con nuestros esparcidores de gravilla de primera categor\u00eda en Illinois. Nuestros equipos cuentan con una tolva de distribuci\u00f3n de anchura variable, un sistema de transmisi\u00f3n hidrost\u00e1tica y otros elementos de dise\u00f1o que mejoran la eficiencia. Estas son algunas de las mejores razones para elegir los esparcidores de virutas de BearCat Manufacturing:<\/p>\n<ul>\n<li><strong>Ahorro de costes &#8211; <\/strong>Nuestros esparcidores de gravilla ofrecen un ahorro de dinero debido a la menor demanda de mano de obra, al uso de asfalto reciclado y a la mayor rapidez en la finalizaci\u00f3n de los proyectos.<\/li>\n<li><strong>Durabilidad &#8211; <\/strong>Nuestros equipos siguen funcionando mucho despu\u00e9s que muchas otras alternativas est\u00e1ndar gracias a su tecnolog\u00eda de vanguardia y a sus caracter\u00edsticas de dise\u00f1o.<\/li>\n<li><strong>Caracter\u00edsticas de dise\u00f1o impresionantes &#8211; <\/strong>Cuando elige esparcidores de virutas BearCat, obtiene algunas de las mejores caracter\u00edsticas y rendimiento de la industria gracias a nuestros sistemas de refrigeraci\u00f3n hidr\u00e1ulica, control de velocidad por ordenador y distribuci\u00f3n de esparcido ajustable.<\/li>\n<\/ul>\n<h3>Los mejores equipos de asfaltado de Illinois<\/h3>\n<p>Los equipos de BearCat Manufacturing tambi\u00e9n ayudan a su empresa contratista de asfalto a destacar entre la multitud con un mejor rendimiento de la carretera. Estas son algunas de las interesantes ventajas a las que puede hacer referencia durante el proceso de licitaci\u00f3n del proyecto con nuestros esparcidores de gravilla de primera categor\u00eda en Illinois.<\/p>\n<ul>\n<li><strong>Aumento de la vida \u00fatil &#8211; <\/strong>Puede ofrecer a sus clientes un ahorro en los costes de mantenimiento de las carreteras aplicando sellados de virutas que prolongan la vida \u00fatil del asfalto.<\/li>\n<li><strong>Mayor resistencia a los derrapes &#8211; <\/strong>Las carreteras con una superficie de sellado de gravilla ofrecen unas condiciones de conducci\u00f3n m\u00e1s seguras al ofrecer una mayor resistencia a los derrapes de los veh\u00edculos que el asfalto tradicional.<\/li>\n<li><strong>Prevenci\u00f3n del deterioro &#8211; <\/strong>Las superficies de sellado de virutas tambi\u00e9n ralentizan el ritmo de degradaci\u00f3n de la superficie en comparaci\u00f3n con las superficies de asfalto est\u00e1ndar.<\/li>\n<li><strong>Elimine las necesidades de <\/strong>sellado de grietas &#8211; Ya no hay necesidad de servicios de sellado de grietas cuando se aplica un sellado de virutas.<\/li>\n<li><strong>Barreras m\u00e1s fuertes &#8211; <\/strong>Las superficies de asfalto crean una barrera m\u00e1s resistente a los productos qu\u00edmicos, el agua y la humedad que se filtran por debajo de la superficie del pavimento y causan da\u00f1os.<\/li>\n<li><strong>Reducci\u00f3n del deslumbramiento &#8211; <\/strong>El pavimento de asfalto troceado tambi\u00e9n reduce la cantidad de deslumbramiento en la superficie en comparaci\u00f3n con el asfalto tradicional, haciendo que las condiciones de conducci\u00f3n sean m\u00e1s seguras y agradables.<\/li>\n<li><strong>Autorreparaci\u00f3n &#8211; <\/strong>A medida que suben las temperaturas, el ligante asf\u00e1ltico se ablanda y fluye, haciendo que se cierre cualquier imperfecci\u00f3n o peque\u00f1a grieta. Este proceso natural mantiene la integridad de la superficie del pavimento sin requerir servicios de mantenimiento adicionales.<\/li>\n<\/ul>\n<div class=\"left-img\"><img decoding=\"async\" src=\"https:\/\/bearcatmfg.com\/wp-content\/uploads\/2021\/09\/main-4-500x350.jpg\" alt=\"Los mejores esparcidores de virutas de Illinois\" title=\"\"><\/div>\n<h3>Cont\u00e1ctenos<\/h3>\n<p>\u00bfDesea un presupuesto gratuito o m\u00e1s informaci\u00f3n sobre nuestros esparcidores de gravilla de primera clase en Illinois? Entonces, <a href=\"https:\/\/bearcatmfg.com\/contact-us\/\">p\u00f3ngase en contacto con nosotros<\/a> ahora para recibir la informaci\u00f3n que necesita. \u00bfEst\u00e1 ampliando sus operaciones para ofrecer servicios regionales o nacionales? Adem\u00e1s de los <a href=\"https:\/\/bearcatmfg.com\/best-chip-seal-equipment-illinois\/\">mejores equipos de asfaltado de Illinois<\/a>, BearCat Manufacturing tambi\u00e9n ofrece las mejores soluciones en <a href=\"https:\/\/bearcatmfg.com\/best-chip-seal-equipment-arizona\/\">Arizona<\/a>, <a href=\"https:\/\/bearcatmfg.com\/best-chip-seal-equipment-texas\/\">Texas<\/a> y <a href=\"https:\/\/bearcatmfg.com\/best-chip-seal-equipment-tennessee\/\">Tennessee<\/a>. Ll\u00e1menos al 928-684-7851 para cualquier ayuda que necesite con la compra de nuevos esparcidores de virutas, piezas para los existentes, o para preguntar sobre nuestras escuelas de clientes.<\/p>\n","protected":false},"excerpt":{"rendered":"<p>Simplifique el mantenimiento de carreteras con los mejores esparcidores de gravilla de Illinois Los contratistas de asfalto pueden acortar el tiempo de entrega en los proyectos de mantenimiento de carreteras con los esparcidores de gravilla de mayor calidad de BearCat Manufacturing en Illinois. Nuestros esparcidores de gravilla incorporan los \u00faltimos avances tecnol\u00f3gicos, como una construcci\u00f3n &hellip; <a href=\"https:\/\/bearcatmfg.com\/es\/los-mejores-esparcidores-de-virutas-de-illinois\/\" class=\"more-link\">Continue reading <span class=\"screen-reader-text\">Los mejores esparcidores de virutas de Illinois<\/span><\/a><\/p>\n","protected":false},"author":1,"featured_media":762,"parent":0,"menu_order":0,"comment_status":"closed","ping_status":"closed","template":"","meta":{"_acf_changed":false,"footnotes":""},"class_list":["post-2556","page","type-page","status-publish","has-post-thumbnail","hentry"],"acf":[],"_links":{"self":[{"href":"https:\/\/bearcatmfg.com\/es\/wp-json\/wp\/v2\/pages\/2556","targetHints":{"allow":["GET"]}}],"collection":[{"href":"https:\/\/bearcatmfg.com\/es\/wp-json\/wp\/v2\/pages"}],"about":[{"href":"https:\/\/bearcatmfg.com\/es\/wp-json\/wp\/v2\/types\/page"}],"author":[{"embeddable":true,"href":"https:\/\/bearcatmfg.com\/es\/wp-json\/wp\/v2\/users\/1"}],"replies":[{"embeddable":true,"href":"https:\/\/bearcatmfg.com\/es\/wp-json\/wp\/v2\/comments?post=2556"}],"version-history":[{"count":0,"href":"https:\/\/bearcatmfg.com\/es\/wp-json\/wp\/v2\/pages\/2556\/revisions"}],"wp:featuredmedia":[{"embeddable":true,"href":"https:\/\/bearcatmfg.com\/es\/wp-json\/wp\/v2\/media\/762"}],"wp:attachment":[{"href":"https:\/\/bearcatmfg.com\/es\/wp-json\/wp\/v2\/media?parent=2556"}],"curies":[{"name":"wp","href":"https:\/\/api.w.org\/{rel}","templated":true}]}}