{"id":2557,"date":"2023-12-18T10:52:47","date_gmt":"2023-12-18T10:52:47","guid":{"rendered":"https:\/\/bearcatmfg.com\/el-mejor-equipo-de-asfaltado-de-texas\/"},"modified":"2023-12-18T10:52:47","modified_gmt":"2023-12-18T10:52:47","slug":"el-mejor-equipo-de-asfaltado-de-texas","status":"publish","type":"page","link":"https:\/\/bearcatmfg.com\/es\/el-mejor-equipo-de-asfaltado-de-texas\/","title":{"rendered":"El mejor equipo de asfaltado de Texas"},"content":{"rendered":"<h3>Desarrolle su empresa de asfalto con el mejor equipo de asfaltado de Texas<\/h3>\n<p>Los contratistas de asfalto de todo Texas tienen mucho trabajo por delante. Texas es el estado m\u00e1s grande de EE.UU. y est\u00e1 en continuo crecimiento, lo que significa que la necesidad de cuidado, mantenimiento y reparaci\u00f3n de las carreteras es crucial. Sin embargo, mantenerse al d\u00eda con el flujo de trabajo puede ser todo un reto si no se cuenta con el mejor <a href=\"https:\/\/bearcatmfg.com\/top-rated-chip-seal-equipment\/\">equipo de asfaltado<\/a> de Texas. Afortunadamente, los contratistas de asfalto en el estado de la Estrella Solitaria no tienen que preocuparse por encontrar el mejor equipo; \u00a1lo mejor ya est\u00e1 disponible con BearCat Manufacturing!<\/p>\n<h3>\u00bfQu\u00e9 necesita para el sellado de virutas?<\/h3>\n<p>Si <a href=\"https:\/\/bearcatmfg.com\/chip-seal-paving\/\">el sellado de gravilla<\/a> no es un servicio que ofrezca ya su empresa de asfalto, \u00a1deber\u00eda serlo! Los recubrimientos de asfalto en carreteras asfaltadas benefician tanto a los clientes como a los contratistas. Entre la reducci\u00f3n de los costes de material, los r\u00e1pidos plazos de entrega y el refuerzo de las carreteras, no es de extra\u00f1ar que el sellado de virutas sea un <a href=\"https:\/\/bearcatmfg.com\/asphalt-resurfacing\/\">servicio de asfalto<\/a> tan popular. Y su empresa tambi\u00e9n puede ofrecer este servicio con equipos como:<\/p>\n<ul>\n<li><strong>Distribuidores de asfalto<\/strong>\n<ul>\n<li>La primera parte del proceso de sellado consiste en colocar asfalto l\u00edquido sobre la calzada que se va a restaurar. Utilizando m\u00e1quinas como <a href=\"https:\/\/bearcatmfg.com\/asphalt-distributors-texas\/\">los distribuidores de asfalto<\/a>, este paso es sencillo de aplicar. El distribuidor BC-502 de BearCat, conocido como \u00abla leyenda\u00bb, est\u00e1 a la altura. Nuestra l\u00ednea de distribuidores de asfalto supera la velocidad, durabilidad y precisi\u00f3n de otros distribuidores del sector.<\/li>\n<\/ul>\n<\/li>\n<li><a href=\"https:\/\/bearcatmfg.com\/top-rated-chip-spreaders-texas\/\"><strong>Esparcidores de virutas<\/strong><\/a>\n<ul>\n<li>Tras aplicar una capa de asfalto l\u00edquido al pavimento, se esparcen virutas de aglomerado asf\u00e1ltico por encima y se prensan en su superficie. Y para gestionar eficazmente el esparcimiento de las virutas de asfalto, los contratistas cuentan con la astilladora en t\u00e1ndem de BearCat. Nuestros <a href=\"https:\/\/bearcatmfg.com\/chip-spreaders-texas\/\">esparcidores de aglomerado as<\/a> f\u00e1ltico de alta gama ofrecen a los contratistas un mayor control sobre el tama\u00f1o de la gravilla y la velocidad de aplicaci\u00f3n, perfeccionando a\u00fan m\u00e1s el proceso de sellado de gravilla.<\/li>\n<\/ul>\n<\/li>\n<li><strong>Equipo personalizado<\/strong>\n<ul>\n<li>Adem\u00e1s de los dos equipos principales que necesitar\u00e1 para los servicios de sellado de virutas de alta calidad, BearCat tambi\u00e9n suministra <a href=\"https:\/\/bearcatmfg.com\/product-category\/custom-equipment\/\">equipos<\/a> m\u00e1s <a href=\"https:\/\/bearcatmfg.com\/product-category\/custom-equipment\/\">exclusivos para el sellado de virutas<\/a>. Una de estas m\u00e1quinas, la SP-200 Roadtec Spray Paver, combina la funci\u00f3n de los distribuidores y esparcidores de gravilla en una sola m\u00e1quina. Adem\u00e1s, nuestro sistema de espumado de virutas previo a la capa de revestimiento permite crear uniones m\u00e1s fuertes entre las virutas de \u00e1ridos y la superficie del pavimento.<\/li>\n<\/ul>\n<\/li>\n<\/ul>\n<div class=\"left-img\"><img loading=\"lazy\" decoding=\"async\" class=\"alignnone\" src=\"https:\/\/bearcatmfg.com\/wp-content\/uploads\/2021\/10\/IMG_2186-Copy-scaled.jpg\" alt=\"Un cami\u00f3n distribuidor BearCat, una pieza del mejor equipo de asfaltado de Texas\" width=\"2560\" height=\"1707\" title=\"\"><\/div>\n<h3>\u00bfPor qu\u00e9 confiar en BearCat?<\/h3>\n<p>Hay pocos contratistas en la industria del asfalto que no hayan trabajado antes con BearCat MFG. Lideramos el sector en la creaci\u00f3n de los <a href=\"https:\/\/bearcatmfg.com\/asphalt-maintenance\/\">equipos de mantenimiento de asfalto<\/a> m\u00e1s duraderos y avanzados. Lo que empez\u00f3 como una simple modificaci\u00f3n de la cabina de un distribuidor en 1969 llev\u00f3 a la creaci\u00f3n de uno de los mayores nombres de la industria del asfalto. En la actualidad, nuestra visi\u00f3n es ver un mundo con maquinaria de mantenimiento de carreteras m\u00e1s limpia, ecol\u00f3gica y eficiente; \u00a1por eso dise\u00f1amos los mejores equipos de asfaltado de <a href=\"https:\/\/bearcatmfg.com\/top-rated-chip-seal-equipment-texas\/\">Texas<\/a>!<\/p>\n<h3>Ll\u00e1menos<\/h3>\n<p>Tenga la seguridad de que cuando necesite el mejor equipo de asfaltado de Texas, su empresa contratista de asfalto puede confiar en la calidad y durabilidad de la maquinaria de BearCat Manufacturing. Para obtener m\u00e1s informaci\u00f3n sobre nuestros productos de asfalto o solicitar un presupuesto, p\u00f3ngase en contacto con nosotros en el <a href=\"tel:9286847851\">928-684-7851<\/a>. Estamos ubicados en 3650 N Sabin Brown Rd, Wickenburg, AZ 85390. BearCat Manufacturing tiene su sede en <a href=\"https:\/\/bearcatmfg.com\/best-chip-seal-equipment-arizona\/\">Arizona<\/a> y presta servicio a clientes de <a href=\"https:\/\/bearcatmfg.com\/best-chip-seal-equipment-illinois\/\">Illinois<\/a>, <a href=\"https:\/\/bearcatmfg.com\/best-chip-seal-equipment-tennessee\/\">Tennessee<\/a>, <a href=\"https:\/\/bearcatmfg.com\/asphalt-chip-spreaders-texas\/\">Texas<\/a> y Estados Unidos.<\/p>\n","protected":false},"excerpt":{"rendered":"<p>Desarrolle su empresa de asfalto con el mejor equipo de asfaltado de Texas Los contratistas de asfalto de todo Texas tienen mucho trabajo por delante. Texas es el estado m\u00e1s grande de EE.UU. y est\u00e1 en continuo crecimiento, lo que significa que la necesidad de cuidado, mantenimiento y reparaci\u00f3n de las carreteras es crucial. Sin &hellip; <a href=\"https:\/\/bearcatmfg.com\/es\/el-mejor-equipo-de-asfaltado-de-texas\/\" class=\"more-link\">Continue reading <span class=\"screen-reader-text\">El mejor equipo de asfaltado de Texas<\/span><\/a><\/p>\n","protected":false},"author":1,"featured_media":762,"parent":0,"menu_order":0,"comment_status":"closed","ping_status":"closed","template":"","meta":{"_acf_changed":false,"footnotes":""},"class_list":["post-2557","page","type-page","status-publish","has-post-thumbnail","hentry"],"acf":[],"_links":{"self":[{"href":"https:\/\/bearcatmfg.com\/es\/wp-json\/wp\/v2\/pages\/2557","targetHints":{"allow":["GET"]}}],"collection":[{"href":"https:\/\/bearcatmfg.com\/es\/wp-json\/wp\/v2\/pages"}],"about":[{"href":"https:\/\/bearcatmfg.com\/es\/wp-json\/wp\/v2\/types\/page"}],"author":[{"embeddable":true,"href":"https:\/\/bearcatmfg.com\/es\/wp-json\/wp\/v2\/users\/1"}],"replies":[{"embeddable":true,"href":"https:\/\/bearcatmfg.com\/es\/wp-json\/wp\/v2\/comments?post=2557"}],"version-history":[{"count":0,"href":"https:\/\/bearcatmfg.com\/es\/wp-json\/wp\/v2\/pages\/2557\/revisions"}],"wp:featuredmedia":[{"embeddable":true,"href":"https:\/\/bearcatmfg.com\/es\/wp-json\/wp\/v2\/media\/762"}],"wp:attachment":[{"href":"https:\/\/bearcatmfg.com\/es\/wp-json\/wp\/v2\/media?parent=2557"}],"curies":[{"name":"wp","href":"https:\/\/api.w.org\/{rel}","templated":true}]}}