{"id":2558,"date":"2023-12-18T10:52:47","date_gmt":"2023-12-18T10:52:47","guid":{"rendered":"https:\/\/bearcatmfg.com\/los-mejores-esparcidores-de-virutas-de-texas\/"},"modified":"2023-12-18T10:52:47","modified_gmt":"2023-12-18T10:52:47","slug":"los-mejores-esparcidores-de-virutas-de-texas","status":"publish","type":"page","link":"https:\/\/bearcatmfg.com\/es\/los-mejores-esparcidores-de-virutas-de-texas\/","title":{"rendered":"Los mejores esparcidores de virutas de Texas"},"content":{"rendered":"<h3>La mejor selecci\u00f3n de esparcidores de virutas en Texas<\/h3>\n<p>BearCat Manufacturing proporciona equipos de mantenimiento de carreteras de primera clase, como nuestros esparcidores de gravilla mejor valorados en Texas. Puede elegir entre nuestra astilladora t\u00e1ndem de 20 pies o nuestra astilladora stealth de 16 pies. Ambas opciones te ofrecen las siguientes prestaciones:<\/p>\n<ul>\n<li>Tolva trasera abatible<\/li>\n<li>Motor Cummins de 275 caballos<\/li>\n<li>Cintas de gran capacidad de 20 a 30 pulgadas<\/li>\n<li>Control de tasa computarizado<\/li>\n<li>Sistemas de refrigeraci\u00f3n hidr\u00e1ulica<\/li>\n<li>Sistema de transmisi\u00f3n hidrost\u00e1tica<\/li>\n<li>Tolva de distribuci\u00f3n de anchura variable<\/li>\n<\/ul>\n<p>Puede visitar nuestro sitio web para obtener la <a href=\"https:\/\/bearcatmfg.com\/wp-content\/uploads\/2021\/09\/2017chip816.pdf\">hoja de especificaciones completa de la astilladora stealth de 16 pies<\/a> y la <a href=\"https:\/\/bearcatmfg.com\/wp-content\/uploads\/2021\/09\/2017CRC1020Brochure.pdf\">hoja de especificaciones completa de la astilladora tandem de 20 pies<\/a>. <a href=\"https:\/\/bearcatmfg.com\/contact-us\/\">P\u00f3ngase en contacto con BearCat Manufacturing<\/a> para obtener m\u00e1s informaci\u00f3n sobre los <a href=\"https:\/\/bearcatmfg.com\/best-chip-seal-equipment-texas\/\">mejores equipos de astillado en Texas<\/a>, <a href=\"https:\/\/ridgestonecap.com\/apply-now\/bearcatmfg\/\" target=\"_blank\" rel=\"noopener\">opciones flexibles de financiamiento<\/a> y nuestras <a href=\"https:\/\/bearcatmfg.com\/training\/\">escuelas para clientes<\/a>.<\/p>\n<h3>Esparcidor de virutas Stealth 16<\/h3>\n<p>Esta es la opci\u00f3n m\u00e1s peque\u00f1a entre nuestros mejores esparcidores de virutas en Texas. Con esta m\u00e1quina, puede elegir entre una distribuci\u00f3n de virutas de 8 a 16 pies. Adem\u00e1s, recibir\u00e1 las siguientes prestaciones:<\/p>\n<ul>\n<li>Bajo mantenimiento\n<ul>\n<li>Los sensores ultras\u00f3nicos sin contacto de la cinta miden la altura de la pila de virutas y ofrecen un control de encendido y apagado de la velocidad de la cinta.<\/li>\n<\/ul>\n<\/li>\n<li>Cilindros de posici\u00f3n CAM\n<ul>\n<li>Cilindros sensores accionados por un sistema hidr\u00e1ulico<\/li>\n<li>Sensor de porcentaje de apertura de efecto Hall sin contacto<\/li>\n<li>Control preciso y fiable de la posici\u00f3n de la puerta CAM<\/li>\n<\/ul>\n<\/li>\n<li>Caracter\u00edsticas de dise\u00f1o\n<ul>\n<li>275 CV Cummins QSB6.7L Tier3 6 cilindros. diesel.<\/li>\n<li>Motor Tier 4 disponible<\/li>\n<li>Puesto de mando \u00fanico, basculante a izquierda y derecha.<\/li>\n<li>Tracci\u00f3n delantera (4&#215;4 opcional).<\/li>\n<li>Control de velocidad por ordenador (CRC) de \u00faltima generaci\u00f3n.<\/li>\n<li>Piezas comunes con la astilladora en t\u00e1ndem de 10&#8242; &#8211; 20<\/li>\n<\/ul>\n<\/li>\n<li>Tolva de dispersi\u00f3n\n<ul>\n<li>Las tolvas en t\u00e1ndem de construcci\u00f3n de acero HSLA se extienden de 8&#8242; a 16&#8242;.<\/li>\n<li>Un sinf\u00edn de 14&#8243; resistente a la abrasi\u00f3n mueve los materiales hacia las compuertas exteriores.<\/li>\n<li>Sin agitador ni rodillo de dispersi\u00f3n que desgasten o limiten la producci\u00f3n.<\/li>\n<li>Los objetos de gran tama\u00f1o pasan a trav\u00e9s de la abertura m\u00e1s grande del sector.<\/li>\n<li>El dise\u00f1o en t\u00e1ndem permite arranques en l\u00ednea recta y un desperdicio m\u00ednimo de \u00e1ridos.<\/li>\n<\/ul>\n<\/li>\n<\/ul>\n<h3>Esparcidor de virutas t\u00e1ndem de 20<\/h3>\n<p>La opci\u00f3n m\u00e1s grande entre nuestros esparcidores de virutas mejor valorados en Texas es conocida por su alta productividad. Viene con caracter\u00edsticas de dise\u00f1o similares, tolva esparcida, cilindros de posici\u00f3n CAM y bajo mantenimiento como la astilladora de pie de 16&#8242;. Sin embargo, obtendr\u00e1 la ventaja a\u00f1adida de una extensi\u00f3n de 3 a 4 metros sobre la marcha. Esta astilladora tambi\u00e9n ofrece correas de 30 pulgadas de gran capacidad.<\/p>\n<h3>\u00bfPor qu\u00e9 invertir en equipos de asfaltado?<\/h3>\n<p>Usted puede posicionar su negocio de mantenimiento de carreteras favorablemente durante el proceso de licitaci\u00f3n con varios beneficios \u00fanicos con nuestros mejores esparcidores de gravilla en Texas. Nuestros equipos y sistemas de asfaltado ofrecen un mejor rendimiento y m\u00e1s seguridad en el pavimento para sus clientes. Las principales razones para invertir en nuestro equipo de asfaltado son los siguientes beneficios:<\/p>\n<ul>\n<li>Las superficies de asfalto ofrecen unas condiciones de conducci\u00f3n m\u00e1s seguras gracias a un menor deslumbramiento y una mayor resistencia al derrape.<\/li>\n<li>Las carreteras, los aparcamientos, las calzadas, etc. duran m\u00e1s con superficies de sellado de virutas. Evitan que la humedad, el agua, el aceite, el gas y otros productos qu\u00edmicos nocivos se filtren en el pavimento y degraden las capas de base.<\/li>\n<li>Los costes de mantenimiento se reducen con el sellado de gravilla porque ya no necesita servicios de sellado de grietas. Adem\u00e1s, el sellado de virutas se repara a s\u00ed mismo durante los periodos de mucho calor porque el agente adhesivo se ablanda y fluye para reparar las deformidades.<\/li>\n<\/ul>\n<div class=\"left-img\"><img decoding=\"async\" src=\"https:\/\/bearcatmfg.com\/wp-content\/uploads\/2021\/09\/spreader_img1-500x350.jpg\" alt=\"Los mejores esparcidores de virutas de Texas\" title=\"\"><\/div>\n<h3>Cont\u00e1ctenos<\/h3>\n<p>BearCat Manufacturing ofrece equipos de primera clase, un excelente servicio de atenci\u00f3n al cliente y los mejores esparcidores de gravilla de Texas. Llame ahora a nuestro equipo al <a href=\"tel:9286847851\">928-684-7851<\/a> o <a href=\"https:\/\/bearcatmfg.com\/contact-us\/\">env\u00edenos un correo electr\u00f3nico<\/a> para solicitar m\u00e1s informaci\u00f3n. Si su negocio es regional o nacional, tambi\u00e9n podemos proporcionarle excelentes equipos de mantenimiento de carreteras en <a href=\"https:\/\/bearcatmfg.com\/best-chip-seal-equipment-illinois\/\">Illinois<\/a>, <a href=\"https:\/\/bearcatmfg.com\/best-chip-seal-equipment-arizona\/\">Arizona<\/a> y <a href=\"https:\/\/bearcatmfg.com\/best-chip-seal-equipment-tennessee\/\">Tennessee<\/a>.<\/p>\n","protected":false},"excerpt":{"rendered":"<p>La mejor selecci\u00f3n de esparcidores de virutas en Texas BearCat Manufacturing proporciona equipos de mantenimiento de carreteras de primera clase, como nuestros esparcidores de gravilla mejor valorados en Texas. Puede elegir entre nuestra astilladora t\u00e1ndem de 20 pies o nuestra astilladora stealth de 16 pies. Ambas opciones te ofrecen las siguientes prestaciones: Tolva trasera abatible &hellip; <a href=\"https:\/\/bearcatmfg.com\/es\/los-mejores-esparcidores-de-virutas-de-texas\/\" class=\"more-link\">Continue reading <span class=\"screen-reader-text\">Los mejores esparcidores de virutas de Texas<\/span><\/a><\/p>\n","protected":false},"author":1,"featured_media":809,"parent":0,"menu_order":0,"comment_status":"closed","ping_status":"closed","template":"","meta":{"_acf_changed":false,"footnotes":""},"class_list":["post-2558","page","type-page","status-publish","has-post-thumbnail","hentry"],"acf":[],"_links":{"self":[{"href":"https:\/\/bearcatmfg.com\/es\/wp-json\/wp\/v2\/pages\/2558","targetHints":{"allow":["GET"]}}],"collection":[{"href":"https:\/\/bearcatmfg.com\/es\/wp-json\/wp\/v2\/pages"}],"about":[{"href":"https:\/\/bearcatmfg.com\/es\/wp-json\/wp\/v2\/types\/page"}],"author":[{"embeddable":true,"href":"https:\/\/bearcatmfg.com\/es\/wp-json\/wp\/v2\/users\/1"}],"replies":[{"embeddable":true,"href":"https:\/\/bearcatmfg.com\/es\/wp-json\/wp\/v2\/comments?post=2558"}],"version-history":[{"count":0,"href":"https:\/\/bearcatmfg.com\/es\/wp-json\/wp\/v2\/pages\/2558\/revisions"}],"wp:featuredmedia":[{"embeddable":true,"href":"https:\/\/bearcatmfg.com\/es\/wp-json\/wp\/v2\/media\/809"}],"wp:attachment":[{"href":"https:\/\/bearcatmfg.com\/es\/wp-json\/wp\/v2\/media?parent=2558"}],"curies":[{"name":"wp","href":"https:\/\/api.w.org\/{rel}","templated":true}]}}