{"id":2559,"date":"2023-12-18T10:52:49","date_gmt":"2023-12-18T10:52:49","guid":{"rendered":"https:\/\/bearcatmfg.com\/el-mejor-equipo-de-asfaltado-de-illinois\/"},"modified":"2024-04-28T15:04:31","modified_gmt":"2024-04-28T15:04:31","slug":"el-mejor-equipo-de-asfaltado-de-illinois","status":"publish","type":"page","link":"https:\/\/bearcatmfg.com\/es\/el-mejor-equipo-de-asfaltado-de-illinois\/","title":{"rendered":"El mejor equipo de asfaltado de Illinois"},"content":{"rendered":"<h3>\u00bfQui\u00e9n tiene el mejor equipo de asfaltado de Illinois<strong>?<\/strong><\/h3>\n<p>Con la llegada de la primavera y el verano en Illinois, no faltan las obras y el mantenimiento de carreteras. Y s\u00f3lo los contratistas de asfalto m\u00e1s r\u00e1pidos y dedicados pueden seguir el ritmo de la demanda de los clientes en todo el Estado de las Praderas. Sin embargo, ser el mejor contratista de asfalto significa tener el <a href=\"https:\/\/bearcatmfg.com\/best-chip-seal-equipment\/\">mejor equipo de asfaltado<\/a> de Illinois. Invertir en <a href=\"https:\/\/bearcatmfg.com\/asphalt-machines\/\">m\u00e1quinas de asfalto<\/a> dise\u00f1adas y fabricadas por BearCat Manufacturing le ayudar\u00e1 a conseguir este objetivo. Vea lo que BearCat tiene disponible llamando hoy mismo.<\/p>\n<h3>\u00bfPor qu\u00e9 confiar en BearCat?<\/h3>\n<p>El equipamiento de BearCat es insuperable. Desde la fundaci\u00f3n de BearCat, hemos estado a la vanguardia de la innovaci\u00f3n de los \u00faltimos equipos y maquinaria de asfalto, con nuestros equipos de sellado de virutas a la cabeza. Todo empez\u00f3 con unos sencillos ajustes en un distribuidor, que permit\u00edan controlar sus funciones en la cabina. Desde entonces, BearCat se ha dado a conocer por centrarse en la simplicidad, la comodidad y la eficiencia en todos los equipos que dise\u00f1a. Los contratistas eligen BearCat porque lo entienden:<\/p>\n<ul>\n<li><strong>Nuestra experiencia<\/strong> &#8211; BearCat fue fundada en 1969 por Ken Hill y el cofundador Don Carson. Ahora, BearCat cuenta con el respaldo de m\u00e1s de 50 a\u00f1os de experiencia en el sector de los equipos de mantenimiento de carreteras.<\/li>\n<li><strong>Nuestra innovaci\u00f3n<\/strong> &#8211; BearCat fue una de las primeras empresas en desarrollar controles m\u00e1s sencillos para maquinaria pesada de asfalto. Nuestra innovaci\u00f3n ha dado lugar a la creaci\u00f3n de controles de tasa informatizados para nuestros distribuidores y esparcidores de gravilla.<\/li>\n<li><strong>Nuestro alcance<\/strong> &#8211; No s\u00f3lo atendemos a contratistas en Illinois. De hecho, servimos a contratistas de asfalto de todo el mundo. Nuestros equipos se pueden encontrar en Estados Unidos, Canad\u00e1, Am\u00e9rica Central y del Sur, \u00c1frica y Europa.<\/li>\n<li><strong>Nuestro servicio<\/strong> &#8211; En BearCat, nos esforzamos por ofrecer un servicio de atenci\u00f3n al cliente de primera clase. Cuando tenga preguntas sobre su equipo, necesite sustituir una pieza o necesite ayuda adicional, nuestro amable equipo de expertos en m\u00e1quinas de asfalto estar\u00e1 a su disposici\u00f3n en cualquier momento.<\/li>\n<\/ul>\n<h3>Sellado de virutas bien hecho<\/h3>\n<p>Para conseguir unos servicios de sellado de virutas r\u00e1pidos y de alta calidad, necesitas la precisi\u00f3n, rapidez y durabilidad del mejor <a href=\"https:\/\/bearcatmfg.com\/what-equipment-do-i-need-for-chip-seal-paving\/\">equipo de sellado de vir<\/a> utas de Illinois. BearCat Manufacturing suministra distribuidores de asfalto, esparcidores de gravilla y equipos personalizados para contratistas de asfalto que desean ofrecer o mejorar su servicio de sellado de gravilla.<\/p>\n<ul>\n<li><strong>Distribuidores de asfalto<\/strong>\n<ul>\n<li>Durante el sellado de virutas, se aplica una capa inicial de asfalto l\u00edquido a la superficie del pavimento <a href=\"https:\/\/bearcatmfg.com\/asphalt-distributors-illinois\/\">mediante distribuidores de asfalto<\/a>. Los distribuidores BC-502 de BearCat son de primera l\u00ednea y conocidos por muchos en toda la industria del asfalto como \u00abla leyenda\u00bb. Nuestros distribuidores disponen de controles informatizados, dep\u00f3sitos de acero de gran capacidad, barras pulverizadoras ajustables y mucho m\u00e1s.<\/li>\n<\/ul>\n<\/li>\n<li><strong>Esparcidores de virutas<\/strong>\n<ul>\n<li>Despu\u00e9s de aplicar el asfalto l\u00edquido al pavimento, se esparcen virutas de asfalto \u00e1rido sobre la superficie adhesiva y se siguen fundiendo con la calzada mediante un cami\u00f3n apisonador. Estas virutas de \u00e1ridos pueden esparcirse con rapidez y precisi\u00f3n utilizando una de las astilladoras en t\u00e1ndem de BearCat. Nuestros <a href=\"https:\/\/bearcatmfg.com\/aspalt-chip-spreaders-illinois\/\">esparcidores de gravilla<\/a> presentan altos \u00edndices de productividad, utilizando caracter\u00edsticas como cintas de alta capacidad, una tolva de esparcido ajustable, control de velocidad por ordenador, etc.<\/li>\n<\/ul>\n<\/li>\n<li><strong>Equipo personalizado<\/strong>\n<ul>\n<li>\u00a1Mejora a\u00fan m\u00e1s la calidad y la facilidad del proceso de asfaltado con los <a href=\"https:\/\/bearcatmfg.com\/product-category\/custom-equipment\/\">equipos<\/a> y sistemas <a href=\"https:\/\/bearcatmfg.com\/product-category\/custom-equipment\/\">personalizados<\/a> de BearCat! Nuestra extendedora de rociado SP-200 Roadtec es \u00fanica en su clase, ya que combina la funci\u00f3n de los distribuidores y esparcidores de gravilla en una sola m\u00e1quina. Adem\u00e1s, nuestro sistema de reciclado en fr\u00edo in situ ayuda a los contratistas a reutilizar f\u00e1cilmente el asfalto viejo y desgarrado, recicl\u00e1ndolo in situ.<\/li>\n<\/ul>\n<\/li>\n<\/ul>\n<div class=\"left-img\"><img loading=\"lazy\" decoding=\"async\" class=\"alignnone\" src=\"https:\/\/bearcatmfg.com\/wp-content\/uploads\/2023\/05\/workers-putting-down-chip-seal-on-a-rural-highway.jpg\" alt=\"El mejor equipo de asfaltado de Illinois ayuda a restaurar una antigua calzada de asfalto\" width=\"500\" height=\"350\" title=\"\"><\/div>\n<h3>M\u00e1s informaci\u00f3n<\/h3>\n<p>Como contratista de asfalto que busca hacer crecer su negocio, no deber\u00eda invertir en nada menos que el mejor <a href=\"https:\/\/bearcatmfg.com\/top-rated-chip-seal-equipment-illinois\/\">equipo de asfaltado de Illinois<\/a>. Llame hoy mismo a los profesionales del pavimento de BearCat Manufacturing. Obtenga m\u00e1s informaci\u00f3n sobre nuestra maquinaria de asfalto o solicite un presupuesto llamando al <a href=\"tel:9286847851\">928-684-7851<\/a>. Adem\u00e1s, estamos ubicados en 3650 N Sabin Brown Rd, Wickenburg, AZ 85390. BearCat Manufacturing tiene su sede en <a href=\"https:\/\/bearcatmfg.com\/chip-seal-machines-arizona\/\">Arizona<\/a> y presta servicio a clientes de <a href=\"https:\/\/bearcatmfg.com\/chip-seal-machines-illinois\/\">Illinois<\/a>, <a href=\"https:\/\/bearcatmfg.com\/chip-seal-machines-tennessee\/\">Tennessee<\/a>, <a href=\"https:\/\/bearcatmfg.com\/chip-seal-machines-texas\/\">Texas<\/a> y Estados Unidos.<\/p>\n","protected":false},"excerpt":{"rendered":"<p>\u00bfQui\u00e9n tiene el mejor equipo de asfaltado de Illinois? Con la llegada de la primavera y el verano en Illinois, no faltan las obras y el mantenimiento de carreteras. Y s\u00f3lo los contratistas de asfalto m\u00e1s r\u00e1pidos y dedicados pueden seguir el ritmo de la demanda de los clientes en todo el Estado de las &hellip; <a href=\"https:\/\/bearcatmfg.com\/es\/el-mejor-equipo-de-asfaltado-de-illinois\/\" class=\"more-link\">Continue reading <span class=\"screen-reader-text\">El mejor equipo de asfaltado de Illinois<\/span><\/a><\/p>\n","protected":false},"author":1,"featured_media":2159,"parent":0,"menu_order":0,"comment_status":"closed","ping_status":"closed","template":"","meta":{"_acf_changed":false,"footnotes":""},"class_list":["post-2559","page","type-page","status-publish","has-post-thumbnail","hentry"],"acf":[],"_links":{"self":[{"href":"https:\/\/bearcatmfg.com\/es\/wp-json\/wp\/v2\/pages\/2559","targetHints":{"allow":["GET"]}}],"collection":[{"href":"https:\/\/bearcatmfg.com\/es\/wp-json\/wp\/v2\/pages"}],"about":[{"href":"https:\/\/bearcatmfg.com\/es\/wp-json\/wp\/v2\/types\/page"}],"author":[{"embeddable":true,"href":"https:\/\/bearcatmfg.com\/es\/wp-json\/wp\/v2\/users\/1"}],"replies":[{"embeddable":true,"href":"https:\/\/bearcatmfg.com\/es\/wp-json\/wp\/v2\/comments?post=2559"}],"version-history":[{"count":2,"href":"https:\/\/bearcatmfg.com\/es\/wp-json\/wp\/v2\/pages\/2559\/revisions"}],"predecessor-version":[{"id":2757,"href":"https:\/\/bearcatmfg.com\/es\/wp-json\/wp\/v2\/pages\/2559\/revisions\/2757"}],"wp:featuredmedia":[{"embeddable":true,"href":"https:\/\/bearcatmfg.com\/es\/wp-json\/wp\/v2\/media\/2159"}],"wp:attachment":[{"href":"https:\/\/bearcatmfg.com\/es\/wp-json\/wp\/v2\/media?parent=2559"}],"curies":[{"name":"wp","href":"https:\/\/api.w.org\/{rel}","templated":true}]}}