{"id":2560,"date":"2023-12-18T10:52:49","date_gmt":"2023-12-18T10:52:49","guid":{"rendered":"https:\/\/bearcatmfg.com\/esparcidores-de-aglomerado-asfaltico-texas\/"},"modified":"2023-12-18T10:52:51","modified_gmt":"2023-12-18T10:52:51","slug":"esparcidores-de-aglomerado-asfaltico-texas","status":"publish","type":"page","link":"https:\/\/bearcatmfg.com\/es\/esparcidores-de-aglomerado-asfaltico-texas\/","title":{"rendered":"Esparcidores de aglomerado asf\u00e1ltico Texas"},"content":{"rendered":"<h3>La mejor selecci\u00f3n de esparcidores de aglomerado asf\u00e1ltico en Texas<\/h3>\n<p>BearCat Manufacturing ofrece muchas opciones cuando su empresa de mantenimiento de carreteras desea mejorar los <a href=\"https:\/\/bearcatmfg.com\/chip-seal-service\/\">servicios de asfaltado<\/a> con los mejores esparcidores de asfalto de Texas. Puede elegir entre astilladoras en t\u00e1ndem de <a href=\"https:\/\/bearcatmfg.com\/our-products\/tandem-chipper-20\/\">20<\/a> \u00f3 <a href=\"https:\/\/bearcatmfg.com\/our-products\/tandem-stealth-chipper-16\/\">16 pies<\/a>, u obtener equipos personalizados seg\u00fan su pedido. Somos famosos por ofrecer un rendimiento superior de los mejores <a href=\"https:\/\/bearcatmfg.com\/asphalt-repair-equipment-texas\/\">equipos de reparaci\u00f3n de asfalto en Texas<\/a>. Adem\u00e1s de esparcidores de gravilla, ofrecemos <a href=\"https:\/\/bearcatmfg.com\/asphalt-distributors-texas\/\">distribuidores de asfalto<\/a>, <a href=\"https:\/\/bearcatmfg.com\/crack-sealers-texas\/\">selladores de grietas de<\/a> carreteras y <a href=\"https:\/\/bearcatmfg.com\/product-category\/custom-equipment\/\">equipos personalizados<\/a>. Adem\u00e1s, respaldamos todas nuestras m\u00e1quinas con un servicio de atenci\u00f3n al cliente de primera clase, un suministro de piezas de repuesto y <a href=\"https:\/\/bearcatmfg.com\/training\/\">clases de formaci\u00f3n<\/a>. \u00bfTiene alguna pregunta sobre nuestras m\u00e1quinas, <a href=\"https:\/\/ridgestonecap.com\/apply-now\/bearcatmfg\/\" target=\"_blank\" rel=\"noopener\">opciones de financiaci\u00f3n<\/a>, <a href=\"https:\/\/store.etnyre.com\/bearcat\/\" target=\"_blank\" rel=\"noopener\">tienda de piezas de repuesto<\/a> o <a href=\"https:\/\/bearcatmfg.com\/about-us\/\">nuestra empresa<\/a>? Entonces, <a href=\"https:\/\/bearcatmfg.com\/contact-us\/\">env\u00ede un correo electr\u00f3nico a BearCat Manufacturing<\/a> ahora para obtener respuestas o m\u00e1s informaci\u00f3n.<\/p>\n<p><a href=\"https:\/\/bearcatmfg.com\/wp-content\/uploads\/2023\/03\/Chip-Spreaders-Texas-2-500x350.jpg\">https:\/\/bearcatmfg.com\/wp-content\/uploads\/2023\/03\/Chip-Spreaders-Texas-2-500&#215;350.jpg<\/a><\/p>\n<h3>Mejora del mantenimiento superior de carreteras<\/h3>\n<p>A diferencia de otros productos disponibles, BearCat Manufacturing ofrece una aplicaci\u00f3n uniforme de agregado a las superficies de las carreteras con nuestros esparcidores de asfalto en Texas. Nuestros productos no presentan los inconvenientes de los esparcidores montados en el port\u00f3n trasero o en camiones, que provocan interrupciones considerables en el esparcimiento de la carga. Por lo tanto, puede utilizar nuestros esparcidores autopropulsados para un proceso de sellado de gravilla suave y continuo. Independientemente de la velocidad de desplazamiento, nuestros equipos garantizan una tasa de aplicaci\u00f3n constante. Como resultado, su proyecto se desarrolla con m\u00e1s fluidez y eficacia y genera menos residuos.<\/p>\n<h3>Invierta en funciones l\u00edderes del sector<\/h3>\n<p>La ingenier\u00eda de vanguardia viene con cada producto vendido por BearCat Manufacturing. En consecuencia, su negocio de mantenimiento de carreteras recibe m\u00e1quinas que proporcionan m\u00e1s durabilidad, un rendimiento superior, una capacidad mejorada y el mejor rendimiento de su dinero. Estas son algunas de las caracter\u00edsticas m\u00e1s populares de nuestros esparcidores de gravilla de asfalto en Texas:<\/p>\n<ul>\n<li>Motores diesel Cummins Tier 3 o Tier 4 de 6 cilindros y 275 CV.<\/li>\n<li>Control de velocidad por ordenador (CRC) avanzado que simplifica y acelera el trabajo.<\/li>\n<li>Cilindros de detecci\u00f3n de posici\u00f3n de accionamiento hidr\u00e1ulico.<\/li>\n<li>Sensores de cinta ultras\u00f3nicos sin contacto y de bajo mantenimiento para medir la altura de la pila de virutas.<\/li>\n<li>Tolvas en t\u00e1ndem construidas en acero HSLA para arranques en l\u00ednea recta y minimizar el desperdicio de \u00e1ridos.<\/li>\n<li>Sistemas de refrigeraci\u00f3n hidr\u00e1ulica para temperaturas de funcionamiento \u00f3ptimas.<\/li>\n<\/ul>\n<h3>La manera m\u00e1s f\u00e1cil de obtener los mejores servicios de sellado de virutas<\/h3>\n<p>BearCat Manufacturing puede suministrar a su empresa de mantenimiento de carreteras todo el equipo necesario para una aplicaci\u00f3n eficaz y sencilla durante el proceso de sellado de virutas. A continuaci\u00f3n le indicamos algunos pasos r\u00e1pidos y sencillos que debe seguir si acaba de empezar a utilizar nuestros equipos:<\/p>\n<ul>\n<li>Empiece por limpiar el firme.<\/li>\n<li>A continuaci\u00f3n, utilice uno de nuestros distribuidores de asfalto para aplicar el ligante.<\/li>\n<li>A continuaci\u00f3n, utilice nuestros esparcidores de gravilla asf\u00e1ltica para aplicar la gravilla antes de que se rompa la emulsi\u00f3n aglutinante.<\/li>\n<li>Evite que transcurran m\u00e1s de 3 minutos entre la aplicaci\u00f3n del ligante y el \u00e1rido.<\/li>\n<li>Aseg\u00farese de que el aglutinante est\u00e9 todav\u00eda pegajoso cuando se aplique el \u00e1rido.<\/li>\n<li>A continuaci\u00f3n, ruede el \u00e1rido para incrustarlo en el aglutinante.<\/li>\n<li>A continuaci\u00f3n, deje que el aglutinante se endurezca.<\/li>\n<li>Por \u00faltimo, elimine el agregado sobrante.<\/li>\n<\/ul>\n<div class=\"left-img\"><img decoding=\"async\" src=\"https:\/\/bearcatmfg.com\/wp-content\/uploads\/2023\/02\/Chip-Spreaders-for-Sale-seo-1.jpg\" alt=\"Esparcidores de aglomerado asf\u00e1ltico Texas\" title=\"\"><\/div>\n<h3>Solicite un presupuesto gratuito<\/h3>\n<p>\u00bfEst\u00e1 interesado en recibir un presupuesto gratuito para uno de nuestros esparcidores de gravilla de asfalto en Texas? A continuaci\u00f3n, p\u00f3ngase en contacto con nosotros para hacernos saber que desea un presupuesto o cualquier otra informaci\u00f3n. S\u00f3lo tiene que rellenar nuestro <a href=\"https:\/\/bearcatmfg.com\/contact-us\/\">formulario de contacto en l\u00ednea<\/a> para empezar. Adem\u00e1s, puede llamar a nuestro equipo al <a href=\"tel:9286847851\">928-684-7851<\/a>. Nuestra sede se encuentra en 3650 N Sabin Brown Rd, Wickenburg, AZ 85390. Sin embargo, vendemos y damos servicio a clientes de Texas, <a href=\"https:\/\/bearcatmfg.com\/asphalt-chip-spreaders-tennessee\/\">Tennessee<\/a>, <a href=\"https:\/\/bearcatmfg.com\/aspalt-chip-spreaders-illinois\/\">Illinois<\/a>, <a href=\"https:\/\/bearcatmfg.com\/chip-spreaders-arizona\/\">Arizona<\/a> y de todo Estados Unidos.<\/p>\n","protected":false},"excerpt":{"rendered":"<p>La mejor selecci\u00f3n de esparcidores de aglomerado asf\u00e1ltico en Texas BearCat Manufacturing ofrece muchas opciones cuando su empresa de mantenimiento de carreteras desea mejorar los servicios de asfaltado con los mejores esparcidores de asfalto de Texas. Puede elegir entre astilladoras en t\u00e1ndem de 20 \u00f3 16 pies, u obtener equipos personalizados seg\u00fan su pedido. Somos &hellip; <a href=\"https:\/\/bearcatmfg.com\/es\/esparcidores-de-aglomerado-asfaltico-texas\/\" class=\"more-link\">Continue reading <span class=\"screen-reader-text\">Esparcidores de aglomerado asf\u00e1ltico Texas<\/span><\/a><\/p>\n","protected":false},"author":1,"featured_media":1999,"parent":0,"menu_order":0,"comment_status":"closed","ping_status":"closed","template":"","meta":{"_acf_changed":false,"footnotes":""},"class_list":["post-2560","page","type-page","status-publish","has-post-thumbnail","hentry"],"acf":[],"_links":{"self":[{"href":"https:\/\/bearcatmfg.com\/es\/wp-json\/wp\/v2\/pages\/2560","targetHints":{"allow":["GET"]}}],"collection":[{"href":"https:\/\/bearcatmfg.com\/es\/wp-json\/wp\/v2\/pages"}],"about":[{"href":"https:\/\/bearcatmfg.com\/es\/wp-json\/wp\/v2\/types\/page"}],"author":[{"embeddable":true,"href":"https:\/\/bearcatmfg.com\/es\/wp-json\/wp\/v2\/users\/1"}],"replies":[{"embeddable":true,"href":"https:\/\/bearcatmfg.com\/es\/wp-json\/wp\/v2\/comments?post=2560"}],"version-history":[{"count":1,"href":"https:\/\/bearcatmfg.com\/es\/wp-json\/wp\/v2\/pages\/2560\/revisions"}],"predecessor-version":[{"id":2565,"href":"https:\/\/bearcatmfg.com\/es\/wp-json\/wp\/v2\/pages\/2560\/revisions\/2565"}],"wp:featuredmedia":[{"embeddable":true,"href":"https:\/\/bearcatmfg.com\/es\/wp-json\/wp\/v2\/media\/1999"}],"wp:attachment":[{"href":"https:\/\/bearcatmfg.com\/es\/wp-json\/wp\/v2\/media?parent=2560"}],"curies":[{"name":"wp","href":"https:\/\/api.w.org\/{rel}","templated":true}]}}