{"id":2561,"date":"2023-12-18T10:52:49","date_gmt":"2023-12-18T10:52:49","guid":{"rendered":"https:\/\/bearcatmfg.com\/esparcidores-de-virutas-de-asfalto-illinois\/"},"modified":"2025-07-16T12:56:58","modified_gmt":"2025-07-16T12:56:58","slug":"esparcidores-de-virutas-de-asfalto-illinois","status":"publish","type":"page","link":"https:\/\/bearcatmfg.com\/es\/esparcidores-de-virutas-de-asfalto-illinois\/","title":{"rendered":"Esparcidores de virutas de asfalto Illinois"},"content":{"rendered":"<h3>Encuentre el mejor esparcidor de aglomerado asf\u00e1ltico en Illinois<\/h3>\n<p>BearCat Manufacturing ofrece productos de clase mundial para el mantenimiento de carreteras, como nuestros esparcidores de asfalto m\u00e1s valorados en Illinois. Nuestra empresa ha establecido el list\u00f3n de rendimiento, fiabilidad y satisfacci\u00f3n del cliente con nuestros <a href=\"https:\/\/bearcatmfg.com\/asphalt-repair-equipment-illinois\/\">equipos de reparaci\u00f3n de asfalto<\/a>. Podemos proporcionarle una unidad personalizada, dise\u00f1ada y fabricada seg\u00fan sus especificaciones. Adem\u00e1s, respaldamos todas nuestras m\u00e1quinas con un servicio de atenci\u00f3n al cliente inigualable, piezas de repuesto e incluso formaci\u00f3n con nuestras <a href=\"https:\/\/bearcatmfg.com\/training\/\">escuelas para clientes<\/a>. Adem\u00e1s, puedes elegir entre nuestra selecci\u00f3n de <a href=\"https:\/\/bearcatmfg.com\/our-products\/tandem-stealth-chipper-16\/\">esparcidores de gravilla asf\u00e1ltica en t\u00e1ndem<\/a> <a href=\"https:\/\/bearcatmfg.com\/our-products\/tandem-chipper-20\/\">de 20<\/a> \u00f3 16 pies, con o sin personalizaciones. <a href=\"https:\/\/bearcatmfg.com\/contact-us\/\">Ponte en contacto con BearCat Manufacturing<\/a> hoy mismo para obtener m\u00e1s informaci\u00f3n sobre <a href=\"https:\/\/bearcatmfg.com\/about-us\/\">nuestra empresa<\/a>, nuestros <a href=\"https:\/\/bearcatmfg.com\/product-category\/chip-spreaders\/\">productos<\/a>, nuestras <a href=\"https:\/\/ridgestonecap.com\/apply-now\/bearcatmfg\/\" target=\"_blank\" rel=\"noopener\">opciones de financiaci\u00f3n<\/a> y nuestra <a href=\"https:\/\/store.etnyre.com\/bearcat\/\" target=\"_blank\" rel=\"noopener\">tienda de piezas de repuesto<\/a>.<\/p>\n<h3>M\u00e1quinas de mantenimiento de carreteras que ofrecen las m\u00e1ximas ventajas<\/h3>\n<p>Nuestros productos hacen que los proyectos de mantenimiento de carreteras sean m\u00e1s eficientes, m\u00e1s rentables y le permiten ofrecer a los clientes un mejor rendimiento del pavimento. <a href=\"https:\/\/bearcatmfg.com\/chip-seal-service\/\">Los servicios de sellado de virutas<\/a> se han convertido en el tratamiento asf\u00e1ltico preferido en el sector debido a la mayor longevidad de las superficies de las carreteras.  Con nuestras esparcidoras de aglomerado asf\u00e1ltico en Illinois, las superficies de las carreteras reciben una distribuci\u00f3n uniforme del asfalto. \u00c9stas son otras de las grandes ventajas que ofrecen nuestros equipos:<\/p>\n<ul>\n<li><strong>Resultados duraderos &#8211; <\/strong>El asfaltado de carreteras prolonga su vida \u00fatil, retrasando la necesidad de servicios de reparaci\u00f3n y sustituci\u00f3n de carreteras. De hecho, las carreteras pueden ganar hasta 12 a\u00f1os m\u00e1s de uso con los beneficios que proporcionan nuestras <a href=\"https:\/\/bearcatmfg.com\/chip-seal-machines-illinois\/\">m\u00e1quinas de sellado de gravilla<\/a>.<\/li>\n<li><strong>Ahorro de costes &#8211; <\/strong>Adem\u00e1s, los proyectos de mantenimiento de asfaltado con nuestros equipos ofrecen a sus clientes la posibilidad de ahorrar dinero. El asfaltado de carreteras retrasar\u00e1 la necesidad de mantenimiento de carreteras a corto plazo y de proyectos de sustituci\u00f3n de carreteras a largo plazo. Adem\u00e1s, el asfaltado de carreteras cuesta menos que <a href=\"https:\/\/bearcatmfg.com\/crack-sealers-illinois\/\">el sellado de grietas<\/a>.<\/li>\n<li><strong>Tiempos de entrega r\u00e1pidos: <\/strong>los proyectos de mantenimiento de carreteras de asfaltado con nuestros productos tambi\u00e9n se completan en una fracci\u00f3n del tiempo de la pavimentaci\u00f3n de asfalto tradicional.<\/li>\n<li><strong>Mejora de las condiciones de conducci\u00f3n &#8211; <\/strong>El sellado de las carreteras con aglomerante repara el pavimento da\u00f1ado y mejora el control de la tracci\u00f3n. Como resultado, los conductores tienen menos probabilidades de sufrir accidentes causados por derrapes. Adem\u00e1s, las superficies de sellado de virutas reducen en gran medida la cantidad de deslumbramiento durante la luz solar. Por lo tanto, los conductores sufren menos fatiga visual al conducir por carreteras asfaltadas, lo que facilita la visi\u00f3n.<\/li>\n<\/ul>\n<h3>Productos con caracter\u00edsticas innovadoras<\/h3>\n<p>Cada producto fabricado por BearCat Manufacturing se basa en una ingenier\u00eda l\u00edder en la industria. Como resultado, usted obtiene productos que ofrecen m\u00e1s capacidad, un rendimiento superior y el mejor valor para su inversi\u00f3n. Estas son algunas de las mejores caracter\u00edsticas de nuestros esparcidores de gravilla de asfalto en Illinois:<\/p>\n<ul>\n<li>Motores diesel Cummins Tier 3 o Tier 4 de 6 cilindros y 275 CV.<\/li>\n<li>Los sistemas de refrigeraci\u00f3n hidr\u00e1ulica garantizan temperaturas de funcionamiento \u00f3ptimas.<\/li>\n<li>Control de velocidad por ordenador (CRC) avanzado que facilita y agiliza el trabajo.<\/li>\n<li>Tolvas en t\u00e1ndem construidas en acero HSLA para arranques en l\u00ednea recta y m\u00ednimo desperdicio de \u00e1ridos.<\/li>\n<li>Cilindros sensores de posici\u00f3n de accionamiento hidr\u00e1ulico.<\/li>\n<li>Sensores de cinta ultras\u00f3nicos sin contacto y de bajo mantenimiento para medir la altura de la pila de virutas.<\/li>\n<\/ul>\n<div class=\"left-img\"><img decoding=\"async\" src=\"https:\/\/bearcatmfg.com\/wp-content\/uploads\/2021\/09\/main-4-500x350.jpg\" alt=\"Esparcidores de virutas de asfalto Illinois\" title=\"\"><\/div>\n<h3>P\u00f3ngase en contacto con nosotros<\/h3>\n<p>Cuando usted necesita actualizar sus servicios de sello de viruta, usted puede contar con BearCat Manufacturing para los mejores esparcidores de viruta de asfalto para <a href=\"https:\/\/bearcatmfg.com\/top-rated-chip-seal-equipment-illinois\/\">Illinois<\/a>. <a href=\"https:\/\/bearcatmfg.com\/contact-us\/\">P\u00f3ngase en contacto con<\/a> los especialistas en equipos de asfalto de BearCat Manufacturing ahora mismo.  Puedes llamar a BearCat al <a href=\"tel:9286847851\">928-684-7851<\/a>. Nuestra direcci\u00f3n es 3650 N Sabin Brown Rd, Wickenburg, AZ 85390. Aunque nuestra sede est\u00e1 en <a href=\"https:\/\/bearcatmfg.com\/chip-spreaders-arizona\/\">Arizona<\/a>, tambi\u00e9n atendemos a clientes de Illinois, <a href=\"https:\/\/bearcatmfg.com\/asphalt-chip-spreaders-texas\/\">Texas<\/a>, <a href=\"https:\/\/bearcatmfg.com\/asphalt-chip-spreaders-tennessee\/\">Tennessee<\/a> y de todo el pa\u00eds.<\/p>\n","protected":false},"excerpt":{"rendered":"<p>Encuentre el mejor esparcidor de aglomerado asf\u00e1ltico en Illinois BearCat Manufacturing ofrece productos de clase mundial para el mantenimiento de carreteras, como nuestros esparcidores de asfalto m\u00e1s valorados en Illinois. Nuestra empresa ha establecido el list\u00f3n de rendimiento, fiabilidad y satisfacci\u00f3n del cliente con nuestros equipos de reparaci\u00f3n de asfalto. Podemos proporcionarle una unidad personalizada, &hellip; <a href=\"https:\/\/bearcatmfg.com\/es\/esparcidores-de-virutas-de-asfalto-illinois\/\" class=\"more-link\">Continue reading <span class=\"screen-reader-text\">Esparcidores de virutas de asfalto Illinois<\/span><\/a><\/p>\n","protected":false},"author":1,"featured_media":2060,"parent":0,"menu_order":0,"comment_status":"closed","ping_status":"closed","template":"","meta":{"_acf_changed":false,"footnotes":""},"class_list":["post-2561","page","type-page","status-publish","has-post-thumbnail","hentry"],"acf":[],"_links":{"self":[{"href":"https:\/\/bearcatmfg.com\/es\/wp-json\/wp\/v2\/pages\/2561","targetHints":{"allow":["GET"]}}],"collection":[{"href":"https:\/\/bearcatmfg.com\/es\/wp-json\/wp\/v2\/pages"}],"about":[{"href":"https:\/\/bearcatmfg.com\/es\/wp-json\/wp\/v2\/types\/page"}],"author":[{"embeddable":true,"href":"https:\/\/bearcatmfg.com\/es\/wp-json\/wp\/v2\/users\/1"}],"replies":[{"embeddable":true,"href":"https:\/\/bearcatmfg.com\/es\/wp-json\/wp\/v2\/comments?post=2561"}],"version-history":[{"count":2,"href":"https:\/\/bearcatmfg.com\/es\/wp-json\/wp\/v2\/pages\/2561\/revisions"}],"predecessor-version":[{"id":4486,"href":"https:\/\/bearcatmfg.com\/es\/wp-json\/wp\/v2\/pages\/2561\/revisions\/4486"}],"wp:featuredmedia":[{"embeddable":true,"href":"https:\/\/bearcatmfg.com\/es\/wp-json\/wp\/v2\/media\/2060"}],"wp:attachment":[{"href":"https:\/\/bearcatmfg.com\/es\/wp-json\/wp\/v2\/media?parent=2561"}],"curies":[{"name":"wp","href":"https:\/\/api.w.org\/{rel}","templated":true}]}}