{"id":2562,"date":"2023-12-18T10:52:50","date_gmt":"2023-12-18T10:52:50","guid":{"rendered":"https:\/\/bearcatmfg.com\/esparcidores-de-aglomerado-asfaltico-tennessee\/"},"modified":"2023-12-18T10:52:51","modified_gmt":"2023-12-18T10:52:51","slug":"esparcidores-de-aglomerado-asfaltico-tennessee","status":"publish","type":"page","link":"https:\/\/bearcatmfg.com\/es\/esparcidores-de-aglomerado-asfaltico-tennessee\/","title":{"rendered":"Esparcidores de aglomerado asf\u00e1ltico Tennessee"},"content":{"rendered":"<h3>Obtenga el mejor valor en esparcidores de asfalto en Tennessee<\/h3>\n<p>BearCat Manufacturing ofrece a su empresa de mantenimiento de carreteras el m\u00e1ximo retorno de la inversi\u00f3n con los mejores esparcidores de virutas de asfalto de Tennessee. Ofrecemos <a href=\"https:\/\/bearcatmfg.com\/our-products\/tandem-chipper-20\/\">astilladoras t\u00e1ndem de<\/a> <a href=\"https:\/\/bearcatmfg.com\/our-products\/tandem-stealth-chipper-16\/\">16<\/a> y <a href=\"https:\/\/bearcatmfg.com\/our-products\/tandem-chipper-20\/\">20 pies<\/a>, as\u00ed como los mejores <a href=\"https:\/\/bearcatmfg.com\/asphalt-repair-equipment-tennessee\/\">equipos de reparaci\u00f3n de asfalto<\/a> hechos a medida. Desde 1969, nuestra empresa se ha distinguido como l\u00edder del sector en ingenier\u00eda y fabricaci\u00f3n de m\u00e1quinas de mantenimiento de carreteras de calidad superior. Nuestros innovadores procesos proporcionan equipos con caracter\u00edsticas innovadoras y los mejores beneficios para ayudar a su empresa a ofrecer <a href=\"https:\/\/bearcatmfg.com\/chip-seal-service\/\">servicios<\/a> eficientes <a href=\"https:\/\/bearcatmfg.com\/chip-seal-service\/\">de sellado de virutas<\/a>. Adem\u00e1s de esparcidores de gravilla asf\u00e1ltica, ofrecemos las siguientes m\u00e1quinas de mantenimiento de carreteras:<\/p>\n<ul class=\"col-3\">\n<li><a href=\"https:\/\/bearcatmfg.com\/asphalt-distributors-tennessee\/\">Distribuidores de asfalto<\/a><\/li>\n<li><a href=\"https:\/\/bearcatmfg.com\/crack-sealers-tennessee\/\">Selladores de grietas<\/a><\/li>\n<li><a href=\"https:\/\/bearcatmfg.com\/product-category\/custom-equipment\/\">Equipo personalizado<\/a><\/li>\n<li>Pavimentos pulverizados<\/li>\n<li>Sistemas de espumado de precapas<\/li>\n<li>Sistemas de reciclaje en fr\u00edo<\/li>\n<\/ul>\n<p>Adem\u00e1s, respaldamos todas nuestras m\u00e1quinas de primera clase con un excelente servicio de atenci\u00f3n al cliente, una <a href=\"https:\/\/store.etnyre.com\/bearcat\/\" target=\"_blank\" rel=\"noopener\">tienda de piezas de repuesto en l\u00ednea<\/a> y <a href=\"https:\/\/bearcatmfg.com\/training\/\">formaci\u00f3n para los clientes<\/a>. Inf\u00f3rmese ahora sobre nuestras <a href=\"https:\/\/ridgestonecap.com\/apply-now\/bearcatmfg\/\" target=\"_blank\" rel=\"noopener\">opciones de financiaci\u00f3n<\/a>, un <a href=\"https:\/\/bearcatmfg.com\/contact-us\/\">presupuesto<\/a> gratuito o m\u00e1s informaci\u00f3n <a href=\"https:\/\/bearcatmfg.com\/about-us\/\">sobre nosotros<\/a> y <a href=\"https:\/\/bearcatmfg.com\/top-rated-chip-seal-equipment-tennessee\/\">nuestros productos<\/a>.<\/p>\n<h3>Equipos de mayor rendimiento<\/h3>\n<p>Dise\u00f1amos y fabricamos nuestros esparcidores de gravilla asf\u00e1ltica en Tennessee para superar a otras opciones disponibles en el mercado. Productos como los esparcidores de aglomerado asf\u00e1ltico de compuerta trasera o montados en camiones no pueden ofrecer la misma capacidad que nuestras m\u00e1quinas. Con nuestro equipo, sus proyectos de reparaci\u00f3n de asfalto obtienen un proceso de sellado de virutas suave y continuo. Los esparcidores de compuerta trasera o montados en camiones presentan el importante inconveniente de las interrupciones en el proceso de distribuci\u00f3n de la carga. Mientras tanto, nuestros equipos permiten una tasa de aplicaci\u00f3n constante del \u00e1rido, independientemente de la velocidad de desplazamiento. Y lo que es m\u00e1s importante, las astilladoras BearCat le proporcionan una capacidad m\u00e1s r\u00e1pida y eficiente a la vez que generan menos residuos.<\/p>\n<h3>Caracter\u00edsticas que distinguen a nuestros equipos<\/h3>\n<p>La ingenier\u00eda l\u00edder en la industria separa los productos de BearCat Manufacturing de las alternativas disponibles. Como resultado, su negocio de reparaci\u00f3n de pavimentos obtiene una mayor durabilidad, un rendimiento superior, una capacidad mejorada y el mejor rendimiento de su dinero con nuestras m\u00e1quinas. Estas son las caracter\u00edsticas que distinguen a nuestras esparcidoras de aglomerado asf\u00e1ltico en Tennessee:<\/p>\n<ul>\n<li>Motores diesel Cummins Tier 3 o Tier 4 de 6 cilindros y 275 CV.<\/li>\n<li>Sensores de cinta ultras\u00f3nicos sin contacto y de bajo mantenimiento para medir la altura de la pila de virutas.<\/li>\n<li>Cilindros sensores de posici\u00f3n de accionamiento hidr\u00e1ulico.<\/li>\n<li>Control de velocidad por ordenador (CRC) avanzado que simplifica y acelera el trabajo.<\/li>\n<li>Tolvas en t\u00e1ndem construidas en acero HSLA para arranques en l\u00ednea recta y minimizar el desperdicio de \u00e1ridos.<\/li>\n<li>Sistemas de refrigeraci\u00f3n hidr\u00e1ulica para temperaturas de funcionamiento \u00f3ptimas.<\/li>\n<\/ul>\n<h3>Ventajas que ofrecen resultados que sus clientes aprecian<\/h3>\n<p>Nuestras m\u00e1quinas ayudan a hacer crecer su negocio de contrataci\u00f3n de asfalto ofreciendo un rendimiento que le permite proporcionar a los clientes resultados superiores. Estos son algunos de los argumentos de venta que puede ofrecer a los clientes con el mayor rendimiento que proporcionan nuestros esparcidores de gravilla de asfalto en Tennessee:<\/p>\n<ul>\n<li><strong>Reducci\u00f3n de gastos &#8211; <\/strong>Los proyectos de mantenimiento de carreteras de asfaltado con nuestras m\u00e1quinas proporcionan a sus clientes ahorros a corto y largo plazo. El asfaltado de las carreteras retrasar\u00e1 la necesidad de repararlas cada pocos a\u00f1os y de sustituirlas. Adem\u00e1s, el asfaltado de carreteras ahorrar\u00e1 dinero en comparaci\u00f3n con <a href=\"https:\/\/bearcatmfg.com\/crack-sealers-illinois\/\">el sellado de grietas<\/a>.<\/li>\n<li><strong>Rendimiento duradero &#8211; <\/strong>El sellado de asfalto prolongar\u00e1 la vida \u00fatil de las carreteras, retrasando la necesidad de reparaciones y sustituciones intermitentes de las mismas. De hecho, la superficie de la carretera puede mantener su integridad hasta 12 a\u00f1os m\u00e1s con las ventajas que ofrecen las <a href=\"https:\/\/bearcatmfg.com\/chip-seal-machines-illinois\/\">m\u00e1quinas de sellado de virutas<\/a> de BearCat Manufacturing.<\/li>\n<li><strong>Carreteras m\u00e1s seguras &#8211; <\/strong>El asfaltado de carreteras vuelve a unir los materiales degradados de la calzada y mejora el control de la tracci\u00f3n. En consecuencia, los conductores corren menos riesgo de sufrir un accidente por derrape. Adem\u00e1s, el asfaltado reduce el deslumbramiento durante el d\u00eda. Como resultado, los conductores tienen menos probabilidades de sufrir accidentes debido a una visi\u00f3n comprometida.<\/li>\n<li><strong>Finalizaci\u00f3n m\u00e1s r\u00e1pida del proyecto &#8211; <\/strong>Nuestras astilladoras tambi\u00e9n consiguen que el trabajo en proyectos de mantenimiento de carreteras se complete a un ritmo mucho m\u00e1s r\u00e1pido que el asfaltado tradicional.<\/li>\n<\/ul>\n<div class=\"left-img\"><img decoding=\"async\" src=\"https:\/\/bearcatmfg.com\/wp-content\/uploads\/2023\/04\/Chip-Spreaders-Tennessee-1-500x350.jpg\" alt=\"Esparcidores de aglomerado asf\u00e1ltico Tennessee\" title=\"\"><\/div>\n<h3>Solicite un presupuesto gratuito<\/h3>\n<p>\u00bfDesea recibir m\u00e1s informaci\u00f3n o un presupuesto gratuito de nuestras esparcidoras de gravilla asf\u00e1ltica en Tennessee? A continuaci\u00f3n, env\u00edenos un correo electr\u00f3nico rellenando nuestro <a href=\"https:\/\/bearcatmfg.com\/contact-us\/\">formulario de contacto en l\u00ednea<\/a>. Si lo prefiere, tambi\u00e9n puede llamarnos ahora al <a href=\"tel:9286847851\">928-684-7851<\/a>. Nuestra sede se encuentra en 3650 N Sabin Brown Rd, Wickenburg, AZ 85390. Sin embargo, vendemos y reparamos m\u00e1quinas a clientes de <a href=\"https:\/\/bearcatmfg.com\/top-rated-chip-seal-equipment-tennessee\/\">Tennessee<\/a>, <a href=\"https:\/\/bearcatmfg.com\/aspalt-chip-spreaders-illinois\/\">Illinois<\/a>, <a href=\"https:\/\/bearcatmfg.com\/asphalt-chip-spreaders-texas\/\">Texas<\/a>, <a href=\"https:\/\/bearcatmfg.com\/top-rated-chip-spreaders-arizona\/\">Arizona<\/a> y de todo el pa\u00eds.<\/p>\n","protected":false},"excerpt":{"rendered":"<p>Obtenga el mejor valor en esparcidores de asfalto en Tennessee BearCat Manufacturing ofrece a su empresa de mantenimiento de carreteras el m\u00e1ximo retorno de la inversi\u00f3n con los mejores esparcidores de virutas de asfalto de Tennessee. Ofrecemos astilladoras t\u00e1ndem de 16 y 20 pies, as\u00ed como los mejores equipos de reparaci\u00f3n de asfalto hechos a &hellip; <a href=\"https:\/\/bearcatmfg.com\/es\/esparcidores-de-aglomerado-asfaltico-tennessee\/\" class=\"more-link\">Continue reading <span class=\"screen-reader-text\">Esparcidores de aglomerado asf\u00e1ltico Tennessee<\/span><\/a><\/p>\n","protected":false},"author":1,"featured_media":813,"parent":0,"menu_order":0,"comment_status":"closed","ping_status":"closed","template":"","meta":{"_acf_changed":false,"footnotes":""},"class_list":["post-2562","page","type-page","status-publish","has-post-thumbnail","hentry"],"acf":[],"_links":{"self":[{"href":"https:\/\/bearcatmfg.com\/es\/wp-json\/wp\/v2\/pages\/2562","targetHints":{"allow":["GET"]}}],"collection":[{"href":"https:\/\/bearcatmfg.com\/es\/wp-json\/wp\/v2\/pages"}],"about":[{"href":"https:\/\/bearcatmfg.com\/es\/wp-json\/wp\/v2\/types\/page"}],"author":[{"embeddable":true,"href":"https:\/\/bearcatmfg.com\/es\/wp-json\/wp\/v2\/users\/1"}],"replies":[{"embeddable":true,"href":"https:\/\/bearcatmfg.com\/es\/wp-json\/wp\/v2\/comments?post=2562"}],"version-history":[{"count":1,"href":"https:\/\/bearcatmfg.com\/es\/wp-json\/wp\/v2\/pages\/2562\/revisions"}],"predecessor-version":[{"id":2566,"href":"https:\/\/bearcatmfg.com\/es\/wp-json\/wp\/v2\/pages\/2562\/revisions\/2566"}],"wp:featuredmedia":[{"embeddable":true,"href":"https:\/\/bearcatmfg.com\/es\/wp-json\/wp\/v2\/media\/813"}],"wp:attachment":[{"href":"https:\/\/bearcatmfg.com\/es\/wp-json\/wp\/v2\/media?parent=2562"}],"curies":[{"name":"wp","href":"https:\/\/api.w.org\/{rel}","templated":true}]}}