{"id":2585,"date":"2024-01-03T05:33:31","date_gmt":"2024-01-03T05:33:31","guid":{"rendered":"https:\/\/bearcatmfg.com\/equipamiento-que-necesitan-los-nuevos-contratistas-de-asfalto\/"},"modified":"2024-04-30T05:29:37","modified_gmt":"2024-04-30T05:29:37","slug":"equipamiento-que-necesitan-los-nuevos-contratistas-de-asfalto","status":"publish","type":"page","link":"https:\/\/bearcatmfg.com\/es\/equipamiento-que-necesitan-los-nuevos-contratistas-de-asfalto\/","title":{"rendered":"Equipamiento que necesitan los nuevos contratistas de asfalto"},"content":{"rendered":"<h3>El equipo que los nuevos contratistas de asfalto necesitan para el trabajo<\/h3>\n<p>La <a href=\"https:\/\/bearcatmfg.com\/road-construction-equipment\/\">construcci\u00f3n de asfalto<\/a> es una parte imprescindible para mantener las carreteras en buen estado. Si est\u00e1 pensando en convertirse en contratista de asfalto, su trabajo ser\u00e1 una parte fundamental de una industria que garantiza que las carreteras de todo Estados Unidos se reparen, mantengan y actualicen de forma segura. Este tipo de carrera es necesaria para las carreteras. Cuando busques el <a href=\"https:\/\/bearcatmfg.com\/asphalt-equipment-for-sale\/\">equipo de asfalto<\/a> adecuado para empezar, debes saber qu\u00e9 necesitas en tu arsenal para hacer bien el trabajo. <a href=\"https:\/\/bearcatmfg.com\/about-us\/\">BearCat Manufacturing<\/a> es el nombre en el que puedes confiar cuando quieras empezar. Por eso puede confiar en nosotros cuando busque el equipo que los nuevos contratistas de asfalto necesitan para el trabajo.<\/p>\n<h3>Distribuidores de asfalto<\/h3>\n<p><a href=\"https:\/\/bearcatmfg.com\/top-rated-asphalt-distributors\/\">Los distribuidores de asfalto<\/a> son imprescindibles para tu proyecto de pavimentaci\u00f3n, construcci\u00f3n o mantenimiento de carreteras. Pero no debe elegir cualquier asfaltadora del mercado. BearCat Manufacturing ofrece distribuidores de asfalto de primera categor\u00eda que funcionan con precisi\u00f3n y eficacia en todo momento. Nuestro equipo est\u00e1 dise\u00f1ado para ayudar a sus equipos de mantenimiento de carreteras a rociar entre 1000 y 4500 galones de asfalto l\u00edquido de forma segura y precisa en autopistas, carreteras y aparcamientos. Los distribuidores BearCat son legendarios en la industria del asfalto, y ofrecemos distribuidores de asfalto est\u00e1ndar, distribuidores de asfalto de caucho granulado especializados, sistemas de pulverizaci\u00f3n para el control del polvo y remolques de arrastre que pueden transportar hasta 20 toneladas de material. Nuestros distribuidores son duraderos, de alto rendimiento y proporcionan una maniobrabilidad y potencia superiores.<\/p>\n<h3>Esparcidores de virutas<\/h3>\n<p><a href=\"https:\/\/bearcatmfg.com\/top-rated-chip-spreaders\/\">Los esparcidores de virutas<\/a> proporcionan un m\u00e9todo f\u00e1cil y eficaz de mantenimiento y reparaci\u00f3n de carreteras. Una de las piezas importantes del equipo que los nuevos contratistas de asfalto necesitan en su flota es un esparcidor de gravilla, que permite a los equipos de mantenimiento de carreteras sellar con seguridad las grietas del pavimento y prolongar la vida de una carretera o solar hasta 12 a\u00f1os.  <a href=\"https:\/\/bearcatmfg.com\/chip-seal-machines-tennessee-2\/\">El sellado de virutas<\/a> es un proceso que consiste en aplicar capas de asfalto a la calzada y terminarlas con varias capas de \u00e1rido fino. Sin embargo, se necesita un equipo especializado para hacerlo bien, por lo que se necesita un esparcidor de gravilla. El sellado de virutas es r\u00e1pido y eficaz, y garantiza que se necesiten menos materiales y menos mano de obra, lo que supone un ahorro de tiempo y costes.<\/p>\n<h3>Selladores de grietas<\/h3>\n<p>Al igual que los esparcidores de gravilla, <a href=\"https:\/\/bearcatmfg.com\/top-rated-crack-sealers\/\">los selladores de grietas<\/a> son imprescindibles para proteger las carreteras de asfalto. Las grietas provocan baches y el deterioro de calzadas y v\u00edas de acceso, lo que puede dar lugar a problemas de seguridad. Pero en lugar de abordar un costoso trabajo de sustituci\u00f3n, este equipo de asfaltado sella eficazmente las grietas de las calzadas. Y los selladores de grietas reducen los costes y el tiempo, al tiempo que mantienen la seguridad de carreteras y solares. Nuestras selladoras de grietas son m\u00e1quinas muy eficientes, con un sistema de calentamiento y circulaci\u00f3n r\u00e1pidos que reduce el tiempo de inactividad del personal y aumenta la producci\u00f3n. El sellado de grietas es una soluci\u00f3n asequible que hace que las empresas de mantenimiento del asfalto est\u00e9n muy solicitadas.<\/p>\n<h3>Sistemas de transporte<\/h3>\n<p>Los volquetes ya no son la norma en la industria del asfalto. Uno de los principales equipos que necesitan los nuevos contratistas de asfalto es un sistema de transporte fiable dise\u00f1ado espec\u00edficamente para el negocio del mantenimiento del asfalto. Hoy en d\u00eda, los remolques de fondo vivo, los remolques bajos y los sistemas de cisternas aportan ventajas \u00fanicas al campo. Por ejemplo, los <a href=\"https:\/\/etnyre.com\/live-bottom-trailers\/\" target=\"_blank\" rel=\"noopener\">remolques de fondo<\/a> vivo se descargan de forma suave y controlada, lo que facilita su limpieza. Tambi\u00e9n tienen un centro de gravedad bajo, lo que elimina casi por completo los accidentes por vuelco. Nuestros remolques Falcon de fondo vivo proporcionan una eficiencia \u00f3ptima para el transporte de materiales gracias a nuestro sistema de transporte patentado. Nuestros <a href=\"https:\/\/etnyre.com\/lowboy-trailers\/\" target=\"_blank\" rel=\"noopener\">remolques bajos<\/a> tambi\u00e9n ofrecen un centro de gravedad m\u00e1s bajo, lo que garantiza la estabilidad para cargas mayores. Y cuentan con opciones como un remolque de cuello de cisne desmontable mec\u00e1nico, una plataforma rodante para jeeps, un remolque de cuello de cisne desmontable, un especial para pavimentadoras y mucho m\u00e1s.<\/p>\n<h3>Contacte con BearCat hoy mismo<\/h3>\n<p>Desde 1969, <a href=\"https:\/\/bearcatmfg.com\/about-us\/\">BearCat Manufacturing<\/a> es una de las empresas de equipos de mantenimiento de carreteras mejor valoradas de Estados Unidos. Nuestros equipos de asfalto son conocidos por ofrecer una innovaci\u00f3n t\u00e9cnica que salta a la vista en todo el sector. Adem\u00e1s, nuestras m\u00e1quinas eficaces y precisas han simplificado la construcci\u00f3n de carreteras. Ellos tiempo y dinero, y nos han hecho ganar un nombre como empresa de equipos de mantenimiento del asfalto de primera clase.<\/p>\n<div class=\"left-img\"><img loading=\"lazy\" decoding=\"async\" class=\"alignnone\" src=\"https:\/\/bearcatmfg.com\/wp-content\/uploads\/2024\/01\/Distributor-Transp.-2-500x350.jpg\" alt=\"BearCat Manufacturing fabrica todos los equipos que necesitan los nuevos contratistas de asfalto para sus necesidades de construcci\u00f3n.\" width=\"500\" height=\"350\" title=\"\"><\/div>\n<p>Ll\u00e1menos hoy mismo al <a href=\"tel:9286847851\">928-684-7851<\/a> para obtener m\u00e1s informaci\u00f3n sobre los equipos que necesitan los nuevos contratistas de asfalto y para ver c\u00f3mo podemos ayudarle a prepararse para un largo futuro en el mantenimiento del asfalto. Tambi\u00e9n puedes <a href=\"https:\/\/bearcatmfg.com\/contact-us\/\">ponerte en contacto con nosotros<\/a> a trav\u00e9s de nuestro formulario en l\u00ednea para obtener m\u00e1s detalles. Esperamos poder proporcionarle los recursos que necesita para iniciar su carrera profesional.<\/p>\n","protected":false},"excerpt":{"rendered":"<p>El equipo que los nuevos contratistas de asfalto necesitan para el trabajo La construcci\u00f3n de asfalto es una parte imprescindible para mantener las carreteras en buen estado. Si est\u00e1 pensando en convertirse en contratista de asfalto, su trabajo ser\u00e1 una parte fundamental de una industria que garantiza que las carreteras de todo Estados Unidos se &hellip; <a href=\"https:\/\/bearcatmfg.com\/es\/equipamiento-que-necesitan-los-nuevos-contratistas-de-asfalto\/\" class=\"more-link\">Continue reading <span class=\"screen-reader-text\">Equipamiento que necesitan los nuevos contratistas de asfalto<\/span><\/a><\/p>\n","protected":false},"author":1,"featured_media":2581,"parent":0,"menu_order":0,"comment_status":"closed","ping_status":"closed","template":"","meta":{"_acf_changed":false,"footnotes":""},"class_list":["post-2585","page","type-page","status-publish","has-post-thumbnail","hentry"],"acf":[],"_links":{"self":[{"href":"https:\/\/bearcatmfg.com\/es\/wp-json\/wp\/v2\/pages\/2585","targetHints":{"allow":["GET"]}}],"collection":[{"href":"https:\/\/bearcatmfg.com\/es\/wp-json\/wp\/v2\/pages"}],"about":[{"href":"https:\/\/bearcatmfg.com\/es\/wp-json\/wp\/v2\/types\/page"}],"author":[{"embeddable":true,"href":"https:\/\/bearcatmfg.com\/es\/wp-json\/wp\/v2\/users\/1"}],"replies":[{"embeddable":true,"href":"https:\/\/bearcatmfg.com\/es\/wp-json\/wp\/v2\/comments?post=2585"}],"version-history":[{"count":2,"href":"https:\/\/bearcatmfg.com\/es\/wp-json\/wp\/v2\/pages\/2585\/revisions"}],"predecessor-version":[{"id":2774,"href":"https:\/\/bearcatmfg.com\/es\/wp-json\/wp\/v2\/pages\/2585\/revisions\/2774"}],"wp:featuredmedia":[{"embeddable":true,"href":"https:\/\/bearcatmfg.com\/es\/wp-json\/wp\/v2\/media\/2581"}],"wp:attachment":[{"href":"https:\/\/bearcatmfg.com\/es\/wp-json\/wp\/v2\/media?parent=2585"}],"curies":[{"name":"wp","href":"https:\/\/api.w.org\/{rel}","templated":true}]}}