{"id":2656,"date":"2024-03-08T08:54:31","date_gmt":"2024-03-08T08:54:31","guid":{"rendered":"https:\/\/bearcatmfg.com\/que-equipo-necesita-para-reparar-carreteras\/"},"modified":"2024-03-26T01:22:23","modified_gmt":"2024-03-26T01:22:23","slug":"que-equipo-necesita-para-reparar-carreteras","status":"publish","type":"page","link":"https:\/\/bearcatmfg.com\/es\/que-equipo-necesita-para-reparar-carreteras\/","title":{"rendered":"\u00bfQu\u00e9 equipo necesita para reparar carreteras?"},"content":{"rendered":"<h3>\u00bfQu\u00e9 equipo necesita para reparar carreteras?<\/h3>\n<p>Si su empresa se encarga del mantenimiento de calles, carreteras, aparcamientos p\u00fablicos o entradas privadas, es importante saber qu\u00e9 equipos necesita para la reparaci\u00f3n de carreteras. BearCat Manufacturing est\u00e1 aqu\u00ed para ayudar con una l\u00ednea completa de los <a href=\"https:\/\/bearcatmfg.com\/equipment-for-asphalt-repair-texas\/\">mejores equipos para la reparaci\u00f3n de asfalto<\/a>. Repasemos algunos de los equipos esenciales de mantenimiento de carreteras necesarios para que su empresa sea m\u00e1s eficaz y rentable.<\/p>\n<ul class=\"clr col-3\">\n<li><a href=\"https:\/\/bearcatmfg.com\/crack-sealers-illinois\/\">Selladores de grietas de asfalto<\/a><\/li>\n<li><a href=\"https:\/\/bearcatmfg.com\/chip-seal-machines-tennessee-2\/\">M\u00e1quinas de asfaltado<\/a><\/li>\n<li><a href=\"https:\/\/bearcatmfg.com\/asphalt-chip-spreaders-arizona\/\">Esparcidores de asfalto<\/a><\/li>\n<li>Bacheadores<\/li>\n<li><a href=\"https:\/\/bearcatmfg.com\/asphalt-distributors-arizona\/\">Distribuidores de asfalto<\/a><\/li>\n<li>Barredoras viales<\/li>\n<li>Hidroexcavadoras<\/li>\n<li>Compactadores<\/li>\n<\/ul>\n<p>Desde 1969, BearCat Manufacturing ha proporcionado a los contratistas de reparaci\u00f3n de carreteras algunos de los mejores <a href=\"https:\/\/bearcatmfg.com\/asphalt-repair-equipment-arizona\/\">equipos de reparaci\u00f3n de asfalto en Arizona<\/a>, <a href=\"https:\/\/bearcatmfg.com\/asphalt-repair-equipment-illinois\/\">Illinois<\/a>, <a href=\"https:\/\/bearcatmfg.com\/asphalt-repair-equipment-tennessee\/\">Tennessee<\/a>, <a href=\"https:\/\/bearcatmfg.com\/asphalt-repair-equipment-texas\/\">Texas<\/a> y en todo Estados Unidos. Entonces, \u00bfqu\u00e9 equipo necesita para la reparaci\u00f3n de carreteras? <a href=\"https:\/\/bearcatmfg.com\/contact-us\/\">P\u00f3ngase en contacto con nosotros<\/a> hoy mismo para obtener m\u00e1s informaci\u00f3n sobre las <a href=\"https:\/\/bearcatmfg.com\/asphalt-machines-for-rent\/\">m\u00e1quinas de asfalto<\/a> disponibles en <a href=\"https:\/\/bearcatmfg.com\/asphalt-machines-for-rent\/\">alquiler<\/a> y en <a href=\"https:\/\/bearcatmfg.com\/crack-sealers-for-sale\/\">venta<\/a>. Proporcionamos todo el <a href=\"https:\/\/bearcatmfg.com\/equipment-new-asphalt-contractors-need\/\">equipo que necesitan los nuevos contratistas de asfalto<\/a>.<\/p>\n<h3>Ventajas de los equipos de sellado de grietas de asfalto<\/h3>\n<p>Las selladoras de grietas de asfalto son piezas vitales del equipo que necesita para la reparaci\u00f3n de carreteras. Ayudan a prolongar la vida \u00fatil del pavimento impidiendo la entrada de agua en la capa base de asfalto. As\u00ed, el proceso de sellado de grietas combate el deterioro del pavimento asf\u00e1ltico. Los contratistas de asfalto que inviertan en <a href=\"https:\/\/bearcatmfg.com\/top-rated-crack-sealers-illinois\/\">nuestros selladores de grietas de primera calidad<\/a> pueden obtener los siguientes beneficios:<\/p>\n<ul>\n<li><strong>Mayor Eficiencia &#8211; <\/strong>Las selladoras de grietas de BearCat Manufacturing son f\u00e1ciles de operar y pueden rellenar grietas en carreteras, caminos de entrada, estacionamientos y otras superficies de pavimento de asfalto en minutos.<\/li>\n<li><strong>Mayor profesionalidad &#8211; <\/strong>La reputaci\u00f3n de su empresa y su capacidad para generar negocios de referencia dependen del <a href=\"https:\/\/bearcatmfg.com\/equipment-for-asphalt-repair-illinois\/\">mejor equipo para la reparaci\u00f3n del asfalto<\/a>. Las selladoras de grietas de BearCat Manufacturing ofrecen un alto rendimiento, durabilidad y precisi\u00f3n.<\/li>\n<li><strong>Reducci\u00f3n de los gastos de explotaci\u00f3n &#8211; <\/strong>Nuestras selladoras de grietas tambi\u00e9n ayudan a su empresa a reducir los costes de mano de obra. Se necesita menos mano de obra para hacer el trabajo y los proyectos de reparaci\u00f3n de carreteras se completan m\u00e1s r\u00e1pidamente.<\/li>\n<\/ul>\n<h3>\u00bfPor qu\u00e9 necesito m\u00e1quinas pavimentadoras de asfalto?<\/h3>\n<p>Las m\u00e1quinas de asfaltado son otra pieza importante del equipo que necesita para la reparaci\u00f3n de carreteras. La pavimentaci\u00f3n de asfalto es una opci\u00f3n popular de reparaci\u00f3n de carreteras porque es m\u00e1s r\u00e1pida y asequible que otras soluciones. El proceso de sellado de virutas sella y protege los lotes de asfalto y las carreteras de las condiciones h\u00famedas. Funciona rociando una emulsi\u00f3n asf\u00e1ltica sobre la superficie de la carretera y cubri\u00e9ndola despu\u00e9s con peque\u00f1os fragmentos de roca.<\/p>\n<p>Esto proporciona una superficie estable y lisa como el asfalto a un precio m\u00e1s asequible para reparar grietas o baches. Nuestras m\u00e1quinas de sellado de virutas le permiten ofrecer a los clientes una forma de duplicar la vida \u00fatil de su pavimento a un precio m\u00e1s barato que lo que les costar\u00eda una nueva sobrecarpeta de asfalto. Si tiene m\u00e1s preguntas, env\u00edenos un correo electr\u00f3nico a <a href=\"mailto:equipsales@bearcatmfg.com\">equipsales@bearcatmfg.com<\/a> para obtener m\u00e1s informaci\u00f3n sobre esparcidores de aglomerado asf\u00e1ltico.<\/p>\n<h3>\u00bfC\u00f3mo ayudan los distribuidores de asfalto a reparar las carreteras?<\/h3>\n<p>Los distribuidores de asfalto garantizan una aplicaci\u00f3n uniforme y precisa del asfalto a las superficies de carreteras, aparcamientos y calzadas. Son equipos esenciales para la reparaci\u00f3n de carreteras. BearCat Manufacturing dise\u00f1a nuestros distribuidores de asfalto para entregar un espesor y cobertura consistentes de asfalto a la superficie del pavimento. Como resultado, aceleran los proyectos de repavimentaci\u00f3n de carreteras sin sacrificar la calidad y el rendimiento del pavimento. En consecuencia, podr\u00e1 ofrecer a sus clientes un menor riesgo de baches, superficies irregulares y deterioro prematuro del asfalto.<\/p>\n<div class=\"left-img\"><img decoding=\"async\" src=\"https:\/\/bearcatmfg.com\/wp-content\/uploads\/2024\/03\/damaged-road.webp\" alt=\"\u00bfQu\u00e9 equipo necesita para reparar carreteras?\" title=\"\"><\/div>\n<h3>Cont\u00e1ctenos<\/h3>\n<p>\u00bfBusca m\u00e1s informaci\u00f3n sobre el equipo necesario para la reparaci\u00f3n de carreteras? A continuaci\u00f3n, deje que los representantes de BearCat Manufacturing le ofrezcan algunos consejos sobre c\u00f3mo poner en marcha su negocio o reducir los costes de sus operaciones actuales. As\u00ed pues, s\u00f3lo tiene que rellenar nuestro formulario de contacto en l\u00ednea o llamarnos al <a href=\"tel:9286847851\">928-684-7851<\/a>. Ofrecemos los mejores equipos de reparaci\u00f3n de carreteras en <a href=\"https:\/\/bearcatmfg.com\/top-rated-crack-sealers-arizona\/\">Arizona<\/a>, <a href=\"https:\/\/bearcatmfg.com\/top-rated-asphalt-distributors-illinois\/\">Illinois<\/a>, <a href=\"https:\/\/bearcatmfg.com\/top-rated-chip-seal-equipment-tennessee\/\">Tennessee<\/a>, <a href=\"https:\/\/bearcatmfg.com\/top-rated-chip-spreaders-texas\/\">Texas<\/a> y en todo Estados Unidos. Adem\u00e1s, ponemos a su disposici\u00f3n <a href=\"https:\/\/bearcatmfg.com\/asphalt-equipment-for-rent\/\">equipos de asfalto<\/a> de calidad en <a href=\"https:\/\/bearcatmfg.com\/asphalt-equipment-for-rent\/\">alquiler<\/a> o en <a href=\"https:\/\/bearcatmfg.com\/asphalt-equipment-for-sale\/\">venta<\/a>, en funci\u00f3n de las necesidades de su negocio.<\/p>\n","protected":false},"excerpt":{"rendered":"<p>\u00bfQu\u00e9 equipo necesita para reparar carreteras? Si su empresa se encarga del mantenimiento de calles, carreteras, aparcamientos p\u00fablicos o entradas privadas, es importante saber qu\u00e9 equipos necesita para la reparaci\u00f3n de carreteras. BearCat Manufacturing est\u00e1 aqu\u00ed para ayudar con una l\u00ednea completa de los mejores equipos para la reparaci\u00f3n de asfalto. Repasemos algunos de los &hellip; <a href=\"https:\/\/bearcatmfg.com\/es\/que-equipo-necesita-para-reparar-carreteras\/\" class=\"more-link\">Continue reading <span class=\"screen-reader-text\">\u00bfQu\u00e9 equipo necesita para reparar carreteras?<\/span><\/a><\/p>\n","protected":false},"author":1,"featured_media":2654,"parent":0,"menu_order":0,"comment_status":"closed","ping_status":"closed","template":"","meta":{"_acf_changed":false,"footnotes":""},"class_list":["post-2656","page","type-page","status-publish","has-post-thumbnail","hentry"],"acf":[],"_links":{"self":[{"href":"https:\/\/bearcatmfg.com\/es\/wp-json\/wp\/v2\/pages\/2656","targetHints":{"allow":["GET"]}}],"collection":[{"href":"https:\/\/bearcatmfg.com\/es\/wp-json\/wp\/v2\/pages"}],"about":[{"href":"https:\/\/bearcatmfg.com\/es\/wp-json\/wp\/v2\/types\/page"}],"author":[{"embeddable":true,"href":"https:\/\/bearcatmfg.com\/es\/wp-json\/wp\/v2\/users\/1"}],"replies":[{"embeddable":true,"href":"https:\/\/bearcatmfg.com\/es\/wp-json\/wp\/v2\/comments?post=2656"}],"version-history":[{"count":5,"href":"https:\/\/bearcatmfg.com\/es\/wp-json\/wp\/v2\/pages\/2656\/revisions"}],"predecessor-version":[{"id":2666,"href":"https:\/\/bearcatmfg.com\/es\/wp-json\/wp\/v2\/pages\/2656\/revisions\/2666"}],"wp:featuredmedia":[{"embeddable":true,"href":"https:\/\/bearcatmfg.com\/es\/wp-json\/wp\/v2\/media\/2654"}],"wp:attachment":[{"href":"https:\/\/bearcatmfg.com\/es\/wp-json\/wp\/v2\/media?parent=2656"}],"curies":[{"name":"wp","href":"https:\/\/api.w.org\/{rel}","templated":true}]}}