{"id":2755,"date":"2024-04-28T15:03:56","date_gmt":"2024-04-28T15:03:56","guid":{"rendered":"https:\/\/bearcatmfg.com\/el-mejor-equipo-de-asfaltado-de-arizona\/"},"modified":"2024-04-28T15:03:56","modified_gmt":"2024-04-28T15:03:56","slug":"el-mejor-equipo-de-asfaltado-de-arizona","status":"publish","type":"page","link":"https:\/\/bearcatmfg.com\/es\/el-mejor-equipo-de-asfaltado-de-arizona\/","title":{"rendered":"El mejor equipo de asfaltado de Arizona"},"content":{"rendered":"<h3>BearCat ofrece el mejor equipo de asfaltado disponible en Arizona<\/h3>\n<p>Hay muchas razones por las que los contratistas prefieren el asfaltado a otros m\u00e9todos de mantenimiento de carreteras. Una inversi\u00f3n en mantenimiento prolonga la vida \u00fatil de sus carreteras y las mantiene seguras y operables. Pero esa inversi\u00f3n en mantenimiento s\u00f3lo merece la pena si se asegura de obtener el mejor <a href=\"https:\/\/bearcatmfg.com\/chip-seal-machines-arizona\/\">equipo de asfaltado<\/a> que Arizona puede ofrecer. El sellado de virutas es un proceso en el que se aplican varias capas de asfalto a la superficie de la calzada y luego se rematan con varias capas de \u00e1rido fino. La especializaci\u00f3n de los equipos puede marcar la diferencia en la eficacia de este m\u00e9todo. Por eso los entendidos conf\u00edan <a href=\"https:\/\/bearcatmfg.com\/about-us\/\">en BearCat Manufacturing<\/a>. Nuestras d\u00e9cadas de innovaci\u00f3n no tienen parang\u00f3n.<\/p>\n<h3>\u00bfPor qu\u00e9 el sellado de virutas?<\/h3>\n<p>El mantenimiento regular de las carreteras es muy importante, ya que el uso constante de las carreteras pasa factura al asfalto. La formaci\u00f3n de grietas puede provocar mayores da\u00f1os en las calzadas. Y aunque el pavimento deber\u00eda durar muchos a\u00f1os, normalmente se da por hecho que el mantenimiento forma parte de ese plan de larga duraci\u00f3n. <a href=\"https:\/\/bearcatmfg.com\/best-chip-seal-equipment\/\">El asfaltado<\/a> puede facilitar ese mantenimiento.<\/p>\n<p>De hecho, <a href=\"https:\/\/bearcatmfg.com\/what-equipment-do-i-need-for-chip-seal-paving\/\">el sellado de gravilla<\/a> ofrece un m\u00e9todo de mantenimiento sencillo, asequible y duradero para las calzadas. El asfaltado significa menos tiempo con carreteras inaccesibles porque, normalmente, este proceso puede completarse en pocos d\u00edas con el equipo adecuado. Dada la sencillez del proceso, suele requerir menos materiales y mano de obra. Esto supone un gran ahorro de tiempo y dinero. El asfaltado tambi\u00e9n puede ayudar a prolongar la vida \u00fatil de una calzada hasta 12 a\u00f1os gracias a su capacidad para contrarrestar las tensiones cotidianas de la calzada.<\/p>\n<h3>La diferencia BearCat<\/h3>\n<p><a href=\"https:\/\/bearcatmfg.com\/about-us\/\">BearCat Manufacturing<\/a> fue fundada en 1969 por Ken Hill y Doug Carson. Y desde entonces, el equipo BearCat ha tenido un objetivo claro: proporcionar a los equipos de carreteras el material que necesitan para hacer bien el trabajo en todo momento. Hemos construido nuestros equipos desde el principio con innovaciones como controles modificados situados en la cabina del cami\u00f3n, barras de pulverizaci\u00f3n, v\u00e1lvulas de pulverizaci\u00f3n de asiento y alas de ruptura, que se siguen utilizando hoy en d\u00eda. Con los mejores esparcidores de gravilla, <a href=\"https:\/\/bearcatmfg.com\/crack-sealers-arizona\/\">selladores de grietas<\/a> y <a href=\"https:\/\/bearcatmfg.com\/asphalt-distributors-arizona\/\">distribuidores de asfalto<\/a> en nuestro cat\u00e1logo, BearCat sigue fabricando equipos de alto rendimiento en los que puede confiar.<\/p>\n<div class=\"right-img\"><img loading=\"lazy\" decoding=\"async\" class=\"alignnone\" src=\"https:\/\/bearcatmfg.com\/wp-content\/uploads\/2023\/06\/road-construction-worker-on-job.jpg\" alt=\"Un contratista de asfalto comprueba su trabajo despu\u00e9s de trabajar con el mejor equipo de asfaltado de Arizona\" width=\"500\" height=\"350\" title=\"\"><\/div>\n<h3>Contacte con BearCat hoy mismo<\/h3>\n<p>Estamos seguros de poder ofrecerle el mejor <a href=\"https:\/\/bearcatmfg.com\/best-chip-seal-equipment\/\">equipo de asfaltado<\/a> de Arizona. Nuestras selladoras de virutas le ofrecen opciones que se adaptan a su mejor uso. Ll\u00e1menos hoy al <a href=\"tel:9286847851\">928-684-7851<\/a> y perm\u00edtanos ayudarle a configurar el equipo perfecto para llevar a su equipo de carretera al siguiente nivel.<\/p>\n","protected":false},"excerpt":{"rendered":"<p>BearCat ofrece el mejor equipo de asfaltado disponible en Arizona Hay muchas razones por las que los contratistas prefieren el asfaltado a otros m\u00e9todos de mantenimiento de carreteras. Una inversi\u00f3n en mantenimiento prolonga la vida \u00fatil de sus carreteras y las mantiene seguras y operables. Pero esa inversi\u00f3n en mantenimiento s\u00f3lo merece la pena si &hellip; <a href=\"https:\/\/bearcatmfg.com\/es\/el-mejor-equipo-de-asfaltado-de-arizona\/\" class=\"more-link\">Continue reading <span class=\"screen-reader-text\">El mejor equipo de asfaltado de Arizona<\/span><\/a><\/p>\n","protected":false},"author":1,"featured_media":2178,"parent":0,"menu_order":0,"comment_status":"closed","ping_status":"closed","template":"","meta":{"_acf_changed":false,"footnotes":""},"class_list":["post-2755","page","type-page","status-publish","has-post-thumbnail","hentry"],"acf":[],"_links":{"self":[{"href":"https:\/\/bearcatmfg.com\/es\/wp-json\/wp\/v2\/pages\/2755","targetHints":{"allow":["GET"]}}],"collection":[{"href":"https:\/\/bearcatmfg.com\/es\/wp-json\/wp\/v2\/pages"}],"about":[{"href":"https:\/\/bearcatmfg.com\/es\/wp-json\/wp\/v2\/types\/page"}],"author":[{"embeddable":true,"href":"https:\/\/bearcatmfg.com\/es\/wp-json\/wp\/v2\/users\/1"}],"replies":[{"embeddable":true,"href":"https:\/\/bearcatmfg.com\/es\/wp-json\/wp\/v2\/comments?post=2755"}],"version-history":[{"count":0,"href":"https:\/\/bearcatmfg.com\/es\/wp-json\/wp\/v2\/pages\/2755\/revisions"}],"wp:featuredmedia":[{"embeddable":true,"href":"https:\/\/bearcatmfg.com\/es\/wp-json\/wp\/v2\/media\/2178"}],"wp:attachment":[{"href":"https:\/\/bearcatmfg.com\/es\/wp-json\/wp\/v2\/media?parent=2755"}],"curies":[{"name":"wp","href":"https:\/\/api.w.org\/{rel}","templated":true}]}}