{"id":2775,"date":"2024-04-30T05:29:38","date_gmt":"2024-04-30T05:29:38","guid":{"rendered":"https:\/\/bearcatmfg.com\/distribuidores-de-asfalto-en-alquiler\/"},"modified":"2024-04-30T05:29:38","modified_gmt":"2024-04-30T05:29:38","slug":"distribuidores-de-asfalto-en-alquiler","status":"publish","type":"page","link":"https:\/\/bearcatmfg.com\/es\/distribuidores-de-asfalto-en-alquiler\/","title":{"rendered":"Distribuidores de asfalto en alquiler"},"content":{"rendered":"<h3>La mejor selecci\u00f3n de distribuidores de asfalto en alquiler<\/h3>\n<p>Si tu empresa de mantenimiento de carreteras tiene una aver\u00eda en el equipo, BearCat Manufacturing puede ayudarte con nuestros distribuidores de asfalto en alquiler. Los distribuidores de asfalto BearCat te permiten pulverizar entre 1.000 y 4.500 galones de asfalto l\u00edquido para terminar m\u00e1s r\u00e1pidamente proyectos de calles, aparcamientos, accesos privados y carreteras. As\u00ed pues, nuestras m\u00e1quinas ofrecen una soluci\u00f3n ideal para la construcci\u00f3n, pavimentaci\u00f3n y mantenimiento de calles. Cuenta con nuestro equipo de alquiler si necesitas m\u00e1s m\u00e1quinas para terminar tu proyecto y comprar nuevas no entra en el presupuesto. <a href=\"https:\/\/bearcatmfg.com\/contact-us\/\">Env\u00eda un correo electr\u00f3nico a BearCat Manufacturing<\/a> hoy mismo para solicitar un presupuesto o m\u00e1s informaci\u00f3n sobre nuestros equipos de alquiler.<\/p>\n<h3>Por qu\u00e9 tiene sentido alquilar maquinaria<\/h3>\n<p>Hay varias situaciones en las que tu empresa podr\u00eda ahorrar dinero o podr\u00eda considerar m\u00e1s pr\u00e1ctico utilizar nuestros distribuidores de asfalto en alquiler. \u00c9stas son algunas de las razones m\u00e1s comunes por las que podr\u00edas querer aprovechar nuestros servicios de alquiler de equipos:<\/p>\n<ul>\n<li>Quieres probar un <a href=\"https:\/\/bearcatmfg.com\/asphalt-equipment-for-rent\/\">equipo<\/a> nuevo antes de comprarlo.<\/li>\n<li>Tu empresa est\u00e1 abordando un proyecto a gran escala y se necesita equipo adicional durante un breve periodo de tiempo para terminarlo.<\/li>\n<li>Te van a reparar un equipo. As\u00ed, s\u00f3lo necesitar\u00e1s una m\u00e1quina adicional durante un breve periodo de tiempo hasta que se arregle tu distribuidor averiado.<\/li>\n<\/ul>\n<p>Sea cual sea el motivo, BearCat Manufacturing ofrece equipos fiables a precios asequibles cuando necesitas alquilar m\u00e1quinas especializadas en el mantenimiento de carreteras de asfalto.<\/p>\n<h3>M\u00e1s informaci\u00f3n sobre nuestros distribuidores de asfalto<\/h3>\n<p>Bearcat Manufacturing fabrica algunos de los distribuidores de asfalto m\u00e1s productivos y fiables del sector. Por eso, podemos suministrarte excelentes distribuidores de asfalto de \u00faltimo modelo y pocas horas de uso en alquiler. Nuestra selecci\u00f3n de alquiler de distribuidores de asfalto incluye lo siguiente:<\/p>\n<ul>\n<li><strong>Distribuidor de asfalto BC 502 &#8211; <\/strong>Nuestro modelo m\u00e1s popular de distribuidor de asfalto es una leyenda del sector porque supera a la competencia en productividad. Este modelo est\u00e1 equipado con una barra de pulverizaci\u00f3n, un dep\u00f3sito de acero, un control de caudal informatizado y un sistema de calefacci\u00f3n.<\/li>\n<li><strong>Distribuidor <\/strong>de asfalto de caucho granulado <strong>&#8211; <\/strong>Al igual que el BC 502, el distribuidor de asfalto de caucho granulado que ofrecemos mueve grandes vol\u00famenes de materiales viscosos. Transportan r\u00e1pida y c\u00f3modamente materiales viscosos con quemadores di\u00e9sel de alto rendimiento, un sinf\u00edn interno y tubos de entrada sobredimensionados.<\/li>\n<\/ul>\n<h3>Otros equipos de asfalto en alquiler<\/h3>\n<p>BearCat Manufacturing ofrece selladoras de grietas de asfalto y esparcidores de gravilla de asfalto junto con nuestros distribuidores de asfalto en alquiler. Por tanto, podemos proporcionarte todo el equipo que tu empresa necesita para sus necesidades de pavimentaci\u00f3n, construcci\u00f3n o mantenimiento de carreteras.<\/p>\n<ul>\n<li><strong>Selladoras de grietas de asfalto &#8211; <\/strong>Nuestras m\u00e1quinas selladoras de grietas disponen de dep\u00f3sitos de sellador que pueden contener 250 \u00f3 400 galones. Adem\u00e1s, nuestros controles vers\u00e1tiles permiten un funcionamiento autom\u00e1tico o manual. Por tanto, nuestros equipos funcionan para operadores de distintos niveles de experiencia.<\/li>\n<li><strong>Esparcidores de virutas de asfalto &#8211; <\/strong>Mientras tanto, ofrecemos dos modelos diferentes de esparcidores de virutas, un esparcidor t\u00e1ndem de 16&#8242; y un esparcidor t\u00e1ndem de 20&#8242;. Ambos modelos incorporan una tolva trasera plegable, cintas de gran capacidad y control de velocidad informatizado.<\/li>\n<\/ul>\n<div class=\"left-img\"><img decoding=\"async\" src=\"https:\/\/bearcatmfg.com\/wp-content\/uploads\/2021\/09\/main-2-500x350.jpg\" alt=\"Distribuidores de asfalto en alquiler\" title=\"\"><\/div>\n<h3>Cont\u00e1ctenos<\/h3>\n<p>Cuando necesites m\u00e1s equipos y comprar no sea una opci\u00f3n, conf\u00eda en BearCat Manufacturing para obtener los mejores distribuidores de asfalto en alquiler. Utiliza ahora nuestro <a href=\"https:\/\/bearcatmfg.com\/contact-us\/\">formulario de contacto en<\/a> l\u00ednea para solicitar un presupuesto gratuito o m\u00e1s informaci\u00f3n sobre nuestros equipos de alquiler. Adem\u00e1s, tambi\u00e9n puedes ponerte en contacto con nosotros llamando al <a href=\"tel:9286847851\">928-684-7851<\/a> para que nuestros expertos en equipos de asfalto respondan a tus preguntas.<\/p>\n","protected":false},"excerpt":{"rendered":"<p>La mejor selecci\u00f3n de distribuidores de asfalto en alquiler Si tu empresa de mantenimiento de carreteras tiene una aver\u00eda en el equipo, BearCat Manufacturing puede ayudarte con nuestros distribuidores de asfalto en alquiler. Los distribuidores de asfalto BearCat te permiten pulverizar entre 1.000 y 4.500 galones de asfalto l\u00edquido para terminar m\u00e1s r\u00e1pidamente proyectos de &hellip; <a href=\"https:\/\/bearcatmfg.com\/es\/distribuidores-de-asfalto-en-alquiler\/\" class=\"more-link\">Continue reading <span class=\"screen-reader-text\">Distribuidores de asfalto en alquiler<\/span><\/a><\/p>\n","protected":false},"author":1,"featured_media":780,"parent":0,"menu_order":0,"comment_status":"closed","ping_status":"closed","template":"","meta":{"_acf_changed":false,"footnotes":""},"class_list":["post-2775","page","type-page","status-publish","has-post-thumbnail","hentry"],"acf":[],"_links":{"self":[{"href":"https:\/\/bearcatmfg.com\/es\/wp-json\/wp\/v2\/pages\/2775","targetHints":{"allow":["GET"]}}],"collection":[{"href":"https:\/\/bearcatmfg.com\/es\/wp-json\/wp\/v2\/pages"}],"about":[{"href":"https:\/\/bearcatmfg.com\/es\/wp-json\/wp\/v2\/types\/page"}],"author":[{"embeddable":true,"href":"https:\/\/bearcatmfg.com\/es\/wp-json\/wp\/v2\/users\/1"}],"replies":[{"embeddable":true,"href":"https:\/\/bearcatmfg.com\/es\/wp-json\/wp\/v2\/comments?post=2775"}],"version-history":[{"count":0,"href":"https:\/\/bearcatmfg.com\/es\/wp-json\/wp\/v2\/pages\/2775\/revisions"}],"wp:featuredmedia":[{"embeddable":true,"href":"https:\/\/bearcatmfg.com\/es\/wp-json\/wp\/v2\/media\/780"}],"wp:attachment":[{"href":"https:\/\/bearcatmfg.com\/es\/wp-json\/wp\/v2\/media?parent=2775"}],"curies":[{"name":"wp","href":"https:\/\/api.w.org\/{rel}","templated":true}]}}