{"id":2776,"date":"2024-04-30T05:29:38","date_gmt":"2024-04-30T05:29:38","guid":{"rendered":"https:\/\/bearcatmfg.com\/maquinas-de-asfalto-de-alquiler\/"},"modified":"2024-04-30T05:29:38","modified_gmt":"2024-04-30T05:29:38","slug":"maquinas-de-asfalto-de-alquiler","status":"publish","type":"page","link":"https:\/\/bearcatmfg.com\/es\/maquinas-de-asfalto-de-alquiler\/","title":{"rendered":"M\u00e1quinas de asfalto de alquiler"},"content":{"rendered":"<h3>BearCat MFG tiene m\u00e1quinas asfaltadoras de alquiler en las que puedes confiar<\/h3>\n<p>En el sector de la carretera, la fiabilidad es la clave. Por eso nuestro equipo de <a href=\"https:\/\/bearcatmfg.com\/about-us\/\">BearCat MFG<\/a> se enorgullece de ofrecerte el <a href=\"https:\/\/bearcatmfg.com\/equipment-new-asphalt-contractors-need\/\">equipo<\/a> necesario para mantener tus carreteras. Porque sabemos que algunos trabajos no son lo suficientemente grandes como para comprar el equipo necesario para acometerlos, ofrecemos m\u00e1quinas asfaltadoras en alquiler. T\u00fa y tu equipo pod\u00e9is utilizar este equipo para mantener tus carreteras en excelentes condiciones.<\/p>\n<div class=\"right-img\"><img loading=\"lazy\" decoding=\"async\" class=\"alignnone\" src=\"https:\/\/bearcatmfg.com\/wp-content\/uploads\/2024\/02\/dsc03232-65bb3f723c132.webp\" alt=\"Los esparcidores de asfalto son una de las M\u00e1quinas de Asfalto en Alquiler que ofrece BearCat MFG.\" width=\"500\" height=\"350\" title=\"\"><\/div>\n<h3>Qu\u00e9 ofrecemos<\/h3>\n<p>El tama\u00f1o de tu trabajo puede ser demasiado peque\u00f1o para comprar el equipo adecuado. Pero eso no significa que no sea importante utilizar el equipo adecuado. Por eso, en BearCat MFG ofrecemos todas las m\u00e1quinas asfaltadoras de alquiler que necesitas para mantener tus carreteras en las condiciones que deseas.<\/p>\n<p>Nuestros <a href=\"https:\/\/bearcatmfg.com\/top-rated-asphalt-distributors-illinois\/\">distribuidores<\/a> son fundamentales para la pavimentaci\u00f3n y la construcci\u00f3n de carreteras. Son duraderos, de alto rendimiento y potentes para esparcir asfalto l\u00edquido con seguridad. <a href=\"https:\/\/bearcatmfg.com\/asphalt-chip-spreaders-arizona\/\">Los esparcidores de gravilla<\/a> son una forma r\u00e1pida y eficaz de reparar las superficies de las carreteras utilizando \u00e1ridos finos que deben esparcirse con equipos especiales. <a href=\"https:\/\/bearcatmfg.com\/top-rated-crack-sealers-arizona\/\">Las selladoras de grietas<\/a> sellan eficazmente las grietas de las calzadas, reduciendo costes y tiempo a la vez que mantienen la seguridad de las carreteras. Te ofrecemos todo el equipo que necesitas para que tu negocio de asfalto funcione sin problemas y de forma constante.<\/p>\n<h3>Nuestros antecedentes<\/h3>\n<p>Ken Hill y Don Carson fundaron <a href=\"https:\/\/bearcatmfg.com\/about-us\/\">BearCat MFG<\/a> en 1969. Crearon esta empresa para ayudar a los clientes a obtener las soluciones exactas que necesitaban. Nuestra historia es una historia de innovaci\u00f3n. Desde la modificaci\u00f3n de camiones existentes para que las funciones pudieran controlarse desde la cabina hasta la construcci\u00f3n de su propia barra de pulverizaci\u00f3n con v\u00e1lvulas de pulverizaci\u00f3n pop y aletas de ruptura, este d\u00fao inici\u00f3 la tradici\u00f3n que el equipo de BearCat MFG contin\u00faa hoy en d\u00eda. Te encontraremos el ajuste exacto a tus necesidades. Siempre buscamos crear nuevas soluciones para que nuestros clientes puedan acercarse a lo que quieren decir.<\/p>\n<div class=\"left-img\"><img loading=\"lazy\" decoding=\"async\" class=\"alignnone\" src=\"https:\/\/bearcatmfg.com\/wp-content\/uploads\/2024\/02\/worker-levelling-fresh-asphalt-on-a-road-construction-site.webp\" alt=\"Si te dedicas al negocio del asfalto, es bueno que sepas que BearCat MFG tiene M\u00e1quinas de Asfalto en Alquiler.\" width=\"500\" height=\"350\" title=\"\"><\/div>\n<h3>Contacte con BearCat hoy mismo<\/h3>\n<p>La sede de <a href=\"https:\/\/bearcatmfg.com\/about-us\/\">BearCat MFG<\/a> est\u00e1 en Arizona, pero servimos a todo Estados Unidos. No dudes en ponerte en <a href=\"https:\/\/bearcatmfg.com\/contact-us\/\">contacto con nosotros hoy mismo<\/a> en el <a href=\"tel:9286847851\">928-684-7851<\/a> para obtener m\u00e1s informaci\u00f3n sobre los equipos que ofrecemos. Habla con nuestro equipo sobre las m\u00e1quinas asfaltadoras de alquiler que creemos que pueden ajustarse mejor a tus necesidades.<\/p>\n","protected":false},"excerpt":{"rendered":"<p>BearCat MFG tiene m\u00e1quinas asfaltadoras de alquiler en las que puedes confiar En el sector de la carretera, la fiabilidad es la clave. Por eso nuestro equipo de BearCat MFG se enorgullece de ofrecerte el equipo necesario para mantener tus carreteras. Porque sabemos que algunos trabajos no son lo suficientemente grandes como para comprar el &hellip; <a href=\"https:\/\/bearcatmfg.com\/es\/maquinas-de-asfalto-de-alquiler\/\" class=\"more-link\">Continue reading <span class=\"screen-reader-text\">M\u00e1quinas de asfalto de alquiler<\/span><\/a><\/p>\n","protected":false},"author":1,"featured_media":0,"parent":0,"menu_order":0,"comment_status":"closed","ping_status":"closed","template":"","meta":{"_acf_changed":false,"footnotes":""},"class_list":["post-2776","page","type-page","status-publish","hentry"],"acf":[],"_links":{"self":[{"href":"https:\/\/bearcatmfg.com\/es\/wp-json\/wp\/v2\/pages\/2776","targetHints":{"allow":["GET"]}}],"collection":[{"href":"https:\/\/bearcatmfg.com\/es\/wp-json\/wp\/v2\/pages"}],"about":[{"href":"https:\/\/bearcatmfg.com\/es\/wp-json\/wp\/v2\/types\/page"}],"author":[{"embeddable":true,"href":"https:\/\/bearcatmfg.com\/es\/wp-json\/wp\/v2\/users\/1"}],"replies":[{"embeddable":true,"href":"https:\/\/bearcatmfg.com\/es\/wp-json\/wp\/v2\/comments?post=2776"}],"version-history":[{"count":0,"href":"https:\/\/bearcatmfg.com\/es\/wp-json\/wp\/v2\/pages\/2776\/revisions"}],"wp:attachment":[{"href":"https:\/\/bearcatmfg.com\/es\/wp-json\/wp\/v2\/media?parent=2776"}],"curies":[{"name":"wp","href":"https:\/\/api.w.org\/{rel}","templated":true}]}}