{"id":2777,"date":"2024-04-30T05:29:38","date_gmt":"2024-04-30T05:29:38","guid":{"rendered":"https:\/\/bearcatmfg.com\/alquiler-de-selladoras-de-grietas\/"},"modified":"2024-04-30T05:29:38","modified_gmt":"2024-04-30T05:29:38","slug":"alquiler-de-selladoras-de-grietas","status":"publish","type":"page","link":"https:\/\/bearcatmfg.com\/es\/alquiler-de-selladoras-de-grietas\/","title":{"rendered":"Alquiler de selladoras de grietas"},"content":{"rendered":"<h3>BearCat MFG alquila selladoras de grietas fiables<\/h3>\n<p><a href=\"https:\/\/bearcatmfg.com\/about-us\/\">Bearcat MFG<\/a> sabe que la compra directa de equipos nuevos no siempre es una opci\u00f3n. Por eso ofrecemos selladoras de grietas de alquiler a precios asequibles. No todos los trabajos son lo bastante grandes como para justificar la compra de tu propio equipo, pero todos son lo bastante importantes como para asegurarte de que utilizas el equipo adecuado. Por eso, nuestro equipo en BearCat MFG se enorgullece de ofrecer opciones a nuestros clientes que buscan completar trabajos m\u00e1s peque\u00f1os. Siempre puedes confiar en el mejor nombre en <a href=\"https:\/\/bearcatmfg.com\/top-rated-crack-sealers-arizona\/\">selladores de grietas<\/a> y <a href=\"https:\/\/bearcatmfg.com\/equipment-for-asphalt-repair\/\">equipos de asfalto<\/a>.<\/p>\n<div class=\"right-img\"><img loading=\"lazy\" decoding=\"async\" class=\"alignnone\" src=\"https:\/\/bearcatmfg.com\/wp-content\/uploads\/2024\/02\/DSC00089.jpg\" alt=\"BearCat MGF es el mejor fabricante del sector, por eso empezamos a ofrecer nuestras Selladoras de Grietas en Alquiler\" width=\"500\" height=\"350\" title=\"\"><\/div>\n<h3>Mant\u00e9n las carreteras seguras y transitables con BearCat MFG<\/h3>\n<p>Por muy bien que mantengas una carretera, el desgaste normal puede causar desconchones y grietas que hay que reparar. Posponer estas peque\u00f1as reparaciones puede provocar problemas mayores en las carreteras y en los veh\u00edculos que las utilizan. Como es mejor abordar estos trabajos cuando a\u00fan son peque\u00f1os, BearCat MFG ofrece <a href=\"https:\/\/bearcatmfg.com\/crack-sealers-illinois\/\">selladoras de grietas<\/a> en alquiler para que no tengas que esperar a que el problema sea mayor para encontrar la soluci\u00f3n adecuada.<\/p>\n<p>Adem\u00e1s, incluso las grietas peque\u00f1as pueden agravarse con el tiempo. La humedad que penetra y se expande con las heladas puede hacer que peque\u00f1as grietas se conviertan en baches. Por eso, para prolongar la vida \u00fatil de una carretera, conviene atender esos problemas en cuanto surjan. Tratar las grietas a tiempo tambi\u00e9n puede suponer un importante ahorro de costes. Reparando regularmente estas carreteras, puedes evitar la necesidad de costosas reparaciones y sustituciones posteriores. Por eso el sellado de grietas es la mejor opci\u00f3n para quien quiera mantener las carreteras seguras y utilizables.<\/p>\n<h3>Nuestra historia<\/h3>\n<p>Desde 1969, <a href=\"https:\/\/bearcatmfg.com\/about-us\/\">BearCat Manufacturing<\/a> ha fabricado los mejores equipos de mantenimiento de carreteras del sector. Nuestros <a href=\"https:\/\/bearcatmfg.com\/equipment-new-asphalt-contractors-need\/\">equipos de mantenimiento de carreteras<\/a> ofrecen innovaci\u00f3n t\u00e9cnica y rendimiento de alto nivel para la industria de la construcci\u00f3n de carreteras. Nuestras m\u00e1quinas son eficaces y precisas y han simplificado el proceso de construcci\u00f3n de carreteras. Puedes confiar en nuestros equipos de primera clase est\u00e9s donde est\u00e9s.<\/p>\n<div class=\"left-img\"><img loading=\"lazy\" decoding=\"async\" class=\"alignnone\" src=\"https:\/\/bearcatmfg.com\/wp-content\/uploads\/2024\/02\/process-of-asphalting-blacktopping-and-paving-group-of-workers-with-shovels-finishing.webp\" alt=\"Si te dedicas al negocio del asfalto, BearCat MFG tiene las mejores Selladoras de Grietas en alquiler y en venta.\" width=\"500\" height=\"350\" title=\"\"><\/div>\n<h3>Contacte con BearCat hoy mismo<\/h3>\n<p>Tanto si quieres terminar tu peque\u00f1o trabajo con una selladora de grietas de alquiler como si quieres hablar <a href=\"https:\/\/bearcatmfg.com\/contact-us\/\">con nosotros<\/a> sobre un proyecto m\u00e1s grande que podr\u00eda necesitar equipos diferentes, BearCat MFG es la \u00fanica llamada que tienes que hacer. Con sede en Arizona, pero al servicio de clientes de todo Estados Unidos, puedes llamarnos al <a href=\"tel:9286847851\">928-684-7851<\/a> para obtener m\u00e1s detalles. No esperes a que una reparaci\u00f3n b\u00e1sica de la carretera se haga m\u00e1s grande. Llama hoy a BearCat MFG para que podamos ayudarte.<\/p>\n","protected":false},"excerpt":{"rendered":"<p>BearCat MFG alquila selladoras de grietas fiables Bearcat MFG sabe que la compra directa de equipos nuevos no siempre es una opci\u00f3n. Por eso ofrecemos selladoras de grietas de alquiler a precios asequibles. No todos los trabajos son lo bastante grandes como para justificar la compra de tu propio equipo, pero todos son lo bastante &hellip; <a href=\"https:\/\/bearcatmfg.com\/es\/alquiler-de-selladoras-de-grietas\/\" class=\"more-link\">Continue reading <span class=\"screen-reader-text\">Alquiler de selladoras de grietas<\/span><\/a><\/p>\n","protected":false},"author":1,"featured_media":0,"parent":0,"menu_order":0,"comment_status":"closed","ping_status":"closed","template":"","meta":{"_acf_changed":false,"footnotes":""},"class_list":["post-2777","page","type-page","status-publish","hentry"],"acf":[],"_links":{"self":[{"href":"https:\/\/bearcatmfg.com\/es\/wp-json\/wp\/v2\/pages\/2777","targetHints":{"allow":["GET"]}}],"collection":[{"href":"https:\/\/bearcatmfg.com\/es\/wp-json\/wp\/v2\/pages"}],"about":[{"href":"https:\/\/bearcatmfg.com\/es\/wp-json\/wp\/v2\/types\/page"}],"author":[{"embeddable":true,"href":"https:\/\/bearcatmfg.com\/es\/wp-json\/wp\/v2\/users\/1"}],"replies":[{"embeddable":true,"href":"https:\/\/bearcatmfg.com\/es\/wp-json\/wp\/v2\/comments?post=2777"}],"version-history":[{"count":0,"href":"https:\/\/bearcatmfg.com\/es\/wp-json\/wp\/v2\/pages\/2777\/revisions"}],"wp:attachment":[{"href":"https:\/\/bearcatmfg.com\/es\/wp-json\/wp\/v2\/media?parent=2777"}],"curies":[{"name":"wp","href":"https:\/\/api.w.org\/{rel}","templated":true}]}}