{"id":2778,"date":"2024-04-30T05:29:38","date_gmt":"2024-04-30T05:29:38","guid":{"rendered":"https:\/\/bearcatmfg.com\/alquiler-de-esparcidores-de-virutas\/"},"modified":"2024-04-30T05:29:38","modified_gmt":"2024-04-30T05:29:38","slug":"alquiler-de-esparcidores-de-virutas","status":"publish","type":"page","link":"https:\/\/bearcatmfg.com\/es\/alquiler-de-esparcidores-de-virutas\/","title":{"rendered":"Alquiler de esparcidores de virutas"},"content":{"rendered":"<h3>La mejor opci\u00f3n para el alquiler de esparcidores de gravilla<\/h3>\n<p>BearCat Manufacturing ofrece alquileres a corto y largo plazo cuando buscas los mejores esparcidores de gravilla en alquiler. Puedes aprovechar ese tiempo para familiarizarte con el equipo y ver si te gusta el rendimiento. Luego, te damos la opci\u00f3n de comprar el alquiler en cualquier momento durante el periodo de alquiler. Adem\u00e1s, aplicamos el alquiler facturado a la fecha en que decidas comprar hasta el 85% del precio de compra del equipo. Si deseas m\u00e1s informaci\u00f3n sobre nuestros esparcidores de gravilla en alquiler, <a href=\"https:\/\/bearcatmfg.com\/contact-us\/\">ponte en contacto con nosotros<\/a> hoy mismo. No dejes de preguntar por nuestra selecci\u00f3n de distribuidores de asfalto en alquiler, selladoras de grietas de asfalto y otros equipos de asfalto en alquiler.<\/p>\n<h3>\u00bfCu\u00e1les son las ventajas de alquilar esparcidores de virutas?<\/h3>\n<p>No todos los proyectos de pavimentaci\u00f3n, construcci\u00f3n y mantenimiento de carreteras tienen el mismo tama\u00f1o y alcance. Adem\u00e1s, no todas las empresas contratistas de asfalto est\u00e1n equipadas con la misma cantidad de equipos especiales. Por eso, BearCat Manufacturing proporciona a las empresas la flexibilidad que necesitan para resolver un problema a corto plazo, probar antes de comprar u otras ventajas que se derivan de alquilar en lugar de poseer equipos. He aqu\u00ed algunas de las mayores ventajas del alquiler de material:<\/p>\n<ul>\n<li>Facilita que el calendario del proyecto se termine a tiempo con recursos a la carta.<\/li>\n<li>El alquiler elimina el coste y el tiempo que lleva probar, mantener y reparar los equipos.<\/li>\n<li>Nuestros esparcidores de gravilla en alquiler aumentan la capacidad global de tu empresa cuando y donde los necesites.<\/li>\n<li>Los alquileres a corto plazo te permiten cumplir los plazos.<\/li>\n<li>Nuestro equipo de alquiler puede sustituir al equipo que est\u00e1s reparando.<\/li>\n<li>Satisface una necesidad temporal de m\u00e1s productividad en un proyecto a gran escala.<\/li>\n<li>En algunos casos, es m\u00e1s pr\u00e1ctico y rentable alquilar que comprar equipos nuevos.<\/li>\n<\/ul>\n<h3>Nuestros modelos disponibles de esparcidores de virutas en alquiler<\/h3>\n<p>BearCat Manufacturing ofrece dos modelos diferentes de esparcidores de gravilla en alquiler para ayudarte a terminar el trabajo de <a href=\"https:\/\/bearcatmfg.com\/chip-seal-machines\/\">sellado de gravilla<\/a>. Dise\u00f1amos y fabricamos nuestros esparcidores de virutas para superar a los equipos de la competencia. Con los esparcidores de virutas BearCat, obtendr\u00e1s una aplicaci\u00f3n precisa, vers\u00e1til y sencilla de virutas de \u00e1ridos en calles, carreteras, aparcamientos, caminos privados y mucho m\u00e1s. Nuestros esparcidores de virutas incorporan cintas de gran capacidad, controles informatizados, tolvas traseras plegables y caracter\u00edsticas adicionales que los hacen m\u00e1s productivos que las alternativas. Nuestra l\u00ednea de esparcidores de gravilla en alquiler incluye estos modelos:<\/p>\n<ul>\n<li><strong>Astilladora Stealth 16&#8242; en t\u00e1ndem <\/strong>&#8211; Este modelo ligeramente m\u00e1s peque\u00f1o sigue siendo incre\u00edblemente eficaz y supera a las m\u00e1quinas alternativas. Incluye una tolva trasera plegable, cintas de gran capacidad y control de velocidad informatizado.<\/li>\n<li><strong>Astilladora en t\u00e1ndem de 20&#8242; <\/strong>&#8211; Esta m\u00e1quina te ofrece una extensi\u00f3n de 10 a 20 pies para usarla sobre la marcha. Es una opci\u00f3n m\u00e1s grande, r\u00e1pida y resistente que nuestro modelo m\u00e1s peque\u00f1o.<\/li>\n<\/ul>\n<h3>Otros equipos de asfalto en alquiler<\/h3>\n<p>BearCat Manufacturing proporciona distribuidores de asfalto y selladores de grietas, as\u00ed como esparcidores de gravilla en alquiler. Somos tu ventanilla \u00fanica para todos los equipos especiales de alquiler de asfalto que necesitas para hacer el trabajo. Aqu\u00ed tienes un resumen de los dem\u00e1s <a href=\"https:\/\/bearcatmfg.com\/asphalt-equipment-for-rent\/\">equipos de asfalto en alquiler<\/a> que ofrecemos:<\/p>\n<ul>\n<li><strong>Selladoras de grietas de asfalto &#8211; <\/strong>Nuestras selladoras de grietas vienen con dep\u00f3sitos de sellador con capacidad para 250 \u00f3 400 galones. Adem\u00e1s, los controles vers\u00e1tiles permiten a los operarios de distintos niveles de experiencia alternar entre el funcionamiento automatizado o manual.<\/li>\n<li><strong>Distribuidores de asfalto &#8211; <\/strong>Puedes elegir entre la leyenda del sector BC 502 o los distribuidores de asfalto granulado de caucho. Ambos modelos transportan f\u00e1cilmente material viscoso con equipamiento de serie, como un sinf\u00edn interno, quemadores di\u00e9sel de alto rendimiento y tubos de entrada sobredimensionados.<\/li>\n<\/ul>\n<div class=\"left-img\"><img decoding=\"async\" src=\"https:\/\/bearcatmfg.com\/wp-content\/uploads\/2021\/09\/spreader_img1-500x350.jpg\" alt=\"Alquiler de esparcidores de virutas\" title=\"\"><\/div>\n<h3>Cont\u00e1ctenos<\/h3>\n<p>\u00bfNecesitas equipos especiales para asfalto pero comprar m\u00e1quinas nuevas no es una opci\u00f3n? Entonces, <a href=\"https:\/\/bearcatmfg.com\/contact-us\/\">ponte en contacto con BearCat Manufacturing<\/a> para preguntar por nuestros esparcidores de gravilla en alquiler. Somos l\u00edderes del sector en equipos de mantenimiento de carreteras y te ofrecemos la flexibilidad de probar antes de comprar o simplemente alquilar equipos a corto o largo plazo.<\/p>\n","protected":false},"excerpt":{"rendered":"<p>La mejor opci\u00f3n para el alquiler de esparcidores de gravilla BearCat Manufacturing ofrece alquileres a corto y largo plazo cuando buscas los mejores esparcidores de gravilla en alquiler. Puedes aprovechar ese tiempo para familiarizarte con el equipo y ver si te gusta el rendimiento. Luego, te damos la opci\u00f3n de comprar el alquiler en cualquier &hellip; <a href=\"https:\/\/bearcatmfg.com\/es\/alquiler-de-esparcidores-de-virutas\/\" class=\"more-link\">Continue reading <span class=\"screen-reader-text\">Alquiler de esparcidores de virutas<\/span><\/a><\/p>\n","protected":false},"author":1,"featured_media":809,"parent":0,"menu_order":0,"comment_status":"closed","ping_status":"closed","template":"","meta":{"_acf_changed":false,"footnotes":""},"class_list":["post-2778","page","type-page","status-publish","has-post-thumbnail","hentry"],"acf":[],"_links":{"self":[{"href":"https:\/\/bearcatmfg.com\/es\/wp-json\/wp\/v2\/pages\/2778","targetHints":{"allow":["GET"]}}],"collection":[{"href":"https:\/\/bearcatmfg.com\/es\/wp-json\/wp\/v2\/pages"}],"about":[{"href":"https:\/\/bearcatmfg.com\/es\/wp-json\/wp\/v2\/types\/page"}],"author":[{"embeddable":true,"href":"https:\/\/bearcatmfg.com\/es\/wp-json\/wp\/v2\/users\/1"}],"replies":[{"embeddable":true,"href":"https:\/\/bearcatmfg.com\/es\/wp-json\/wp\/v2\/comments?post=2778"}],"version-history":[{"count":0,"href":"https:\/\/bearcatmfg.com\/es\/wp-json\/wp\/v2\/pages\/2778\/revisions"}],"wp:featuredmedia":[{"embeddable":true,"href":"https:\/\/bearcatmfg.com\/es\/wp-json\/wp\/v2\/media\/809"}],"wp:attachment":[{"href":"https:\/\/bearcatmfg.com\/es\/wp-json\/wp\/v2\/media?parent=2778"}],"curies":[{"name":"wp","href":"https:\/\/api.w.org\/{rel}","templated":true}]}}