{"id":2780,"date":"2024-04-30T05:29:39","date_gmt":"2024-04-30T05:29:39","guid":{"rendered":"https:\/\/bearcatmfg.com\/cuales-son-las-mejores-marcas-para-los-distribuidores-de-asfalto\/"},"modified":"2025-12-05T05:38:34","modified_gmt":"2025-12-05T05:38:34","slug":"cuales-son-las-mejores-marcas-para-los-distribuidores-de-asfalto","status":"publish","type":"page","link":"https:\/\/bearcatmfg.com\/es\/cuales-son-las-mejores-marcas-para-los-distribuidores-de-asfalto\/","title":{"rendered":"\u00bfCu\u00e1les son las mejores marcas para los distribuidores de asfalto?"},"content":{"rendered":"<h3>\u00bfCu\u00e1les son las mejores marcas para los distribuidores de asfalto?<\/h3>\n<p>Si tu empresa de mantenimiento de carreteras necesita actualizar sus equipos, querr\u00e1s saber d\u00f3nde encontrar las mejores marcas de distribuidores de asfalto. Al fin y al cabo, quieres asegurarte de que est\u00e1s invirtiendo en un equipo con el historial de rendimiento constante necesario para ofrecer los mejores resultados. Teniendo esto en cuenta, repasaremos algunas de las principales marcas en lo que se refiere a distribuidores de asfalto. \u00c9stos son algunos de los fabricantes de m\u00e1quinas asfaltadoras m\u00e1s fiables del sector:<\/p>\n<ul class=\"clr col-2\">\n<li>STRATOS<\/li>\n<li>LeeBoy<\/li>\n<li>Etnyre<\/li>\n<li>Fabricaci\u00f3n BearCat<\/li>\n<\/ul>\n<p>BearCat Manufacturing es uno de los principales fabricantes de m\u00e1quinas asfaltadoras desde 1969. Durante m\u00e1s de 50 a\u00f1os, nos hemos ganado la reputaci\u00f3n de ser una de las mejores marcas para distribuidores de asfalto. <a href=\"https:\/\/bearcatmfg.com\/contact-us\/\">Env\u00edanos un correo electr\u00f3nico<\/a> ahora para solicitar m\u00e1s informaci\u00f3n sobre nuestros productos.<\/p>\n<h3>Distribuidores de asfalto STRATOS<\/h3>\n<p>STRATOS es una de las mayores marcas de distribuidores de asfalto de Estados Unidos. Con STRATOS, recibes una serie de capacidades en sus productos. Puedes elegir opciones desde 400 galones hasta 1.000 galones. Sus productos vienen con controles termost\u00e1ticos, calefacci\u00f3n di\u00e9sel, varillas pulverizadoras, mangueras retr\u00e1ctiles y mucho m\u00e1s. Tu empresa de mantenimiento de carreteras puede utilizar los distribuidores de asfalto STRATOS para aplicaciones de pulverizaci\u00f3n de cimientos, sellado de virutas, revestimiento de sellado, supresi\u00f3n de polvo, pulverizaci\u00f3n de emulsiones y sellado de tejados.<\/p>\n<h3>Distribuidores de asfalto LeeBoy<\/h3>\n<p>LeeBoy es otro nombre bien considerado cuando se trata de las mejores marcas para distribuidores de asfalto en Am\u00e9rica. LeeBoy ofrece varios modelos diferentes de distribuidores de asfalto, incluido el Maximizer III, que incorpora una bomba de asfalto Viking de 400 GPM y un sistema de autolavado. Adem\u00e1s, LeeBoy es un fabricante con una base mundial conocido por fabricar equipos con calidad, fiabilidad, caracter\u00edsticas innovadoras y versatilidad en cuanto a aplicaciones.<\/p>\n<h3>Distribuidores de asfalto Etnyre<\/h3>\n<p>Adem\u00e1s de ser una de las mejores marcas para distribuidores de asfalto, Etnyre figura entre los l\u00edderes mundiales en otras m\u00e1quinas de asfalto. Son una de las marcas m\u00e1s fiables en esparcidores de gravilla, selladores de grietas, dep\u00f3sitos de almacenamiento y tambi\u00e9n en remolques. Los distribuidores de asfalto Black Topper de Etnyre pulverizan con precisi\u00f3n de 1.000 a 4.500 galones de asfalto l\u00edquido en carreteras, aparcamientos, autopistas, calzadas u otras superficies de pavimento. Otras grandes caracter\u00edsticas de los distribuidores de asfalto Etnyre Black Topper son las siguientes:<\/p>\n<ul class=\"col-2\">\n<li>Controles unipersonales cerca de la parte trasera del distribuidor o desde la cabina del cami\u00f3n.<\/li>\n<li>Control electr\u00f3nico de la velocidad de la bomba de asfalto que proporciona aplicaciones de precisi\u00f3n.<\/li>\n<li>Flujo de asfalto equilibrado de doble alimentaci\u00f3n para una cobertura uniforme.<\/li>\n<li>Barra pulverizadora de 12 pies con circulaci\u00f3n completa y alas plegables.<\/li>\n<li>Tama\u00f1os de dep\u00f3sito personalizados (de 1.000 a 4.500 galones).<\/li>\n<\/ul>\n<h3>\u00bfPor qu\u00e9 elegir a los distribuidores de asfalto BearCat Manufacturing?<\/h3>\n<p>Al igual que Etnyre, BearCat Manufacturing es conocida como uno de los mejores fabricantes de m\u00e1quinas de asfalto del sector y una de las mejores marcas para los distribuidores de asfalto. Su empresa ha proporcionado innovaciones de vanguardia en equipos de construcci\u00f3n y mantenimiento de carreteras desde 1969. Sus distribuidores de asfalto de categor\u00eda mundial cuentan con algunas de las calificaciones m\u00e1s altas de productividad y fiabilidad. En consecuencia, BearCat Manufacturing es una de las principales marcas para los <a href=\"https:\/\/bearcatmfg.com\/asphalt-distributors-illinois\/\">distribuidores de asfalto de Illinois<\/a>, <a href=\"https:\/\/bearcatmfg.com\/asphalt-distributors-arizona\/\">Arizona<\/a>, <a href=\"https:\/\/bearcatmfg.com\/asphalt-distributors-tennessee\/\">Tennessee<\/a>, <a href=\"https:\/\/bearcatmfg.com\/asphalt-distributors-texas\/\">Texas<\/a> y de todo Estados Unidos. Adem\u00e1s, todo su equipo es ensamblado aqu\u00ed, en Estados Unidos, por trabajadores estadounidenses. \u00c9stas son algunas de las incre\u00edbles prestaciones que recibes con los distribuidores de asfalto de BearCat Manufacturing:<\/p>\n<ul class=\"col-2\">\n<li>Control de tasa computarizado<\/li>\n<li>Mandos del operador dentro de la cabina<\/li>\n<li>Sistemas de descarga y rotura<\/li>\n<li>Reequipamiento<\/li>\n<li>Tanque de acero<\/li>\n<li>Sistema de calefacci\u00f3n<\/li>\n<li>Barra de pulverizaci\u00f3n<\/li>\n<li>Bomba de asfalto calefactada<\/li>\n<li>V\u00e1lvulas de pulverizaci\u00f3n<\/li>\n<li>Colectores de tres v\u00e1lvulas<\/li>\n<li>Caracter\u00edsticas personalizables, como longitud de la barra de pulverizaci\u00f3n, alas plegables, marcadores de l\u00ednea, mangueras de alimentaci\u00f3n de la barra, calefacci\u00f3n el\u00e9ctrica, v\u00e1lvula de carga lateral giratoria, caja de herramientas h\u00fameda, caja de boquillas, espejos neum\u00e1ticos, bomba empaquetada o sellada, manguera de carga, pestillo hidr\u00e1ulico de la barra de pulverizaci\u00f3n<\/li>\n<\/ul>\n<div class=\"left-img\"><img decoding=\"async\" src=\"https:\/\/bearcatmfg.com\/wp-content\/uploads\/2021\/09\/main-1-500x350.jpg\" alt=\"\u00bfCu\u00e1les son las mejores marcas para los distribuidores de asfalto?\" title=\"\"><\/div>\n<h3>Hablemos de los distribuidores de asfalto<\/h3>\n<p>BearCat Manufacturing est\u00e1 aqu\u00ed para ayudarte si necesitas m\u00e1s informaci\u00f3n sobre una de las mejores marcas para distribuidores de asfalto de Estados Unidos.  <a href=\"https:\/\/bearcatmfg.com\/contact-us\/\">Env\u00edanos un correo electr\u00f3nico<\/a> o ll\u00e1manos al <a href=\"tel:9286847851\">928-684-7851<\/a> para solicitar un presupuesto gratuito o hablar con nosotros sobre nuestros equipos. Somos tu hogar para equipos que ofrecen una producci\u00f3n fiable respaldada por un servicio de atenci\u00f3n al cliente de primera clase.<\/p>\n","protected":false},"excerpt":{"rendered":"<p>\u00bfCu\u00e1les son las mejores marcas para los distribuidores de asfalto? Si tu empresa de mantenimiento de carreteras necesita actualizar sus equipos, querr\u00e1s saber d\u00f3nde encontrar las mejores marcas de distribuidores de asfalto. Al fin y al cabo, quieres asegurarte de que est\u00e1s invirtiendo en un equipo con el historial de rendimiento constante necesario para ofrecer &hellip; <a href=\"https:\/\/bearcatmfg.com\/es\/cuales-son-las-mejores-marcas-para-los-distribuidores-de-asfalto\/\" class=\"more-link\">Continue reading <span class=\"screen-reader-text\">\u00bfCu\u00e1les son las mejores marcas para los distribuidores de asfalto?<\/span><\/a><\/p>\n","protected":false},"author":1,"featured_media":780,"parent":0,"menu_order":0,"comment_status":"closed","ping_status":"closed","template":"","meta":{"_acf_changed":false,"footnotes":""},"class_list":["post-2780","page","type-page","status-publish","has-post-thumbnail","hentry"],"acf":[],"_links":{"self":[{"href":"https:\/\/bearcatmfg.com\/es\/wp-json\/wp\/v2\/pages\/2780","targetHints":{"allow":["GET"]}}],"collection":[{"href":"https:\/\/bearcatmfg.com\/es\/wp-json\/wp\/v2\/pages"}],"about":[{"href":"https:\/\/bearcatmfg.com\/es\/wp-json\/wp\/v2\/types\/page"}],"author":[{"embeddable":true,"href":"https:\/\/bearcatmfg.com\/es\/wp-json\/wp\/v2\/users\/1"}],"replies":[{"embeddable":true,"href":"https:\/\/bearcatmfg.com\/es\/wp-json\/wp\/v2\/comments?post=2780"}],"version-history":[{"count":2,"href":"https:\/\/bearcatmfg.com\/es\/wp-json\/wp\/v2\/pages\/2780\/revisions"}],"predecessor-version":[{"id":5045,"href":"https:\/\/bearcatmfg.com\/es\/wp-json\/wp\/v2\/pages\/2780\/revisions\/5045"}],"wp:featuredmedia":[{"embeddable":true,"href":"https:\/\/bearcatmfg.com\/es\/wp-json\/wp\/v2\/media\/780"}],"wp:attachment":[{"href":"https:\/\/bearcatmfg.com\/es\/wp-json\/wp\/v2\/media?parent=2780"}],"curies":[{"name":"wp","href":"https:\/\/api.w.org\/{rel}","templated":true}]}}