{"id":2781,"date":"2024-04-30T05:29:39","date_gmt":"2024-04-30T05:29:39","guid":{"rendered":"https:\/\/bearcatmfg.com\/alquiler-de-maquinaria-para-asfalto\/"},"modified":"2024-05-15T05:47:18","modified_gmt":"2024-05-15T05:47:18","slug":"alquiler-de-maquinaria-para-asfalto","status":"publish","type":"page","link":"https:\/\/bearcatmfg.com\/es\/alquiler-de-maquinaria-para-asfalto\/","title":{"rendered":"Alquiler de maquinaria para asfalto"},"content":{"rendered":"<h3>\u00bfD\u00f3nde puedo encontrar m\u00e1quinas de asfalto en alquiler?<\/h3>\n<p>BearCat Manufacturing permite a tu negocio de pavimentaci\u00f3n escalar las soluciones para adaptarlas a tus necesidades con nuestros equipos de asfalto en alquiler. Ofrecemos productos de primera clase, como <a href=\"https:\/\/bearcatmfg.com\/asphalt-distributors\/\">distribuidores de asfalto<\/a>, <a href=\"https:\/\/bearcatmfg.com\/chip-spreaders-for-rent\/\">esparcidores de gravilla<\/a>, <a href=\"https:\/\/bearcatmfg.com\/asphalt-crack-sealers\/\">selladores de grietas<\/a> y <a href=\"https:\/\/bearcatmfg.com\/product-category\/custom-equipment\/\">equipos personalizados<\/a>. Desde 1969, nuestra empresa fabrica <a href=\"https:\/\/bearcatmfg.com\/asphalt-machines-for-rent\/\">m\u00e1quinas de reparaci\u00f3n de asfalto<\/a> que ofrecen las mejores prestaciones y durabilidad del sector. As\u00ed que aprovecha el ahorro de costes, la ausencia de mantenimiento y la flexibilidad que te ofrece nuestro alquiler de equipos de asfalto. <a href=\"https:\/\/bearcatmfg.com\/contact-us\/\">Ponte en contacto con nosotros<\/a> ahora para solicitar un presupuesto gratuito. Tambi\u00e9n podemos proporcionarte m\u00e1s informaci\u00f3n sobre nuestros equipos de asfalto en alquiler en <a href=\"https:\/\/bearcatmfg.com\/asphalt-repair-equipment-illinois\/\">Illinois<\/a>, <a href=\"https:\/\/bearcatmfg.com\/asphalt-repair-equipment-texas\/\">Texas<\/a>, <a href=\"https:\/\/bearcatmfg.com\/asphalt-repair-equipment-arizona\/\">Arizona<\/a>, <a href=\"https:\/\/bearcatmfg.com\/asphalt-repair-equipment-tennessee\/\">Tennessee<\/a> y en todo Estados Unidos.<\/p>\n<h3>\u00bfC\u00f3mo ofrece m\u00e1s flexibilidad el alquiler de maquinaria para asfalto?<\/h3>\n<p>Tu empresa de mantenimiento del asfalto puede disfrutar de una mayor flexibilidad de varias formas con nuestros equipos de asfalto en alquiler. Para empezar, puedes elegir entre una amplia gama de tama\u00f1os y tipos de equipos adaptados a las exigencias de tu proyecto. Adem\u00e1s, puedes evitar los costes de propiedad a largo plazo pagando s\u00f3lo por la duraci\u00f3n del uso. De ese modo, puedes evitar un gran gasto en equipos que quiz\u00e1 no necesites siempre. Por \u00faltimo, mantenemos en buen estado nuestros equipos de asfalto en alquiler. As\u00ed, eliminamos los costes de reparaci\u00f3n o el tiempo que tarda tu personal en realizar el mantenimiento de los equipos.<\/p>\n<h3>\u00bfC\u00f3mo ahorra dinero el alquiler de maquinaria de asfalto?<\/h3>\n<p>Hay muchas formas de que tu empresa de mantenimiento de carreteras ahorre dinero con nuestros equipos de asfalto en alquiler. Al fin y al cabo, el alquiler de material ofrece un coste m\u00e1s barato que su compra. Adem\u00e1s, el alquiler te permite evitar la responsabilidad de pagar robos, gastos de reparaci\u00f3n y aver\u00edas. Adem\u00e1s, el alquiler de equipos te proporciona un uso optimizado. Si s\u00f3lo necesitas ciertos equipos especializados con poca frecuencia, tiene sentido pagar s\u00f3lo por el tiempo que los utilizas. De ese modo, podr\u00e1s asignar tu presupuesto con sensatez e invertir en tu negocio de forma m\u00e1s eficiente. Y lo que es m\u00e1s importante, el alquiler de equipos de asfalto elimina las costosas facturas de reparaci\u00f3n y los retrasos en los proyectos debidos al mantenimiento de los equipos.<\/p>\n<h3>\u00bfY si necesito conservar el material m\u00e1s tiempo?<\/h3>\n<p>Podemos ofrecerte flexibilidad en caso de que necesites un uso m\u00e1s prolongado de nuestros equipos de asfalto en alquiler. De hecho, puedes elegir entre opciones de alquiler a corto o largo plazo. Adem\u00e1s, te damos la opci\u00f3n de comprar equipos en cualquier momento durante tu periodo de alquiler de equipos. As\u00ed, nuestro equipo de alquiler te ofrece una gran oportunidad de probarlo antes de comprarlo. Y lo que es m\u00e1s importante, el alquiler facturado hasta la fecha en que decidas comprar el equipo se aplicar\u00e1 hasta el 85% del precio de compra del equipo.<\/p>\n<div class=\"left-img\">\n<img decoding=\"async\" src=\"https:\/\/bearcatmfg.com\/wp-content\/uploads\/2021\/09\/Chip-Spreader-500x350.jpg\" alt=\"Alquiler de maquinaria para asfalto\" title=\"\">\n<\/div>\n<h3>Pregunta por nuestros equipos de asfalto en alquiler<\/h3>\n<p>\u00bfTienes m\u00e1s preguntas sobre nuestro material de alquiler? A BearCat Manufacturing le encantar\u00eda proporcionarte toda la informaci\u00f3n que necesites sobre nuestros <a href=\"https:\/\/bearcatmfg.com\/equipment-for-asphalt-repair\/\">equipos de reparaci\u00f3n de asfalto<\/a> de primera clase. Para ponerte en contacto con nosotros, env\u00edanos un correo electr\u00f3nico a trav\u00e9s de nuestro formulario de contacto o llama al <a href=\"tel:9286847851\">928-684-7851<\/a>. Tanto si quieres alquilar como comprar m\u00e1quinas asfaltadoras, podemos proporcionarte productos que ofrecen los resultados m\u00e1s fiables y duraderos.<\/p>\n","protected":false},"excerpt":{"rendered":"<p>\u00bfD\u00f3nde puedo encontrar m\u00e1quinas de asfalto en alquiler? BearCat Manufacturing permite a tu negocio de pavimentaci\u00f3n escalar las soluciones para adaptarlas a tus necesidades con nuestros equipos de asfalto en alquiler. Ofrecemos productos de primera clase, como distribuidores de asfalto, esparcidores de gravilla, selladores de grietas y equipos personalizados. Desde 1969, nuestra empresa fabrica m\u00e1quinas &hellip; <a href=\"https:\/\/bearcatmfg.com\/es\/alquiler-de-maquinaria-para-asfalto\/\" class=\"more-link\">Continue reading <span class=\"screen-reader-text\">Alquiler de maquinaria para asfalto<\/span><\/a><\/p>\n","protected":false},"author":1,"featured_media":854,"parent":0,"menu_order":0,"comment_status":"closed","ping_status":"closed","template":"","meta":{"_acf_changed":false,"footnotes":""},"class_list":["post-2781","page","type-page","status-publish","has-post-thumbnail","hentry"],"acf":[],"_links":{"self":[{"href":"https:\/\/bearcatmfg.com\/es\/wp-json\/wp\/v2\/pages\/2781","targetHints":{"allow":["GET"]}}],"collection":[{"href":"https:\/\/bearcatmfg.com\/es\/wp-json\/wp\/v2\/pages"}],"about":[{"href":"https:\/\/bearcatmfg.com\/es\/wp-json\/wp\/v2\/types\/page"}],"author":[{"embeddable":true,"href":"https:\/\/bearcatmfg.com\/es\/wp-json\/wp\/v2\/users\/1"}],"replies":[{"embeddable":true,"href":"https:\/\/bearcatmfg.com\/es\/wp-json\/wp\/v2\/comments?post=2781"}],"version-history":[{"count":2,"href":"https:\/\/bearcatmfg.com\/es\/wp-json\/wp\/v2\/pages\/2781\/revisions"}],"predecessor-version":[{"id":2930,"href":"https:\/\/bearcatmfg.com\/es\/wp-json\/wp\/v2\/pages\/2781\/revisions\/2930"}],"wp:featuredmedia":[{"embeddable":true,"href":"https:\/\/bearcatmfg.com\/es\/wp-json\/wp\/v2\/media\/854"}],"wp:attachment":[{"href":"https:\/\/bearcatmfg.com\/es\/wp-json\/wp\/v2\/media?parent=2781"}],"curies":[{"name":"wp","href":"https:\/\/api.w.org\/{rel}","templated":true}]}}