{"id":2783,"date":"2024-04-30T05:29:39","date_gmt":"2024-04-30T05:29:39","guid":{"rendered":"https:\/\/bearcatmfg.com\/que-equipo-necesito-para-pavimentar-con-aglomerado-asfaltico\/"},"modified":"2024-04-30T05:29:40","modified_gmt":"2024-04-30T05:29:40","slug":"que-equipo-necesito-para-pavimentar-con-aglomerado-asfaltico","status":"publish","type":"page","link":"https:\/\/bearcatmfg.com\/es\/que-equipo-necesito-para-pavimentar-con-aglomerado-asfaltico\/","title":{"rendered":"\u00bfQu\u00e9 equipo necesito para pavimentar con aglomerado asf\u00e1ltico?"},"content":{"rendered":"<h3>\u00bfQu\u00e9 equipo necesito para pavimentar con aglomerado asf\u00e1ltico?<\/h3>\n<p>BearCat Manufacturing puede ayudarte si tu empresa de mantenimiento de carreteras, nueva o ya establecida, est\u00e1 evaluando qu\u00e9 equipo necesita para la pavimentaci\u00f3n con sello de virutas. Desde 1969, nuestra empresa fabrica y vende algunas de las mejores <a href=\"https:\/\/bearcatmfg.com\/top-rated-asphalt-machines\/\">m\u00e1quinas asfaltadoras<\/a> del sector. Ofrecemos <a href=\"https:\/\/bearcatmfg.com\/top-rated-asphalt-distrbutors-arizona\/\">los mejores distribuidores de asfalto<\/a> y <a href=\"https:\/\/bearcatmfg.com\/top-rated-chip-spreaders-tennessee\/\">esparcidores de gra<\/a> villa, que son equipos esenciales para los proyectos de pavimentaci\u00f3n con sello de gravilla. Adem\u00e1s, podemos fabricar equipos personalizados dise\u00f1ados espec\u00edficamente para las necesidades de tu negocio de mantenimiento de carreteras. <a href=\"https:\/\/bearcatmfg.com\/contact-us\/\">Env\u00eda<\/a> ahora <a href=\"https:\/\/bearcatmfg.com\/contact-us\/\">un correo electr\u00f3nico a BearCat Manufacturing<\/a> para solicitar m\u00e1s informaci\u00f3n o un presupuesto gratuito sobre el equipo que necesitas para pavimentar con aglomerado.<\/p>\n<h3>Los Distribuidores de Asfalto son Necesarios para la Pavimentaci\u00f3n con Asfalto Asf\u00e1ltico<\/h3>\n<p>Los distribuidores de asfalto desempe\u00f1an un papel fundamental en el proceso de asfaltado y sellado. Son uno de los equipos m\u00e1s importantes que necesitas para pavimentar con aglomerado. Por ejemplo, los distribuidores de asfalto son las m\u00e1quinas que proporcionan una aplicaci\u00f3n uniforme y precisa del asfalto l\u00edquido al pavimento. De ese modo, todas las capas del pavimento se adherir\u00e1n mejor a las capas posteriores de \u00e1ridos. Adem\u00e1s, el asfalto aplicado a la superficie por los distribuidores de asfalto sirve de capa base para el \u00e1rido a\u00f1adido posteriormente por los esparcidores de gravilla. Por eso, es importante que los distribuidores de asfalto obtengan resultados fiables y precisos para garantizar la integridad del pavimento a largo plazo.<\/p>\n<h3>\u00bfQu\u00e9 productos para distribuidores de asfalto hay disponibles?<\/h3>\n<p>BearCat Manufacturing ofrece algunos de los equipos m\u00e1s fiables que necesitas para pavimentar con aglomerado. \u00c9stas son las opciones disponibles cuando se trata de distribuidores de asfalto:<\/p>\n<ul>\n<li><strong>Distribuidor de asfalto BC-502-<\/strong> El modelo BC-502 de BearCat es conocido como \u00abla leyenda\u00bb en el sector de las m\u00e1quinas de mantenimiento de carreteras por su inigualable productividad. La equipamos con algunas de las caracter\u00edsticas m\u00e1s solicitadas del mercado, como un dep\u00f3sito de almacenamiento de acero, una barra de pulverizaci\u00f3n, un control de caudal informatizado, un sistema de calefacci\u00f3n, \u00a1y mucho m\u00e1s!<\/li>\n<li><strong>Distribuidor<\/strong>de asfalto de caucho <strong>granulado-<\/strong>Al igual que el BC-502, el distribuidor de asfalto de caucho granulado BearCat mueve grandes cantidades de agentes aglutinantes. Los tubos de entrada extragrandes, los quemadores di\u00e9sel de alto rendimiento y los sinfines internos de nuestros equipos permiten transportar f\u00e1cilmente los materiales aglomerantes.<\/li>\n<li><strong>Sistemas de pulverizaci\u00f3n para el control del polvo-<\/strong>Los sistemas est\u00e1n especialmente dise\u00f1ados para agentes de resistencia qu\u00edmica y otras aplicaciones. Podemos instalar nuevos equipos de pulverizaci\u00f3n para el control del polvo o adaptarlos a equipos existentes que ya poseas.<\/li>\n<li><strong>Remolque de arrastre de asfalto:<\/strong>tambi\u00e9n podemos suministrar a tu empresa de mantenimiento de carreteras un remolque de arrastre de dos ejes, que te permitir\u00e1 transportar 20 toneladas de materiales. Adem\u00e1s, est\u00e1 equipada para descargar f\u00e1cilmente la carga completa de materiales.<\/li>\n<\/ul>\n<h3>Los proyectos de pavimentaci\u00f3n con aglomerado requieren esparcidores de aglomerado<\/h3>\n<p>Las esparcidoras de virutas tambi\u00e9n desempe\u00f1an un papel crucial en el proceso de astillado y sellado. Son las otras piezas del equipo que necesitas para los proyectos de asfaltado. Despu\u00e9s de que el distribuidor de asfalto aplique la capa base, los esparcidores de gravilla de Bearcat Manufacturing proporcionan una aplicaci\u00f3n precisa de cantidades uniformes de \u00e1rido sobre la base de asfalto. Es importante tener precisi\u00f3n durante este paso, porque demasiado o demasiado poco \u00e1rido causar\u00e1 problemas en el proceso de adherencia del asfalto. Si eso ocurre, la integridad del pavimento no resistir\u00e1 un uso intenso.<\/p>\n<h3>\u00bfPor qu\u00e9 elegir los esparcidores de virutas de BearCat Manufacturing?<\/h3>\n<p>BearCat Manufacturing puede suministrarte el mejor equipo que necesites para pavimentar con aglomerado. Junto con los mejores distribuidores de asfalto, ofrecemos dos modelos de esparcidores de gravilla. Aqu\u00ed tienes un resumen de nuestros productos:<\/p>\n<ul>\n<li><strong>Astilladora en t\u00e1ndem de 20&#8242; &#8211;<\/strong>Nuestro modelo de 20&#8242; ofrece el mejor rendimiento, el m\u00e1s r\u00e1pido y el m\u00e1s resistente. Adem\u00e1s, \u00a1te proporciona una extensi\u00f3n de 10\u2032 a 20\u2032 para aplicarlo sobre la marcha! Nuestros productos cuentan con algunas de las caracter\u00edsticas m\u00e1s populares en el sector de las m\u00e1quinas de mantenimiento de carreteras. Estas caracter\u00edsticas incluyen controles de velocidad informatizados, cintas de gran capacidad y mucho m\u00e1s.<\/li>\n<li><strong>Astilladora Stealth 16&#8242; en t\u00e1ndem-<\/strong>Nuestro modelo de 16&#8242; ofrece un rendimiento excelente en un paquete ligeramente m\u00e1s peque\u00f1o. Sus caracter\u00edsticas est\u00e1ndar incluyen una tolva trasera plegable, control de velocidad informatizado, correas de gran capacidad, \u00a1y mucho m\u00e1s!<\/li>\n<\/ul>\n<div class=\"right-img\"><img decoding=\"async\" src=\"https:\/\/bearcatmfg.com\/wp-content\/uploads\/2021\/09\/main-4-500x350.jpg\" alt=\"\u00bfQu\u00e9 equipo necesito para pavimentar con aglomerado asf\u00e1ltico?\" title=\"\"><\/div>\n<h3>Contacta con nosotros para obtener las mejores pavimentadoras de asfalto<\/h3>\n<p>Durante m\u00e1s de 50 a\u00f1os, BearCat Manufacturing ha apoyado a empresas de mantenimiento de carreteras como la tuya con el equipo que necesitas para pavimentar con aglomerado. Adem\u00e1s, \u00a1estamos orgullosos de que todos los equipos se ensamblen aqu\u00ed mismo, en EE.UU.! Si buscas distribuidores de asfalto, esparcidores de gravilla u otras m\u00e1quinas para asfalto, podemos ayudarte. Ll\u00e1manos al <a href=\"tel:9286847851\">928-684-7851<\/a> o <a href=\"https:\/\/bearcatmfg.com\/contact-us\/\">ponte en contacto con nosotros online<\/a> para solicitar un presupuesto gratuito o m\u00e1s informaci\u00f3n. Somos tu casa para los mejores <a href=\"https:\/\/bearcatmfg.com\/asphalt-distributors-illinois\/\">distribuidores de asfalto de Illinois<\/a>, <a href=\"https:\/\/bearcatmfg.com\/asphalt-distributors-arizona\/\">Arizona<\/a>, <a href=\"https:\/\/bearcatmfg.com\/asphalt-distributors-texas\/\">Texas<\/a> y <a href=\"https:\/\/bearcatmfg.com\/asphalt-distributors-tennessee\/\">Tennessee<\/a>. Adem\u00e1s, ofrecemos algunos de los mejores <a href=\"https:\/\/bearcatmfg.com\/asphalt-chip-spreaders-texas\/\">esparcidores de virutas de Texas<\/a>, <a href=\"https:\/\/bearcatmfg.com\/aspalt-chip-spreaders-illinois\/\">Illinois<\/a>, <a href=\"https:\/\/bearcatmfg.com\/asphalt-chip-spreaders-tennessee\/\">Tennessee<\/a> y <a href=\"https:\/\/bearcatmfg.com\/asphalt-chip-spreaders-arizona\/\">Arizona<\/a>.<\/p>\n","protected":false},"excerpt":{"rendered":"<p>\u00bfQu\u00e9 equipo necesito para pavimentar con aglomerado asf\u00e1ltico? BearCat Manufacturing puede ayudarte si tu empresa de mantenimiento de carreteras, nueva o ya establecida, est\u00e1 evaluando qu\u00e9 equipo necesita para la pavimentaci\u00f3n con sello de virutas. Desde 1969, nuestra empresa fabrica y vende algunas de las mejores m\u00e1quinas asfaltadoras del sector. Ofrecemos los mejores distribuidores de &hellip; <a href=\"https:\/\/bearcatmfg.com\/es\/que-equipo-necesito-para-pavimentar-con-aglomerado-asfaltico\/\" class=\"more-link\">Continue reading <span class=\"screen-reader-text\">\u00bfQu\u00e9 equipo necesito para pavimentar con aglomerado asf\u00e1ltico?<\/span><\/a><\/p>\n","protected":false},"author":1,"featured_media":780,"parent":0,"menu_order":0,"comment_status":"closed","ping_status":"closed","template":"","meta":{"_acf_changed":false,"footnotes":""},"class_list":["post-2783","page","type-page","status-publish","has-post-thumbnail","hentry"],"acf":[],"_links":{"self":[{"href":"https:\/\/bearcatmfg.com\/es\/wp-json\/wp\/v2\/pages\/2783","targetHints":{"allow":["GET"]}}],"collection":[{"href":"https:\/\/bearcatmfg.com\/es\/wp-json\/wp\/v2\/pages"}],"about":[{"href":"https:\/\/bearcatmfg.com\/es\/wp-json\/wp\/v2\/types\/page"}],"author":[{"embeddable":true,"href":"https:\/\/bearcatmfg.com\/es\/wp-json\/wp\/v2\/users\/1"}],"replies":[{"embeddable":true,"href":"https:\/\/bearcatmfg.com\/es\/wp-json\/wp\/v2\/comments?post=2783"}],"version-history":[{"count":1,"href":"https:\/\/bearcatmfg.com\/es\/wp-json\/wp\/v2\/pages\/2783\/revisions"}],"predecessor-version":[{"id":2785,"href":"https:\/\/bearcatmfg.com\/es\/wp-json\/wp\/v2\/pages\/2783\/revisions\/2785"}],"wp:featuredmedia":[{"embeddable":true,"href":"https:\/\/bearcatmfg.com\/es\/wp-json\/wp\/v2\/media\/780"}],"wp:attachment":[{"href":"https:\/\/bearcatmfg.com\/es\/wp-json\/wp\/v2\/media?parent=2783"}],"curies":[{"name":"wp","href":"https:\/\/api.w.org\/{rel}","templated":true}]}}