{"id":2803,"date":"2024-04-30T06:32:00","date_gmt":"2024-04-30T06:32:00","guid":{"rendered":"https:\/\/bearcatmfg.com\/maquinas-de-asfaltado-texas\/"},"modified":"2025-02-25T09:20:07","modified_gmt":"2025-02-25T09:20:07","slug":"maquinas-de-asfaltado-texas","status":"publish","type":"page","link":"https:\/\/bearcatmfg.com\/es\/maquinas-de-asfaltado-texas\/","title":{"rendered":"M\u00e1quinas de asfaltado Texas"},"content":{"rendered":"<h3>\u00bfNecesitas M\u00e1quinas de Asfaltado Actualizadas en Texas?<\/h3>\n<p>Como contratista de asfalto en Texas, \u00a1hay mucho terreno pavimentado que cubrir! En todo el estado de la Estrella Solitaria, siempre hay una necesidad constante de servicios de mantenimiento y reparaci\u00f3n del asfalto r\u00e1pidos, fiables y de calidad. Por eso, los propietarios y los ayuntamientos han empezado a confiar en <a href=\"https:\/\/bearcatmfg.com\/chip-and-seal\/\">el asfaltado<\/a> como medio eficaz para el cuidado de las carreteras. Y para que tu empresa de asfalto pueda seguir el ritmo de la demanda, necesitas las m\u00e1quinas de asfaltado m\u00e1s modernas de Texas. S\u00f3lo tienes que llamar a BearCat Manufacturing.    <\/p>\n<h3>\u00bfSon necesarios los Servicios de Asfaltado?<\/h3>\n<p>Sin duda El sellado de virutas es uno de los servicios m\u00e1s solicitados por los contratistas de asfalto. Si no puedes ofrecer servicios <a href=\"https:\/\/bearcatmfg.com\/chip-seal-service\/\">de sellado de virutas<\/a>, \u00a1pierdes una parte importante de los beneficios de tu negocio! El sellado de virutas es un m\u00e9todo r\u00e1pido y asequible de restauraci\u00f3n del asfalto que ofrece ventajas adicionales al pavimento al que se aplica. Dichas ventajas incluyen:    <\/p>\n<ul>\n<li><strong>Mayor durabilidad<\/strong> &#8211; Al rellenar las grietas y unir el asfalto con una capa de sellado de virutas, refuerzas tu pavimento y ayudas a invertir el deterioro menor.<\/li>\n<li><strong>Mayor resistencia<\/strong> &#8211; El asfalto es susceptible a los rayos UV, la humedad, las temperaturas extremas y los vertidos qu\u00edmicos. Una capa de sellado de virutas ayuda a repeler esos problemas y a proteger el pavimento. <\/li>\n<li><strong>Prolongaci\u00f3n de la<\/strong> vida \u00fatil &#8211; Con servicios de sellado de asfalto constantes cada pocos a\u00f1os, puedes prolongar la vida \u00fatil de tu asfalto mucho m\u00e1s de lo esperado.<\/li>\n<li><strong>Mayor seguridad<\/strong> &#8211; Las superficies de sellado de virutas garantizan una mayor tracci\u00f3n y menos deslumbramiento de la calzada para los conductores, creando unas condiciones de viaje m\u00e1s seguras para los d\u00edas helados, lluviosos y soleados.<\/li>\n<li><strong>Costes reducidos<\/strong> &#8211; Los contratistas pueden obtener beneficios significativos, mientras que los clientes pueden mantener los costes bajos gracias a la menor necesidad de mano de obra y a los materiales reciclados utilizados en el sellado de virutas.<\/li>\n<li><strong>Est\u00e9tica atractiva<\/strong> &#8211; El pavimento agrietado y descolorido deja mucho que desear para el atractivo de las propiedades locales. El sellado de asfalto puede ayudar a restaurar y refrescar el pavimento hasta dejarlo como nuevo. <\/li>\n<\/ul>\n<h3>\u00bfQu\u00e9 equipo se necesita para el sellado de virutas?<\/h3>\n<p>Si tu empresa contratista ya ofrece servicios de sellado de gravilla, \u00a1comprendes la necesidad del equipo que interviene en el proceso! Gracias a BearCat, el sellado de gravilla puede mejorarse y agilizarse a\u00fan m\u00e1s con nuestra l\u00ednea de <a href=\"https:\/\/bearcatmfg.com\/chip-seal-machines\/\">m\u00e1quinas de sellado de<\/a> gravilla en <a href=\"https:\/\/bearcatmfg.com\/top-rated-chip-seal-equipment-texas\/\">Texas<\/a>. Esto es parte de lo que ofrece BearCat:  <\/p>\n<ul>\n<li><strong>Esparcidores de virutas<\/strong>\n<ul>\n<li>El sellado de gravilla utiliza gravilla de asfalto para crear una superficie de pavimento resistente a los elementos e incre\u00edblemente antideslizante. Las virutas se esparcen por el pavimento con m\u00e1quinas llamadas <a href=\"https:\/\/bearcatmfg.com\/chip-spreaders-texas\/\">esparcidoras de virutas<\/a>. Las esparcidoras de virutas en t\u00e1ndem de BearCat son de las mejores que existen, ya que permiten a los contratistas conseguir mayores \u00edndices de producci\u00f3n y aplicaci\u00f3n de \u00e1ridos asf\u00e1lticos que otras esparcidoras de virutas.  <\/li>\n<\/ul>\n<\/li>\n<li><strong>Camiones y remolques distribuidores<\/strong>\n<ul>\n<li>Aunque <a href=\"https:\/\/bearcatmfg.com\/asphalt-distributors-texas\/\">los distribuidores de asfalto<\/a> desempe\u00f1an un papel esencial en el sellado de gravilla, son importantes para docenas de otros procesos y m\u00e9todos de pavimentaci\u00f3n. Un <a href=\"https:\/\/bearcatmfg.com\/asphalt-distributor-truck\/\">cami\u00f3n o remolque distribuidor<\/a> permite a los contratistas rociar f\u00e1cilmente asfalto l\u00edquido sobre la parte superior del pavimento, proporcionando protecci\u00f3n tras el endurecimiento o actuando como capa adhesiva entre la calzada y las virutas de \u00e1ridos. <\/li>\n<\/ul>\n<\/li>\n<li><strong>Equipamiento especializado<\/strong>\n<ul>\n<li>Adem\u00e1s de las astilladoras y distribuidores est\u00e1ndar necesarios para el sellado de virutas, BearCat tambi\u00e9n ofrece <a href=\"https:\/\/bearcatmfg.com\/product-category\/custom-equipment\/\">equipos especializados<\/a> para funciones m\u00e1s singulares. Por ejemplo, nuestra extendedora de rociado SP-200 Roadtec combina la funci\u00f3n de distribuidores y esparcidores de gravilla en una sola m\u00e1quina. Nuestro sistema de reciclaje en fr\u00edo in situ tambi\u00e9n permite a los contratistas reciclar el asfalto viejo para su uso inmediato.  <\/li>\n<\/ul>\n<\/li>\n<\/ul>\n<div class=\"left-img\"><img loading=\"lazy\" decoding=\"async\" class=\"alignnone\" src=\"https:\/\/bearcatmfg.com\/wp-content\/uploads\/2023\/05\/seal-coating-and-chip-sealing-asphalt-pavement-street.jpg\" alt=\"Carreteras restauradas con M\u00e1quinas de Asfaltado en Texas\" width=\"500\" height=\"350\" title=\"\"><\/div>\n<h3>S\u00f3lo lo mejor de BearCat<\/h3>\n<p>Pocos fabricantes de equipos de mantenimiento de carreteras ofrecen m\u00e1quinas pavimentadoras de asfalto m\u00e1s avanzadas, duraderas y de mayor calidad en Texas que los expertos en asfalto de BearCat Manufacturing. Para obtener m\u00e1s informaci\u00f3n sobre nuestros <a href=\"https:\/\/bearcatmfg.com\/best-asphalt-equipment\/\">equipos de as<\/a> falto o solicitar un presupuesto, ponte en contacto con nosotros hoy mismo en el <a href=\"tel:9286847851\">928-684-7851<\/a>. Estamos en 3650 N Sabin Brown Rd, Wickenburg, AZ 85390. BearCat Manufacturing tiene su sede en <a href=\"https:\/\/bearcatmfg.com\/chip-seal-machines-arizona\/\">Arizona<\/a> y presta servicio a clientes de <a href=\"https:\/\/bearcatmfg.com\/chip-seal-machines-illinois\/\">Illinois<\/a>, <a href=\"https:\/\/bearcatmfg.com\/chip-seal-machines-tennessee\/\">Tennessee<\/a>, Texas y Estados Unidos.   <\/p>\n","protected":false},"excerpt":{"rendered":"<p>\u00bfNecesitas M\u00e1quinas de Asfaltado Actualizadas en Texas? Como contratista de asfalto en Texas, \u00a1hay mucho terreno pavimentado que cubrir! En todo el estado de la Estrella Solitaria, siempre hay una necesidad constante de servicios de mantenimiento y reparaci\u00f3n del asfalto r\u00e1pidos, fiables y de calidad. Por eso, los propietarios y los ayuntamientos han empezado a &hellip; <a href=\"https:\/\/bearcatmfg.com\/es\/maquinas-de-asfaltado-texas\/\" class=\"more-link\">Continue reading <span class=\"screen-reader-text\">M\u00e1quinas de asfaltado Texas<\/span><\/a><\/p>\n","protected":false},"author":1,"featured_media":2155,"parent":0,"menu_order":0,"comment_status":"closed","ping_status":"closed","template":"","meta":{"_acf_changed":false,"footnotes":""},"class_list":["post-2803","page","type-page","status-publish","has-post-thumbnail","hentry"],"acf":[],"_links":{"self":[{"href":"https:\/\/bearcatmfg.com\/es\/wp-json\/wp\/v2\/pages\/2803","targetHints":{"allow":["GET"]}}],"collection":[{"href":"https:\/\/bearcatmfg.com\/es\/wp-json\/wp\/v2\/pages"}],"about":[{"href":"https:\/\/bearcatmfg.com\/es\/wp-json\/wp\/v2\/types\/page"}],"author":[{"embeddable":true,"href":"https:\/\/bearcatmfg.com\/es\/wp-json\/wp\/v2\/users\/1"}],"replies":[{"embeddable":true,"href":"https:\/\/bearcatmfg.com\/es\/wp-json\/wp\/v2\/comments?post=2803"}],"version-history":[{"count":2,"href":"https:\/\/bearcatmfg.com\/es\/wp-json\/wp\/v2\/pages\/2803\/revisions"}],"predecessor-version":[{"id":4241,"href":"https:\/\/bearcatmfg.com\/es\/wp-json\/wp\/v2\/pages\/2803\/revisions\/4241"}],"wp:featuredmedia":[{"embeddable":true,"href":"https:\/\/bearcatmfg.com\/es\/wp-json\/wp\/v2\/media\/2155"}],"wp:attachment":[{"href":"https:\/\/bearcatmfg.com\/es\/wp-json\/wp\/v2\/media?parent=2803"}],"curies":[{"name":"wp","href":"https:\/\/api.w.org\/{rel}","templated":true}]}}