{"id":2805,"date":"2024-04-30T06:32:31","date_gmt":"2024-04-30T06:32:31","guid":{"rendered":"https:\/\/bearcatmfg.com\/maquinas-de-asfaltado-illinois\/"},"modified":"2024-04-30T06:32:32","modified_gmt":"2024-04-30T06:32:32","slug":"maquinas-de-asfaltado-illinois","status":"publish","type":"page","link":"https:\/\/bearcatmfg.com\/es\/maquinas-de-asfaltado-illinois\/","title":{"rendered":"M\u00e1quinas de asfaltado Illinois"},"content":{"rendered":"<h3>Encuentre las mejores m\u00e1quinas de asfaltado para contratistas de Illinois<\/h3>\n<p>El mantenimiento y la reparaci\u00f3n de las carreteras son cruciales para los propietarios y los municipios de todo el pa\u00eds. Especialmente en Illinois y el Medio Oeste, donde la construcci\u00f3n de carreteras parece ser una caracter\u00edstica constante de la mayor\u00eda de las ciudades, los contratistas deben tener el equipo adecuado para mantenerse al d\u00eda con la demanda. Para ello, los contratistas de asfalto conf\u00edan en la eficacia y durabilidad de las m\u00e1quinas de asfaltado de Illinois, dise\u00f1adas por BearCat Manufacturing. Para garantizar que su negocio de contrataci\u00f3n de asfalto pueda mantenerse a la vanguardia, \u00a1invierta hoy mismo en las m\u00e1quinas de asfalto de BearCat!<\/p>\n<h3>Ventajas del sellado de virutas<\/h3>\n<p>Aunque existen varios m\u00e9todos para reparar y restaurar eficazmente el asfalto, <a href=\"https:\/\/bearcatmfg.com\/chip-seal-paving\/\">el sellado de virutas<\/a> es uno de los preferidos. El pavimento agrietado y deteriorado puede volver a quedar como nuevo gracias a los servicios de sellado de gravilla. Con el equipo de sellado de virutas adecuado, se aplica una capa de asfalto l\u00edquido y virutas de asfalto a la superficie del pavimento, lo que tiene numerosas ventajas para las carreteras en mal estado. Algunos ejemplos de estos beneficios son:<\/p>\n<ul class=\"col-2\">\n<li>Aumenta la longevidad del pavimento<\/li>\n<li>Resella y vuelve a unir peque\u00f1as grietas y deshilachados<\/li>\n<li>Aumenta la tracci\u00f3n de la calzada, creando una superficie antideslizante<\/li>\n<li>Mejores condiciones antideslumbrantes para los conductores en d\u00edas soleados<\/li>\n<li>Restaura la decoloraci\u00f3n y la p\u00e9rdida de color del asfalto<\/li>\n<li>Utiliza asfalto reciclado, lo que hace m\u00e1s asequibles los costes de material<\/li>\n<li>Servicio sencillo y asequible (con el equipo adecuado)<\/li>\n<\/ul>\n<h3>\u00bfTiene lo que necesita para los servicios de asfaltado?<\/h3>\n<p>El asfaltado s\u00f3lo es posible para contratistas que dispongan del equipo adecuado. Afortunadamente, las mejores <a href=\"https:\/\/bearcatmfg.com\/chip-seal-machines\/\">m\u00e1quinas de asfaltado<\/a> de Illinois no son dif\u00edciles de encontrar. BearCat Manufacturing ha liderado la industria de la pavimentaci\u00f3n de asfalto en el dise\u00f1o y fabricaci\u00f3n de algunos de los equipos de mantenimiento de carreteras m\u00e1s eficientes y tecnol\u00f3gicamente avanzados desde la d\u00e9cada de 1970. Por ello, disponemos de <a href=\"https:\/\/bearcatmfg.com\/chip-spreaders-for-sale\/\">esparcidores de gravilla<\/a>, <a href=\"https:\/\/bearcatmfg.com\/best-asphalt-distributors\/\">distribuidores de asfalto<\/a> y equipos personalizados en los que conf\u00edan los contratistas.<\/p>\n<ul>\n<li><strong>Esparcidores de virutas<\/strong>\n<ul>\n<li>Las <a href=\"https:\/\/bearcatmfg.com\/our-products\/tandem-chipper-20\/\">astilladoras en t\u00e1ndem de BearCat<\/a> no tienen rival en cuanto a capacidad, eficiencia y controles informatizados. Nuestros <a href=\"https:\/\/bearcatmfg.com\/chip-spreaders-illinois\/\">esparcidores<\/a> de gravilla priorizan la comodidad, la precisi\u00f3n y la versatilidad a la hora de esparcir gravilla sobre una superficie de pavimento. Y con caracter\u00edsticas adicionales como cintas de alta capacidad y tolvas traseras plegables, \u00a1nuestras astilladoras en t\u00e1ndem son insuperables!<\/li>\n<\/ul>\n<\/li>\n<li><strong>Distribuidores de asfalto<\/strong>\n<ul>\n<li>\u00bfBusca los mejores <a href=\"https:\/\/bearcatmfg.com\/asphalt-distributor-truck\/\">camiones<\/a> para calentar, transportar y pulverizar miles de litros de asfalto l\u00edquido? \u00a1Los <a href=\"https:\/\/bearcatmfg.com\/asphalt-distributors-illinois\/\">distribuidores de asfalto<\/a> de BearCat tienen sus carreteras cubiertas! Nuestro Distribuidor BC-520 es com\u00fanmente conocido como \u00abla leyenda\u00bb en nuestra industria debido a su inigualable productividad. Con la adici\u00f3n de un control de caudal informatizado y una capacidad de hasta 4.500 galones, \u00a1no es de extra\u00f1ar!<\/li>\n<\/ul>\n<\/li>\n<li><strong>Equipo personalizado<\/strong>\n<ul>\n<li>Adem\u00e1s de la maquinaria principal que necesita para los servicios de sellado de virutas, BearCat suministra diferentes sistemas y <a href=\"https:\/\/bearcatmfg.com\/product-category\/custom-equipment\/\">equipos personalizados<\/a> para agilizar a\u00fan m\u00e1s el proceso de sellado de virutas. Nuestras <a href=\"https:\/\/bearcatmfg.com\/our-products\/roadtec-spray-paver\/\">extendedoras por pulverizaci\u00f3n SP-200 Roadtec<\/a>, por ejemplo, combinan asfalto l\u00edquido y gravilla en una sola m\u00e1quina, aplicando la mezcla en un solo paso en lugar de varios. O bien, nuestros <a href=\"https:\/\/bearcatmfg.com\/our-products\/cold-in-place-recycling\/\">sistemas de reciclado en fr\u00edo in situ<\/a> permiten a los contratistas reciclar el asfalto viejo in situ.<\/li>\n<\/ul>\n<\/li>\n<\/ul>\n<div class=\"left-img\"><img loading=\"lazy\" decoding=\"async\" class=\"alignnone\" src=\"https:\/\/bearcatmfg.com\/wp-content\/uploads\/2023\/05\/workers-putting-down-chip-seal-on-a-rural-highway.jpg\" alt=\"M\u00e1quinas Chip Seal en Illinois utilizadas para repavimentar una calzada\" width=\"500\" height=\"350\" title=\"\"><\/div>\n<h3>Hable con nuestro equipo<\/h3>\n<p>\u00a1No pierda su tiempo buscando m\u00e1quinas de asfaltado menos fiables en Illinois, y vaya a por el mejor equipo con BearCat Manufacturing! Para obtener m\u00e1s informaci\u00f3n sobre nuestros <a href=\"https:\/\/bearcatmfg.com\/best-asphalt-equipment\/\">equipos de asfalto<\/a> y c\u00f3mo pueden beneficiar a su empresa contratista, llame al <a href=\"tel:9286847851\">928-684-7851<\/a>. Estamos ubicados en 3650 N Sabin Brown Rd, Wickenburg, AZ 85390. BearCat Manufacturing tiene su sede en <a href=\"https:\/\/bearcatmfg.com\/chip-seal-machines-arizona\/\">Arizona<\/a> y presta servicio a clientes de Illinois, <a href=\"https:\/\/bearcatmfg.com\/chip-seal-machines-tennessee\/\">Tennessee<\/a>, <a href=\"https:\/\/bearcatmfg.com\/chip-seal-machines-texas\/\">Texas<\/a> y Estados Unidos.<\/p>\n","protected":false},"excerpt":{"rendered":"<p>Encuentre las mejores m\u00e1quinas de asfaltado para contratistas de Illinois El mantenimiento y la reparaci\u00f3n de las carreteras son cruciales para los propietarios y los municipios de todo el pa\u00eds. Especialmente en Illinois y el Medio Oeste, donde la construcci\u00f3n de carreteras parece ser una caracter\u00edstica constante de la mayor\u00eda de las ciudades, los contratistas &hellip; <a href=\"https:\/\/bearcatmfg.com\/es\/maquinas-de-asfaltado-illinois\/\" class=\"more-link\">Continue reading <span class=\"screen-reader-text\">M\u00e1quinas de asfaltado Illinois<\/span><\/a><\/p>\n","protected":false},"author":1,"featured_media":2136,"parent":0,"menu_order":0,"comment_status":"closed","ping_status":"closed","template":"","meta":{"_acf_changed":false,"footnotes":""},"class_list":["post-2805","page","type-page","status-publish","has-post-thumbnail","hentry"],"acf":[],"_links":{"self":[{"href":"https:\/\/bearcatmfg.com\/es\/wp-json\/wp\/v2\/pages\/2805","targetHints":{"allow":["GET"]}}],"collection":[{"href":"https:\/\/bearcatmfg.com\/es\/wp-json\/wp\/v2\/pages"}],"about":[{"href":"https:\/\/bearcatmfg.com\/es\/wp-json\/wp\/v2\/types\/page"}],"author":[{"embeddable":true,"href":"https:\/\/bearcatmfg.com\/es\/wp-json\/wp\/v2\/users\/1"}],"replies":[{"embeddable":true,"href":"https:\/\/bearcatmfg.com\/es\/wp-json\/wp\/v2\/comments?post=2805"}],"version-history":[{"count":1,"href":"https:\/\/bearcatmfg.com\/es\/wp-json\/wp\/v2\/pages\/2805\/revisions"}],"predecessor-version":[{"id":2806,"href":"https:\/\/bearcatmfg.com\/es\/wp-json\/wp\/v2\/pages\/2805\/revisions\/2806"}],"wp:featuredmedia":[{"embeddable":true,"href":"https:\/\/bearcatmfg.com\/es\/wp-json\/wp\/v2\/media\/2136"}],"wp:attachment":[{"href":"https:\/\/bearcatmfg.com\/es\/wp-json\/wp\/v2\/media?parent=2805"}],"curies":[{"name":"wp","href":"https:\/\/api.w.org\/{rel}","templated":true}]}}