{"id":2807,"date":"2024-04-30T06:32:46","date_gmt":"2024-04-30T06:32:46","guid":{"rendered":"https:\/\/bearcatmfg.com\/maquinas-de-asfaltado-tennessee-2\/"},"modified":"2024-04-30T06:32:46","modified_gmt":"2024-04-30T06:32:46","slug":"maquinas-de-asfaltado-tennessee-2","status":"publish","type":"page","link":"https:\/\/bearcatmfg.com\/es\/maquinas-de-asfaltado-tennessee-2\/","title":{"rendered":"M\u00e1quinas de asfaltado Tennessee"},"content":{"rendered":"<h3>Invierta en m\u00e1quinas de asfaltado tecnol\u00f3gicamente avanzadas en Tennessee<\/h3>\n<p>\u00bfSu antigua maquinaria de asfaltado es demasiado vieja para mantenerse al d\u00eda? \u00bfNecesita m\u00e1s equipos para satisfacer las demandas de los clientes? \u00bfLe gustar\u00eda disponer de maquinaria m\u00e1s duradera, precisa y actualizada? Si ha respondido afirmativamente a alguna de estas preguntas, \u00a1es hora de llamar a BearCat Manufacturing! En BearCat, nos dedicamos a proporcionar a los contratistas de asfalto el equipo que necesitan para tener \u00e9xito en la industria del asfalto. Y entre nuestra mejor oferta de equipos, \u00a1nuestras <a href=\"https:\/\/bearcatmfg.com\/chip-seal-machines\/\">m\u00e1quinas pavimentadoras de asfalto<\/a> para Tennessee no tienen rival!<\/p>\n<h3>No descuide el sellado de virutas<\/h3>\n<p>Si <a href=\"https:\/\/bearcatmfg.com\/chip-seal-paving\/\">el sellado de virutas<\/a> a\u00fan no es un servicio que ofrezca su empresa, merece la pena invertir en \u00e9l. Incluso una actualizaci\u00f3n de su actual maquinaria de sellado de virutas es \u00fatil. El sellado de virutas aplica asfalto l\u00edquido cubierto con virutas de asfalto a la superficie de un pavimento. Este proceso es r\u00e1pido de aplicar, muy eficaz y asequible tanto para los contratistas como para los clientes. Algunas ventajas adicionales del servicio <a href=\"https:\/\/bearcatmfg.com\/chip-and-seal\/\">de asfaltado y sellado<\/a> son:<\/p>\n<ul>\n<li><strong>Reparaciones eficaces<\/strong> &#8211; Una capa de sellado de virutas puede volver a sellar grietas, unir pavimentos deshilachados y reforzar el asfalto que de otro modo se estar\u00eda deteriorando.<\/li>\n<li><strong>Mayor resistencia<\/strong> &#8211; La humedad, los productos qu\u00edmicos, el tr\u00e1fico y los rayos UV afectan al estado del asfalto. Por ello, una capa de sellado de virutas puede a\u00f1adir una resistencia muy necesaria a su pavimento.<\/li>\n<li><strong>Restauraci\u00f3n del color<\/strong> &#8211; A medida que la luz solar hace que su pavimento se decolore y se seque, una nueva capa de sellado de virutas renueva y restaura su asfalto.<\/li>\n<li><strong>Aumento de la longevidad<\/strong> &#8211; Con un sellado consistente cada pocos a\u00f1os, puede aumentar la longevidad del pavimento mucho m\u00e1s all\u00e1 de su vida \u00fatil.<\/li>\n<li><strong>Menos mano de obra<\/strong> &#8211; Siempre y cuando su empresa posea las m\u00e1quinas de sellado de virutas adecuadas en Tennessee, los requisitos de mano de obra para los servicios de sellado de virutas son m\u00ednimos.<\/li>\n<li><strong>Costes de material reducidos<\/strong> &#8211; Como el sellado de gravilla utiliza principalmente asfalto reciclado en sus mezclas, los costes de material para el servicio son relativamente bajos.<\/li>\n<li><strong>Carreteras m\u00e1s seguras<\/strong> &#8211; Las superficies de asfalto crean una mayor tracci\u00f3n para los veh\u00edculos, ayudando a mejorar la resistencia al derrape de las carreteras. Adem\u00e1s, las superficies selladas absorben la luz solar, evitando el deslumbramiento de los conductores en los d\u00edas soleados.<\/li>\n<\/ul>\n<h3>El equipo adecuado para el trabajo<\/h3>\n<p>Su empresa no puede ofrecer correctamente servicios de asfaltado sin m\u00e1quinas asfaltadoras en <a href=\"https:\/\/bearcatmfg.com\/top-rated-chip-seal-equipment-tennessee\/\">Tennessee<\/a>. Con este fin, la maquinaria de BearCat no s\u00f3lo le ayuda a conseguir capacidades de sellado de virutas de mayor calidad, sino que tambi\u00e9n agiliza su proceso de pavimentaci\u00f3n. Nuestros <a href=\"https:\/\/bearcatmfg.com\/asphalt-distributors\/\">distribuidores<\/a>, <a href=\"https:\/\/bearcatmfg.com\/best-chip-spreaders\/\">esparcidores de gravilla<\/a> y equipos personalizados se encuentran entre los mejores del sector del mantenimiento de carreteras, lo que proporciona a nuestros clientes una ventaja frente a sus competidores.<\/p>\n<ul>\n<li><strong>Distribuidores de asfalto<\/strong>\n<ul>\n<li>Utilizando el distribuidor de asfalto BC-502 de BearCat, los contratistas pueden rociar capas uniformes de asfalto l\u00edquido sobre cualquier superficie de pavimento. Conocida como \u00abla leyenda\u00bb de nuestro sector, la BC-502 es la mejor en calidad, velocidad, capacidad y durabilidad. Para el sellado de virutas, <a href=\"https:\/\/bearcatmfg.com\/asphalt-distributors-tennessee\/\">los distribuidores de asfalto<\/a> son esenciales para aplicar el adhesivo inicial a las calzadas para que se adhieran las virutas de \u00e1ridos.<\/li>\n<\/ul>\n<\/li>\n<li><strong>Esparcidores de virutas<\/strong>\n<ul>\n<li>Las astilladoras en t\u00e1ndem de BearCat distribuyen f\u00e1cilmente las virutas de agregado asf\u00e1ltico por la superficie de un pavimento a un ritmo r\u00e1pido y controlado. Si est\u00e1 familiarizado con nuestros <a href=\"https:\/\/bearcatmfg.com\/chip-spreaders-tennessee\/\">esparcidores de virutas<\/a>, sabr\u00e1 que son inigualables por su alto rendimiento de producci\u00f3n. Nuestras m\u00e1quinas lo consiguen mediante controles informatizados y cintas de alta capacidad, agilizando este segundo paso esencial en el proceso de sellado de virutas.<\/li>\n<\/ul>\n<\/li>\n<li><strong>Equipos y sistemas personalizados<\/strong>\n<ul>\n<li>BearCat produce equipos \u00fanicos que no siempre est\u00e1n disponibles para los contratistas para ayudar a\u00fan m\u00e1s con los servicios de sellado de virutas. De nuestros <a href=\"https:\/\/bearcatmfg.com\/product-category\/custom-equipment\/\">equipos y sistemas personalizados<\/a>, nuestra extendedora de rociado SP-200 Roadtec es una de las m\u00e1s solicitadas, ya que combina la funci\u00f3n de nuestros distribuidores y esparcidores de gravilla en una sola m\u00e1quina. O bien, los contratistas interesados pueden echar un vistazo a nuestro sistema de reciclaje en fr\u00edo in situ, que ayuda a convertir el asfalto viejo en asfalto l\u00edquido reutilizable in situ.<\/li>\n<\/ul>\n<\/li>\n<\/ul>\n<div class=\"left-img\"><img loading=\"lazy\" decoding=\"async\" src=\"https:\/\/bearcatmfg.com\/wp-content\/uploads\/2023\/05\/seal-coating-for-chip-sealing-asphalt-pavement-street-2.jpg\" alt=\"M\u00e1quinas de asfaltado Tennessee\" width=\"500\" height=\"350\" title=\"\"><\/div>\n<h3>Hable con nuestro equipo<\/h3>\n<p>Nunca ha habido un mejor momento para invertir en las m\u00e1quinas de asfaltado de su negocio en Tennessee. Si desea actualizar su equipo actual o a\u00f1adir m\u00e1s camiones a su flota, \u00a1llame hoy mismo a BearCat Manufacturing! Obtenga m\u00e1s informaci\u00f3n sobre nuestros equipos de mantenimiento de carreteras o solicite un presupuesto llamando al<br \/>\n<a href=\"tel:9286847851\">928-684-7851<\/a>. Estamos ubicados en 3650 N Sabin Brown Rd, Wickenburg, AZ 85390. BearCat Manufacturing tiene su sede en <a href=\"https:\/\/bearcatmfg.com\/chip-seal-machines-arizona\/\">Arizona<\/a> y presta servicio a clientes de <a href=\"https:\/\/bearcatmfg.com\/chip-seal-machines-illinois\/\">Illinois<\/a>, Tennessee, <a href=\"https:\/\/bearcatmfg.com\/chip-seal-machines-texas\/\">Texas<\/a> y Estados Unidos.<\/p>\n","protected":false},"excerpt":{"rendered":"<p>Invierta en m\u00e1quinas de asfaltado tecnol\u00f3gicamente avanzadas en Tennessee \u00bfSu antigua maquinaria de asfaltado es demasiado vieja para mantenerse al d\u00eda? \u00bfNecesita m\u00e1s equipos para satisfacer las demandas de los clientes? \u00bfLe gustar\u00eda disponer de maquinaria m\u00e1s duradera, precisa y actualizada? Si ha respondido afirmativamente a alguna de estas preguntas, \u00a1es hora de llamar a &hellip; <a href=\"https:\/\/bearcatmfg.com\/es\/maquinas-de-asfaltado-tennessee-2\/\" class=\"more-link\">Continue reading <span class=\"screen-reader-text\">M\u00e1quinas de asfaltado Tennessee<\/span><\/a><\/p>\n","protected":false},"author":1,"featured_media":2150,"parent":0,"menu_order":0,"comment_status":"closed","ping_status":"closed","template":"","meta":{"_acf_changed":false,"footnotes":""},"class_list":["post-2807","page","type-page","status-publish","has-post-thumbnail","hentry"],"acf":[],"_links":{"self":[{"href":"https:\/\/bearcatmfg.com\/es\/wp-json\/wp\/v2\/pages\/2807","targetHints":{"allow":["GET"]}}],"collection":[{"href":"https:\/\/bearcatmfg.com\/es\/wp-json\/wp\/v2\/pages"}],"about":[{"href":"https:\/\/bearcatmfg.com\/es\/wp-json\/wp\/v2\/types\/page"}],"author":[{"embeddable":true,"href":"https:\/\/bearcatmfg.com\/es\/wp-json\/wp\/v2\/users\/1"}],"replies":[{"embeddable":true,"href":"https:\/\/bearcatmfg.com\/es\/wp-json\/wp\/v2\/comments?post=2807"}],"version-history":[{"count":1,"href":"https:\/\/bearcatmfg.com\/es\/wp-json\/wp\/v2\/pages\/2807\/revisions"}],"predecessor-version":[{"id":2808,"href":"https:\/\/bearcatmfg.com\/es\/wp-json\/wp\/v2\/pages\/2807\/revisions\/2808"}],"wp:featuredmedia":[{"embeddable":true,"href":"https:\/\/bearcatmfg.com\/es\/wp-json\/wp\/v2\/media\/2150"}],"wp:attachment":[{"href":"https:\/\/bearcatmfg.com\/es\/wp-json\/wp\/v2\/media?parent=2807"}],"curies":[{"name":"wp","href":"https:\/\/api.w.org\/{rel}","templated":true}]}}