{"id":2811,"date":"2024-04-30T06:33:17","date_gmt":"2024-04-30T06:33:17","guid":{"rendered":"https:\/\/bearcatmfg.com\/los-mejores-equipos-de-asfaltado\/"},"modified":"2024-04-30T06:33:17","modified_gmt":"2024-04-30T06:33:17","slug":"los-mejores-equipos-de-asfaltado","status":"publish","type":"page","link":"https:\/\/bearcatmfg.com\/es\/los-mejores-equipos-de-asfaltado\/","title":{"rendered":"Los mejores equipos de asfaltado"},"content":{"rendered":"<h3>Restauraci\u00f3n excepcional del asfalto con el mejor equipo de asfaltado<\/h3>\n<p>Adem\u00e1s de la pavimentaci\u00f3n, reparaci\u00f3n y mantenimiento del asfalto, la restauraci\u00f3n del asfalto es un servicio muy solicitado. De hecho, muchos propietarios y ayuntamientos conf\u00edan en los contratistas de asfalto para restaurar las calzadas viejas y deterioradas. Sin embargo, es un reto para los contratistas ofrecer <a href=\"https:\/\/bearcatmfg.com\/chip-seal-service\/\">servicios<\/a> eficaces de <a href=\"https:\/\/bearcatmfg.com\/chip-seal-service\/\">sellado de virutas<\/a> sin la <a href=\"https:\/\/bearcatmfg.com\/asphalt-machinery\/\">maquinaria de asfalto<\/a> adecuada. Ah\u00ed es donde BearCat Manufacturing entra en juego con sus equipos de asfaltado de primera calidad para contratistas de asfalto de todo Estados Unidos.<\/p>\n<h3>Lo esencial del sellado de virutas<\/h3>\n<p>Como ya se ha mencionado, no llegar\u00e1 muy lejos ofreciendo servicios de asfaltado sin <a href=\"https:\/\/bearcatmfg.com\/chip-seal-machines\/\">maquinaria de asfaltado<\/a>. En BearCat MFG, suministramos a contratistas de Arizona, Texas, Tennessee, Illinois y de todo el pa\u00eds los equipos y sistemas m\u00e1s adecuados para los servicios de sellado de gravilla. Hable con BearCat hoy mismo si su empresa de asfalto necesita:<\/p>\n<ul>\n<li><strong>Distribuidores de asfalto<\/strong>\n<ul>\n<li>El sellado de virutas comienza con una capa de asfalto l\u00edquido sobre la calzada que se va a restaurar. Sin embargo, la aplicaci\u00f3n manual de asfalto l\u00edquido es un proceso tedioso y lento. Por eso los contratistas utilizan <a href=\"https:\/\/bearcatmfg.com\/best-asphalt-distributors\/\">distribuidores de asfalto<\/a> para aplicar asfalto l\u00edquido al pavimento. Nuestros distribuidores de asfalto BC-502 son los mejores del sector y vienen de serie con un dep\u00f3sito de acero de gran capacidad, una barra de pulverizaci\u00f3n ajustable, el \u00faltimo sistema de calefacci\u00f3n, controles de velocidad informatizados y mucho m\u00e1s.<\/li>\n<\/ul>\n<\/li>\n<li><strong>Esparcidores de virutas<\/strong>\n<ul>\n<li>Una vez fraguado el asfalto l\u00edquido, se esparcen virutas de asfalto sobre la superficie del pavimento, creando un revestimiento duradero, resistente a la intemperie y antideslizante. Gracias a las astilladoras en t\u00e1ndem de BearCat, a\u00f1adir astillas de \u00e1ridos es muy f\u00e1cil. Nuestros <a href=\"https:\/\/bearcatmfg.com\/best-chip-spreaders\/\">esparcidores de<\/a> gravilla utilizan tolvas de esparcido ajustables, controles de velocidad informatizados y cintas de alta capacidad para completar los trabajos de sellado de gravilla de forma r\u00e1pida y eficaz.<\/li>\n<\/ul>\n<\/li>\n<li><strong>Equipo personalizado<\/strong>\n<ul>\n<li>Adem\u00e1s de nuestros esparcidores de gravilla y distribuidores de asfalto, BearCat MFG fabrica <a href=\"https:\/\/bearcatmfg.com\/product-category\/custom-equipment\/\">equipos<\/a> y sistemas <a href=\"https:\/\/bearcatmfg.com\/product-category\/custom-equipment\/\">personalizados<\/a> que complementan el proceso de sellado de gravilla. Por ejemplo, nuestro sistema de reciclado en fr\u00edo in situ puede transformar el asfalto viejo en asfalto l\u00edquido utilizable in situ. O bien, nuestro sistema de espumado de virutas previo al recubrimiento recubre las virutas de \u00e1rido previamente esparcidas para mejorar significativamente la uni\u00f3n entre el \u00e1rido y el asfalto.<\/li>\n<\/ul>\n<\/li>\n<\/ul>\n<h3>\u00bfQu\u00e9 diferencia a nuestros equipos?<\/h3>\n<p>Si bien hay un mont\u00f3n de opciones de fabricantes para la selecci\u00f3n de maquinaria de asfalto, s\u00f3lo BearCat MFG puede garantizar la m\u00e1s alta calidad de servicio con nuestro <a href=\"https:\/\/bearcatmfg.com\/best-chip-seal-equipment\/\">equipo de sello de chip<\/a> de primera categor\u00eda. Como tal, con los equipos BearCat, los contratistas de asfalto pueden esperar:<\/p>\n<ul>\n<li><strong>Controles computarizados especializados<\/strong> &#8211; BearCat MFG lidera la industria del asfalto en el desarrollo de los equipos de asfalto m\u00e1s precisos y f\u00e1ciles de operar disponibles. Por ello, todas las m\u00e1quinas que fabricamos incorporan controles inform\u00e1ticos especializados para controlar con precisi\u00f3n el caudal de aplicaci\u00f3n, la velocidad, la producci\u00f3n, etc.<\/li>\n<li><strong>Mayor longevidad<\/strong> &#8211; Cuando los contratistas tienen problemas con su maquinaria es cuando se aver\u00eda. Y encontrar piezas de repuesto o recambios puede llegar a ser costoso. Por este motivo, los equipos BearCat son resistentes y est\u00e1n pensados para durar toda la vida. Adem\u00e1s, somos r\u00e1pidos a la hora de ofrecer sustituciones de piezas a nuestros clientes.<\/li>\n<li><strong>Rendimiento r\u00e9cord<\/strong> &#8211; \u00a1La maquinaria de BearCat es la mejor valorada por una buena raz\u00f3n! Nuestros equipos garantizan un alto rendimiento de producci\u00f3n, una precisi\u00f3n excepcional de la tasa de velocidad y excelentes opciones de capacidad, lo que da a los productos de asfalto BearCat una ventaja sobre nuestros competidores.<\/li>\n<\/ul>\n<div class=\"left-img\"><img loading=\"lazy\" decoding=\"async\" class=\"alignnone\" src=\"https:\/\/bearcatmfg.com\/wp-content\/uploads\/2023\/02\/Chip-Spreaders-for-Sale-seo1-500x350.jpg\" alt=\"Un esparcidor de gravilla de BearCat, parte de su equipo de sellado de gravilla mejor valorado.\" width=\"500\" height=\"350\" title=\"\"><\/div>\n<h3>Llame hoy mismo<\/h3>\n<p>Mant\u00e9ngase por delante de sus competidores y a la altura de las exigencias de los clientes utilizando los equipos de sellado de virutas de primera calidad suministrados por BearCat Manufacturing. Obtenga m\u00e1s informaci\u00f3n sobre nuestros productos de asfalto o solicite un presupuesto llamando al <a href=\"tel:9286847851\">928-684-7851<\/a>. Adem\u00e1s, estamos ubicados en 3650 N Sabin Brown Rd, Wickenburg, AZ 85390. BearCat Manufacturing tiene su sede en <a href=\"https:\/\/bearcatmfg.com\/chip-seal-machines-arizona\/\">Arizona<\/a> y presta servicio a clientes de <a href=\"https:\/\/bearcatmfg.com\/chip-seal-machines-illinois\/\">Illinois<\/a>, <a href=\"https:\/\/bearcatmfg.com\/chip-seal-machines-tennessee\/\">Tennessee<\/a>, <a href=\"https:\/\/bearcatmfg.com\/chip-seal-machines-texas\/\">Texas<\/a> y Estados Unidos.<\/p>\n","protected":false},"excerpt":{"rendered":"<p>Restauraci\u00f3n excepcional del asfalto con el mejor equipo de asfaltado Adem\u00e1s de la pavimentaci\u00f3n, reparaci\u00f3n y mantenimiento del asfalto, la restauraci\u00f3n del asfalto es un servicio muy solicitado. De hecho, muchos propietarios y ayuntamientos conf\u00edan en los contratistas de asfalto para restaurar las calzadas viejas y deterioradas. Sin embargo, es un reto para los contratistas &hellip; <a href=\"https:\/\/bearcatmfg.com\/es\/los-mejores-equipos-de-asfaltado\/\" class=\"more-link\">Continue reading <span class=\"screen-reader-text\">Los mejores equipos de asfaltado<\/span><\/a><\/p>\n","protected":false},"author":1,"featured_media":1961,"parent":0,"menu_order":0,"comment_status":"closed","ping_status":"closed","template":"","meta":{"_acf_changed":false,"footnotes":""},"class_list":["post-2811","page","type-page","status-publish","has-post-thumbnail","hentry"],"acf":[],"_links":{"self":[{"href":"https:\/\/bearcatmfg.com\/es\/wp-json\/wp\/v2\/pages\/2811","targetHints":{"allow":["GET"]}}],"collection":[{"href":"https:\/\/bearcatmfg.com\/es\/wp-json\/wp\/v2\/pages"}],"about":[{"href":"https:\/\/bearcatmfg.com\/es\/wp-json\/wp\/v2\/types\/page"}],"author":[{"embeddable":true,"href":"https:\/\/bearcatmfg.com\/es\/wp-json\/wp\/v2\/users\/1"}],"replies":[{"embeddable":true,"href":"https:\/\/bearcatmfg.com\/es\/wp-json\/wp\/v2\/comments?post=2811"}],"version-history":[{"count":1,"href":"https:\/\/bearcatmfg.com\/es\/wp-json\/wp\/v2\/pages\/2811\/revisions"}],"predecessor-version":[{"id":2812,"href":"https:\/\/bearcatmfg.com\/es\/wp-json\/wp\/v2\/pages\/2811\/revisions\/2812"}],"wp:featuredmedia":[{"embeddable":true,"href":"https:\/\/bearcatmfg.com\/es\/wp-json\/wp\/v2\/media\/1961"}],"wp:attachment":[{"href":"https:\/\/bearcatmfg.com\/es\/wp-json\/wp\/v2\/media?parent=2811"}],"curies":[{"name":"wp","href":"https:\/\/api.w.org\/{rel}","templated":true}]}}