{"id":2813,"date":"2024-04-30T06:33:21","date_gmt":"2024-04-30T06:33:21","guid":{"rendered":"https:\/\/bearcatmfg.com\/top-rated-chip-seal-equipo-arizona\/"},"modified":"2025-02-25T09:18:07","modified_gmt":"2025-02-25T09:18:07","slug":"top-rated-chip-seal-equipo-arizona","status":"publish","type":"page","link":"https:\/\/bearcatmfg.com\/es\/top-rated-chip-seal-equipo-arizona\/","title":{"rendered":"El mejor equipo de asfaltado de Arizona"},"content":{"rendered":"<h3>Lleva la contrataci\u00f3n de asfalto al siguiente nivel con el mejor equipo de asfaltado de Arizona<\/h3>\n<p>\u00bfEres propietario de una empresa contratista de asfalto en Arizona? \u00bfDesear\u00edas que hubiera alguna forma de ayudar a tu empresa a destacar entre la competencia? \u00bfPor qu\u00e9 no considerar una inversi\u00f3n en maquinaria superior? BearCat MFG es un fabricante l\u00edder de <a href=\"https:\/\/bearcatmfg.com\/top-rated-chip-seal-equipment\/\">equipos de asfaltado de primera clase<\/a> en Arizona, que suministra a los contratistas los camiones y remolques que necesitan para tener \u00e9xito. Si est\u00e1s interesado en el <a href=\"https:\/\/bearcatmfg.com\/best-asphalt-equipment\/\">mejor equipo de asfalto<\/a> para tu empresa, \u00a1llama a los expertos en mantenimiento de carreteras de BearCat Manufacturing!    <\/p>\n<h3>\u00bfQu\u00e9 se necesita para el sellado de virutas?<\/h3>\n<p>Como probablemente sepas, el sellado de gravilla es uno de los mejores servicios que puede ofrecer cualquier contratista de asfalto. No s\u00f3lo es un tratamiento asequible y eficaz para la restauraci\u00f3n del asfalto, sino que su aplicaci\u00f3n es rentable y menos laboriosa. Y con el equipo de sellado de virutas de BearCat, puedes confiar en la calidad de tu servicio de restauraci\u00f3n del asfalto. Entre la maquinaria esencial para el <a href=\"https:\/\/bearcatmfg.com\/chip-seal-machines-arizona\/\">sellado de<\/a> asfalto se incluyen   <\/p>\n<ul>\n<li><strong>Distribuidores de asfalto<\/strong>\n<ul>\n<li>El proceso de asfaltado comienza con una capa uniforme de asfalto l\u00edquido sobre la calzada que se va a tratar. Esta capa inicial de asfalto se aplica con la ayuda de distribuidores de <a href=\"https:\/\/bearcatmfg.com\/asphalt-distributors-arizona\/\">asfalto<\/a>, como los suministros BearCat. Nuestros camiones distribuidores de asfalto <a href=\"https:\/\/bearcatmfg.com\/our-products\/bc-502-asphalt-distributor\/\">BC-502<\/a> superan a otros camiones distribuidores del sector, y todos vienen de serie con dep\u00f3sitos de acero de gran capacidad, barras pulverizadoras ajustables, sistemas de calefacci\u00f3n de alto rendimiento, controles de velocidad informatizados y mucho m\u00e1s.  <\/li>\n<\/ul>\n<\/li>\n<li><strong>Esparcidores de virutas<\/strong>\n<ul>\n<li>El siguiente paso en el asfaltado y sellado es esparcir virutas de \u00e1ridos sobre el asfalto l\u00edquido reci\u00e9n aplicado. Las virutas de \u00e1ridos se funden con el asfalto, creando un recubrimiento duradero y resistente que protege el pavimento, rellena las grietas, invierte el desencofrado y mejora el aspecto de las calzadas. Y a la hora de garantizar una capa uniforme de virutas de \u00e1rido asf\u00e1ltico, los contratistas cuentan con las esparcidoras de virutas BearCat. Nuestras astilladoras <a href=\"https:\/\/bearcatmfg.com\/our-products\/tandem-chipper-20\/\">en t\u00e1ndem<\/a> cuentan con tolvas de esparcido ajustables, controles de velocidad informatizados y cintas de gran capacidad para ofrecer resultados de alta calidad.   <\/li>\n<\/ul>\n<\/li>\n<li><strong>Equipamiento adicional<\/strong>\n<ul>\n<li>Aunque los distribuidores de asfalto y los esparcidores de gravilla son necesarios para cualquier trabajo de sellado de gravilla, BearCat ofrece maquinaria adicional a medida para agilizar el proceso de sellado de gravilla. Estos equipos incluyen nuestro sistema de reciclado en fr\u00edo in situ, que transforma el asfalto usado en asfalto l\u00edquido reciclado in situ. Adem\u00e1s, nuestro sistema de espumado de virutas previo al recubrimiento ayuda a reforzar a\u00fan m\u00e1s los recubrimientos de asfalto mediante el recubrimiento de virutas de \u00e1rido previamente esparcidas para mejorar su adherencia al pavimento.  <\/li>\n<\/ul>\n<\/li>\n<\/ul>\n<h3>\u00bfPor qu\u00e9 elegir las m\u00e1quinas BearCat?<\/h3>\n<p>Si deseas ofrecer los mejores <a href=\"https:\/\/bearcatmfg.com\/chip-seal-service\/\">servicios de asfaltado y sellado de gravilla<\/a>, \u00bfpor qu\u00e9 no optar por los mejores equipos de sellado de gravilla de Arizona? En BearCat MFG nos esforzamos por diferenciar nuestra maquinaria de la de nuestros competidores, prometiendo algunos de los equipos m\u00e1s avanzados, duraderos y eficientes del mercado. <\/p>\n<ul>\n<li><strong>Incre\u00edble longevidad<\/strong> &#8211; BearCat presume de la incre\u00edble durabilidad y resistencia de nuestra maquinaria. Sabemos cu\u00e1nto tiempo y dinero pueden costar a los contratistas las aver\u00edas y reparaciones. Por eso, nuestro equipo est\u00e1 dise\u00f1ado para durar toda la vida. Adem\u00e1s, ofrecemos piezas de recambio r\u00e1pidas y asequibles.   <\/li>\n<li>Controles digitales <strong>especializados<\/strong> &#8211; BearCat fue una de las primeras empresas en integrar controles digitales especializados en todos nuestros equipos. Con este fin, producimos maquinaria f\u00e1cil de manejar y que permite un control preciso de la tasa de aplicaci\u00f3n, la velocidad, la producci\u00f3n y mucho m\u00e1s. <\/li>\n<li><strong>Rendimiento r\u00e9cord<\/strong> &#8211; Nuestras m\u00e1quinas se someten continuamente a pruebas y obtienen altas calificaciones por su producci\u00f3n, rendimiento, precisi\u00f3n de velocidad y opciones de capacidad. Al comprar equipos a trav\u00e9s de BearCat, puedes estar seguro de que s\u00f3lo adquieres lo mejor. <\/li>\n<\/ul>\n<div class=\"left-img\"><img decoding=\"async\" src=\"https:\/\/bearcatmfg.com\/wp-content\/uploads\/2023\/07\/Top-Rated-Chip-Seal-Equipment-Arizona-2-500x350.jpg\" alt=\"El mejor equipo de asfaltado de Arizona\" title=\"\"><\/div>\n<h3>Habla con nuestro equipo<\/h3>\n<p>Haz crecer tu negocio, mantente al d\u00eda con las demandas de los clientes y supera a tus competidores invirtiendo en los mejores equipos de asfaltado de Arizona, \u00a1cortes\u00eda de BearCat Manufacturing! Para obtener m\u00e1s informaci\u00f3n sobre nuestros productos de asfalto o solicitar un presupuesto, llama al <a href=\"tel:9286847851\">928-684-7851<\/a>. Estamos en 3650 N Sabin Brown Rd, Wickenburg, AZ 85390. BearCat Manufacturing tiene su sede en Arizona y atiende a clientes de <a href=\"https:\/\/bearcatmfg.com\/chip-seal-machines-illinois\/\">Illinois<\/a>, <a href=\"https:\/\/bearcatmfg.com\/best-chip-seal-equipment-tennessee\/\">Tennessee<\/a>, <a href=\"https:\/\/bearcatmfg.com\/chip-seal-machines-texas\/\">Texas<\/a> y Estados Unidos.   <\/p>\n","protected":false},"excerpt":{"rendered":"<p>Lleva la contrataci\u00f3n de asfalto al siguiente nivel con el mejor equipo de asfaltado de Arizona \u00bfEres propietario de una empresa contratista de asfalto en Arizona? \u00bfDesear\u00edas que hubiera alguna forma de ayudar a tu empresa a destacar entre la competencia? \u00bfPor qu\u00e9 no considerar una inversi\u00f3n en maquinaria superior? BearCat MFG es un fabricante &hellip; <a href=\"https:\/\/bearcatmfg.com\/es\/top-rated-chip-seal-equipo-arizona\/\" class=\"more-link\">Continue reading <span class=\"screen-reader-text\">El mejor equipo de asfaltado de Arizona<\/span><\/a><\/p>\n","protected":false},"author":1,"featured_media":2236,"parent":0,"menu_order":0,"comment_status":"closed","ping_status":"closed","template":"","meta":{"_acf_changed":false,"footnotes":""},"class_list":["post-2813","page","type-page","status-publish","has-post-thumbnail","hentry"],"acf":[],"_links":{"self":[{"href":"https:\/\/bearcatmfg.com\/es\/wp-json\/wp\/v2\/pages\/2813","targetHints":{"allow":["GET"]}}],"collection":[{"href":"https:\/\/bearcatmfg.com\/es\/wp-json\/wp\/v2\/pages"}],"about":[{"href":"https:\/\/bearcatmfg.com\/es\/wp-json\/wp\/v2\/types\/page"}],"author":[{"embeddable":true,"href":"https:\/\/bearcatmfg.com\/es\/wp-json\/wp\/v2\/users\/1"}],"replies":[{"embeddable":true,"href":"https:\/\/bearcatmfg.com\/es\/wp-json\/wp\/v2\/comments?post=2813"}],"version-history":[{"count":2,"href":"https:\/\/bearcatmfg.com\/es\/wp-json\/wp\/v2\/pages\/2813\/revisions"}],"predecessor-version":[{"id":4240,"href":"https:\/\/bearcatmfg.com\/es\/wp-json\/wp\/v2\/pages\/2813\/revisions\/4240"}],"wp:featuredmedia":[{"embeddable":true,"href":"https:\/\/bearcatmfg.com\/es\/wp-json\/wp\/v2\/media\/2236"}],"wp:attachment":[{"href":"https:\/\/bearcatmfg.com\/es\/wp-json\/wp\/v2\/media?parent=2813"}],"curies":[{"name":"wp","href":"https:\/\/api.w.org\/{rel}","templated":true}]}}