{"id":2816,"date":"2024-04-30T06:33:36","date_gmt":"2024-04-30T06:33:36","guid":{"rendered":"https:\/\/bearcatmfg.com\/los-mejores-equipos-de-asfaltado-de-illinois\/"},"modified":"2024-04-30T06:33:36","modified_gmt":"2024-04-30T06:33:36","slug":"los-mejores-equipos-de-asfaltado-de-illinois","status":"publish","type":"page","link":"https:\/\/bearcatmfg.com\/es\/los-mejores-equipos-de-asfaltado-de-illinois\/","title":{"rendered":"Los mejores equipos de asfaltado de Illinois"},"content":{"rendered":"<h3>Su fuente para los mejores equipos de asfaltado en Illinois<\/h3>\n<p>Obtenga la ventaja competitiva que su negocio de contrataci\u00f3n de asfalto necesita con los equipos de asfaltado de primera clase de BearCat Manufacturing en Illinois. Desde 1969, nuestra empresa ha suministrado a contratistas como usted algunos de los mejores equipos del sector del mantenimiento de carreteras. De hecho, fuimos pioneros en el desarrollo de controles m\u00e1s sencillos para los equipos de asfaltado y sellado de gravilla. Adem\u00e1s, nuestra empresa es conocida por su excelente servicio de atenci\u00f3n al cliente. Estamos siempre a su disposici\u00f3n para responder a sus preguntas sobre su maquinaria, sustituir una pieza o solicitar informaci\u00f3n adicional. P\u00f3ngase <a href=\"https:\/\/bearcatmfg.com\/contact-us\/\">en contacto con nosotros<\/a> ahora para contactar con nuestros departamentos de ventas, piezas, servicio, informaci\u00f3n t\u00e9cnica, garant\u00eda o atenci\u00f3n al cliente.<\/p>\n<h3>\u00bfPor qu\u00e9 elegir nuestro equipo de asfaltado?<\/h3>\n<p>Usted tiene algunas opciones cuando usted est\u00e1 haciendo compras para el equipo superior del sello de la viruta en Illinois. Entonces, \u00bfpor qu\u00e9 elegir equipos suministrados por BearCat Manufacturing? Se nos conoce como uno de los fabricantes m\u00e1s fiables del sector del mantenimiento de carreteras. De hecho, nuestros asientos de operador recientemente redise\u00f1ados est\u00e1n siendo votados entre los m\u00e1s c\u00f3modos del mercado. Adem\u00e1s, los precios actuales del mercado encarecen otras formas de mantenimiento de las carreteras. Puede ahorrar costes generales y de material invirtiendo en equipos de asfaltado.<\/p>\n<h3>Por qu\u00e9 los equipos de asfaltado son una inversi\u00f3n inteligente<\/h3>\n<p>Muchos contratistas de mantenimiento de carreteras se est\u00e1n pasando a los m\u00e9todos de sellado de virutas debido a su asequibilidad, sencillez y eficacia. Tanto si tiene que trabajar en una carretera nueva como en una ya existente, puede experimentar atractivas ventajas con nuestros equipos de asfaltado de primera clase en Illinois.<\/p>\n<ul>\n<li><strong>Aplicaciones r\u00e1pidas y sencillas <\/strong>&#8211; Colocar capas de asfalto y \u00e1rido fino para construir o reparar carreteras es un proceso sencillo. Adem\u00e1s, los trabajos de mantenimiento de carreteras pueden completarse en s\u00f3lo unos d\u00edas con nuestros <a href=\"https:\/\/bearcatmfg.com\/asphalt-distributors-illinois\/\">distribuidores de asfalto<\/a> y <a href=\"https:\/\/bearcatmfg.com\/chip-spreaders-illinois\/\">esparcidores de gravilla<\/a>.<\/li>\n<li><strong>Ahorro de costes &#8211; <\/strong>El proceso de sellado de virutas lleva menos tiempo, utiliza menos materiales y no requiere tanta mano de obra. De hecho, muchos de los materiales utilizados en el proceso de sellado de virutas son reciclables, lo que mantiene bajos los costes de material.<\/li>\n<li><strong>Rendimiento duradero &#8211; <\/strong>El proceso de sellado de virutas puede minimizar los da\u00f1os causados por derrames qu\u00edmicos, condiciones clim\u00e1ticas extremas y tr\u00e1fico intenso. De hecho, el asfaltado puede prolongar la vida de una carretera hasta 12 a\u00f1os o m\u00e1s.<\/li>\n<li><strong>Mayor seguridad &#8211; <\/strong>Las carreteras con pavimento de gravilla son menos resbaladizas, m\u00e1s antideslizantes y deslumbran menos. Como resultado, las carreteras con pavimento asf\u00e1ltico son m\u00e1s seguras para los conductores que otras soluciones alternativas.<\/li>\n<\/ul>\n<h3>Distribuidores de asfalto mejor valorados<\/h3>\n<p>BearCat Manufacturing le ofrece muchas opciones cuando se trata de nuestros equipos de asfaltado de primera clase en Illinois. Nuestra gama de distribuidores de asfalto disponibles incluye los siguientes productos:<\/p>\n<ul>\n<li><strong>Distribuidor de asfalto BC-502 &#8211; <\/strong>Este modelo es conocido como una \u00ableyenda\u00bb en la industria del mantenimiento de carreteras debido a su inigualable productividad. Nuestro distribuidor viene de serie con un control de caudal informatizado, una barra de pulverizaci\u00f3n, un sistema de calefacci\u00f3n y un dep\u00f3sito de acero.<\/li>\n<li><strong>Distribuidor de asfalto de caucho granulado &#8211; <\/strong>Este modelo presenta la misma capacidad para mover grandes cantidades de material viscoso que el BC-502. Los materiales viscosos se transportan f\u00e1cilmente con los tubos de entrada extragrandes de este modelo, los quemadores di\u00e9sel de alto rendimiento y un sinf\u00edn interno.<\/li>\n<li><strong>Sistemas de pulverizaci\u00f3n para el control del polvo: <\/strong>nuestros sistemas de pulverizaci\u00f3n para el control del polvo funcionan con equipos nuevos y pueden adaptarse a equipos antiguos.<\/li>\n<li><strong>Remolque <\/strong>de arrastre <strong>para asfalto &#8211; <\/strong>El remolque de arrastre de dos ejes de BearCat Manufacturing puede transportar m\u00e1s de 20 toneladas de material a tu obra. Tambi\u00e9n puede descargar f\u00e1cilmente todos los materiales a la vez.<\/li>\n<\/ul>\n<h3>Los mejores esparcidores de virutas<\/h3>\n<p>BearCat Manufacturing tambi\u00e9n le proporciona un par de opciones de esparcidores de gravilla cuando usted est\u00e1 comprando el mejor equipo de sellado de gravilla en Illinois. Aqu\u00ed est\u00e1 nuestra l\u00ednea disponible de esparcidores de virutas:<\/p>\n<ul>\n<li><strong>20&#8242; Tandem Spreader &#8211; <\/strong>Este es nuestro modelo m\u00e1s grande que da 10&#8242; a 20&#8242; de extensi\u00f3n para esparcir materiales m\u00e1s r\u00e1pido y sobre un espacio m\u00e1s grande.<\/li>\n<li><strong>16&#8242; Tandem Spreader &#8211; <\/strong>Este es el modelo m\u00e1s peque\u00f1o, pero a\u00fan eficaz. Viene de serie con tolva trasera plegable, control de velocidad informatizado y cinta de gran capacidad, como el modelo m\u00e1s grande.<\/li>\n<\/ul>\n<div class=\"left-img\"><img decoding=\"async\" src=\"https:\/\/bearcatmfg.com\/wp-content\/uploads\/2021\/09\/001-5-500x350.jpg\" alt=\"Los mejores equipos de asfaltado de Illinois\" title=\"\"><\/div>\n<h3>P\u00f3ngase en contacto con nosotros para obtener el mejor equipo de asfaltado de Illinois<\/h3>\n<p>BearCat Manufacturing es el nombre en el que debe confiar cuando su empresa de mantenimiento de carreteras necesite equipos de asfaltado de primera clase en Illinois. <a href=\"https:\/\/bearcatmfg.com\/contact-us\/\">Cont\u00e1ctenos<\/a> ahora para solicitar m\u00e1s informaci\u00f3n o un presupuesto gratuito. Adem\u00e1s, puede ponerse en contacto con nosotros llamando al <a href=\"tel:9286847851\">928-684-7851<\/a> para cualquier informaci\u00f3n adicional que necesite.<\/p>\n","protected":false},"excerpt":{"rendered":"<p>Su fuente para los mejores equipos de asfaltado en Illinois Obtenga la ventaja competitiva que su negocio de contrataci\u00f3n de asfalto necesita con los equipos de asfaltado de primera clase de BearCat Manufacturing en Illinois. Desde 1969, nuestra empresa ha suministrado a contratistas como usted algunos de los mejores equipos del sector del mantenimiento de &hellip; <a href=\"https:\/\/bearcatmfg.com\/es\/los-mejores-equipos-de-asfaltado-de-illinois\/\" class=\"more-link\">Continue reading <span class=\"screen-reader-text\">Los mejores equipos de asfaltado de Illinois<\/span><\/a><\/p>\n","protected":false},"author":1,"featured_media":788,"parent":0,"menu_order":0,"comment_status":"closed","ping_status":"closed","template":"","meta":{"_acf_changed":false,"footnotes":""},"class_list":["post-2816","page","type-page","status-publish","has-post-thumbnail","hentry"],"acf":[],"_links":{"self":[{"href":"https:\/\/bearcatmfg.com\/es\/wp-json\/wp\/v2\/pages\/2816","targetHints":{"allow":["GET"]}}],"collection":[{"href":"https:\/\/bearcatmfg.com\/es\/wp-json\/wp\/v2\/pages"}],"about":[{"href":"https:\/\/bearcatmfg.com\/es\/wp-json\/wp\/v2\/types\/page"}],"author":[{"embeddable":true,"href":"https:\/\/bearcatmfg.com\/es\/wp-json\/wp\/v2\/users\/1"}],"replies":[{"embeddable":true,"href":"https:\/\/bearcatmfg.com\/es\/wp-json\/wp\/v2\/comments?post=2816"}],"version-history":[{"count":0,"href":"https:\/\/bearcatmfg.com\/es\/wp-json\/wp\/v2\/pages\/2816\/revisions"}],"wp:featuredmedia":[{"embeddable":true,"href":"https:\/\/bearcatmfg.com\/es\/wp-json\/wp\/v2\/media\/788"}],"wp:attachment":[{"href":"https:\/\/bearcatmfg.com\/es\/wp-json\/wp\/v2\/media?parent=2816"}],"curies":[{"name":"wp","href":"https:\/\/api.w.org\/{rel}","templated":true}]}}