{"id":2817,"date":"2024-04-30T06:33:39","date_gmt":"2024-04-30T06:33:39","guid":{"rendered":"https:\/\/bearcatmfg.com\/los-mejores-equipos-de-asfaltado-de-tennessee\/"},"modified":"2024-04-30T06:33:40","modified_gmt":"2024-04-30T06:33:40","slug":"los-mejores-equipos-de-asfaltado-de-tennessee","status":"publish","type":"page","link":"https:\/\/bearcatmfg.com\/es\/los-mejores-equipos-de-asfaltado-de-tennessee\/","title":{"rendered":"Los mejores equipos de asfaltado de Tennessee"},"content":{"rendered":"<h3>Su hogar para el equipo superior del sello de la viruta en Tennessee<\/h3>\n<p>BearCat Manufacturing ofrece un servicio integral para su negocio de mantenimiento de carreteras cuando necesite equipos de asfaltado de primera clase en Tennessee. Nuestro legado de ingenier\u00eda y fabricaci\u00f3n de algunos de los mejores productos del sector comenz\u00f3 en 1969. Desde entonces, hemos seguido innovando y creando en la vanguardia de los equipos de mantenimiento de carreteras. De hecho, fuimos una de las primeras empresas en desarrollar controles de funcionamiento m\u00e1s sencillos para la maquinaria de asfalto y aglomerado. Si a esto le a\u00f1adimos un servicio de atenci\u00f3n al cliente de primera clase que siempre est\u00e1 ah\u00ed para responder a sus preguntas o sustituir piezas, la combinaci\u00f3n es insuperable. <a href=\"https:\/\/bearcatmfg.com\/contact-us\/\">Env\u00edenos un correo electr\u00f3nico<\/a> ahora para ponerse en contacto con nuestros departamentos de ventas, servicio, piezas, garant\u00eda, informaci\u00f3n t\u00e9cnica o atenci\u00f3n al cliente.<\/p>\n<h3>\u00bfQu\u00e9 hace que los equipos de fabricaci\u00f3n BearCat sean los mejores?<\/h3>\n<p>Nuestra empresa sigue innovando y redise\u00f1ando para realizar mejoras continuas en nuestros equipos de asfaltado de primera categor\u00eda en Tennessee. De hecho, nuestro reci\u00e9n redise\u00f1ado asiento del operador ha sido calificado como uno de los m\u00e1s c\u00f3modos jam\u00e1s fabricados en equipos de mantenimiento de carreteras. Adem\u00e1s, nuestra reputaci\u00f3n como uno de los fabricantes m\u00e1s fiables del sector habla por s\u00ed sola. Si lo que busca es ahorrar tiempo y dinero, nuestro equipo de asfaltado puede ayudarle a conseguir esos objetivos. Nuestro equipo de sellado de gravilla de f\u00e1cil manejo reduce los materiales y el tiempo necesarios para terminar sus trabajos.<\/p>\n<h3>Distribuidores de asfalto mejor valorados<\/h3>\n<p>BearCat Manufacturing le permite elegir entre varias opciones excelentes con nuestro equipo de asfaltado de primera categor\u00eda en Tennessee. Nuestra l\u00ednea disponible de distribuidores de asfalto incluye los siguientes modelos:<\/p>\n<ul>\n<li><strong>Distribuidor de asfalto BC-502 &#8211; <\/strong>Los contratistas han llamado a este modelo una \u00ableyenda\u00bb en la industria debido a su insuperable producci\u00f3n. Este producto se suministra con control de caudal informatizado, barra de pulverizaci\u00f3n, sistema de calefacci\u00f3n y dep\u00f3sito de acero.<\/li>\n<li><strong>Distribuidor de asfalto de caucho granulado &#8211; <\/strong>Este producto le permite mover grandes cantidades de material viscoso de una sola vez. Los materiales viscosos se transportan f\u00e1cilmente con los tubos de entrada extragrandes, el sinf\u00edn interno y los quemadores di\u00e9sel de alto rendimiento de este producto.<\/li>\n<li><strong>Sistemas de pulverizaci\u00f3n para el control del polvo: <\/strong>nuestros sistemas de pulverizaci\u00f3n para el control del polvo funcionan para equipos nuevos y pueden sustituir a los de equipos m\u00e1s antiguos.<\/li>\n<li><strong>Remolque jalador de asfalto &#8211; <\/strong>El remolque jalador de dos ejes de BearCat Manufacturing puede transportar m\u00e1s de 20 toneladas de materiales al sitio de su proyecto. Adem\u00e1s, tambi\u00e9n puede descargar f\u00e1cilmente su carga de una sola vez.<\/li>\n<\/ul>\n<h3>Los mejores esparcidores de virutas<\/h3>\n<p>BearCat Manufacturing tambi\u00e9n le permite elegir entre varias opciones de esparcidores cuando usted est\u00e1 comprando el mejor equipo de sello de viruta en Tennessee. Puede elegir entre los siguientes:<\/p>\n<ul>\n<li><strong>20&#8242; Tandem Spreader &#8211; <\/strong>Este es nuestro modelo m\u00e1s grande que le da una extensi\u00f3n de 10&#8242; a 20&#8242; para esparcir materiales m\u00e1s r\u00e1pido y alrededor de un \u00e1rea m\u00e1s grande.<\/li>\n<li><strong>16&#8242; Tandem Spreader &#8211; <\/strong>Este es el modelo m\u00e1s peque\u00f1o, pero a\u00fan eficiente. Cuenta con una cinta de gran capacidad, tolva trasera plegable y control de velocidad informatizado, como el modelo m\u00e1s grande.<\/li>\n<\/ul>\n<div class=\"left-img\"><img decoding=\"async\" src=\"https:\/\/bearcatmfg.com\/wp-content\/uploads\/2023\/04\/Chip-Spreaders-Tennessee-1-500x350.jpg\" alt=\"Los mejores equipos de asfaltado de Tennessee\" title=\"\"><\/div>\n<h3>P\u00f3ngase en contacto con nosotros para obtener el mejor equipo de asfaltado en Tennessee<\/h3>\n<p>BearCat Manufacturing hace que sea r\u00e1pido y f\u00e1cil encontrar la maquinaria que necesita. Somos su fuente de equipos de asfaltado de primera categor\u00eda. <a href=\"https:\/\/bearcatmfg.com\/contact-us\/\">Env\u00edenos un correo electr\u00f3nico<\/a> para solicitar un presupuesto gratuito u obtener m\u00e1s informaci\u00f3n sobre <a href=\"https:\/\/bearcatmfg.com\/product-category\/custom-equipment\/\">nuestros productos<\/a>. Adem\u00e1s, puede llamarnos ahora al 928-684-7851 para descubrir m\u00e1s informaci\u00f3n sobre <a href=\"https:\/\/bearcatmfg.com\/about-us\/\">nuestra empresa<\/a>.<\/p>\n","protected":false},"excerpt":{"rendered":"<p>Su hogar para el equipo superior del sello de la viruta en Tennessee BearCat Manufacturing ofrece un servicio integral para su negocio de mantenimiento de carreteras cuando necesite equipos de asfaltado de primera clase en Tennessee. Nuestro legado de ingenier\u00eda y fabricaci\u00f3n de algunos de los mejores productos del sector comenz\u00f3 en 1969. Desde entonces, &hellip; <a href=\"https:\/\/bearcatmfg.com\/es\/los-mejores-equipos-de-asfaltado-de-tennessee\/\" class=\"more-link\">Continue reading <span class=\"screen-reader-text\">Los mejores equipos de asfaltado de Tennessee<\/span><\/a><\/p>\n","protected":false},"author":1,"featured_media":781,"parent":0,"menu_order":0,"comment_status":"closed","ping_status":"closed","template":"","meta":{"_acf_changed":false,"footnotes":""},"class_list":["post-2817","page","type-page","status-publish","has-post-thumbnail","hentry"],"acf":[],"_links":{"self":[{"href":"https:\/\/bearcatmfg.com\/es\/wp-json\/wp\/v2\/pages\/2817","targetHints":{"allow":["GET"]}}],"collection":[{"href":"https:\/\/bearcatmfg.com\/es\/wp-json\/wp\/v2\/pages"}],"about":[{"href":"https:\/\/bearcatmfg.com\/es\/wp-json\/wp\/v2\/types\/page"}],"author":[{"embeddable":true,"href":"https:\/\/bearcatmfg.com\/es\/wp-json\/wp\/v2\/users\/1"}],"replies":[{"embeddable":true,"href":"https:\/\/bearcatmfg.com\/es\/wp-json\/wp\/v2\/comments?post=2817"}],"version-history":[{"count":1,"href":"https:\/\/bearcatmfg.com\/es\/wp-json\/wp\/v2\/pages\/2817\/revisions"}],"predecessor-version":[{"id":2818,"href":"https:\/\/bearcatmfg.com\/es\/wp-json\/wp\/v2\/pages\/2817\/revisions\/2818"}],"wp:featuredmedia":[{"embeddable":true,"href":"https:\/\/bearcatmfg.com\/es\/wp-json\/wp\/v2\/media\/781"}],"wp:attachment":[{"href":"https:\/\/bearcatmfg.com\/es\/wp-json\/wp\/v2\/media?parent=2817"}],"curies":[{"name":"wp","href":"https:\/\/api.w.org\/{rel}","templated":true}]}}